{"id":1030,"date":"2021-01-07T21:16:12","date_gmt":"2021-01-07T21:16:12","guid":{"rendered":"https:\/\/www.chefstemp.com\/?page_id=1030"},"modified":"2025-11-27T14:17:55","modified_gmt":"2025-11-27T06:17:55","slug":"return-policy","status":"publish","type":"page","link":"https:\/\/www.chefstemp.com\/de\/ruckgaberecht\/","title":{"rendered":"R\u00fcckgabe- und Garantiebestimmungen"},"content":{"rendered":"<h2><\/h2>\n<h2><\/h2>\n<h1 style=\"text-align: center\"><span style=\"color: #000000\" data-preserver-spaces=\"true\">R\u00dcCKGABERECHT<\/span><\/h1>\n<p><strong><span data-preserver-spaces=\"true\">Stornierung<\/span><\/strong><\/p>\n<p><span data-preserver-spaces=\"true\">Wir akzeptieren Stornierungen, solange das Produkt noch nicht versendet oder produziert wurde. Im Falle einer Stornierung erhalten Sie eine vollst\u00e4ndige R\u00fcckerstattung. Sobald das Produkt versendet wurde, ist eine Stornierung nicht mehr m\u00f6glich.<\/span><\/p>\n<p><strong><span data-preserver-spaces=\"true\">R\u00fccksendungen (falls zutreffend)<\/span><\/strong><\/p>\n<p><span data-preserver-spaces=\"true\">Wir akzeptieren die R\u00fcckgabe von Produkten. Kunden haben das Recht, innerhalb von 30 Tagen nach Lieferung des Produkts eine R\u00fcckgabe zu beantragen.<\/span><\/p>\n<p><span data-preserver-spaces=\"true\">Um f\u00fcr eine R\u00fcckgabe berechtigt zu sein, muss der Artikel unbenutzt und im Originalzustand sein. Er muss sich au\u00dferdem in der Originalverpackung befinden. F\u00fcr die Bearbeitung Ihrer R\u00fcckgabe ben\u00f6tigen wir einen Kaufbeleg. Bitte wenden Sie sich an unseren Kundenservice, um sicherzustellen, dass Sie das Paket an die richtige Adresse senden.<\/span><\/p>\n<p><strong><span data-preserver-spaces=\"true\">Anmerkungen<\/span><\/strong><\/p>\n<p><span data-preserver-spaces=\"true\">F\u00fcr Sonderanfertigungen oder personalisierte Artikel besteht kein Anspruch auf 30-t\u00e4gige R\u00fcckgabefrist.<\/span><\/p>\n<p><span data-preserver-spaces=\"true\">Wenn die R\u00fccksendung vom Verbraucher verursacht wird, tr\u00e4gt dieser die Versandkosten. Die genaue H\u00f6he der Kosten richtet sich nach dem gew\u00e4hlten Versanddienstleister.<\/span><\/p>\n<p><span data-preserver-spaces=\"true\">Falls die erhaltene Ware aus Gr\u00fcnden, die von uns zu vertreten sind, besch\u00e4digt oder nicht korrekt ist, ist der Verbraucher aus diesem Grund nicht verpflichtet, die Versandkosten zu tragen.<\/span><\/p>\n<p><span data-preserver-spaces=\"true\">F\u00fcr die R\u00fcckgabe eines Produkts wird dem Verbraucher keine Wiedereinlagerungsgeb\u00fchr berechnet.<\/span><\/p>\n<p><strong><span data-preserver-spaces=\"true\">R\u00fcckerstattungen (falls zutreffend)<\/span><\/strong><\/p>\n<p><span data-preserver-spaces=\"true\">Sobald Ihre R\u00fccksendung bei uns eingegangen und gepr\u00fcft ist, erhalten Sie eine Eingangsbest\u00e4tigung per E-Mail. Wir informieren Sie darin auch \u00fcber die Genehmigung oder Ablehnung Ihrer R\u00fcckerstattung. Im Falle einer Genehmigung wird Ihre R\u00fcckerstattung bearbeitet und Ihrem Konto (Kreditkarte oder urspr\u00fcngliche Zahlungsmethode) innerhalb weniger Tage gutgeschrieben.<\/span><\/p>\n<p><strong><span data-preserver-spaces=\"true\">Versp\u00e4tete oder fehlende R\u00fcckerstattungen (falls zutreffend)<\/span><\/strong><\/p>\n<p><span data-preserver-spaces=\"true\">Falls Sie noch keine R\u00fcckerstattung erhalten haben, \u00fcberpr\u00fcfen Sie bitte zun\u00e4chst erneut Ihr Bankkonto.<\/span><\/p>\n<p><span data-preserver-spaces=\"true\">Kontaktieren Sie anschlie\u00dfend Ihr Kreditkartenunternehmen. Es kann einige Zeit dauern, bis Ihre R\u00fcckerstattung offiziell verbucht ist. Wenden Sie sich danach an Ihre Bank. Auch hier kann die Bearbeitung einige Zeit in Anspruch nehmen. Sollten Sie nach all diesen Schritten Ihre R\u00fcckerstattung immer noch nicht erhalten haben, kontaktieren Sie uns bitte unter [E-Mail-Adresse einf\u00fcgen].\u00a0<\/span><strong><span data-preserver-spaces=\"true\">info@chefstemp.com<\/span><\/strong><span data-preserver-spaces=\"true\">.<\/span><\/p>\n<p><span data-preserver-spaces=\"true\">Bitte kontaktieren Sie unseren Kundenservice.<\/span><span data-preserver-spaces=\"true\">\u00a0um die R\u00fccksendeadresse zu erhalten.<br \/>\n<strong>E-Mail: info@chefstemp.com<br \/>\nTel.: +1-559-563-8838<\/strong><\/span><\/p>\n<p>Wenn Sie Fragen zu unseren Produkten haben oder eine R\u00fcckerstattung beantragen m\u00f6chten, wenden Sie sich bitte an unseren Kundenservice unter <span data-preserver-spaces=\"true\"><strong>info@chefstemp.com<\/strong><\/span>\u00a0Unser Team wird sein Bestes tun, um etwaige Probleme zu l\u00f6sen.<\/p>\n<p>Bitte leiten Sie keine Streitigkeit \u00fcber Ihre Bank oder Ihren Kartenanbieter ein, da die Bearbeitung einer R\u00fcckerstattung nach Er\u00f6ffnung eines Streitfalls Monate dauern kann.<\/p>\n<p>&nbsp;<\/p>\n<p>&nbsp;<\/p>\n<h2 style=\"text-align: center\"><span data-preserver-spaces=\"true\">GARANTIEBESTIMMUNGEN<\/span><\/h2>\n<p>&nbsp;<\/p>\n<p>Garantiebestimmungen: Standardm\u00e4\u00dfige 1-Jahres-Garantie!<\/p>\n<p>Unsere Garantiebestimmungen sind unkompliziert! Kontaktieren Sie uns einfach, und wir k\u00fcmmern uns um einen Austausch! Sie m\u00fcssen nichts zur Reparatur einsenden und sind nicht auf Ihr Ger\u00e4t angewiesen. Lehnen Sie sich einfach zur\u00fcck und warten Sie auf Ihr neues Ger\u00e4t. Sobald es eingetroffen ist, m\u00fcssen Sie das defekte Ger\u00e4t nicht einmal zur\u00fccksenden. Entsorgen Sie es einfach gem\u00e4\u00df den gesetzlichen Bestimmungen. So einfach ist das. Wir stehen hinter unseren Produkten und unseren Kunden.<\/p>\n<p>&nbsp;<\/p>\n<p>&nbsp;<\/p>\n<p>&nbsp;<\/p>\n<p>&nbsp;<\/p>\n<p>&nbsp;<\/p>","protected":false},"excerpt":{"rendered":"<p>RETURN POLICY Cancellation We accept order cancellation before the product<\/p>","protected":false},"author":1,"featured_media":0,"parent":0,"menu_order":0,"comment_status":"closed","ping_status":"closed","template":"","meta":{"_acf_changed":false,"footnotes":""},"class_list":["post-1030","page","type-page","status-publish","hentry"],"acf":[],"_links":{"self":[{"href":"https:\/\/www.chefstemp.com\/de\/wp-json\/wp\/v2\/pages\/1030","targetHints":{"allow":["GET"]}}],"collection":[{"href":"https:\/\/www.chefstemp.com\/de\/wp-json\/wp\/v2\/pages"}],"about":[{"href":"https:\/\/www.chefstemp.com\/de\/wp-json\/wp\/v2\/types\/page"}],"author":[{"embeddable":true,"href":"https:\/\/www.chefstemp.com\/de\/wp-json\/wp\/v2\/users\/1"}],"replies":[{"embeddable":true,"href":"https:\/\/www.chefstemp.com\/de\/wp-json\/wp\/v2\/comments?post=1030"}],"version-history":[{"count":6,"href":"https:\/\/www.chefstemp.com\/de\/wp-json\/wp\/v2\/pages\/1030\/revisions"}],"predecessor-version":[{"id":51510,"href":"https:\/\/www.chefstemp.com\/de\/wp-json\/wp\/v2\/pages\/1030\/revisions\/51510"}],"wp:attachment":[{"href":"https:\/\/www.chefstemp.com\/de\/wp-json\/wp\/v2\/media?parent=1030"}],"curies":[{"name":"wp","href":"https:\/\/api.w.org\/{rel}","templated":true}]}}