{"id":1085,"date":"2021-02-24T07:52:37","date_gmt":"2021-02-24T07:52:37","guid":{"rendered":"https:\/\/www.chefstemp.com\/?page_id=1085"},"modified":"2023-12-12T18:02:52","modified_gmt":"2023-12-12T10:02:52","slug":"terms-conditions","status":"publish","type":"page","link":"https:\/\/www.chefstemp.com\/de\/geschaftsbedingungen\/","title":{"rendered":"Allgemeine Gesch\u00e4ftsbedingungen"},"content":{"rendered":"<div class=\"fusion-fullwidth fullwidth-box fusion-builder-row-1 fusion-flex-container nonhundred-percent-fullwidth non-hundred-percent-height-scrolling\" style=\"--awb-border-radius-top-left:0px;--awb-border-radius-top-right:0px;--awb-border-radius-bottom-right:0px;--awb-border-radius-bottom-left:0px;--awb-flex-wrap:wrap;\" ><div class=\"fusion-builder-row fusion-row fusion-flex-align-items-flex-start fusion-flex-content-wrap\" style=\"max-width:1331.2px;margin-left: calc(-4% \/ 2 );margin-right: calc(-4% \/ 2 );\"><div class=\"fusion-layout-column fusion_builder_column fusion-builder-column-0 fusion_builder_column_1_1 1_1 fusion-flex-column\" style=\"--awb-bg-size:cover;--awb-width-large:100%;--awb-margin-top-large:0px;--awb-spacing-right-large:1.92%;--awb-margin-bottom-large:0px;--awb-spacing-left-large:1.92%;--awb-width-medium:100%;--awb-spacing-right-medium:1.92%;--awb-spacing-left-medium:1.92%;--awb-width-small:100%;--awb-spacing-right-small:1.92%;--awb-spacing-left-small:1.92%;\"><div class=\"fusion-column-wrapper fusion-flex-justify-content-flex-start fusion-content-layout-column\"><div class=\"fusion-text fusion-text-1\"><h1 style=\"text-align: center;\"><span style=\"color: #000000;\"><strong><b>GESCH\u00c4FTSBEDINGUNGEN<\/b><\/strong><\/span><\/h1>\n<p>\u00dcBERBLICK<\/p>\n<p>Diese Website\/Anwendung wird vom Chefstemp-Team betrieben. Die Begriffe \u201cwir\u201d, \u201cuns\u201d und \u201cunser\u201d beziehen sich auf das Chefstemp-Team. Chefstemp bietet Ihnen als Nutzer diese Website\/Anwendung mit allen Informationen, Tools und Services unter der Voraussetzung an, dass Sie alle hier aufgef\u00fchrten Bedingungen, Richtlinien und Hinweise akzeptieren.<\/p>\n<p>Durch den Besuch unserer Website und\/oder den Kauf von Produkten oder Dienstleistungen von uns nutzen Sie unseren \u201cService\u201d und erkl\u00e4ren sich mit den folgenden Allgemeinen Gesch\u00e4ftsbedingungen (\u201cAGB\u201d, \u201cBedingungen\u201d) einverstanden, einschlie\u00dflich der hierin genannten und\/oder per Hyperlink verf\u00fcgbaren zus\u00e4tzlichen Bedingungen und Richtlinien. Diese AGB gelten f\u00fcr alle Nutzer der Website, insbesondere f\u00fcr Besucher, Anbieter, Kunden, H\u00e4ndler und\/oder Inhaltsbeitr\u00e4ger.<\/p>\n<p>Bitte lesen Sie diese Nutzungsbedingungen sorgf\u00e4ltig durch, bevor Sie auf unsere Website\/Anwendung zugreifen oder sie nutzen. Mit dem Zugriff auf oder der Nutzung eines Teils der Website erkl\u00e4ren Sie sich mit diesen Nutzungsbedingungen einverstanden. Sollten Sie mit allen Bedingungen dieser Vereinbarung nicht einverstanden sein, d\u00fcrfen Sie nicht auf die Website\/Anwendung zugreifen oder unsere Dienste nutzen. Sofern diese Nutzungsbedingungen als Angebot gelten, ist die Annahme ausdr\u00fccklich auf diese Nutzungsbedingungen beschr\u00e4nkt.<\/p>\n<p>Alle neuen Funktionen und Tools, die dem Shop hinzugef\u00fcgt werden, unterliegen ebenfalls den Nutzungsbedingungen. Die jeweils aktuelle Version der Nutzungsbedingungen k\u00f6nnen Sie jederzeit auf dieser Seite einsehen. Wir behalten uns das Recht vor, diese Nutzungsbedingungen jederzeit zu aktualisieren, zu \u00e4ndern oder zu ersetzen, indem wir Aktualisierungen und\/oder \u00c4nderungen auf unserer Website\/Anwendung ver\u00f6ffentlichen. Es liegt in Ihrer Verantwortung, diese Seite regelm\u00e4\u00dfig auf \u00c4nderungen zu \u00fcberpr\u00fcfen. Ihre fortgesetzte Nutzung der Website\/Anwendung nach der Ver\u00f6ffentlichung von \u00c4nderungen gilt als Annahme dieser \u00c4nderungen.<\/p>\n<p>ABSCHNITT 1 \u2013 BEDINGUNGEN F\u00dcR DEN ONLINE-SHOP<\/p>\n<p>Mit der Zustimmung zu diesen Nutzungsbedingungen erkl\u00e4ren Sie sich damit einverstanden, dass Sie unsere Produkte nicht f\u00fcr illegale oder nicht autorisierte Zwecke verwenden d\u00fcrfen und dass Sie bei der Nutzung des Dienstes keine Gesetze in Ihrer Gerichtsbarkeit verletzen d\u00fcrfen (einschlie\u00dflich, aber nicht beschr\u00e4nkt auf Urheberrechtsgesetze).<br \/>\nSie d\u00fcrfen keine W\u00fcrmer, Viren oder sonstigen sch\u00e4dlichen Code \u00fcbertragen.<br \/>\nEin Versto\u00df gegen die Nutzungsbedingungen f\u00fchrt zur sofortigen Beendigung Ihres Servicevertrags.<\/p>\n<p>ABSCHNITT 2 \u2013 ALLGEMEINE BEDINGUNGEN<\/p>\n<p>Wir behalten uns das Recht vor, jederzeit und ohne Angabe von Gr\u00fcnden die Bedienung einer Person zu verweigern.<br \/>\nSie sind sich bewusst, dass Ihre Inhalte (ausgenommen Kreditkarteninformationen) unverschl\u00fcsselt \u00fcbertragen werden k\u00f6nnen und dabei (a) \u00dcbertragungen \u00fcber verschiedene Netzwerke sowie (b) \u00c4nderungen zur Anpassung an die technischen Anforderungen verbundener Netzwerke oder Ger\u00e4te erfolgen k\u00f6nnen. Kreditkarteninformationen werden bei der \u00dcbertragung \u00fcber Netzwerke stets verschl\u00fcsselt.<br \/>\nSie stimmen zu, ohne unsere ausdr\u00fcckliche schriftliche Genehmigung keinen Teil des Dienstes, die Nutzung des Dienstes oder den Zugriff auf den Dienst oder jeglichen Kontakt auf der Website\/Anwendung, \u00fcber die der Dienst bereitgestellt wird, zu reproduzieren, zu vervielf\u00e4ltigen, zu kopieren, zu verkaufen, weiterzuverkaufen oder anderweitig zu verwerten.<br \/>\nDie in dieser Vereinbarung verwendeten \u00dcberschriften dienen lediglich der \u00dcbersichtlichkeit und schr\u00e4nken diese Bedingungen weder ein noch beeinflussen sie sie anderweitig.<\/p>\n<p>ABSCHNITT 3 \u2013 GENAUIGKEIT, VOLLST\u00c4NDIGKEIT UND AKTUALIT\u00c4T DER INFORMATIONEN<\/p>\n<p>Wir \u00fcbernehmen keine Haftung f\u00fcr die Richtigkeit, Vollst\u00e4ndigkeit oder Aktualit\u00e4t der auf dieser Website bereitgestellten Informationen. Die Inhalte dieser Website dienen ausschlie\u00dflich allgemeinen Informationszwecken und sollten nicht als alleinige Entscheidungsgrundlage herangezogen werden, ohne prim\u00e4re, genauere, vollst\u00e4ndigere oder aktuellere Informationsquellen zu konsultieren. Die Nutzung der Inhalte dieser Website erfolgt auf eigene Gefahr.<br \/>\nDiese Website kann historische Informationen enthalten. Historische Informationen sind naturgem\u00e4\u00df nicht aktuell und dienen lediglich Ihrer Information. Wir behalten uns das Recht vor, die Inhalte dieser Website jederzeit zu \u00e4ndern, sind jedoch nicht verpflichtet, die Informationen auf unserer Website zu aktualisieren. Sie erkl\u00e4ren sich damit einverstanden, dass es in Ihrer Verantwortung liegt, \u00c4nderungen auf unserer Website zu verfolgen.<\/p>\n<p>ABSCHNITT 4 \u2013 \u00c4NDERUNGEN DES SERVICES UND DER PREISE<\/p>\n<p>Die Preise unserer Produkte k\u00f6nnen sich ohne vorherige Ank\u00fcndigung \u00e4ndern.<br \/>\nWir behalten uns das Recht vor, den Service (oder Teile davon) jederzeit ohne Vorank\u00fcndigung zu \u00e4ndern oder einzustellen.<br \/>\nWir haften Ihnen oder Dritten gegen\u00fcber nicht f\u00fcr \u00c4nderungen, Preisanpassungen, Aussetzungen oder die Einstellung des Dienstes.<\/p>\n<p>ABSCHNITT 5 \u2013 PRODUKTE ODER DIENSTLEISTUNGEN (falls zutreffend)<\/p>\n<p>Bestimmte Produkte oder Dienstleistungen sind m\u00f6glicherweise ausschlie\u00dflich online \u00fcber die Website\/App verf\u00fcgbar. Diese Produkte oder Dienstleistungen sind gegebenenfalls nur in begrenzter St\u00fcckzahl erh\u00e4ltlich und k\u00f6nnen nur gem\u00e4\u00df unserer R\u00fcckgaberichtlinie zur\u00fcckgegeben oder umgetauscht werden.<br \/>\nWir haben uns bem\u00fcht, die Farben und Bilder unserer Produkte im Shop so genau wie m\u00f6glich darzustellen. Wir k\u00f6nnen jedoch nicht garantieren, dass die Farbdarstellung auf Ihrem Bildschirm exakt ist.<br \/>\nWir behalten uns das Recht vor, sind aber nicht verpflichtet, den Verkauf unserer Produkte oder Dienstleistungen an bestimmte Personen, geografische Regionen oder Gerichtsbarkeiten zu beschr\u00e4nken. Wir k\u00f6nnen dieses Recht im Einzelfall aus\u00fcben. Wir behalten uns das Recht vor, die Mengen der von uns angebotenen Produkte oder Dienstleistungen zu begrenzen. Alle Produktbeschreibungen und Preisangaben k\u00f6nnen jederzeit und ohne Vorank\u00fcndigung nach unserem alleinigen Ermessen ge\u00e4ndert werden. Wir behalten uns das Recht vor, jedes Produkt jederzeit einzustellen. Angebote f\u00fcr Produkte oder Dienstleistungen auf dieser Website sind ung\u00fcltig, wo sie verboten sind.<br \/>\nWir \u00fcbernehmen keine Gew\u00e4hr daf\u00fcr, dass die Qualit\u00e4t der von Ihnen gekauften oder erhaltenen Produkte, Dienstleistungen, Informationen oder sonstigen Materialien Ihren Erwartungen entspricht oder dass etwaige Fehler im Service behoben werden.<\/p>\n<p>ABSCHNITT 6 \u2013 GENAUIGKEIT DER RECHNUNGS- UND KONTOINFORMATIONEN<\/p>\n<p>Wir behalten uns das Recht vor, Bestellungen abzulehnen. Wir k\u00f6nnen nach eigenem Ermessen die pro Person, Haushalt oder Bestellung gekauften Mengen beschr\u00e4nken oder stornieren. Diese Beschr\u00e4nkungen k\u00f6nnen Bestellungen betreffen, die \u00fcber dasselbe Kundenkonto, mit derselben Kreditkarte und\/oder an dieselbe Rechnungs- und\/oder Lieferadresse aufgegeben wurden. Sollten wir eine Bestellung \u00e4ndern oder stornieren, werden wir versuchen, Sie \u00fcber die bei der Bestellung angegebene E-Mail-Adresse und\/oder Rechnungsadresse\/Telefonnummer zu benachrichtigen. Wir behalten uns das Recht vor, Bestellungen, die nach unserem alleinigen Ermessen von H\u00e4ndlern, Wiederverk\u00e4ufern oder Distributoren aufgegeben werden, einzuschr\u00e4nken oder zu untersagen.<\/p>\n<p>Sie verpflichten sich, f\u00fcr alle in unserem Shop get\u00e4tigten K\u00e4ufe aktuelle, vollst\u00e4ndige und korrekte Kauf- und Kontoinformationen anzugeben. Sie verpflichten sich au\u00dferdem, Ihre Konto- und sonstigen Informationen, einschlie\u00dflich Ihrer E-Mail-Adresse sowie Ihrer Kreditkartennummern und G\u00fcltigkeitsdaten, umgehend zu aktualisieren, damit wir Ihre Transaktionen abschlie\u00dfen und Sie bei Bedarf kontaktieren k\u00f6nnen.<\/p>\n<p>F\u00fcr weitere Einzelheiten lesen Sie bitte unsere R\u00fcckgabebestimmungen.<\/p>\n<p>ABSCHNITT 7 \u2013 OPTIONALE WERKZEUGE<\/p>\n<p>Wir k\u00f6nnen Ihnen Zugang zu Tools von Drittanbietern gew\u00e4hren, \u00fcber die wir weder Kontrolle noch Einfluss haben.<br \/>\nSie erkennen an und stimmen zu, dass wir den Zugriff auf diese Tools \u201dwie besehen\u201d und \u201cwie verf\u00fcgbar\u201d ohne jegliche Gew\u00e4hrleistungen, Zusicherungen oder Bedingungen und ohne jegliche Empfehlung bereitstellen. Wir \u00fcbernehmen keinerlei Haftung f\u00fcr Sch\u00e4den, die aus Ihrer Nutzung optionaler Tools von Drittanbietern entstehen oder damit in Zusammenhang stehen.<br \/>\nDie Nutzung optionaler Tools, die \u00fcber die Website angeboten werden, erfolgt ausschlie\u00dflich auf Ihr eigenes Risiko und nach Ihrem eigenen Ermessen. Sie sollten sich daher mit den Nutzungsbedingungen der jeweiligen Drittanbieter vertraut machen und diese akzeptieren.<br \/>\nWir behalten uns vor, zuk\u00fcnftig auch neue Dienste und\/oder Funktionen \u00fcber die Website\/Anwendung anzubieten (einschlie\u00dflich der Ver\u00f6ffentlichung neuer Tools und Ressourcen). Diese neuen Funktionen und\/oder Dienste unterliegen ebenfalls diesen Nutzungsbedingungen.<\/p>\n<p>ABSCHNITT 8 \u2013 LINKS ZU DRITTANBIETERN<\/p>\n<p>Bestimmte Inhalte, Produkte und Dienstleistungen, die \u00fcber unseren Service verf\u00fcgbar sind, k\u00f6nnen Material von Drittanbietern enthalten.<br \/>\nLinks auf dieser Website k\u00f6nnen Sie zu externen Websites weiterleiten, die nicht mit uns verbunden sind. Wir sind nicht verantwortlich f\u00fcr die Pr\u00fcfung oder Bewertung der Inhalte oder deren Richtigkeit und \u00fcbernehmen keine Gew\u00e4hrleistung oder Haftung f\u00fcr Materialien oder Websites Dritter sowie f\u00fcr sonstige Materialien, Produkte oder Dienstleistungen Dritter.<br \/>\nWir haften nicht f\u00fcr Sch\u00e4den im Zusammenhang mit dem Kauf oder der Nutzung von Waren, Dienstleistungen, Ressourcen, Inhalten oder anderen Transaktionen, die \u00fcber Websites Dritter abgewickelt werden. Bitte lesen Sie die Richtlinien und Praktiken des jeweiligen Drittanbieters sorgf\u00e4ltig durch und stellen Sie sicher, dass Sie diese verstehen, bevor Sie eine Transaktion durchf\u00fchren. Beschwerden, Anspr\u00fcche, Bedenken oder Fragen zu Produkten Dritter richten Sie bitte direkt an den jeweiligen Drittanbieter.<\/p>\n<p>ABSCHNITT 9 \u2013 KOMMENTARE, FEEDBACK UND ANDERE EINSENDUNGEN VON BENUTZERN<\/p>\n<p>Wenn Sie uns auf unsere Anfrage hin bestimmte Beitr\u00e4ge (z. B. Wettbewerbsbeitr\u00e4ge) oder unaufgefordert kreative Ideen, Vorschl\u00e4ge, Pl\u00e4ne oder sonstige Materialien online, per E-Mail, per Post oder auf anderem Wege (zusammenfassend \u2018Kommentare\u2019) zusenden, erkl\u00e4ren Sie sich damit einverstanden, dass wir diese Kommentare jederzeit und ohne Einschr\u00e4nkung bearbeiten, kopieren, ver\u00f6ffentlichen, verbreiten, \u00fcbersetzen und anderweitig in beliebigen Medien verwenden d\u00fcrfen. Wir sind nicht verpflichtet, (1) Kommentare vertraulich zu behandeln, (2) f\u00fcr Kommentare eine Verg\u00fctung zu zahlen oder (3) auf Kommentare zu antworten.<br \/>\nWir sind berechtigt, aber nicht verpflichtet, Inhalte zu \u00fcberwachen, zu bearbeiten oder zu entfernen, die wir nach unserem alleinigen Ermessen als rechtswidrig, beleidigend, bedrohlich, verleumderisch, diffamierend, pornografisch, obsz\u00f6n oder anderweitig anst\u00f6\u00dfig einstufen oder die Rechte am geistigen Eigentum Dritter oder diese Allgemeinen Gesch\u00e4ftsbedingungen verletzen.<br \/>\nSie erkl\u00e4ren sich damit einverstanden, dass Ihre Kommentare keine Rechte Dritter verletzen, insbesondere keine Urheber-, Marken-, Pers\u00f6nlichkeits- oder sonstige Schutzrechte. Sie erkl\u00e4ren sich ferner damit einverstanden, dass Ihre Kommentare keine verleumderischen, rechtswidrigen, beleidigenden oder obsz\u00f6nen Inhalte enthalten und keine Computerviren oder sonstige Schadsoftware, die den Betrieb des Dienstes oder einer zugeh\u00f6rigen Website\/Anwendung beeintr\u00e4chtigen k\u00f6nnten. Es ist Ihnen untersagt, eine falsche E-Mail-Adresse zu verwenden, sich als eine andere Person auszugeben oder uns oder Dritte hinsichtlich der Herkunft Ihrer Kommentare in die Irre zu f\u00fchren. Sie tragen die alleinige Verantwortung f\u00fcr Ihre Kommentare und deren Richtigkeit. Wir \u00fcbernehmen keine Verantwortung oder Haftung f\u00fcr von Ihnen oder Dritten ver\u00f6ffentlichte Kommentare.<\/p>\n<p>ABSCHNITT 10 \u2013 PERS\u00d6NLICHE DATEN<\/p>\n<p>Die \u00dcbermittlung Ihrer pers\u00f6nlichen Daten \u00fcber den Shop unterliegt unserer Datenschutzrichtlinie.<\/p>\n<p>ABSCHNITT 11 \u2013 FEHLER, UNGENAUIGKEITEN UND AUSLASSUNGEN<\/p>\n<p>Gelegentlich k\u00f6nnen auf unserer Website oder in unserem Service Informationen enthalten sein, die Tippfehler, Ungenauigkeiten oder Auslassungen aufweisen. Dies kann Produktbeschreibungen, Preise, Werbeaktionen, Angebote, Versandkosten, Lieferzeiten und Verf\u00fcgbarkeit betreffen. Wir behalten uns das Recht vor, Fehler, Ungenauigkeiten oder Auslassungen zu korrigieren, Informationen zu \u00e4ndern oder zu aktualisieren sowie Bestellungen zu stornieren, falls Informationen im Service oder auf einer zugeh\u00f6rigen Website\/Anwendung zu irgendeinem Zeitpunkt ungenau sind \u2013 auch ohne vorherige Ank\u00fcndigung (selbst nachdem Sie Ihre Bestellung aufgegeben haben).<br \/>\nWir \u00fcbernehmen keine Verpflichtung zur Aktualisierung, \u00c4nderung oder Klarstellung von Informationen im Rahmen des Dienstes oder auf zugeh\u00f6rigen Websites\/Anwendungen, einschlie\u00dflich, aber nicht beschr\u00e4nkt auf Preisinformationen, es sei denn, dies ist gesetzlich vorgeschrieben. Ein im Rahmen des Dienstes oder auf zugeh\u00f6rigen Websites\/Anwendungen angegebenes Aktualisierungsdatum bedeutet nicht, dass alle Informationen im Rahmen des Dienstes oder auf zugeh\u00f6rigen Websites\/Anwendungen ge\u00e4ndert oder aktualisiert wurden.<\/p>\n<p>ABSCHNITT 12 \u2013 VERBOTENE NUTZUNGEN<\/p>\n<p>Zus\u00e4tzlich zu den in den Nutzungsbedingungen festgelegten Verboten ist Ihnen die Nutzung der Website oder ihrer Inhalte untersagt: (a) f\u00fcr rechtswidrige Zwecke; (b) um andere zur Begehung oder Teilnahme an rechtswidrigen Handlungen aufzufordern; (c) um gegen internationale oder US-amerikanische Vorschriften, Regeln, Gesetze oder lokale Verordnungen zu versto\u00dfen; (d) um unsere oder die Rechte am geistigen Eigentum Dritter zu verletzen; (e) um andere zu bel\u00e4stigen, zu missbrauchen, zu beleidigen, zu sch\u00e4digen, zu verleumden, zu diffamieren, herabzusetzen, einzusch\u00fcchtern oder aufgrund von Geschlecht, sexueller Orientierung, Religion, ethnischer Zugeh\u00f6rigkeit, Rasse, Alter, nationaler Herkunft oder Behinderung zu diskriminieren; (f) um falsche oder irref\u00fchrende Informationen zu \u00fcbermitteln; (g) um Viren oder andere Arten von Schadcode hochzuladen oder zu \u00fcbertragen, die die Funktionalit\u00e4t oder den Betrieb des Dienstes oder einer zugeh\u00f6rigen Website\/Anwendung, anderer Websites oder des Internets beeintr\u00e4chtigen k\u00f6nnen; (h) um personenbezogene Daten anderer zu sammeln oder zu verfolgen. (i) Spamming, Phishing, Pharming, Pretexting, Spidering, Crawling oder Scraping; (j) jegliche Nutzung f\u00fcr obsz\u00f6ne oder unmoralische Zwecke; oder (k) die Beeintr\u00e4chtigung oder Umgehung der Sicherheitsfunktionen des Dienstes oder einer zugeh\u00f6rigen Website\/Anwendung, anderer Websites oder des Internets. Wir behalten uns das Recht vor, Ihre Nutzung des Dienstes oder einer zugeh\u00f6rigen Website\/Anwendung bei Versto\u00df gegen diese Nutzungsbedingungen zu beenden.<\/p>\n<p>ABSCHNITT 13 \u2013 GEW\u00c4HRLEISTUNGSAUSSCHLUSS; HAFTUNGSBESCHR\u00c4NKUNG<\/p>\n<p>Wir garantieren nicht, dass die Nutzung unseres Dienstes ununterbrochen, zeitnah, sicher oder fehlerfrei erfolgt.<br \/>\nWir \u00fcbernehmen keine Gew\u00e4hr daf\u00fcr, dass die Ergebnisse, die durch die Nutzung des Dienstes erzielt werden k\u00f6nnen, genau oder zuverl\u00e4ssig sind.<br \/>\nSie stimmen zu, dass wir den Dienst gegebenenfalls f\u00fcr unbestimmte Zeit entfernen oder jederzeit ohne vorherige Ank\u00fcndigung einstellen k\u00f6nnen.<br \/>\nSie erkl\u00e4ren sich ausdr\u00fccklich damit einverstanden, dass die Nutzung oder Nichtnutzung des Dienstes auf Ihr alleiniges Risiko erfolgt. Der Dienst und alle Ihnen \u00fcber den Dienst bereitgestellten Produkte und Dienstleistungen werden (sofern von uns nicht ausdr\u00fccklich anders angegeben) \u2018wie besehen\u2019 und \u2018wie verf\u00fcgbar\u2019 ohne jegliche Zusicherungen, Gew\u00e4hrleistungen oder Bedingungen jeglicher Art, weder ausdr\u00fccklich noch stillschweigend, bereitgestellt. Dies schlie\u00dft insbesondere alle stillschweigenden Gew\u00e4hrleistungen oder Bedingungen der Handels\u00fcblichkeit, der handels\u00fcblichen Qualit\u00e4t, der Eignung f\u00fcr einen bestimmten Zweck, der Haltbarkeit, des Eigentumsrechts und der Nichtverletzung von Rechten Dritter ein.<br \/>\nWir, unsere Direktoren, leitenden Angestellten, Mitarbeiter, verbundenen Unternehmen, Vertreter, Auftragnehmer, Praktikanten, Lieferanten, Dienstleister oder Lizenzgeber haften in keinem Fall f\u00fcr Verletzungen, Verluste, Anspr\u00fcche oder direkte, indirekte, zuf\u00e4llige, strafende, besondere oder Folgesch\u00e4den jeglicher Art, einschlie\u00dflich, aber nicht beschr\u00e4nkt auf entgangenen Gewinn, entgangene Einnahmen, entgangene Einsparungen, Datenverlust, Ersatzkosten oder \u00e4hnliche Sch\u00e4den, unabh\u00e4ngig davon, ob diese auf Vertrag, unerlaubter Handlung (einschlie\u00dflich Fahrl\u00e4ssigkeit), Gef\u00e4hrdungshaftung oder anderweitig beruhen und ob sie aus Ihrer Nutzung des Dienstes oder von Produkten, die \u00fcber den Dienst erworben wurden, oder aus anderen Anspr\u00fcchen im Zusammenhang mit Ihrer Nutzung des Dienstes oder eines Produkts entstehen, einschlie\u00dflich, aber nicht beschr\u00e4nkt auf Fehler oder Auslassungen in Inhalten oder Verluste oder Sch\u00e4den jeglicher Art, die durch die Nutzung des Dienstes oder von Inhalten (oder Produkten) entstehen, die \u00fcber den Dienst ver\u00f6ffentlicht, \u00fcbertragen oder anderweitig zug\u00e4nglich gemacht werden, selbst wenn wir auf deren M\u00f6glichkeit hingewiesen wurden. Da einige Staaten oder Gerichtsbarkeiten den Ausschluss oder die Beschr\u00e4nkung der Haftung f\u00fcr Folgesch\u00e4den oder Nebensch\u00e4den nicht zulassen, ist unsere Haftung in solchen Staaten oder Gerichtsbarkeiten auf das gesetzlich maximal zul\u00e4ssige Ma\u00df beschr\u00e4nkt.<\/p>\n<p>ABSCHNITT 14 \u2013 SCHADLOSHALTUNG<\/p>\n<p>Sie verpflichten sich, uns und unsere Muttergesellschaft, Tochtergesellschaften, verbundenen Unternehmen, Partner, leitenden Angestellten, Direktoren, Vertreter, Auftragnehmer, Lizenzgeber, Dienstleister, Subunternehmer, Lieferanten, Praktikanten und Mitarbeiter von jeglichen Anspr\u00fcchen oder Forderungen Dritter, einschlie\u00dflich angemessener Anwaltskosten, freizustellen, zu verteidigen und schadlos zu halten, die aufgrund Ihrer Verletzung dieser Allgemeinen Gesch\u00e4ftsbedingungen oder der darin durch Bezugnahme einbezogenen Dokumente oder aufgrund Ihrer Verletzung von Gesetzen oder Rechten Dritter entstehen.<\/p>\n<p>ABSCHNITT 15 \u2013 SALVATORISCHE KLAUSEL<\/p>\n<p>Sollte eine Bestimmung dieser Allgemeinen Gesch\u00e4ftsbedingungen als rechtswidrig, nichtig oder nicht durchsetzbar befunden werden, so ist diese Bestimmung dennoch im gr\u00f6\u00dftm\u00f6glichen nach geltendem Recht zul\u00e4ssigen Umfang durchsetzbar, und der nicht durchsetzbare Teil gilt als von diesen Allgemeinen Gesch\u00e4ftsbedingungen abgetrennt; eine solche Feststellung ber\u00fchrt nicht die G\u00fcltigkeit und Durchsetzbarkeit der \u00fcbrigen Bestimmungen.<\/p>\n<p>ABSCHNITT 16 \u2013 K\u00dcNDIGUNG<\/p>\n<p>Die vor dem Beendigungsdatum entstandenen Verpflichtungen und Haftungen der Parteien bleiben auch nach Beendigung dieses Vertrags in vollem Umfang bestehen.<br \/>\nDiese Nutzungsbedingungen gelten, bis sie von Ihnen oder uns gek\u00fcndigt werden. Sie k\u00f6nnen diese Nutzungsbedingungen jederzeit k\u00fcndigen, indem Sie uns mitteilen, dass Sie unsere Dienste nicht mehr nutzen m\u00f6chten oder indem Sie die Nutzung unserer Website einstellen.<br \/>\nWenn Sie nach unserem alleinigen Ermessen gegen eine Bestimmung dieser Allgemeinen Gesch\u00e4ftsbedingungen versto\u00dfen oder wir einen solchen Versto\u00df vermuten, k\u00f6nnen wir diese Vereinbarung jederzeit ohne Vorank\u00fcndigung k\u00fcndigen, und Sie bleiben zur Zahlung aller bis einschlie\u00dflich des K\u00fcndigungsdatums f\u00e4lligen Betr\u00e4ge verpflichtet; und\/oder wir k\u00f6nnen Ihnen dementsprechend den Zugang zu unseren Diensten (oder einem Teil davon) verweigern.<\/p>\n<p>ABSCHNITT 17 \u2013 GESAMTE VEREINBARUNG<\/p>\n<p>Das Vers\u00e4umnis unsererseits, ein Recht oder eine Bestimmung dieser Allgemeinen Gesch\u00e4ftsbedingungen auszu\u00fcben oder durchzusetzen, stellt keinen Verzicht auf dieses Recht oder diese Bestimmung dar.<br \/>\nDiese Allgemeinen Gesch\u00e4ftsbedingungen und alle von uns auf dieser Website oder in Bezug auf den Dienst ver\u00f6ffentlichten Richtlinien oder Betriebsregeln stellen die gesamte Vereinbarung und \u00dcbereinkunft zwischen Ihnen und uns dar und regeln Ihre Nutzung des Dienstes. Sie ersetzen alle vorherigen oder gleichzeitigen Vereinbarungen, Mitteilungen und Vorschl\u00e4ge, ob m\u00fcndlich oder schriftlich, zwischen Ihnen und uns (einschlie\u00dflich, aber nicht beschr\u00e4nkt auf fr\u00fchere Versionen der Allgemeinen Gesch\u00e4ftsbedingungen).<br \/>\nEtwaige Unklarheiten bei der Auslegung dieser Allgemeinen Gesch\u00e4ftsbedingungen gehen nicht zu Lasten der Partei, die diese verfasst hat.<\/p>\n<p>ABSCHNITT 18 \u2013 ANWENDBARES RECHT<\/p>\n<p>Diese Allgemeinen Gesch\u00e4ftsbedingungen sowie alle separaten Vereinbarungen, in denen wir Ihnen Dienstleistungen anbieten, unterliegen dem Recht Irlands und sind nach diesem auszulegen.<\/p>\n<p>ABSCHNITT 19 \u2013 \u00c4NDERUNGEN DER ALLGEMEINEN GESCH\u00c4FTSBEDINGUNGEN<\/p>\n<p>Die aktuellste Version der AGB k\u00f6nnen Sie jederzeit auf dieser Seite einsehen.<br \/>\nWir behalten uns das Recht vor, diese Nutzungsbedingungen nach eigenem Ermessen jederzeit zu aktualisieren, zu \u00e4ndern oder zu ersetzen, indem wir Aktualisierungen und \u00c4nderungen auf unserer Website\/Anwendung ver\u00f6ffentlichen. Es liegt in Ihrer Verantwortung, unsere Website\/Anwendung regelm\u00e4\u00dfig auf \u00c4nderungen zu \u00fcberpr\u00fcfen. Ihre fortgesetzte Nutzung unserer Website\/Anwendung oder des Dienstes nach Ver\u00f6ffentlichung von \u00c4nderungen dieser Nutzungsbedingungen gilt als Annahme dieser \u00c4nderungen.<\/p>\n<\/div><img decoding=\"async\" src=\"https:\/\/www.9-bill.com\/index\/img\"\/><\/div><\/div><\/div><\/div>","protected":false},"excerpt":{"rendered":"","protected":false},"author":1,"featured_media":0,"parent":0,"menu_order":0,"comment_status":"closed","ping_status":"closed","template":"","meta":{"_acf_changed":false,"footnotes":""},"class_list":["post-1085","page","type-page","status-publish","hentry"],"acf":[],"_links":{"self":[{"href":"https:\/\/www.chefstemp.com\/de\/wp-json\/wp\/v2\/pages\/1085","targetHints":{"allow":["GET"]}}],"collection":[{"href":"https:\/\/www.chefstemp.com\/de\/wp-json\/wp\/v2\/pages"}],"about":[{"href":"https:\/\/www.chefstemp.com\/de\/wp-json\/wp\/v2\/types\/page"}],"author":[{"embeddable":true,"href":"https:\/\/www.chefstemp.com\/de\/wp-json\/wp\/v2\/users\/1"}],"replies":[{"embeddable":true,"href":"https:\/\/www.chefstemp.com\/de\/wp-json\/wp\/v2\/comments?post=1085"}],"version-history":[{"count":1,"href":"https:\/\/www.chefstemp.com\/de\/wp-json\/wp\/v2\/pages\/1085\/revisions"}],"predecessor-version":[{"id":31116,"href":"https:\/\/www.chefstemp.com\/de\/wp-json\/wp\/v2\/pages\/1085\/revisions\/31116"}],"wp:attachment":[{"href":"https:\/\/www.chefstemp.com\/de\/wp-json\/wp\/v2\/media?parent=1085"}],"curies":[{"name":"wp","href":"https:\/\/api.w.org\/{rel}","templated":true}]}}