{"id":1109,"date":"2021-02-24T08:33:42","date_gmt":"2021-02-24T08:33:42","guid":{"rendered":"https:\/\/www.chefstemp.com\/?page_id=1109"},"modified":"2026-03-05T10:31:55","modified_gmt":"2026-03-05T02:31:55","slug":"shipping-policy","status":"publish","type":"page","link":"https:\/\/www.chefstemp.com\/de\/versandrichtlinien\/","title":{"rendered":"Versandrichtlinien"},"content":{"rendered":"<p><div class=\"fusion-fullwidth fullwidth-box fusion-builder-row-1 fusion-flex-container nonhundred-percent-fullwidth non-hundred-percent-height-scrolling\" style=\"--awb-border-radius-top-left:0px;--awb-border-radius-top-right:0px;--awb-border-radius-bottom-right:0px;--awb-border-radius-bottom-left:0px;--awb-flex-wrap:wrap;\" ><div class=\"fusion-builder-row fusion-row fusion-flex-align-items-flex-start fusion-flex-content-wrap\" style=\"max-width:1331.2px;margin-left: calc(-4% \/ 2 );margin-right: calc(-4% \/ 2 );\"><div class=\"fusion-layout-column fusion_builder_column fusion-builder-column-0 fusion_builder_column_1_1 1_1 fusion-flex-column\" style=\"--awb-bg-size:cover;--awb-width-large:100%;--awb-margin-top-large:0px;--awb-spacing-right-large:1.92%;--awb-margin-bottom-large:20px;--awb-spacing-left-large:1.92%;--awb-width-medium:100%;--awb-order-medium:0;--awb-spacing-right-medium:1.92%;--awb-spacing-left-medium:1.92%;--awb-width-small:100%;--awb-order-small:0;--awb-spacing-right-small:1.92%;--awb-spacing-left-small:1.92%;\"><div class=\"fusion-column-wrapper fusion-column-has-shadow fusion-flex-justify-content-flex-start fusion-content-layout-column\"><div class=\"fusion-title title fusion-title-1 fusion-sep-none fusion-title-center fusion-title-text fusion-title-size-one\"><h1 class=\"fusion-title-heading title-heading-center fusion-responsive-typography-calculated\" style=\"margin:0;--fontSize:44;line-height:1.3;\">VERSANDRICHTLINIEN<\/h1><\/div><div class=\"fusion-text fusion-text-1\"><p>Unsere aktuellen Versandoptionen umfassen sowohl Informationen zum Versand innerhalb der USA als auch ins Ausland. F\u00fcr individuelle Versandarten oder Sonderbestellungen kontaktieren Sie uns bitte. Wir melden uns schnellstm\u00f6glich bei Ihnen.<\/p>\n<\/div><\/div><\/div><\/div><\/div><div class=\"fusion-fullwidth fullwidth-box fusion-builder-row-2 fusion-flex-container nonhundred-percent-fullwidth non-hundred-percent-height-scrolling\" style=\"--awb-border-radius-top-left:0px;--awb-border-radius-top-right:0px;--awb-border-radius-bottom-right:0px;--awb-border-radius-bottom-left:0px;--awb-flex-wrap:wrap;\" ><div class=\"fusion-builder-row fusion-row fusion-flex-align-items-flex-start fusion-flex-content-wrap\" style=\"max-width:1331.2px;margin-left: calc(-4% \/ 2 );margin-right: calc(-4% \/ 2 );\"><div class=\"fusion-layout-column fusion_builder_column fusion-builder-column-1 fusion_builder_column_1_1 1_1 fusion-flex-column\" style=\"--awb-bg-size:cover;--awb-width-large:100%;--awb-margin-top-large:0px;--awb-spacing-right-large:1.92%;--awb-margin-bottom-large:20px;--awb-spacing-left-large:1.92%;--awb-width-medium:100%;--awb-order-medium:0;--awb-spacing-right-medium:1.92%;--awb-spacing-left-medium:1.92%;--awb-width-small:100%;--awb-order-small:0;--awb-spacing-right-small:1.92%;--awb-spacing-left-small:1.92%;\"><div class=\"fusion-column-wrapper fusion-column-has-shadow fusion-flex-justify-content-flex-start fusion-content-layout-column\"><div class=\"fusion-text fusion-text-2\"><h2 style=\"text-align: center\"><span style=\"font-weight: normal\">VERSANDINFORMATIONEN<br \/>\n<\/span><\/h2>\n<\/div><div class=\"fusion-text fusion-text-3\"><h4><span style=\"font-weight: normal\">Vereinigt<\/span> <span style=\"font-weight: normal\">Staaten<\/span><\/h4>\n<div>\n<p>&nbsp;<\/p>\n<\/div>\n<\/div>\n<div class=\"table-2 temperature\">\n<table width=\"100%\">\n<thead>\n<tr>\n<th align=\"left\">Tr\u00e4ger<\/th>\n<th align=\"left\">Preis<\/th>\n<th align=\"left\">Lieferzeit<\/th>\n<\/tr>\n<\/thead>\n<tbody>\n<tr>\n<td align=\"left\">USPS<\/td>\n<td align=\"left\">Kostenloser Versand<\/td>\n<td align=\"left\">3-6 Tage<\/td>\n<\/tr>\n<\/tbody>\n<\/table>\n<\/div>\n<div class=\"fusion-text fusion-text-4\"><p><em>Hinweis: F\u00fcr einige kleine Zubeh\u00f6rteile k\u00f6nnen Versandkosten anfallen.<\/p>\n<p>Die Lieferzeiten beziehen sich auf Bestellungen innerhalb der USA. Bestellungen, die samstags oder sonntags eingehen, werden montags versendet (ausgenommen Feiertage). USPS Priority-Sendungen werden an Feiertagen nicht ber\u00fccksichtigt.<\/em><\/p>\n<\/div><div class=\"fusion-text fusion-text-5\"><h4><span style=\"font-weight: normal\">Internationaler Versand<\/span><\/h4>\n<div>\n<p>&nbsp;<\/p>\n<\/div>\n<\/div>\n<div class=\"table-2 temperature\">\n<table width=\"100%\">\n<thead>\n<tr>\n<th align=\"left\">Tr\u00e4ger<\/th>\n<th align=\"left\">Preis<\/th>\n<th align=\"left\">Lieferzeit<\/th>\n<\/tr>\n<\/thead>\n<tbody>\n<tr>\n<td align=\"left\">USPS International Priority<\/td>\n<td align=\"left\">$29.99<br \/>\n(Z\u00f6lle und Steuern nicht inbegriffen)<\/td>\n<td align=\"left\">6-10 Tage<\/td>\n<\/tr>\n<\/tbody>\n<\/table>\n<\/div>\n<\/div><\/div><\/div><\/div><div class=\"fusion-fullwidth fullwidth-box fusion-builder-row-3 fusion-flex-container nonhundred-percent-fullwidth non-hundred-percent-height-scrolling\" style=\"--awb-border-radius-top-left:0px;--awb-border-radius-top-right:0px;--awb-border-radius-bottom-right:0px;--awb-border-radius-bottom-left:0px;--awb-flex-wrap:wrap;\" ><div class=\"fusion-builder-row fusion-row fusion-flex-align-items-flex-start fusion-flex-content-wrap\" style=\"max-width:1331.2px;margin-left: calc(-4% \/ 2 );margin-right: calc(-4% \/ 2 );\"><div class=\"fusion-layout-column fusion_builder_column fusion-builder-column-2 fusion_builder_column_1_1 1_1 fusion-flex-column\" style=\"--awb-bg-size:cover;--awb-width-large:100%;--awb-margin-top-large:0px;--awb-spacing-right-large:1.92%;--awb-margin-bottom-large:20px;--awb-spacing-left-large:1.92%;--awb-width-medium:100%;--awb-order-medium:0;--awb-spacing-right-medium:1.92%;--awb-spacing-left-medium:1.92%;--awb-width-small:100%;--awb-order-small:0;--awb-spacing-right-small:1.92%;--awb-spacing-left-small:1.92%;\"><div class=\"fusion-column-wrapper fusion-column-has-shadow fusion-flex-justify-content-flex-start fusion-content-layout-column\"><div class=\"fusion-text fusion-text-6 fusion-text-no-margin\" style=\"--awb-margin-top:10px;--awb-margin-bottom:20px;\"><h2 style=\"text-align: center\"><span style=\"font-weight: normal\">INFORMATIONEN ZUR VERSANDMETHODE<br \/>\n<\/span><\/h2>\n<\/div>\n<div class=\"table-2 temperature\">\n<table width=\"100%\">\n<thead>\n<tr>\n<th align=\"left\">Versandservice<\/th>\n<th align=\"left\">Transitzeit (einschlie\u00dflich Versp\u00e4tungen an Feiertagen)<\/th>\n<th align=\"left\">US-Servicegebiet<\/th>\n<\/tr>\n<\/thead>\n<tbody>\n<tr>\n<td align=\"left\">USPS Priority Mail (Bestellungen unter 5 Pfund)<\/td>\n<td align=\"left\">3-6 Tage (ohne Feiertage)<\/td>\n<td align=\"left\">Alle 50 Bundesstaaten au\u00dfer Hawaii, Alaska und den US-Au\u00dfengebieten<\/td>\n<\/tr>\n<tr>\n<td align=\"left\">FedEx Ground (Bestellungen \u00fcber 5 Pfund)<\/td>\n<td align=\"left\">3-7 Werktage, abh\u00e4ngig von der Entfernung zum Zielort (Feiertage ausgenommen).<\/td>\n<td align=\"left\">Lieferung in alle 50 Bundesstaaten nur an physische Adressen<\/td>\n<\/tr>\n<tr>\n<td align=\"left\">FedEx Expressversand (2 Tage)<\/td>\n<td align=\"left\">2-3 Werktage bis zum Ende des Tages (Samstagszustellung m\u00f6glich, gegen Aufpreis)<\/td>\n<td align=\"left\">Alle 50 Bundesstaaten au\u00dfer Hawaii, Alaska und den US-Au\u00dfengebieten<\/td>\n<\/tr>\n<tr>\n<td align=\"left\">FedEx Expressversand<\/td>\n<td align=\"left\">Lieferung innerhalb von 1-2 Werktagen bis 15:00 Uhr an die meisten Adressen in den USA, bis 16:30 Uhr in l\u00e4ndliche Gebiete und bis 20:00 Uhr an Privatadressen. (Samstagszustellung m\u00f6glich, gegen Aufpreis.)<\/td>\n<td align=\"left\">Alle 50 Bundesstaaten au\u00dfer Hawaii, Alaska und den US-Au\u00dfengebieten<\/td>\n<\/tr>\n<\/tbody>\n<\/table>\n<\/div>\n<div class=\"fusion-text fusion-text-7\"><p>Internationale Kunden k\u00f6nnen w\u00e4hrend des Bestellvorgangs die weltweiten Dienstleistungen von FedEx oder United States Postal Service (USPS) ausw\u00e4hlen.<b><\/b><\/p>\n<\/div><\/div><\/div><\/div><\/div><div class=\"fusion-fullwidth fullwidth-box fusion-builder-row-4 fusion-flex-container nonhundred-percent-fullwidth non-hundred-percent-height-scrolling\" style=\"--awb-border-radius-top-left:0px;--awb-border-radius-top-right:0px;--awb-border-radius-bottom-right:0px;--awb-border-radius-bottom-left:0px;--awb-flex-wrap:wrap;\" ><div class=\"fusion-builder-row fusion-row fusion-flex-align-items-flex-start fusion-flex-content-wrap\" style=\"max-width:1331.2px;margin-left: calc(-4% \/ 2 );margin-right: calc(-4% \/ 2 );\"><div class=\"fusion-layout-column fusion_builder_column fusion-builder-column-3 fusion_builder_column_1_1 1_1 fusion-flex-column\" style=\"--awb-bg-size:cover;--awb-width-large:100%;--awb-margin-top-large:0px;--awb-spacing-right-large:1.92%;--awb-margin-bottom-large:20px;--awb-spacing-left-large:1.92%;--awb-width-medium:100%;--awb-order-medium:0;--awb-spacing-right-medium:1.92%;--awb-spacing-left-medium:1.92%;--awb-width-small:100%;--awb-order-small:0;--awb-spacing-right-small:1.92%;--awb-spacing-left-small:1.92%;\"><div class=\"fusion-column-wrapper fusion-column-has-shadow fusion-flex-justify-content-flex-start fusion-content-layout-column\"><div class=\"fusion-text fusion-text-8\"><h2 style=\"text-align: center\"><span style=\"font-weight: normal\">ZUS\u00c4TZLICHE VERSANDINFORMATIONEN<br \/>\n<\/span><\/h2>\n<\/div><div class=\"fusion-text fusion-text-9\"><h4><span style=\"font-weight: normal\">Versanddienstleister:<\/span><\/h4>\n<p>Wir versenden alle Online-Bestellungen und den gesamten Bestellvorgang \u00fcber unseren Warenkorb mit USPS und FedEx. Die Versandkosten sind reduziert. F\u00fcr Postfach- und APO-Adressen in den USA ben\u00f6tigt FedEx eine physische Adresse. In diesen F\u00e4llen stellen wir die Online-Bestellung auf USPS um, die Versandkosten bleiben jedoch gleich.<\/p>\n<\/div><div class=\"fusion-text fusion-text-10\"><h4><span style=\"font-weight: normal\">Internationale Bestellungen:<\/span><\/h4>\n<p>Wir freuen uns \u00fcber internationale Bestellungen. Wir versenden t\u00e4glich Waren ins Ausland. Unter Umst\u00e4nden ben\u00f6tigen wir vor dem Versand noch einige Informationen von Ihnen. Daher gilt unsere Versandgarantie f\u00fcr internationale Bestellungen nicht. Sollten Sie es eilig haben, vermerken Sie dies bitte in Ihrer Bestellung oder kontaktieren Sie uns telefonisch oder per E-Mail. <strong>Etwaige lokale Z\u00f6lle, Steuern und Maklergeb\u00fchren gehen zu Lasten des Kunden. Wir k\u00f6nnen Ihnen hierf\u00fcr keine Angaben machen.<\/strong> Aufgrund vertraglicher Verpflichtungen k\u00f6nnen wir einige Produkte m\u00f6glicherweise nicht in bestimmte L\u00e4nder versenden. Kontaktieren Sie uns f\u00fcr weitere Informationen.<\/p>\n<\/div><div class=\"fusion-text fusion-text-11\"><h4><span style=\"font-weight: normal\">Versandkostenvoranschl\u00e4ge:<\/span><\/h4>\n<p>Unser Versandkostenrechner ermittelt anhand des Produktgewichts Ihre voraussichtlichen Versandkosten. W\u00e4hlen Sie die gew\u00fcnschten Artikel aus, indem Sie auf \u201cIn den Warenkorb\u201d klicken. Gehen Sie anschlie\u00dfend zum Warenkorb. Nach Eingabe Ihrer Postleitzahl haben Sie Zugriff auf den Versandkostenrechner. Im Bestellprozess k\u00f6nnen Sie verschiedene Versandoptionen ausw\u00e4hlen und die Kosten vergleichen, bevor Sie Ihre Bestellung absenden.<\/p>\n<\/div><div class=\"fusion-text fusion-text-12\"><h4><span style=\"font-weight: normal\">Versandgarantien:<\/span><\/h4>\n<p>Jede Bestellung wird so schnell wie m\u00f6glich versandt. <strong><b>Ankunftstermine werden nicht garantiert.<\/b><\/strong> FedEx garantiert die Versandkosten f\u00fcr die Expresslieferungen (2-Tage- und n\u00e4chster-Tag-Lieferung). Sollte die Lieferung nicht p\u00fcnktlich erfolgen, erstatten wir Ihnen die Versandkosten.<\/p>\n<\/div><\/div><\/div><\/div><\/div><\/p>","protected":false},"excerpt":{"rendered":"","protected":false},"author":1,"featured_media":0,"parent":0,"menu_order":0,"comment_status":"closed","ping_status":"closed","template":"","meta":{"_acf_changed":false,"footnotes":""},"class_list":["post-1109","page","type-page","status-publish","hentry"],"acf":[],"_links":{"self":[{"href":"https:\/\/www.chefstemp.com\/de\/wp-json\/wp\/v2\/pages\/1109","targetHints":{"allow":["GET"]}}],"collection":[{"href":"https:\/\/www.chefstemp.com\/de\/wp-json\/wp\/v2\/pages"}],"about":[{"href":"https:\/\/www.chefstemp.com\/de\/wp-json\/wp\/v2\/types\/page"}],"author":[{"embeddable":true,"href":"https:\/\/www.chefstemp.com\/de\/wp-json\/wp\/v2\/users\/1"}],"replies":[{"embeddable":true,"href":"https:\/\/www.chefstemp.com\/de\/wp-json\/wp\/v2\/comments?post=1109"}],"version-history":[{"count":2,"href":"https:\/\/www.chefstemp.com\/de\/wp-json\/wp\/v2\/pages\/1109\/revisions"}],"predecessor-version":[{"id":62500,"href":"https:\/\/www.chefstemp.com\/de\/wp-json\/wp\/v2\/pages\/1109\/revisions\/62500"}],"wp:attachment":[{"href":"https:\/\/www.chefstemp.com\/de\/wp-json\/wp\/v2\/media?parent=1109"}],"curies":[{"name":"wp","href":"https:\/\/api.w.org\/{rel}","templated":true}]}}