{"id":4655,"date":"2021-11-05T16:00:09","date_gmt":"2021-11-05T08:00:09","guid":{"rendered":"https:\/\/www.chefstemp.com\/?page_id=4655"},"modified":"2023-12-12T17:50:11","modified_gmt":"2023-12-12T09:50:11","slug":"bpcal","status":"publish","type":"page","link":"https:\/\/www.chefstemp.com\/de\/bpcal\/","title":{"rendered":"Siedepunktrechner f\u00fcr Wasser"},"content":{"rendered":"<div class=\"fusion-fullwidth fullwidth-box fusion-builder-row-1 fusion-flex-container nonhundred-percent-fullwidth non-hundred-percent-height-scrolling\" style=\"--awb-border-radius-top-left:0px;--awb-border-radius-top-right:0px;--awb-border-radius-bottom-right:0px;--awb-border-radius-bottom-left:0px;--awb-flex-wrap:wrap;\" ><div class=\"fusion-builder-row fusion-row fusion-flex-align-items-flex-start fusion-flex-content-wrap\" style=\"max-width:1331.2px;margin-left: calc(-4% \/ 2 );margin-right: calc(-4% \/ 2 );\"><div class=\"fusion-layout-column fusion_builder_column fusion-builder-column-0 fusion_builder_column_1_1 1_1 fusion-flex-column\" style=\"--awb-bg-size:cover;--awb-width-large:100%;--awb-margin-top-large:0px;--awb-spacing-right-large:1.92%;--awb-margin-bottom-large:20px;--awb-spacing-left-large:1.92%;--awb-width-medium:100%;--awb-order-medium:0;--awb-spacing-right-medium:1.92%;--awb-spacing-left-medium:1.92%;--awb-width-small:100%;--awb-order-small:0;--awb-spacing-right-small:1.92%;--awb-spacing-left-small:1.92%;\"><div class=\"fusion-column-wrapper fusion-column-has-shadow fusion-flex-justify-content-flex-start fusion-content-layout-column\"><div class=\"fusion-text fusion-text-1\" style=\"--awb-text-transform:none;\"><h1><span style=\"color: #ff9900;\">Siedepunktrechner f\u00fcr Wasser<\/span><\/h1>\n<\/div><\/div><\/div><div class=\"fusion-layout-column fusion_builder_column fusion-builder-column-1 fusion_builder_column_1_1 1_1 fusion-flex-column\" style=\"--awb-bg-size:cover;--awb-width-large:100%;--awb-margin-top-large:0px;--awb-spacing-right-large:1.92%;--awb-margin-bottom-large:20px;--awb-spacing-left-large:1.92%;--awb-width-medium:100%;--awb-order-medium:0;--awb-spacing-right-medium:1.92%;--awb-spacing-left-medium:1.92%;--awb-width-small:100%;--awb-order-small:0;--awb-spacing-right-small:1.92%;--awb-spacing-left-small:1.92%;\"><div class=\"fusion-column-wrapper fusion-column-has-shadow fusion-flex-justify-content-flex-start fusion-content-layout-column\"><div class=\"fusion-separator fusion-full-width-sep\" style=\"align-self: center;margin-left: auto;margin-right: auto;width:100%;\"><div class=\"fusion-separator-border sep-single sep-solid\" style=\"--awb-height:20px;--awb-amount:20px;border-color:#e2e2e2;border-top-width:1px;\"><\/div><\/div><\/div><\/div><div class=\"fusion-layout-column fusion_builder_column fusion-builder-column-2 fusion_builder_column_1_1 1_1 fusion-flex-column\" style=\"--awb-bg-size:cover;--awb-width-large:100%;--awb-margin-top-large:0px;--awb-spacing-right-large:1.92%;--awb-margin-bottom-large:20px;--awb-spacing-left-large:1.92%;--awb-width-medium:100%;--awb-order-medium:0;--awb-spacing-right-medium:1.92%;--awb-spacing-left-medium:1.92%;--awb-width-small:100%;--awb-order-small:0;--awb-spacing-right-small:1.92%;--awb-spacing-left-small:1.92%;\"><div class=\"fusion-column-wrapper fusion-column-has-shadow fusion-flex-justify-content-flex-start fusion-content-layout-column\"><div class=\"fusion-text fusion-text-2\" style=\"--awb-text-transform:none;\"><h2><span style=\"color: #ff9900;\">Was ist der Siedepunkt von Wasser?<\/span><\/h2>\n<\/div><\/div><\/div><div class=\"fusion-layout-column fusion_builder_column fusion-builder-column-3 fusion_builder_column_1_1 1_1 fusion-flex-column\" style=\"--awb-bg-size:cover;--awb-width-large:100%;--awb-margin-top-large:0px;--awb-spacing-right-large:1.92%;--awb-margin-bottom-large:20px;--awb-spacing-left-large:1.92%;--awb-width-medium:100%;--awb-order-medium:0;--awb-spacing-right-medium:1.92%;--awb-spacing-left-medium:1.92%;--awb-width-small:100%;--awb-order-small:0;--awb-spacing-right-small:1.92%;--awb-spacing-left-small:1.92%;\"><div class=\"fusion-column-wrapper fusion-column-has-shadow fusion-flex-justify-content-flex-start fusion-content-layout-column\"><div class=\"fusion-text fusion-text-3\" style=\"--awb-text-transform:none;\"><p>Wasser siedet bei 100 \u00b0C (212 \u00b0F) auf Meeresh\u00f6he, aber nur auf Meeresh\u00f6he. \u00c4nderungen des Luftdrucks beeinflussen die Siedetemperatur. Um diesen Rechner zu verwenden, ben\u00f6tigen Sie den aktuellen Luftdruck und die H\u00f6he \u00fcber dem Meeresspiegel.<\/p>\n<\/div><\/div><\/div><div class=\"fusion-layout-column fusion_builder_column fusion-builder-column-4 fusion_builder_column_1_1 1_1 fusion-flex-column\" style=\"--awb-bg-size:cover;--awb-width-large:100%;--awb-margin-top-large:0px;--awb-spacing-right-large:1.92%;--awb-margin-bottom-large:20px;--awb-spacing-left-large:1.92%;--awb-width-medium:100%;--awb-order-medium:0;--awb-spacing-right-medium:1.92%;--awb-spacing-left-medium:1.92%;--awb-width-small:100%;--awb-order-small:0;--awb-spacing-right-small:1.92%;--awb-spacing-left-small:1.92%;\"><div class=\"fusion-column-wrapper fusion-column-has-shadow fusion-flex-justify-content-flex-start fusion-content-layout-column\"><div class=\"container\">\n\t\t<p>\u00a0<\/p>\n\n\n<script language=\"JavaScript\">\nfunction calculate() {\nvar Barometer=eval(document.Calculator.Barometer.value)\n if (Barometer <25.69 || Barometer >32.03){\n\t alert(\"\u5927\u6c14\u538b\u8f93\u5165\u503c\u5728 25.69 \u548c 32.03\u4e4b\u95f4\");\n\treturn;\n\t}\nvar Elevation=eval(document.Calculator.Elevation.value)\n if (Elevation <-1360 || Elevation >29029){\n\t alert(\"\u6d77\u62d4\u8f93\u5165\u503c\u5728 -1360 \u548c 29029\u4e4b\u95f4\");\n\treturn;\n\t}\n    var absPressure = Math.pow(1 - 6.8753e-06 * Elevation, 5.2559) * 29.921;\n    var boilTempF = 49.161 * (Math.log(absPressure) + Math.log(Barometer)) - 122.136;\n    var boilTempC = boilTempF - 32 ;\n    var boilTempF = Math.round(100 * boilTempF) \/ 100 ;\n    var boilTempC = boilTempC * .55556 ;\n    var boilTempC = Math.round(boilTempC * 100) \/ 100 ;\n\n\ndocument.Calculator.TempF.value=boilTempF\ndocument.Calculator.TempC.value=boilTempC\n}\n<\/script>\n<h2>Wie berechnet man den Siedepunkt von Wasser?<\/h2>\n<p><b>Schritt 1: Ermitteln Sie den lokalen Luftdruck und die H\u00f6he \u00fcber dem Meeresspiegel.<\/b><\/p>\n<p>Ermitteln Sie Ihren aktuellen Luftdruck und Ihre H\u00f6he \u00fcber dem Meeresspiegel und geben Sie diese Werte in den untenstehenden Rechner ein. Der folgende Link \u00f6ffnet sich in einem neuen Fenster. Suchen Sie Ihren Standort und beachten Sie die Details auf der Seite, wie im Beispiel rechts dargestellt.<\/p>\n<div id=\"Pressure\">\n<p>\n<a href=\"https:\/\/www.wunderground.com\/ \" target=\"https:\/\/www.wunderground.com\/\" class=\"https:\/\/www.wunderground.com\/\" role=\"button\" style=\"margin-right:0px;background:#FDC51C; color:#777;\">Druck\/H\u00f6he ermitteln<\/a>\n<\/p>\n<\/div>\n<br>\n<p>\n<b>Schritt 2: Geben Sie Ihren lokalen Druck und Ihre H\u00f6he ein und berechnen Sie dann Ihren lokalen Siedepunkt.<\/b><\/p>\n\t<form name=\"Calculator\" style=\"font-size:14px;\" action=\"\">\n\t\t<div align=\"left\">\n      \n        <table border=\"0\" width=\"700\" cellspacing=\"0\" cellpadding=\"5\">\n\t\t<tbody><tr>\n\t\t\t<td width=\"100%\" align=\"left\">\n\t\t\t <p>Druck: \n\t\t\t <input class=\"range\" style=\"margin-left:0px; width:75px;border:1px solid #eee;\" name=\"Barometer\" type=\"text\" size=\"6\" value=\"29.92\"> inHg-H\u00f6he: <input class=\"range\" style=\"margin-left:0px; width:75px;border:1px solid #eee;\" name=\"Elevation\" type=\"text\" size=\"6\" value=\"0\"> F\u00fc\u00dfe\u00a0\u00a0\u00a0\u00a0\u00a0 <input class=\"btn btn-small btn-secondary\" style=\"margin-right:0px;background:#FDC51C\" type=\"button\" value=\"Siedepunkt berechnen\" onclick=\"calculate()\"><\/p><\/td>\n\t\t<\/tr>\n\n\t\t<tr>\n\t\t\t<td>\n\t\t\t<p align=\"Left\" style=\"font-size:18px; font-weight:bold;\">Siedepunktssch\u00e4tzung: <input class=\"meters\" style=\"width:75px; border:1px solid #eee;\" name=\"TempF\" type=\"text\" size=\"6\"> \u00b0F\u00a0\u00a0 <input class=\"meters\" style=\"width:75px; border:1px solid #eee;\" name=\"TempC\" type=\"text\" size=\"6\"> \u00b0C\n\t\t\t<\/p><\/td>\n\t\t<\/tr>\n        <\/tbody><\/table>\n\t<\/div>\n<input type=\"hidden\" name=\"trp-form-language\" value=\"de\"\/><\/form>\n<br>\n<br>\n\n\n\t<\/div><\/div><\/div><div class=\"fusion-layout-column fusion_builder_column fusion-builder-column-5 fusion_builder_column_1_1 1_1 fusion-flex-column\" style=\"--awb-bg-size:cover;--awb-width-large:100%;--awb-margin-top-large:0px;--awb-spacing-right-large:1.92%;--awb-margin-bottom-large:20px;--awb-spacing-left-large:1.92%;--awb-width-medium:100%;--awb-order-medium:0;--awb-spacing-right-medium:1.92%;--awb-spacing-left-medium:1.92%;--awb-width-small:100%;--awb-order-small:0;--awb-spacing-right-small:1.92%;--awb-spacing-left-small:1.92%;\"><div class=\"fusion-column-wrapper fusion-column-has-shadow fusion-flex-justify-content-flex-start fusion-content-layout-column\"><\/div><\/div><div class=\"fusion-layout-column fusion_builder_column fusion-builder-column-6 fusion_builder_column_1_1 1_1 fusion-flex-column\" style=\"--awb-bg-size:cover;--awb-width-large:100%;--awb-margin-top-large:0px;--awb-spacing-right-large:1.92%;--awb-margin-bottom-large:20px;--awb-spacing-left-large:1.92%;--awb-width-medium:100%;--awb-order-medium:0;--awb-spacing-right-medium:1.92%;--awb-spacing-left-medium:1.92%;--awb-width-small:100%;--awb-order-small:0;--awb-spacing-right-small:1.92%;--awb-spacing-left-small:1.92%;\"><div class=\"fusion-column-wrapper fusion-column-has-shadow fusion-flex-justify-content-flex-start fusion-content-layout-column\"><div class=\"fusion-text fusion-text-4\" style=\"--awb-text-transform:none;\"><h4 style=\"text-align: center;\"><span style=\"color: #000000;\">Mehr zum Siedepunkt von Wasser und zur Genauigkeit von Thermometern<\/span><\/h4>\n<\/div><\/div><\/div><div class=\"fusion-layout-column fusion_builder_column fusion-builder-column-7 fusion_builder_column_1_1 1_1 fusion-flex-column\" style=\"--awb-bg-size:cover;--awb-width-large:100%;--awb-margin-top-large:0px;--awb-spacing-right-large:1.92%;--awb-margin-bottom-large:20px;--awb-spacing-left-large:1.92%;--awb-width-medium:100%;--awb-order-medium:0;--awb-spacing-right-medium:1.92%;--awb-spacing-left-medium:1.92%;--awb-width-small:100%;--awb-order-small:0;--awb-spacing-right-small:1.92%;--awb-spacing-left-small:1.92%;\"><div class=\"fusion-column-wrapper fusion-column-has-shadow fusion-flex-justify-content-flex-start fusion-content-layout-column\"><div class=\"fusion-separator fusion-full-width-sep\" style=\"align-self: center;margin-left: auto;margin-right: auto;width:100%;\"><div class=\"fusion-separator-border sep-single sep-solid\" style=\"--awb-height:20px;--awb-amount:20px;border-color:#e2e2e2;border-top-width:1px;\"><\/div><\/div><\/div><\/div><div class=\"fusion-layout-column fusion_builder_column fusion-builder-column-8 fusion_builder_column_1_2 1_2 fusion-flex-column\" style=\"--awb-bg-size:cover;--awb-width-large:50%;--awb-margin-top-large:0px;--awb-spacing-right-large:3.84%;--awb-margin-bottom-large:20px;--awb-spacing-left-large:3.84%;--awb-width-medium:100%;--awb-order-medium:0;--awb-spacing-right-medium:1.92%;--awb-spacing-left-medium:1.92%;--awb-width-small:100%;--awb-order-small:0;--awb-spacing-right-small:1.92%;--awb-spacing-left-small:1.92%;\"><div class=\"fusion-column-wrapper fusion-column-has-shadow fusion-flex-justify-content-flex-start fusion-content-layout-column\"><div class=\"fusion-text fusion-text-5\" style=\"--awb-text-transform:none;\"><p><a href=\"https:\/\/www.chefstemp.com\/de\/wie-kalibriert-man-ein-thermometer-2\/\"><span style=\"color: #ff9900;\">Eine genaue Temperaturmessung erhalten<\/span><\/a><\/p>\n<\/div><div class=\"fusion-image-element fusion-no-medium-visibility\" style=\"--awb-caption-title-font-family:var(--h2_typography-font-family);--awb-caption-title-font-weight:var(--h2_typography-font-weight);--awb-caption-title-font-style:var(--h2_typography-font-style);--awb-caption-title-size:var(--h2_typography-font-size);--awb-caption-title-transform:var(--h2_typography-text-transform);--awb-caption-title-line-height:var(--h2_typography-line-height);--awb-caption-title-letter-spacing:var(--h2_typography-letter-spacing);\"><span class=\"fusion-imageframe imageframe-none imageframe-1 hover-type-none\"><img decoding=\"async\" width=\"714\" height=\"667\" alt=\"Genaues Ablesen\" title=\"Genaues Ablesen\" src=\"https:\/\/www.chefstemp.com\/wp-content\/uploads\/2021\/11\/Accurate-reading.jpg\" class=\"img-responsive wp-image-4702\" srcset=\"https:\/\/www.chefstemp.com\/wp-content\/uploads\/2021\/11\/Accurate-reading-200x187.jpg 200w, https:\/\/www.chefstemp.com\/wp-content\/uploads\/2021\/11\/Accurate-reading-400x374.jpg 400w, https:\/\/www.chefstemp.com\/wp-content\/uploads\/2021\/11\/Accurate-reading-600x561.jpg 600w, https:\/\/www.chefstemp.com\/wp-content\/uploads\/2021\/11\/Accurate-reading.jpg 714w\" sizes=\"(max-width: 1024px) 100vw, (max-width: 768px) 100vw, 714px\" \/><\/span><\/div><\/div><\/div><div class=\"fusion-layout-column fusion_builder_column fusion-builder-column-9 fusion_builder_column_1_2 1_2 fusion-flex-column\" style=\"--awb-bg-size:cover;--awb-width-large:50%;--awb-margin-top-large:0px;--awb-spacing-right-large:3.84%;--awb-margin-bottom-large:20px;--awb-spacing-left-large:3.84%;--awb-width-medium:100%;--awb-order-medium:0;--awb-spacing-right-medium:1.92%;--awb-spacing-left-medium:1.92%;--awb-width-small:100%;--awb-order-small:0;--awb-spacing-right-small:1.92%;--awb-spacing-left-small:1.92%;\"><div class=\"fusion-column-wrapper fusion-column-has-shadow fusion-flex-justify-content-flex-start fusion-content-layout-column\"><div class=\"fusion-text fusion-text-6\" style=\"--awb-text-transform:none;\"><p><span style=\"color: #ff9900;\">Wie man ein Thermometer mit dem Siedepunkt von Wasser testet<\/span><\/p>\n<\/div><div class=\"fusion-image-element\" style=\"text-align:center;--awb-caption-title-font-family:var(--h2_typography-font-family);--awb-caption-title-font-weight:var(--h2_typography-font-weight);--awb-caption-title-font-style:var(--h2_typography-font-style);--awb-caption-title-size:var(--h2_typography-font-size);--awb-caption-title-transform:var(--h2_typography-text-transform);--awb-caption-title-line-height:var(--h2_typography-line-height);--awb-caption-title-letter-spacing:var(--h2_typography-letter-spacing);\"><span class=\"fusion-imageframe imageframe-none imageframe-2 hover-type-none\"><img decoding=\"async\" width=\"714\" height=\"667\" alt=\"Genaue Messung von kochendem Wasser 1\" title=\"Genaue Messung von kochendem Wasser 1\" src=\"https:\/\/www.chefstemp.com\/wp-content\/uploads\/2021\/11\/Accurate-reading-boiling-water-1.jpg\" class=\"img-responsive wp-image-4708\" srcset=\"https:\/\/www.chefstemp.com\/wp-content\/uploads\/2021\/11\/Accurate-reading-boiling-water-1-200x187.jpg 200w, https:\/\/www.chefstemp.com\/wp-content\/uploads\/2021\/11\/Accurate-reading-boiling-water-1-400x374.jpg 400w, https:\/\/www.chefstemp.com\/wp-content\/uploads\/2021\/11\/Accurate-reading-boiling-water-1-600x561.jpg 600w, https:\/\/www.chefstemp.com\/wp-content\/uploads\/2021\/11\/Accurate-reading-boiling-water-1.jpg 714w\" sizes=\"(max-width: 1024px) 100vw, (max-width: 768px) 100vw, 714px\" \/><\/span><\/div><\/div><\/div><\/div><\/div>","protected":false},"excerpt":{"rendered":"","protected":false},"author":5,"featured_media":0,"parent":0,"menu_order":0,"comment_status":"closed","ping_status":"closed","template":"","meta":{"_acf_changed":false,"footnotes":""},"class_list":["post-4655","page","type-page","status-publish","hentry"],"acf":[],"_links":{"self":[{"href":"https:\/\/www.chefstemp.com\/de\/wp-json\/wp\/v2\/pages\/4655","targetHints":{"allow":["GET"]}}],"collection":[{"href":"https:\/\/www.chefstemp.com\/de\/wp-json\/wp\/v2\/pages"}],"about":[{"href":"https:\/\/www.chefstemp.com\/de\/wp-json\/wp\/v2\/types\/page"}],"author":[{"embeddable":true,"href":"https:\/\/www.chefstemp.com\/de\/wp-json\/wp\/v2\/users\/5"}],"replies":[{"embeddable":true,"href":"https:\/\/www.chefstemp.com\/de\/wp-json\/wp\/v2\/comments?post=4655"}],"version-history":[{"count":0,"href":"https:\/\/www.chefstemp.com\/de\/wp-json\/wp\/v2\/pages\/4655\/revisions"}],"wp:attachment":[{"href":"https:\/\/www.chefstemp.com\/de\/wp-json\/wp\/v2\/media?parent=4655"}],"curies":[{"name":"wp","href":"https:\/\/api.w.org\/{rel}","templated":true}]}}