{"id":15456,"date":"2024-01-22T16:24:05","date_gmt":"2024-01-22T08:24:05","guid":{"rendered":"https:\/\/www.chefstemp.com\/?post_type=product&#038;p=15456"},"modified":"2026-05-17T01:38:31","modified_gmt":"2026-05-16T17:38:31","slug":"chefstemp-wireless-probe","status":"publish","type":"product","link":"https:\/\/www.chefstemp.com\/de\/produkt\/chefstemp-drahtlose-sonde\/","title":{"rendered":"ChefsTemp Original Funk-Sonde als Ersatz f\u00fcr ProTemp Plus"},"content":{"rendered":"","protected":false},"excerpt":{"rendered":"<ul>\n<li>Misst sowohl die Kerntemperatur des Fleisches als auch die Umgebungstemperatur in der N\u00e4he des Lebensmittels (<strong>Wichtiger Hinweis:<\/strong> Wenn die Sonde an den ProTemp S1 angeschlossen ist, entspricht die auf der Sondenseite in der App angezeigte Umgebungstemperatur der vom ProTemp S1-Hauptger\u00e4t selbst gemessenen Umgebungstemperatur. Die von der Sonde selbst gemessene lokale Umgebungstemperatur wird nicht angezeigt.<\/li>\n<li>Hergestellt aus Edelstahl und hitzebest\u00e4ndiger Zirkonoxidkeramik<\/li>\n<li>Gr\u00f6\u00dfe: 125 \u00d7 28 \u00d7 7 mm (4,92 \u00d7 1,10 \u00d7 0,27 Zoll) f\u00fcr die Standardversion, 95 \u00d7 28 \u00d7 7 mm (3,74 \u00d7 1,10 \u00d7 0,27 Zoll) f\u00fcr die Miniversion.<\/li>\n<li>Durchmesser: 6 mm (Standard), 5,5 mm (Mini)<\/li>\n<li>Maximale Innentemperatur: 212\u00b0F (100\u00b0C)<\/li>\n<li>Maximale Umgebungstemperatur: 662\u00b0F (350\u00b0C)<\/li>\n<li>Genauigkeit: \u00b11\u00b0F (0,5\u00b0C)<\/li>\n<li>Nach vollst\u00e4ndiger Aufladung h\u00e4lt der Akku 30 Stunden.<\/li>\n<li>Die Mini-Sonde eignet sich ideal zum Abmessen kleiner und d\u00fcnner Lebensmittel.<\/li>\n<\/ul>","protected":false},"featured_media":15501,"comment_status":"open","ping_status":"closed","template":"","meta":{"_acf_changed":false},"product_brand":[],"product_cat":[15,1424,1472],"product_tag":[],"class_list":{"0":"post-15456","1":"product","2":"type-product","3":"status-publish","4":"has-post-thumbnail","6":"product_cat-meat-thermometer","7":"product_cat-leave-in-meat-thermometer","8":"product_cat-wifi-wireless-meat-thermometer","10":"first","11":"instock","12":"taxable","13":"shipping-taxable","14":"purchasable","15":"product-type-variable"},"acf":[],"_links":{"self":[{"href":"https:\/\/www.chefstemp.com\/de\/wp-json\/wp\/v2\/product\/15456","targetHints":{"allow":["GET"]}}],"collection":[{"href":"https:\/\/www.chefstemp.com\/de\/wp-json\/wp\/v2\/product"}],"about":[{"href":"https:\/\/www.chefstemp.com\/de\/wp-json\/wp\/v2\/types\/product"}],"replies":[{"embeddable":true,"href":"https:\/\/www.chefstemp.com\/de\/wp-json\/wp\/v2\/comments?post=15456"}],"wp:featuredmedia":[{"embeddable":true,"href":"https:\/\/www.chefstemp.com\/de\/wp-json\/wp\/v2\/media\/15501"}],"wp:attachment":[{"href":"https:\/\/www.chefstemp.com\/de\/wp-json\/wp\/v2\/media?parent=15456"}],"wp:term":[{"taxonomy":"product_brand","embeddable":true,"href":"https:\/\/www.chefstemp.com\/de\/wp-json\/wp\/v2\/product_brand?post=15456"},{"taxonomy":"product_cat","embeddable":true,"href":"https:\/\/www.chefstemp.com\/de\/wp-json\/wp\/v2\/product_cat?post=15456"},{"taxonomy":"product_tag","embeddable":true,"href":"https:\/\/www.chefstemp.com\/de\/wp-json\/wp\/v2\/product_tag?post=15456"}],"curies":[{"name":"wp","href":"https:\/\/api.w.org\/{rel}","templated":true}]}}