{"id":15480,"date":"2024-02-05T16:58:17","date_gmt":"2024-02-05T08:58:17","guid":{"rendered":"https:\/\/www.chefstemp.com\/?post_type=product&#038;p=15480"},"modified":"2026-04-12T02:33:12","modified_gmt":"2026-04-11T18:33:12","slug":"chefstemp-protective-case","status":"publish","type":"product","link":"https:\/\/www.chefstemp.com\/de\/produkt\/chefstemp-schutzhulle\/","title":{"rendered":"Schutzh\u00fclle f\u00fcr ChefsTemp ProTemp Plus, Quad XPro und Finaltouch X10"},"content":{"rendered":"<p>Sch\u00fctzen Sie Ihre ChefsTemp-Ger\u00e4te mit unserer Rei\u00dfverschlusstasche! Passend f\u00fcr ProTemp Plus, ProTemp 2 Plus, Finaltouch X10, Quad XPro und \u00e4hnliches Zubeh\u00f6r. Hergestellt aus robustem EVA-Material. Kompakte Gr\u00f6\u00dfe: 25 x 11 x 6 cm. Ihre Ger\u00e4te sind unterwegs bestens gesch\u00fctzt!<\/p>","protected":false},"excerpt":{"rendered":"<p>Schutzh\u00fclle mit Rei\u00dfverschluss f\u00fcr Protemp Plus, Protemp 2 Plus, Finaltouch X10, Quad Xpro und anderes kleines Zubeh\u00f6r.<\/p>\n<p>Abmessungen: 9,8 x 4,3 x 2,3 Zoll (25 x 11 x 6 cm)<\/p>\n<p>Material: EVA<\/p>","protected":false},"featured_media":15481,"comment_status":"open","ping_status":"closed","template":"","meta":{"_acf_changed":false},"product_brand":[315],"product_cat":[15,1426],"product_tag":[],"class_list":{"0":"post-15480","1":"product","2":"type-product","3":"status-publish","4":"has-post-thumbnail","6":"product_brand-chefstemp","7":"product_cat-meat-thermometer","8":"product_cat-accessories","9":"product_shipping_class-x10-and-case","11":"first","12":"instock","13":"taxable","14":"shipping-taxable","15":"purchasable","16":"product-type-simple"},"acf":[],"_links":{"self":[{"href":"https:\/\/www.chefstemp.com\/de\/wp-json\/wp\/v2\/product\/15480","targetHints":{"allow":["GET"]}}],"collection":[{"href":"https:\/\/www.chefstemp.com\/de\/wp-json\/wp\/v2\/product"}],"about":[{"href":"https:\/\/www.chefstemp.com\/de\/wp-json\/wp\/v2\/types\/product"}],"replies":[{"embeddable":true,"href":"https:\/\/www.chefstemp.com\/de\/wp-json\/wp\/v2\/comments?post=15480"}],"wp:featuredmedia":[{"embeddable":true,"href":"https:\/\/www.chefstemp.com\/de\/wp-json\/wp\/v2\/media\/15481"}],"wp:attachment":[{"href":"https:\/\/www.chefstemp.com\/de\/wp-json\/wp\/v2\/media?parent=15480"}],"wp:term":[{"taxonomy":"product_brand","embeddable":true,"href":"https:\/\/www.chefstemp.com\/de\/wp-json\/wp\/v2\/product_brand?post=15480"},{"taxonomy":"product_cat","embeddable":true,"href":"https:\/\/www.chefstemp.com\/de\/wp-json\/wp\/v2\/product_cat?post=15480"},{"taxonomy":"product_tag","embeddable":true,"href":"https:\/\/www.chefstemp.com\/de\/wp-json\/wp\/v2\/product_tag?post=15480"}],"curies":[{"name":"wp","href":"https:\/\/api.w.org\/{rel}","templated":true}]}}