{"id":18770,"date":"2024-11-12T12:16:51","date_gmt":"2024-11-12T04:16:51","guid":{"rendered":"https:\/\/www.chefstemp.com\/?post_type=product&#038;p=18770"},"modified":"2026-05-16T07:06:08","modified_gmt":"2026-05-15T23:06:08","slug":"4in1-charger-probe","status":"publish","type":"product","link":"https:\/\/www.chefstemp.com\/de\/produkt\/4-in-1-ladegerat-sonde\/","title":{"rendered":"4-in-1-Sondenladeger\u00e4t und Original-Funksonden-Kombination \u2013 Zubeh\u00f6r f\u00fcr ProTemp S1 (ProTemp S1 erforderlich \u2013 Kann nicht eigenst\u00e4ndig verwendet werden!)"},"content":{"rendered":"","protected":false},"excerpt":{"rendered":"<p>Sondenspezifikationen:<\/p>\n<ul>\n<li>Gr\u00f6\u00dfe: 125 \u00d7 28 \u00d7 7 mm (4,92 \u00d7 1,10 \u00d7 0,27 Zoll) f\u00fcr die Standardversion, 95 \u00d7 28 \u00d7 7 mm (3,74 \u00d7 1,10 \u00d7 0,27 Zoll) f\u00fcr die Miniversion.<\/li>\n<li>Durchmesser: 6 mm (Standard), 5,5 mm (Mini)<\/li>\n<li>Maximale Innentemperatur: 212\u00b0F (100\u00b0C)<\/li>\n<li>Maximale Umgebungstemperatur: 662\u00b0F (350\u00b0C)<\/li>\n<li>Genauigkeit: \u00b10,9\u00b0F (0,5\u00b0C)<\/li>\n<li>Nach vollst\u00e4ndiger Aufladung h\u00e4lt der Akku 30 Stunden.<\/li>\n<li>Hergestellt aus Edelstahl und hitzebest\u00e4ndiger Zirkonoxidkeramik<\/li>\n<li>Vollst\u00e4ndige Aufladung in nur 10-15 Minuten: Wir empfehlen, die Sonde vor jedem Gebrauch vollst\u00e4ndig aufzuladen.<\/li>\n<\/ul>\n<p><a href=\"https:\/\/drive.google.com\/file\/d\/1j2JpR2kE5FXuSx5BRgG_fsOZpqzwyrxg\/view?usp=sharing\" target=\"_blank\" rel=\"noopener\">Die Bedienungsanleitung f\u00fcr das 4-in-1-Ladeger\u00e4t finden Sie hier.<br \/>\n<\/a><\/p>","protected":false},"featured_media":29201,"comment_status":"open","ping_status":"closed","template":"","meta":{"_acf_changed":false},"product_brand":[],"product_cat":[15,1423],"product_tag":[1411],"class_list":{"0":"post-18770","1":"product","2":"type-product","3":"status-publish","4":"has-post-thumbnail","6":"product_cat-meat-thermometer","7":"product_cat-protemp-s1","8":"product_tag-auto-grill-bundle-without-adapter","9":"product_shipping_class-s1-breezo-base-charger","11":"first","12":"instock","13":"taxable","14":"shipping-taxable","15":"purchasable","16":"product-type-variable","17":"has-default-attributes"},"acf":[],"_links":{"self":[{"href":"https:\/\/www.chefstemp.com\/de\/wp-json\/wp\/v2\/product\/18770","targetHints":{"allow":["GET"]}}],"collection":[{"href":"https:\/\/www.chefstemp.com\/de\/wp-json\/wp\/v2\/product"}],"about":[{"href":"https:\/\/www.chefstemp.com\/de\/wp-json\/wp\/v2\/types\/product"}],"replies":[{"embeddable":true,"href":"https:\/\/www.chefstemp.com\/de\/wp-json\/wp\/v2\/comments?post=18770"}],"wp:featuredmedia":[{"embeddable":true,"href":"https:\/\/www.chefstemp.com\/de\/wp-json\/wp\/v2\/media\/29201"}],"wp:attachment":[{"href":"https:\/\/www.chefstemp.com\/de\/wp-json\/wp\/v2\/media?parent=18770"}],"wp:term":[{"taxonomy":"product_brand","embeddable":true,"href":"https:\/\/www.chefstemp.com\/de\/wp-json\/wp\/v2\/product_brand?post=18770"},{"taxonomy":"product_cat","embeddable":true,"href":"https:\/\/www.chefstemp.com\/de\/wp-json\/wp\/v2\/product_cat?post=18770"},{"taxonomy":"product_tag","embeddable":true,"href":"https:\/\/www.chefstemp.com\/de\/wp-json\/wp\/v2\/product_tag?post=18770"}],"curies":[{"name":"wp","href":"https:\/\/api.w.org\/{rel}","templated":true}]}}