{"id":33977,"date":"2025-05-28T13:57:43","date_gmt":"2025-05-28T05:57:43","guid":{"rendered":"https:\/\/www.chefstemp.com\/?post_type=product&#038;p=33977"},"modified":"2026-05-16T06:11:21","modified_gmt":"2026-05-15T22:11:21","slug":"chefstemp-o-ring-8-pieces-4-colors-and-probe-number-clips-for-protemp-plus-probe","status":"publish","type":"product","link":"https:\/\/www.chefstemp.com\/de\/produkt\/chefstemp-o-ring-set-8-stuck-4-farben-und-sonden-nummernclips-fur-protemp-plus-sonde\/","title":{"rendered":"ChefsTemp O-Ring-Set (8 St\u00fcck, 4 Farben) und Sonden-Nummernclips f\u00fcr Original ProTemp Plus Sonde"},"content":{"rendered":"<p>ChefsTemp O-Ring-Set: R\u00fcsten Sie Ihre ProTemp Plus Sonde mit unserem 8-teiligen O-Ring-Set in 4 Farben auf. Die farbigen O-Ringe sind optimal auf ProTemp Plus Sonden abgestimmt und verleihen Ihrem Ger\u00e4t nicht nur ein neues Aussehen, sondern erleichtern auch die Unterscheidung der verschiedenen Sondenkan\u00e4le f\u00fcr \u00fcbersichtliches Kochen.<\/p>\n<p>Sondennummernclips: Sie k\u00f6nnen diese Metallst\u00fccke mit Nummern an der Sonde anbringen, um den Kanal, in dem sich die Sonde befindet, leicht zu unterscheiden. Die Nummern reichen von 1 bis 3.<\/p>\n<p>Hinweis: Dieses Produkt enth\u00e4lt einen Satz O-Ringe (8 St\u00fcck) und einen Satz Sonden-Nummernclips (3 St\u00fcck).<\/p>\n<p><strong>Der Durchmesser der Sondennummernklemmen betr\u00e4gt 6,2 mm; sie k\u00f6nnen nicht f\u00fcr ProTemp 2 Plus Sonden verwendet werden.<\/strong><\/p>\n<p><strong>Achtung: F\u00fcr die Lieferung dieses Produkts an eine US-Adresse fallen Versandkosten an.<\/strong><\/p>","protected":false},"excerpt":{"rendered":"<div id=\"featurebullets_feature_div\" class=\"celwidget\" data-feature-name=\"featurebullets\" data-csa-c-id=\"7ku6to-s3knjg-wptdsn-kulz1y\" data-cel-widget=\"featurebullets_feature_div\">\n<div id=\"feature-bullets\" class=\"a-section a-spacing-medium a-spacing-top-small\">\n<ul class=\"a-unordered-list a-vertical a-spacing-mini\">\n<li><span class=\"a-list-item\">Enth\u00e4lt 8 Ersatz-O-Ringe und 3 Sondennummernclips.<\/span><\/li>\n<li><span class=\"a-list-item\">Kompatibel mit ChefsTemp ProTemp Plus Sonden.<\/span><\/li>\n<li><span class=\"a-list-item\">Zur Unterscheidung der Sonden verschiedener Kan\u00e4le k\u00f6nnen O-Ringe in 4 Farben und 3 mit 1, 2, 3 nummerierte Klemmen verwendet werden.<\/span><\/li>\n<\/ul>\n<\/div>\n<\/div>","protected":false},"featured_media":33978,"comment_status":"open","ping_status":"closed","template":"","meta":{"_acf_changed":false},"product_brand":[],"product_cat":[15,1426],"product_tag":[],"class_list":{"0":"post-33977","1":"product","2":"type-product","3":"status-publish","4":"has-post-thumbnail","6":"product_cat-meat-thermometer","7":"product_cat-accessories","8":"product_shipping_class-refrigerator-stickers-rubber-rings","10":"first","11":"instock","12":"taxable","13":"shipping-taxable","14":"purchasable","15":"product-type-simple"},"acf":[],"_links":{"self":[{"href":"https:\/\/www.chefstemp.com\/de\/wp-json\/wp\/v2\/product\/33977","targetHints":{"allow":["GET"]}}],"collection":[{"href":"https:\/\/www.chefstemp.com\/de\/wp-json\/wp\/v2\/product"}],"about":[{"href":"https:\/\/www.chefstemp.com\/de\/wp-json\/wp\/v2\/types\/product"}],"replies":[{"embeddable":true,"href":"https:\/\/www.chefstemp.com\/de\/wp-json\/wp\/v2\/comments?post=33977"}],"wp:featuredmedia":[{"embeddable":true,"href":"https:\/\/www.chefstemp.com\/de\/wp-json\/wp\/v2\/media\/33978"}],"wp:attachment":[{"href":"https:\/\/www.chefstemp.com\/de\/wp-json\/wp\/v2\/media?parent=33977"}],"wp:term":[{"taxonomy":"product_brand","embeddable":true,"href":"https:\/\/www.chefstemp.com\/de\/wp-json\/wp\/v2\/product_brand?post=33977"},{"taxonomy":"product_cat","embeddable":true,"href":"https:\/\/www.chefstemp.com\/de\/wp-json\/wp\/v2\/product_cat?post=33977"},{"taxonomy":"product_tag","embeddable":true,"href":"https:\/\/www.chefstemp.com\/de\/wp-json\/wp\/v2\/product_tag?post=33977"}],"curies":[{"name":"wp","href":"https:\/\/api.w.org\/{rel}","templated":true}]}}