{"id":42173,"date":"2025-09-10T16:53:07","date_gmt":"2025-09-10T08:53:07","guid":{"rendered":"https:\/\/www.chefstemp.com\/?post_type=product&#038;p=42173"},"modified":"2026-04-05T03:13:55","modified_gmt":"2026-04-04T19:13:55","slug":"chefstemp-o-ring-8-pieces-4-colors-and-probe-number-clips-set-for-protemp-2-plus-needle-probe","status":"publish","type":"product","link":"https:\/\/www.chefstemp.com\/de\/produkt\/chefstemp-o-ring-set-8-stuck-4-farben-und-sonden-nummernclips-fur-protemp-2-plus-nadelsonde\/","title":{"rendered":"ChefsTemp O-Ring-Set (8 St\u00fcck, 4 Farben) und Sonden-Nummernclips f\u00fcr ProTemp 2 Plus Nadelsonde"},"content":{"rendered":"<p dir=\"auto\"><strong>ChefsTemp O-Ring- und Sonden-Nummernclip-Set<\/strong> Frischen Sie Ihren ProTemp 2 Plus auf und organisieren Sie ihn wie nie zuvor!<\/p>\n<p dir=\"auto\">Dieses komplette Upgrade-Kit beinhaltet:<\/p>\n<ul dir=\"auto\">\n<li><strong>8-teiliges Premium-O-Ring-Set<\/strong> (4 leuchtende Farben \u00d7 je 2 St\u00fcck): Frischen Sie im Handumdrehen die Dichtungen Ihrer Messf\u00fchler auf und setzen Sie gleichzeitig farbliche Akzente \u2192 Die Farbkennzeichnung hilft Ihnen, die verschiedenen Messf\u00fchlerkan\u00e4le bei komplexen Kochvorg\u00e4ngen schnell zu identifizieren.<\/li>\n<li><strong>4-teilige nummerierte Metall-Sondenklemmen<\/strong> (Nummern 1\u20134): L\u00e4sst sich einfach an Sonden befestigen, um deutlich zu kennzeichnen, zu welchem Kanal jede Sonde geh\u00f6rt \u2192 Perfekt f\u00fcr Mehrzonen-Grillen, R\u00e4uchern oder Ofenbraten.<\/li>\n<\/ul>\n<p dir=\"auto\"><strong>Wichtiger Hinweis zur Kompatibilit\u00e4t:<\/strong> Die Sondennummernklemmen haben einen Innendurchmesser von 4 mm und sind ausschlie\u00dflich f\u00fcr folgende Zwecke konzipiert: <strong>ProTemp 2 Plus<\/strong> Nadeln. Sie sind <strong>nicht kompatibel<\/strong> mit den originalen ProTemp Plus-Sonden.<\/p>\n<p dir=\"auto\">Verbessern Sie noch heute Ihr System \u2013 bessere Organisation, klarere Kennzeichnung und ein frischer neuer Look in einem praktischen Set!<\/p>\n<p dir=\"auto\"><strong>Achtung: F\u00fcr die Lieferung dieses Produkts an eine US-Adresse fallen Versandkosten an.<\/strong><\/p>","protected":false},"excerpt":{"rendered":"<div id=\"featurebullets_feature_div\" class=\"celwidget\" data-feature-name=\"featurebullets\" data-csa-c-id=\"7ku6to-s3knjg-wptdsn-kulz1y\" data-cel-widget=\"featurebullets_feature_div\">\n<div id=\"feature-bullets\" class=\"a-section a-spacing-medium a-spacing-top-small\">\n<ul class=\"a-unordered-list a-vertical a-spacing-mini\">\n<li><span class=\"a-list-item\">Enth\u00e4lt 8 Ersatz-O-Ringe und 4 Sonden-Nummernclips.<\/span><\/li>\n<li><span class=\"a-list-item\">Kompatibel mit ChefsTemp ProTemp 2 Plus Nadelf\u00fchlern.<\/span><\/li>\n<li><span class=\"a-list-item\">Zur Unterscheidung der Sonden verschiedener Kan\u00e4le k\u00f6nnen O-Ringe in 4 Farben und 4 mit 1, 2, 3, 4 nummerierte Klemmen verwendet werden.<\/span><\/li>\n<li><strong>Der Durchmesser der Sonden-Nummernclips betr\u00e4gt 4 mm. Sie sind nicht f\u00fcr Original ProTemp Plus Sonden geeignet.<\/strong><\/li>\n<\/ul>\n<\/div>\n<\/div>","protected":false},"featured_media":48650,"comment_status":"open","ping_status":"closed","template":"","meta":{"_acf_changed":false},"product_brand":[],"product_cat":[15,1426],"product_tag":[],"class_list":{"0":"post-42173","1":"product","2":"type-product","3":"status-publish","4":"has-post-thumbnail","6":"product_cat-meat-thermometer","7":"product_cat-accessories","8":"product_shipping_class-refrigerator-stickers-rubber-rings","10":"first","11":"instock","12":"taxable","13":"shipping-taxable","14":"purchasable","15":"product-type-simple"},"acf":[],"_links":{"self":[{"href":"https:\/\/www.chefstemp.com\/de\/wp-json\/wp\/v2\/product\/42173","targetHints":{"allow":["GET"]}}],"collection":[{"href":"https:\/\/www.chefstemp.com\/de\/wp-json\/wp\/v2\/product"}],"about":[{"href":"https:\/\/www.chefstemp.com\/de\/wp-json\/wp\/v2\/types\/product"}],"replies":[{"embeddable":true,"href":"https:\/\/www.chefstemp.com\/de\/wp-json\/wp\/v2\/comments?post=42173"}],"wp:featuredmedia":[{"embeddable":true,"href":"https:\/\/www.chefstemp.com\/de\/wp-json\/wp\/v2\/media\/48650"}],"wp:attachment":[{"href":"https:\/\/www.chefstemp.com\/de\/wp-json\/wp\/v2\/media?parent=42173"}],"wp:term":[{"taxonomy":"product_brand","embeddable":true,"href":"https:\/\/www.chefstemp.com\/de\/wp-json\/wp\/v2\/product_brand?post=42173"},{"taxonomy":"product_cat","embeddable":true,"href":"https:\/\/www.chefstemp.com\/de\/wp-json\/wp\/v2\/product_cat?post=42173"},{"taxonomy":"product_tag","embeddable":true,"href":"https:\/\/www.chefstemp.com\/de\/wp-json\/wp\/v2\/product_tag?post=42173"}],"curies":[{"name":"wp","href":"https:\/\/api.w.org\/{rel}","templated":true}]}}