{"id":4263,"date":"2021-10-27T10:55:12","date_gmt":"2021-10-27T02:55:12","guid":{"rendered":"https:\/\/www.chefstemp.com\/?post_type=product&#038;p=4263"},"modified":"2025-12-09T14:27:03","modified_gmt":"2025-12-09T06:27:03","slug":"chefstemp-safe-cook-temp-magnet","status":"publish","type":"product","link":"https:\/\/www.chefstemp.com\/de\/produkt\/chefstemp-magnet-fur-sichere-kochtemperatur\/","title":{"rendered":"ChefsTemp Safe Cook Temp Magnet"},"content":{"rendered":"<ul>\n<li>Sicherer Gartemperatur-Magnet. Leicht verst\u00e4ndliche Informationen und Abbildungen erm\u00f6glichen Ihnen, Fleisch jedes Mal perfekt und sicher zu garen. Durch sorgf\u00e4ltige Temperaturkontrolle gelingt Ihnen perfekt gegartes Fleisch.<\/li>\n<li>Der Temperaturanzeigemagnet besteht aus hochwertigem Vinyl, das nicht abbl\u00e4ttert oder absplittert. Er ist robust und haftet dank seiner starken R\u00fcckseite sicher an Ihrem K\u00fchlschrank. Wasserabweisend und leicht zu reinigen, wird er Ihnen viele Jahre gute Dienste leisten. Hochwertige Verarbeitung, ansprechendes Design und optimale Funktion zeichnen ihn aus.<\/li>\n<li>Vom USDA empfohlene Mindestkerntemperaturen f\u00fcr Fleisch. Koch- und Grillanleitung f\u00fcr H\u00e4hnchen, Pute, Rindersteak, Schweinefleisch und mehr. \u00dcberwachen Sie den Garvorgang von Fleisch sicher und vermeiden Sie \u00dcbergaren. Ein ideales Geschenk f\u00fcr alle, die neu im Umgang mit Schnellkocht\u00f6pfen sind.<\/li>\n<li>Mit seinen kompakten Ma\u00dfen von 8,9 x 6,1 cm l\u00e4sst es sich bequem auf dem Grill oder K\u00fchlschrank platzieren. Die Vorderseite ist farbig bedruckt, die R\u00fcckseite unbedruckt. Ideal f\u00fcr Anf\u00e4nger und Profis \u2013 ein tolles Geschenk f\u00fcr jeden Kochbegeisterten und ein unverzichtbarer Ratgeber f\u00fcr K\u00fcche und Grill.<\/li>\n<li>Dieser K\u00fchlschrankmagnet eignet sich hervorragend zur Dekoration Ihres K\u00fchlschranks. Die quadratischen, h\u00fcbschen Magnete halten Ihre Nachrichten und Lieblingsfotos oder -bilder an jeder Metalloberfl\u00e4che fest. Die selbstklebenden \u201eSave the Date\u201c-Magnete sind perfekt, um Notizen, Bilder, Fotos, Postkarten, Speisekarten, Rezepte und Dokumente an der K\u00fchlschrankt\u00fcr zu befestigen.<\/li>\n<\/ul>","protected":false},"excerpt":{"rendered":"<h3 class=\"fusion-responsive-typography-calculated\" data-fontsize=\"36\" data-lineheight=\"46.8px\"><strong>STEAK<\/strong><\/h3>\n<p>Steaks, Koteletts und Braten sollten auf 145 Grad Fahrenheit gegart werden \u2013 klassisch medium.<\/p>\n<p><strong>Temperatur\u00a0<\/strong><\/p>\n<ul>\n<li>Medium Rare \u2013 130 \u2013 135 (Pink)<\/li>\n<li>Mittel 135 \u2013 145 (teilweise rosa)<\/li>\n<li>Medium Plus \u2013 150 (Ein Hauch von Rosa)<\/li>\n<li>Brunnen 145 \u2013 155 (Silber oder Hellrosa)<\/li>\n<li>Gut gemacht 155 \u2013 165 (\u00dcberwiegend braun)<\/li>\n<\/ul>\n<h3 class=\"fusion-responsive-typography-calculated\" data-fontsize=\"36\" data-lineheight=\"46.8px\"><strong>GEFL\u00dcGEL<\/strong><\/h3>\n<p>H\u00e4hnchen und Pute sollten auf 165 Grad Fahrenheit gegart werden.<\/p>\n<h3 class=\"fusion-responsive-typography-calculated\" data-fontsize=\"36\" data-lineheight=\"46.8px\"><strong>MEERESFR\u00dcCHTE<\/strong><\/h3>\n<p>Fisch und Meeresfr\u00fcchte sollten auf 145 Grad Fahrenheit erhitzt werden.<\/p>\n<h3 class=\"fusion-responsive-typography-calculated\" data-fontsize=\"36\" data-lineheight=\"46.8px\"><strong>SCHWEINEFLEISCH<\/strong><\/h3>\n<p>Die USDA-Sicherheitstemperatur betr\u00e4gt 145\u2109.<br \/>\nSchweinerippchen - BBQ: 190-205\u2109<br \/>\nSchweineschulter-BBQ: 190-205\u2109<\/p>","protected":false},"featured_media":4264,"comment_status":"open","ping_status":"closed","template":"","meta":{"_acf_changed":false},"product_brand":[],"product_cat":[15],"product_tag":[],"class_list":{"0":"post-4263","1":"product","2":"type-product","3":"status-publish","4":"has-post-thumbnail","6":"product_cat-meat-thermometer","7":"product_shipping_class-refrigerator-stickers-rubber-rings","9":"first","10":"outofstock","11":"taxable","12":"shipping-taxable","13":"purchasable","14":"product-type-simple"},"acf":[],"_links":{"self":[{"href":"https:\/\/www.chefstemp.com\/de\/wp-json\/wp\/v2\/product\/4263","targetHints":{"allow":["GET"]}}],"collection":[{"href":"https:\/\/www.chefstemp.com\/de\/wp-json\/wp\/v2\/product"}],"about":[{"href":"https:\/\/www.chefstemp.com\/de\/wp-json\/wp\/v2\/types\/product"}],"replies":[{"embeddable":true,"href":"https:\/\/www.chefstemp.com\/de\/wp-json\/wp\/v2\/comments?post=4263"}],"wp:featuredmedia":[{"embeddable":true,"href":"https:\/\/www.chefstemp.com\/de\/wp-json\/wp\/v2\/media\/4264"}],"wp:attachment":[{"href":"https:\/\/www.chefstemp.com\/de\/wp-json\/wp\/v2\/media?parent=4263"}],"wp:term":[{"taxonomy":"product_brand","embeddable":true,"href":"https:\/\/www.chefstemp.com\/de\/wp-json\/wp\/v2\/product_brand?post=4263"},{"taxonomy":"product_cat","embeddable":true,"href":"https:\/\/www.chefstemp.com\/de\/wp-json\/wp\/v2\/product_cat?post=4263"},{"taxonomy":"product_tag","embeddable":true,"href":"https:\/\/www.chefstemp.com\/de\/wp-json\/wp\/v2\/product_tag?post=4263"}],"curies":[{"name":"wp","href":"https:\/\/api.w.org\/{rel}","templated":true}]}}