{"id":46239,"date":"2025-10-24T16:31:12","date_gmt":"2025-10-24T08:31:12","guid":{"rendered":"https:\/\/www.chefstemp.com\/?post_type=product&#038;p=46239"},"modified":"2026-05-16T08:27:36","modified_gmt":"2026-05-16T00:27:36","slug":"2nd-gen-probe-s1","status":"publish","type":"product","link":"https:\/\/www.chefstemp.com\/de\/produkt\/sonde-der-2-generation-s1\/","title":{"rendered":"Sonde der 2. Generation &amp; 4-in-1-Ladeger\u00e4t-Kombination \u2013 Ersatzzubeh\u00f6r f\u00fcr ProTemp S1 oder ProTemp 2 Plus (ProTemp S1\/2 Plus erforderlich \u2013 Kann nicht eigenst\u00e4ndig verwendet werden!)"},"content":{"rendered":"","protected":false},"excerpt":{"rendered":"<div class=\"panel-heading\">\n<p>Sondenspezifikation:<\/p>\n<\/div>\n<ul>\n<li>Sondengr\u00f6\u00dfe: 4,92 \u00d7 1,10 \u00d7 0,17 Zoll (125 \u00d7 28 \u00d7 4,55 mm)<\/li>\n<li>Durchmesser: 0,17 Zoll (4,55 mm)<\/li>\n<li>Genauigkeit: \u00b10,9\u00b0F (\u00b10,5\u00b0C)<\/li>\n<li>Temperaturmessbereich der Sonde: 0 \u00b0C \u2013 105 \u00b0C (32 \u00b0F \u2013 220 \u00b0F) H\u00e4lt Temperaturen bis zu 105 \u00b0C (221 \u00b0F) stand<\/li>\n<li>Umgebungstemperaturbereich: 50 \u00b0C \u2013 530 \u00b0C (122 \u00b0F \u2013 1000 \u00b0F) H\u00e4lt Temperaturen bis zu 530 \u00b0C (1000 \u00b0F) stand<\/li>\n<li>Wasserdichtigkeitsgrad der Sonde: IP68<\/li>\n<li>Material: Edelstahl der G\u00fcteklasse 316<\/li>\n<li>Akkulaufzeit der Sonde: Bis zu 30 Stunden<\/li>\n<li>Kann mit ProTemp S1 und ProTemp 2 Plus verbunden werden und kann auch \u00fcber das ChefsTemp 4-in-1 Ladeger\u00e4t aufgeladen werden.<\/li>\n<li>Vollst\u00e4ndige Aufladung in nur 10-15 Minuten: Wir empfehlen, die Sonde vor jedem Gebrauch vollst\u00e4ndig aufzuladen.<\/li>\n<li><strong>Wichtig:<\/strong> <strong>Dieses Produkt ist ein Zubeh\u00f6rteil. Bitte vergewissern Sie sich vor dem Kauf, dass Sie bereits einen ProTemp S1 oder ProTemp 2 Plus besitzen.<\/strong> Die Verwendung f\u00fcr Original ProTemp Plus wird nicht empfohlen, da es m\u00f6glicherweise nicht kompatibel ist.<\/li>\n<\/ul>\n<p><a href=\"https:\/\/drive.google.com\/file\/d\/1j2JpR2kE5FXuSx5BRgG_fsOZpqzwyrxg\/view?usp=sharing\" target=\"_blank\" rel=\"noopener\">Die Bedienungsanleitung f\u00fcr das 4-in-1-Ladeger\u00e4t finden Sie hier.<br \/>\n<\/a><\/p>","protected":false},"featured_media":45903,"comment_status":"open","ping_status":"closed","template":"","meta":{"_acf_changed":false},"product_brand":[],"product_cat":[15,1473,1424,1423,1472],"product_tag":[1411],"class_list":{"0":"post-46239","1":"product","2":"type-product","3":"status-publish","4":"has-post-thumbnail","6":"product_cat-meat-thermometer","7":"product_cat-grill-temperature-controller","8":"product_cat-leave-in-meat-thermometer","9":"product_cat-protemp-s1","10":"product_cat-wifi-wireless-meat-thermometer","11":"product_tag-auto-grill-bundle-without-adapter","12":"product_shipping_class-s1-breezo-base-charger","14":"first","15":"instock","16":"featured","17":"taxable","18":"shipping-taxable","19":"purchasable","20":"product-type-variable","21":"has-default-attributes"},"acf":[],"_links":{"self":[{"href":"https:\/\/www.chefstemp.com\/de\/wp-json\/wp\/v2\/product\/46239","targetHints":{"allow":["GET"]}}],"collection":[{"href":"https:\/\/www.chefstemp.com\/de\/wp-json\/wp\/v2\/product"}],"about":[{"href":"https:\/\/www.chefstemp.com\/de\/wp-json\/wp\/v2\/types\/product"}],"replies":[{"embeddable":true,"href":"https:\/\/www.chefstemp.com\/de\/wp-json\/wp\/v2\/comments?post=46239"}],"wp:featuredmedia":[{"embeddable":true,"href":"https:\/\/www.chefstemp.com\/de\/wp-json\/wp\/v2\/media\/45903"}],"wp:attachment":[{"href":"https:\/\/www.chefstemp.com\/de\/wp-json\/wp\/v2\/media?parent=46239"}],"wp:term":[{"taxonomy":"product_brand","embeddable":true,"href":"https:\/\/www.chefstemp.com\/de\/wp-json\/wp\/v2\/product_brand?post=46239"},{"taxonomy":"product_cat","embeddable":true,"href":"https:\/\/www.chefstemp.com\/de\/wp-json\/wp\/v2\/product_cat?post=46239"},{"taxonomy":"product_tag","embeddable":true,"href":"https:\/\/www.chefstemp.com\/de\/wp-json\/wp\/v2\/product_tag?post=46239"}],"curies":[{"name":"wp","href":"https:\/\/api.w.org\/{rel}","templated":true}]}}