{"id":47921,"date":"2025-11-06T09:18:49","date_gmt":"2025-11-06T01:18:49","guid":{"rendered":"https:\/\/www.chefstemp.com\/?post_type=product&#038;p=47921"},"modified":"2026-04-04T01:59:07","modified_gmt":"2026-04-03T17:59:07","slug":"waterproof-cover-s1","status":"publish","type":"product","link":"https:\/\/www.chefstemp.com\/de\/produkt\/wasserdichte-abdeckung-s1\/","title":{"rendered":"Wasserdichte Silikon-Schutzh\u00fclle und dekorative H\u00fclle im Set f\u00fcr ProTemp S1"},"content":{"rendered":"<div class=\"fusion-fullwidth fullwidth-box fusion-builder-row-1 fusion-flex-container has-pattern-background has-mask-background nonhundred-percent-fullwidth non-hundred-percent-height-scrolling\" style=\"--awb-border-radius-top-left:0px;--awb-border-radius-top-right:0px;--awb-border-radius-bottom-right:0px;--awb-border-radius-bottom-left:0px;--awb-flex-wrap:wrap;\" ><div class=\"fusion-builder-row fusion-row fusion-flex-align-items-flex-start fusion-flex-content-wrap\" style=\"max-width:1331.2px;margin-left: calc(-4% \/ 2 );margin-right: calc(-4% \/ 2 );\"><div class=\"fusion-layout-column fusion_builder_column fusion-builder-column-0 fusion_builder_column_1_1 1_1 fusion-flex-column\" style=\"--awb-bg-size:cover;--awb-width-large:100%;--awb-margin-top-large:0px;--awb-spacing-right-large:1.92%;--awb-margin-bottom-large:20px;--awb-spacing-left-large:1.92%;--awb-width-medium:100%;--awb-order-medium:0;--awb-spacing-right-medium:1.92%;--awb-spacing-left-medium:1.92%;--awb-width-small:100%;--awb-order-small:0;--awb-spacing-right-small:1.92%;--awb-spacing-left-small:1.92%;\"><div class=\"fusion-column-wrapper fusion-column-has-shadow fusion-flex-justify-content-flex-start fusion-content-layout-column\"><div class=\"fusion-title title fusion-title-1 fusion-sep-none fusion-title-text fusion-title-size-one\"><h1 class=\"fusion-title-heading title-heading-left fusion-responsive-typography-calculated\" style=\"margin:0;--fontSize:44;line-height:1.3;\">Produktspezifikationen<\/h1><\/div>\n<div class=\"table-1\">\n<h3>Produktspezifikationen<\/h3>\n<table>\n<thead>\n<tr>\n<th>Besonderheit<\/th>\n<th>Details<\/th>\n<\/tr>\n<\/thead>\n<tbody>\n<tr>\n<td><strong>Kompatibilit\u00e4t<\/strong><\/td>\n<td>ProTemp S1 Haupteinheit und Basis<\/td>\n<\/tr>\n<tr>\n<td><strong>Material<\/strong><\/td>\n<td>Flexibles Silikon (Abdeckung); ABS-Kunststoff (Geh\u00e4use)<\/td>\n<\/tr>\n<tr>\n<td><strong>Schutz<\/strong><\/td>\n<td>Wasserdicht (IPX6-versiegelt); regen- und schneebest\u00e4ndig<\/td>\n<\/tr>\n<tr>\n<td><strong>Hauptmerkmale<\/strong><\/td>\n<td>Versiegelter Ladeanschluss; einfache Montage; dekorative Sockelveredelung<\/td>\n<\/tr>\n<tr>\n<td><strong>Abmessungen<\/strong><\/td>\n<td>Deckel: ca. 9 x 9 x 2 cm; H\u00fclle: ca. 10 x 10 x 3 cm<\/td>\n<\/tr>\n<tr>\n<td><strong>Gewicht<\/strong><\/td>\n<td>Gesamtgewicht: 4,3 oz (122 g)<\/td>\n<\/tr>\n<tr>\n<td><strong>Farbe<\/strong><\/td>\n<td>Orange (Standard)<\/td>\n<\/tr>\n<tr>\n<td><strong>Pflege<\/strong><\/td>\n<td>Mit milder Seife und Wasser abwischen; nicht eintauchen.<\/td>\n<\/tr>\n<tr>\n<td><strong>Garantie<\/strong><\/td>\n<td>1 Jahr beschr\u00e4nkt<\/td>\n<\/tr>\n<\/tbody>\n<\/table>\n<p class=\"note\"><em>Hinweis: Um die Lebensdauer zu verl\u00e4ngern, sollte ProTemp S1 bei Nichtgebrauch in Innenr\u00e4umen aufbewahrt werden.<\/em><\/p>\n<\/div>\n<\/div><\/div><\/div><\/div>","protected":false},"excerpt":{"rendered":"<p>Snug-fitting silicone case for ProTemp S1, protects ProTemp S1 from water damage and enables safe use in the rain.<br \/>\nDie Kunststoff-Schutzh\u00fclle der S1-Basis sch\u00fctzt die S1-Basis vor Alterung durch l\u00e4ngere Sonneneinstrahlung.<br \/>\nWir empfehlen Ihnen, die ProTemp S1 Haupteinheit zu entfernen und die Basis mit der Kunststoffh\u00fclle zu sch\u00fctzen, wenn Sie S1 nicht verwenden.<\/p>","protected":false},"featured_media":47944,"comment_status":"open","ping_status":"closed","template":"","meta":{"_acf_changed":false},"product_brand":[],"product_cat":[15,1426,1423],"product_tag":[1411],"class_list":{"0":"post-47921","1":"product","2":"type-product","3":"status-publish","4":"has-post-thumbnail","6":"product_cat-meat-thermometer","7":"product_cat-accessories","8":"product_cat-protemp-s1","9":"product_tag-auto-grill-bundle-without-adapter","10":"product_shipping_class-case","12":"first","13":"instock","14":"taxable","15":"shipping-taxable","16":"purchasable","17":"product-type-simple"},"acf":[],"_links":{"self":[{"href":"https:\/\/www.chefstemp.com\/de\/wp-json\/wp\/v2\/product\/47921","targetHints":{"allow":["GET"]}}],"collection":[{"href":"https:\/\/www.chefstemp.com\/de\/wp-json\/wp\/v2\/product"}],"about":[{"href":"https:\/\/www.chefstemp.com\/de\/wp-json\/wp\/v2\/types\/product"}],"replies":[{"embeddable":true,"href":"https:\/\/www.chefstemp.com\/de\/wp-json\/wp\/v2\/comments?post=47921"}],"wp:featuredmedia":[{"embeddable":true,"href":"https:\/\/www.chefstemp.com\/de\/wp-json\/wp\/v2\/media\/47944"}],"wp:attachment":[{"href":"https:\/\/www.chefstemp.com\/de\/wp-json\/wp\/v2\/media?parent=47921"}],"wp:term":[{"taxonomy":"product_brand","embeddable":true,"href":"https:\/\/www.chefstemp.com\/de\/wp-json\/wp\/v2\/product_brand?post=47921"},{"taxonomy":"product_cat","embeddable":true,"href":"https:\/\/www.chefstemp.com\/de\/wp-json\/wp\/v2\/product_cat?post=47921"},{"taxonomy":"product_tag","embeddable":true,"href":"https:\/\/www.chefstemp.com\/de\/wp-json\/wp\/v2\/product_tag?post=47921"}],"curies":[{"name":"wp","href":"https:\/\/api.w.org\/{rel}","templated":true}]}}