{"id":51776,"date":"2025-11-28T15:48:59","date_gmt":"2025-11-28T07:48:59","guid":{"rendered":"https:\/\/www.chefstemp.com\/?post_type=product&#038;p=51776"},"modified":"2026-03-21T02:58:23","modified_gmt":"2026-03-20T18:58:23","slug":"decorative-case-2pcs-for-protemp-s1","status":"publish","type":"product","link":"https:\/\/www.chefstemp.com\/de\/produkt\/dekoratives-gehause-2-stuck-fur-protemp-s1\/","title":{"rendered":"Dekoratives Geh\u00e4use (2 St\u00fcck) f\u00fcr ProTemp S1 Basis"},"content":{"rendered":"<div class=\"fusion-fullwidth fullwidth-box fusion-builder-row-1 fusion-flex-container has-pattern-background has-mask-background nonhundred-percent-fullwidth non-hundred-percent-height-scrolling\" style=\"--awb-border-radius-top-left:0px;--awb-border-radius-top-right:0px;--awb-border-radius-bottom-right:0px;--awb-border-radius-bottom-left:0px;--awb-flex-wrap:wrap;\" ><div class=\"fusion-builder-row fusion-row fusion-flex-align-items-flex-start fusion-flex-content-wrap\" style=\"max-width:1331.2px;margin-left: calc(-4% \/ 2 );margin-right: calc(-4% \/ 2 );\"><div class=\"fusion-layout-column fusion_builder_column fusion-builder-column-0 fusion_builder_column_1_1 1_1 fusion-flex-column\" style=\"--awb-bg-size:cover;--awb-width-large:100%;--awb-margin-top-large:0px;--awb-spacing-right-large:1.92%;--awb-margin-bottom-large:20px;--awb-spacing-left-large:1.92%;--awb-width-medium:100%;--awb-order-medium:0;--awb-spacing-right-medium:1.92%;--awb-spacing-left-medium:1.92%;--awb-width-small:100%;--awb-order-small:0;--awb-spacing-right-small:1.92%;--awb-spacing-left-small:1.92%;\"><div class=\"fusion-column-wrapper fusion-column-has-shadow fusion-flex-justify-content-flex-start fusion-content-layout-column\"><div class=\"fusion-title title fusion-title-1 fusion-sep-none fusion-title-text fusion-title-size-one\"><h1 class=\"fusion-title-heading title-heading-left fusion-responsive-typography-calculated\" style=\"margin:0;--fontSize:44;line-height:1.3;\">Produktspezifikationen<\/h1><\/div>\n<div class=\"table-1\">\n<h3>Produktspezifikationen<\/h3>\n<table>\n<thead>\n<tr>\n<th>Besonderheit<\/th>\n<th>Details<\/th>\n<\/tr>\n<\/thead>\n<tbody>\n<tr>\n<td><strong>Kompatibilit\u00e4t<\/strong><\/td>\n<td>ProTemp S1 Basis<\/td>\n<\/tr>\n<tr>\n<td><strong>Material<\/strong><\/td>\n<td>ABS-Kunststoff (Geh\u00e4use)<\/td>\n<\/tr>\n<tr>\n<td><strong>Schutz<\/strong><\/td>\n<td>Wasserdicht (IPX6-versiegelt); regen- und schneebest\u00e4ndig<\/td>\n<\/tr>\n<tr>\n<td><strong>Hauptmerkmale<\/strong><\/td>\n<td>einfache Montage; dekorative Sockelversch\u00f6nerung<\/td>\n<\/tr>\n<tr>\n<td><strong>Abmessungen<\/strong><\/td>\n<td>Geh\u00e4use: ca. 10 x 10 x 3 cm (3,94\u2033 x 3,94\u2033 x 1,18\u2033)<\/td>\n<\/tr>\n<tr>\n<td><strong>Gewicht<\/strong><\/td>\n<td>Gesamtgewicht: 4,3 oz (122 g)<\/td>\n<\/tr>\n<tr>\n<td><strong>Farbe<\/strong><\/td>\n<td>Orange (Standard)<\/td>\n<\/tr>\n<tr>\n<td><strong>Pflege<\/strong><\/td>\n<td>Mit milder Seife und Wasser abwischen; nicht eintauchen.<\/td>\n<\/tr>\n<tr>\n<td><strong>Garantie<\/strong><\/td>\n<td>1 Jahr beschr\u00e4nkt<\/td>\n<\/tr>\n<\/tbody>\n<\/table>\n<p class=\"note\"><em>Hinweis: Um die Lebensdauer zu verl\u00e4ngern, sollte ProTemp S1 bei Nichtgebrauch in Innenr\u00e4umen aufbewahrt werden.<\/em><\/p>\n<\/div>\n<\/div><\/div><\/div><\/div>","protected":false},"excerpt":{"rendered":"<ul>\n<li style=\"list-style-type: none;\">\n<ul>\n<li>Die Kunststoff-Schutzh\u00fclle der S1-Basis sch\u00fctzt die S1-Basis vor Alterung durch l\u00e4ngere Sonneneinstrahlung.<\/li>\n<li>Wir empfehlen Ihnen, die ProTemp S1 Haupteinheit zu entfernen und die Basis mit der Kunststoffh\u00fclle zu sch\u00fctzen, wenn Sie S1 nicht verwenden.<\/li>\n<li><strong>Achtung: Dieses Produkt enth\u00e4lt keine wasserdichte Silikonh\u00fclle!<\/strong><\/li>\n<\/ul>\n<\/li>\n<\/ul>","protected":false},"featured_media":51777,"comment_status":"open","ping_status":"closed","template":"","meta":{"_acf_changed":false},"product_brand":[],"product_cat":[15,1426],"product_tag":[1411],"class_list":{"0":"post-51776","1":"product","2":"type-product","3":"status-publish","4":"has-post-thumbnail","6":"product_cat-meat-thermometer","7":"product_cat-accessories","8":"product_tag-auto-grill-bundle-without-adapter","9":"product_shipping_class-case","11":"first","12":"instock","13":"taxable","14":"shipping-taxable","15":"purchasable","16":"product-type-simple"},"acf":[],"_links":{"self":[{"href":"https:\/\/www.chefstemp.com\/de\/wp-json\/wp\/v2\/product\/51776","targetHints":{"allow":["GET"]}}],"collection":[{"href":"https:\/\/www.chefstemp.com\/de\/wp-json\/wp\/v2\/product"}],"about":[{"href":"https:\/\/www.chefstemp.com\/de\/wp-json\/wp\/v2\/types\/product"}],"replies":[{"embeddable":true,"href":"https:\/\/www.chefstemp.com\/de\/wp-json\/wp\/v2\/comments?post=51776"}],"wp:featuredmedia":[{"embeddable":true,"href":"https:\/\/www.chefstemp.com\/de\/wp-json\/wp\/v2\/media\/51777"}],"wp:attachment":[{"href":"https:\/\/www.chefstemp.com\/de\/wp-json\/wp\/v2\/media?parent=51776"}],"wp:term":[{"taxonomy":"product_brand","embeddable":true,"href":"https:\/\/www.chefstemp.com\/de\/wp-json\/wp\/v2\/product_brand?post=51776"},{"taxonomy":"product_cat","embeddable":true,"href":"https:\/\/www.chefstemp.com\/de\/wp-json\/wp\/v2\/product_cat?post=51776"},{"taxonomy":"product_tag","embeddable":true,"href":"https:\/\/www.chefstemp.com\/de\/wp-json\/wp\/v2\/product_tag?post=51776"}],"curies":[{"name":"wp","href":"https:\/\/api.w.org\/{rel}","templated":true}]}}