{"id":9973,"date":"2022-06-24T16:18:48","date_gmt":"2022-06-24T08:18:48","guid":{"rendered":"https:\/\/www.chefstemp.com\/?post_type=product&#038;p=9973"},"modified":"2025-12-14T07:24:56","modified_gmt":"2025-12-13T23:24:56","slug":"chefstemp-air-probe-replacement-for-quad-xpro-long-range-remote-thermometer","status":"publish","type":"product","link":"https:\/\/www.chefstemp.com\/de\/produkt\/chefstemp-luftfuhler-ersatz-fur-quad-xpro-langstrecken-fernthermometer\/","title":{"rendered":"ChefsTemp Luftsonde als Ersatz f\u00fcr Quad XPro Langstrecken-Fernthermometer"},"content":{"rendered":"<p>Verbessern Sie Ihr ChefsTemp Quad XPro Fleischthermometer mit unserer hochwertigen Ersatz-Luftsonde. Sie ist f\u00fcr Temperaturen bis zu 300 \u00b0C ausgelegt und deckt einen gro\u00dfz\u00fcgigen Temperaturbereich von -50 \u00b0C bis 300 \u00b0C ab. Verlassen Sie sich auf ihre au\u00dfergew\u00f6hnliche Genauigkeit f\u00fcr eine pr\u00e4zise Temperatur\u00fcberwachung.<\/p>","protected":false},"excerpt":{"rendered":"<ul class=\"a-unordered-list a-vertical a-spacing-mini\">\n<li><span class=\"a-list-item\">Als Ersatzluftsonde f\u00fcr das ChefsTemp Quad XPro Fleischthermometer verwenden.<\/span><\/li>\n<li><span class=\"a-list-item\">Die Sonde ist bis 300 \u00b0C (572 \u00b0F) hitzebest\u00e4ndig. Sie k\u00f6nnen in einem breiten Temperaturbereich von -50 \u00b0C (-58 \u00b0F) bis 300 \u00b0C (572 \u00b0F) mit hoher Genauigkeit kochen.<\/span><\/li>\n<li><span class=\"a-list-item\">Unsere Sonden und Kabel entsprechen dem IPX7-Standard, was bedeutet, dass sie in Wasser eingetaucht werden k\u00f6nnen.<\/span><\/li>\n<li><span class=\"a-list-item\">Das Grillthermometer verf\u00fcgt \u00fcber eine lebensmittelechte, wasserdichte Edelstahl-Luftsonde (IPX7) zur Messung der Temperatur von Grill\/Ofen\/Smoker.<\/span><\/li>\n<li><span class=\"a-list-item\">Hinweis: Der Metalldraht sollte nicht l\u00e4nger als eine halbe Stunde im Wasser bleiben. Reinigen und trocknen Sie die Sonde nach jedem Gebrauch gr\u00fcndlich mit einem feuchten Tuch.<\/span><\/li>\n<\/ul>","protected":false},"featured_media":10086,"comment_status":"open","ping_status":"closed","template":"","meta":{"_acf_changed":false},"product_brand":[],"product_cat":[15],"product_tag":[],"class_list":{"0":"post-9973","1":"product","2":"type-product","3":"status-publish","4":"has-post-thumbnail","6":"product_cat-meat-thermometer","8":"first","9":"outofstock","10":"taxable","11":"shipping-taxable","12":"purchasable","13":"product-type-simple"},"acf":[],"_links":{"self":[{"href":"https:\/\/www.chefstemp.com\/de\/wp-json\/wp\/v2\/product\/9973","targetHints":{"allow":["GET"]}}],"collection":[{"href":"https:\/\/www.chefstemp.com\/de\/wp-json\/wp\/v2\/product"}],"about":[{"href":"https:\/\/www.chefstemp.com\/de\/wp-json\/wp\/v2\/types\/product"}],"replies":[{"embeddable":true,"href":"https:\/\/www.chefstemp.com\/de\/wp-json\/wp\/v2\/comments?post=9973"}],"wp:featuredmedia":[{"embeddable":true,"href":"https:\/\/www.chefstemp.com\/de\/wp-json\/wp\/v2\/media\/10086"}],"wp:attachment":[{"href":"https:\/\/www.chefstemp.com\/de\/wp-json\/wp\/v2\/media?parent=9973"}],"wp:term":[{"taxonomy":"product_brand","embeddable":true,"href":"https:\/\/www.chefstemp.com\/de\/wp-json\/wp\/v2\/product_brand?post=9973"},{"taxonomy":"product_cat","embeddable":true,"href":"https:\/\/www.chefstemp.com\/de\/wp-json\/wp\/v2\/product_cat?post=9973"},{"taxonomy":"product_tag","embeddable":true,"href":"https:\/\/www.chefstemp.com\/de\/wp-json\/wp\/v2\/product_tag?post=9973"}],"curies":[{"name":"wp","href":"https:\/\/api.w.org\/{rel}","templated":true}]}}