{"id":9979,"date":"2022-06-24T17:35:34","date_gmt":"2022-06-24T09:35:34","guid":{"rendered":"https:\/\/www.chefstemp.com\/?post_type=product&#038;p=9979"},"modified":"2026-05-16T03:57:23","modified_gmt":"2026-05-15T19:57:23","slug":"meat-temperature-guide","status":"publish","type":"product","link":"https:\/\/www.chefstemp.com\/de\/produkt\/fleischtemperatur-leitfaden\/","title":{"rendered":"ChefsTemp Fleischtemperaturdiagramm-Magnet"},"content":{"rendered":"<p>Perfektionieren Sie Ihre Kochk\u00fcnste mit dem Temperaturleitfaden-Magneten von ChefsTemp! Einfach an jeder magnetischen Oberfl\u00e4che befestigen und schon haben Sie ihn immer griffbereit. Erhalten Sie pr\u00e4zise Empfehlungen f\u00fcr Rind, Schwein, Fisch, H\u00e4hnchen und Pute. Kochen Sie mit Vertrauen \u2013 wahlweise in Fahrenheit oder Celsius. Nie wieder \u00fcbergart oder nicht durchgegart!<\/p>","protected":false},"excerpt":{"rendered":"<ul class=\"a-unordered-list a-vertical a-spacing-mini\">\n<li><span class=\"a-list-item\">Temperaturleitfaden<\/span>Es ist leicht verst\u00e4ndlich und erm\u00f6glicht Ihnen, Fleisch jedes Mal perfekt und sicher zuzubereiten. Durch die sorgf\u00e4ltige \u00dcberwachung der Temperatur gelingt Ihnen perfekt gegartes Fleisch.<\/li>\n<li><span class=\"a-list-item\">Hochwertiger Magnet: Der 6,9\u2033 x 7,2\u2033 gro\u00dfe Magnet haftet an jeder magnetischen Oberfl\u00e4che, sei es am Grill selbst oder am K\u00fchlschrank.<\/span><\/li>\n<li><span class=\"a-list-item\">Empfohlene Temperaturen: Beachten Sie die Serviertemperatur, die angestrebte Kerntemperatur, die Mindesttemperatur nach USDA-Vorgaben und die Garempfehlungen f\u00fcr die g\u00e4ngigsten Fleischsorten! Ideal f\u00fcr Rind, Schwein, Fisch, H\u00e4hnchen und Pute.<\/span><\/li>\n<li><span class=\"a-list-item\">Leicht verst\u00e4ndlich: Umrechnung von Fahrenheit- in Celsius-Gradzahlen f\u00fcr die g\u00e4ngigsten Fleischsorten.<\/span><\/li>\n<\/ul>","protected":false},"featured_media":10131,"comment_status":"open","ping_status":"closed","template":"","meta":{"_acf_changed":false},"product_brand":[],"product_cat":[15,1426],"product_tag":[],"class_list":{"0":"post-9979","1":"product","2":"type-product","3":"status-publish","4":"has-post-thumbnail","6":"product_cat-meat-thermometer","7":"product_cat-accessories","8":"product_shipping_class-refrigerator-stickers-rubber-rings","10":"first","11":"instock","12":"taxable","13":"shipping-taxable","14":"purchasable","15":"product-type-simple"},"acf":[],"_links":{"self":[{"href":"https:\/\/www.chefstemp.com\/de\/wp-json\/wp\/v2\/product\/9979","targetHints":{"allow":["GET"]}}],"collection":[{"href":"https:\/\/www.chefstemp.com\/de\/wp-json\/wp\/v2\/product"}],"about":[{"href":"https:\/\/www.chefstemp.com\/de\/wp-json\/wp\/v2\/types\/product"}],"replies":[{"embeddable":true,"href":"https:\/\/www.chefstemp.com\/de\/wp-json\/wp\/v2\/comments?post=9979"}],"wp:featuredmedia":[{"embeddable":true,"href":"https:\/\/www.chefstemp.com\/de\/wp-json\/wp\/v2\/media\/10131"}],"wp:attachment":[{"href":"https:\/\/www.chefstemp.com\/de\/wp-json\/wp\/v2\/media?parent=9979"}],"wp:term":[{"taxonomy":"product_brand","embeddable":true,"href":"https:\/\/www.chefstemp.com\/de\/wp-json\/wp\/v2\/product_brand?post=9979"},{"taxonomy":"product_cat","embeddable":true,"href":"https:\/\/www.chefstemp.com\/de\/wp-json\/wp\/v2\/product_cat?post=9979"},{"taxonomy":"product_tag","embeddable":true,"href":"https:\/\/www.chefstemp.com\/de\/wp-json\/wp\/v2\/product_tag?post=9979"}],"curies":[{"name":"wp","href":"https:\/\/api.w.org\/{rel}","templated":true}]}}