{"id":1085,"date":"2021-02-24T07:52:37","date_gmt":"2021-02-24T07:52:37","guid":{"rendered":"https:\/\/www.chefstemp.com\/?page_id=1085"},"modified":"2023-12-12T18:02:52","modified_gmt":"2023-12-12T10:02:52","slug":"terms-conditions","status":"publish","type":"page","link":"https:\/\/www.chefstemp.com\/es\/terminos-y-condiciones\/","title":{"rendered":"T\u00e9rminos y condiciones"},"content":{"rendered":"<div class=\"fusion-fullwidth fullwidth-box fusion-builder-row-1 fusion-flex-container nonhundred-percent-fullwidth non-hundred-percent-height-scrolling\" style=\"--awb-border-radius-top-left:0px;--awb-border-radius-top-right:0px;--awb-border-radius-bottom-right:0px;--awb-border-radius-bottom-left:0px;--awb-flex-wrap:wrap;\" ><div class=\"fusion-builder-row fusion-row fusion-flex-align-items-flex-start fusion-flex-content-wrap\" style=\"max-width:1331.2px;margin-left: calc(-4% \/ 2 );margin-right: calc(-4% \/ 2 );\"><div class=\"fusion-layout-column fusion_builder_column fusion-builder-column-0 fusion_builder_column_1_1 1_1 fusion-flex-column\" style=\"--awb-bg-size:cover;--awb-width-large:100%;--awb-margin-top-large:0px;--awb-spacing-right-large:1.92%;--awb-margin-bottom-large:0px;--awb-spacing-left-large:1.92%;--awb-width-medium:100%;--awb-spacing-right-medium:1.92%;--awb-spacing-left-medium:1.92%;--awb-width-small:100%;--awb-spacing-right-small:1.92%;--awb-spacing-left-small:1.92%;\"><div class=\"fusion-column-wrapper fusion-flex-justify-content-flex-start fusion-content-layout-column\"><div class=\"fusion-text fusion-text-1\"><h1 style=\"text-align: center;\"><span style=\"color: #000000;\"><strong><b>T\u00c9RMINOS Y CONDICIONES<\/b><\/strong><\/span><\/h1>\n<p>DESCRIPCI\u00d3N GENERAL<\/p>\n<p>Este sitio web\/aplicaci\u00f3n es operado por el equipo de Chefstemp. En todo el sitio web\/aplicaci\u00f3n, los t\u00e9rminos \u201cnosotros\u201d, \u201cnos\u201d y \u201cnuestro\u201d se refieren al equipo de Chefstemp. Chefstemp ofrece este sitio web\/aplicaci\u00f3n, incluyendo toda la informaci\u00f3n, herramientas y servicios disponibles en este sitio, a usted, el usuario, sujeto a la aceptaci\u00f3n de todos los t\u00e9rminos, condiciones, pol\u00edticas y avisos aqu\u00ed establecidos.<\/p>\n<p>Al visitar nuestro sitio o comprar algo, usted participa en nuestro &quot;Servicio&quot; y acepta los siguientes t\u00e9rminos y condiciones (&quot;T\u00c9RMINOS Y CONDICIONES&quot;, &quot;T\u00e9rminos&quot;), incluidos los t\u00e9rminos, condiciones y pol\u00edticas adicionales a los que se hace referencia en este documento o que se encuentran disponibles mediante hiperv\u00ednculo. Estos T\u00c9RMINOS Y CONDICIONES se aplican a todos los usuarios del sitio, incluyendo, entre otros, a los usuarios que navegan, venden, compran, venden o contribuyen al contenido.<\/p>\n<p>Lea atentamente estos T\u00c9RMINOS Y CONDICIONES antes de acceder o utilizar nuestro sitio web\/aplicaci\u00f3n. Al acceder o utilizar cualquier parte del sitio, usted acepta estos T\u00c9RMINOS Y CONDICIONES. Si no acepta todos los t\u00e9rminos y condiciones de este acuerdo, no podr\u00e1 acceder al sitio web\/aplicaci\u00f3n ni utilizar ning\u00fan servicio. Si estos T\u00c9RMINOS Y CONDICIONES se consideran una oferta, su aceptaci\u00f3n se limita expresamente a estos T\u00c9RMINOS Y CONDICIONES.<\/p>\n<p>Cualquier nueva funci\u00f3n o herramienta que se a\u00f1ada a la tienda actual tambi\u00e9n estar\u00e1 sujeta a los T\u00c9RMINOS Y CONDICIONES. Puede consultar la versi\u00f3n m\u00e1s reciente de los T\u00c9RMINOS Y CONDICIONES en cualquier momento en esta p\u00e1gina. Nos reservamos el derecho de actualizar, modificar o sustituir cualquier parte de estos T\u00c9RMINOS Y CONDICIONES mediante la publicaci\u00f3n de actualizaciones o cambios en nuestro sitio web\/aplicaci\u00f3n. Es su responsabilidad consultar esta p\u00e1gina peri\u00f3dicamente para comprobar si hay cambios. Su uso o acceso continuo al sitio web\/aplicaci\u00f3n tras la publicaci\u00f3n de cualquier cambio constituye la aceptaci\u00f3n de dichos cambios.<\/p>\n<p>SECCI\u00d3N 1 \u2013 T\u00c9RMINOS DE LA TIENDA EN L\u00cdNEA<\/p>\n<p>Al aceptar estos T\u00c9RMINOS Y CONDICIONES, no podr\u00e1 utilizar nuestros productos para ning\u00fan prop\u00f3sito ilegal o no autorizado ni podr\u00e1, en el uso del Servicio, violar ninguna ley en su jurisdicci\u00f3n (incluidas, entre otras, las leyes de derechos de autor).<br \/>\nNo debe transmitir ning\u00fan gusano, virus ni ning\u00fan c\u00f3digo de naturaleza destructiva.<br \/>\nCualquier incumplimiento o violaci\u00f3n de cualquiera de los T\u00e9rminos resultar\u00e1 en la terminaci\u00f3n inmediata de sus Servicios.<\/p>\n<p>SECCI\u00d3N 2 \u2013 CONDICIONES GENERALES<\/p>\n<p>Nos reservamos el derecho de rechazar prestar servicio a cualquier persona, por cualquier motivo y en cualquier momento.<br \/>\nUsted comprende que su contenido (sin incluir la informaci\u00f3n de su tarjeta de cr\u00e9dito) puede transferirse sin cifrar e implicar (a) transmisiones a trav\u00e9s de diversas redes; y (b) cambios para cumplir y adaptarse a los requisitos t\u00e9cnicos de conexi\u00f3n de redes o dispositivos. La informaci\u00f3n de su tarjeta de cr\u00e9dito siempre se cifra durante la transferencia a trav\u00e9s de las redes.<br \/>\nUsted acepta no reproducir, duplicar, copiar, vender, revender o explotar ninguna parte del Servicio, uso del Servicio o acceso al Servicio o cualquier contacto en el sitio web\/aplicaci\u00f3n a trav\u00e9s del cual se brinda el servicio, sin nuestro permiso expreso por escrito.<br \/>\nLos t\u00edtulos utilizados en este acuerdo se incluyen \u00fanicamente para conveniencia y no limitar\u00e1n ni afectar\u00e1n de otro modo estos T\u00e9rminos.<\/p>\n<p>SECCI\u00d3N 3 \u2013 EXACTITUD, INTEGRIDAD Y ACTUALIDAD DE LA INFORMACI\u00d3N<\/p>\n<p>No nos responsabilizamos si la informaci\u00f3n disponible en este sitio no es precisa, completa o actual. El material de este sitio se proporciona \u00fanicamente con fines informativos generales y no debe utilizarse como \u00fanica base para tomar decisiones sin consultar fuentes de informaci\u00f3n primarias, m\u00e1s precisas, completas o actualizadas. Cualquier uso que haga del material de este sitio es bajo su propio riesgo.<br \/>\nEste sitio puede contener cierta informaci\u00f3n hist\u00f3rica. Esta informaci\u00f3n no es necesariamente actual y se proporciona \u00fanicamente como referencia. Nos reservamos el derecho de modificar el contenido de este sitio en cualquier momento, pero no tenemos la obligaci\u00f3n de actualizar la informaci\u00f3n del mismo. Usted acepta que es su responsabilidad monitorear los cambios en nuestro sitio.<\/p>\n<p>SECCI\u00d3N 4 \u2013 MODIFICACIONES AL SERVICIO Y PRECIOS<\/p>\n<p>Los precios de nuestros productos est\u00e1n sujetos a cambios sin previo aviso.<br \/>\nNos reservamos el derecho de modificar o discontinuar el Servicio (o cualquier parte o contenido del mismo) en cualquier momento sin previo aviso.<br \/>\nNo seremos responsables ante usted ni ante ning\u00fan tercero por ninguna modificaci\u00f3n, cambio de precio, suspensi\u00f3n o interrupci\u00f3n del Servicio.<\/p>\n<p>SECCI\u00d3N 5 \u2013 PRODUCTOS O SERVICIOS (si corresponde)<\/p>\n<p>Algunos productos o servicios pueden estar disponibles exclusivamente en l\u00ednea a trav\u00e9s del sitio web o la aplicaci\u00f3n. Estos productos o servicios pueden tener cantidades limitadas y estar sujetos a devoluci\u00f3n o cambio \u00fanicamente de acuerdo con nuestra Pol\u00edtica de Devoluciones.<br \/>\nNos hemos esforzado al m\u00e1ximo para mostrar con la mayor precisi\u00f3n posible los colores e im\u00e1genes de nuestros productos en la tienda. No podemos garantizar que la visualizaci\u00f3n de los colores en el monitor de su computadora sea precisa.<br \/>\nNos reservamos el derecho, pero no estamos obligados, a limitar las ventas de nuestros productos o servicios a cualquier persona, regi\u00f3n geogr\u00e1fica o jurisdicci\u00f3n. Podemos ejercer este derecho seg\u00fan cada caso. Nos reservamos el derecho a limitar la cantidad de cualquier producto o servicio que ofrecemos. Todas las descripciones y precios de los productos est\u00e1n sujetos a cambios en cualquier momento sin previo aviso, a nuestra entera discreci\u00f3n. Nos reservamos el derecho a descontinuar cualquier producto en cualquier momento. Cualquier oferta de producto o servicio realizada en este sitio web ser\u00e1 nula donde est\u00e9 prohibida.<br \/>\nNo garantizamos que la calidad de los productos, servicios, informaci\u00f3n u otro material comprado u obtenido por usted cumplir\u00e1 con sus expectativas, o que cualquier error en el Servicio ser\u00e1 corregido.<\/p>\n<p>SECCI\u00d3N 6 \u2013 EXACTITUD DE LA FACTURACI\u00d3N Y LA INFORMACI\u00d3N DE LA CUENTA<\/p>\n<p>Nos reservamos el derecho a rechazar cualquier pedido que realice. Podemos, a nuestra entera discreci\u00f3n, limitar o cancelar las cantidades compradas por persona, por hogar o por pedido. Estas restricciones pueden incluir pedidos realizados con la misma cuenta de cliente, la misma tarjeta de cr\u00e9dito o que utilicen la misma direcci\u00f3n de facturaci\u00f3n o env\u00edo. En caso de que modifiquemos o cancelemos un pedido, intentaremos notificarle contactando con usted a trav\u00e9s del correo electr\u00f3nico, la direcci\u00f3n de facturaci\u00f3n o el n\u00famero de tel\u00e9fono que proporcion\u00f3 al realizarlo. Nos reservamos el derecho a limitar o prohibir los pedidos que, a nuestro exclusivo criterio, parezcan ser realizados por distribuidores, revendedores o comerciantes.<\/p>\n<p>Acepta proporcionar informaci\u00f3n de compra y de cuenta actual, completa y precisa para todas las compras realizadas en nuestra tienda. Acepta actualizar r\u00e1pidamente su cuenta y dem\u00e1s informaci\u00f3n, incluyendo su direcci\u00f3n de correo electr\u00f3nico, n\u00fameros de tarjeta de cr\u00e9dito y fechas de vencimiento, para que podamos completar sus transacciones y contactarle cuando sea necesario.<\/p>\n<p>Para obtener m\u00e1s detalles, revise nuestra Pol\u00edtica de devoluciones.<\/p>\n<p>SECCI\u00d3N 7 \u2013 HERRAMIENTAS OPCIONALES<\/p>\n<p>Es posible que le proporcionemos acceso a herramientas de terceros a las que no supervisamos y sobre las que no tenemos control ni participaci\u00f3n.<br \/>\nUsted reconoce y acepta que proporcionamos acceso a dichas herramientas &quot;tal cual&quot; y &quot;seg\u00fan disponibilidad&quot;, sin garant\u00edas, representaciones ni condiciones de ning\u00fan tipo y sin ning\u00fan tipo de respaldo. No asumiremos ninguna responsabilidad derivada o relacionada con su uso de herramientas opcionales de terceros.<br \/>\nCualquier uso que usted haga de las herramientas opcionales ofrecidas a trav\u00e9s del sitio es completamente bajo su propio riesgo y discreci\u00f3n y debe asegurarse de estar familiarizado y aprobar los t\u00e9rminos bajo los cuales las herramientas son proporcionadas por los proveedores externos relevantes.<br \/>\nTambi\u00e9n podr\u00edamos, en el futuro, ofrecer nuevos servicios y\/o funciones a trav\u00e9s del sitio web\/aplicaci\u00f3n (incluyendo el lanzamiento de nuevas herramientas y recursos). Dichas nuevas funciones y\/o servicios tambi\u00e9n estar\u00e1n sujetos a estos T\u00c9RMINOS Y CONDICIONES.<\/p>\n<p>SECCI\u00d3N 8 \u2013 ENLACES DE TERCEROS<\/p>\n<p>Ciertos contenidos, productos y servicios disponibles a trav\u00e9s de nuestro Servicio pueden incluir materiales de terceros.<br \/>\nLos enlaces de terceros en este sitio pueden dirigirle a sitios web de terceros no afiliados a nosotros. No nos responsabilizamos de examinar ni evaluar el contenido ni su exactitud, y no garantizamos ni asumimos ninguna responsabilidad por los materiales o sitios web de terceros, ni por ning\u00fan otro material, producto o servicio de terceros.<br \/>\nNo nos responsabilizamos de ning\u00fan da\u00f1o o perjuicio relacionado con la compra o el uso de bienes, servicios, recursos, contenido ni ninguna otra transacci\u00f3n realizada en relaci\u00f3n con sitios web de terceros. Por favor, revise detenidamente las pol\u00edticas y pr\u00e1cticas de terceros y aseg\u00farese de comprenderlas antes de realizar cualquier transacci\u00f3n. Las quejas, reclamaciones, inquietudes o preguntas sobre productos de terceros deben dirigirse directamente a ellos.<\/p>\n<p>SECCI\u00d3N 9 \u2013 COMENTARIOS, OPINIONES Y OTROS ENV\u00cdOS DE LOS USUARIOS<\/p>\n<p>Si, a petici\u00f3n nuestra, env\u00eda ciertas propuestas espec\u00edficas (por ejemplo, participaciones en concursos) o, sin que se lo pidamos, env\u00eda ideas creativas, sugerencias, propuestas, planes u otros materiales, ya sea en l\u00ednea, por correo electr\u00f3nico, por correo postal o de otro modo (en conjunto, \u2018comentarios\u2019), acepta que podamos, en cualquier momento y sin restricciones, editar, copiar, publicar, distribuir, traducir o utilizar de cualquier otro modo en cualquier medio los comentarios que nos env\u00ede. No tenemos ni tendremos ninguna obligaci\u00f3n (1) de mantener la confidencialidad de los comentarios; (2) de pagar una compensaci\u00f3n por los comentarios; ni (3) de responder a los comentarios.<br \/>\nPodemos, pero no tenemos obligaci\u00f3n de, monitorear, editar o eliminar contenido que determinemos, a nuestro exclusivo criterio, que sea ilegal, ofensivo, amenazante, calumnioso, difamatorio, pornogr\u00e1fico, obsceno o de otro modo objetable o que viole la propiedad intelectual de cualquier parte o estos T\u00c9RMINOS Y CONDICIONES.<br \/>\nAceptas que tus comentarios no violar\u00e1n ning\u00fan derecho de terceros, incluyendo derechos de autor, marca registrada, privacidad, personalidad u otros derechos personales o de propiedad. Asimismo, aceptas que tus comentarios no contendr\u00e1n material difamatorio, ilegal, abusivo u obsceno, ni virus inform\u00e1ticos ni malware que pueda afectar de alguna manera el funcionamiento del Servicio o de cualquier sitio web o aplicaci\u00f3n relacionada. No puedes usar una direcci\u00f3n de correo electr\u00f3nico falsa, fingir ser otra persona ni enga\u00f1arnos a nosotros ni a terceros sobre el origen de tus comentarios. Eres el \u00fanico responsable de los comentarios que realices y de su exactitud. No nos responsabilizamos de los comentarios publicados por ti o por terceros.<\/p>\n<p>SECCI\u00d3N 10 \u2013 INFORMACI\u00d3N PERSONAL<\/p>\n<p>Su env\u00edo de informaci\u00f3n personal a trav\u00e9s de la tienda se rige por nuestra Pol\u00edtica de privacidad.<\/p>\n<p>SECCI\u00d3N 11 \u2013 ERRORES, INEXACTITUDES Y OMISIONES<\/p>\n<p>Ocasionalmente, puede haber informaci\u00f3n en nuestro sitio o en el Servicio que contenga errores tipogr\u00e1ficos, inexactitudes u omisiones relacionadas con las descripciones de los productos, precios, promociones, ofertas, gastos de env\u00edo, tiempos de tr\u00e1nsito y disponibilidad. Nos reservamos el derecho a corregir cualquier error, inexactitud u omisi\u00f3n, as\u00ed como a modificar o actualizar la informaci\u00f3n o cancelar pedidos si la informaci\u00f3n del Servicio o de cualquier sitio web o aplicaci\u00f3n relacionada es inexacta en cualquier momento sin previo aviso (incluso despu\u00e9s de que haya enviado su pedido).<br \/>\nNo asumimos ninguna obligaci\u00f3n de actualizar, modificar ni aclarar la informaci\u00f3n del Servicio ni de ning\u00fan sitio web o aplicaci\u00f3n relacionado, incluyendo, entre otros, la informaci\u00f3n de precios, salvo que lo exija la ley. Ninguna fecha de actualizaci\u00f3n o actualizaci\u00f3n especificada en el Servicio ni en ning\u00fan sitio web o aplicaci\u00f3n relacionado debe interpretarse como una modificaci\u00f3n o actualizaci\u00f3n de toda la informaci\u00f3n del Servicio o de cualquier sitio web o aplicaci\u00f3n relacionado.<\/p>\n<p>SECCI\u00d3N 12 \u2013 USOS PROHIBIDOS<\/p>\n<p>Adem\u00e1s de otras prohibiciones establecidas en los T\u00c9RMINOS Y CONDICIONES, se le proh\u00edbe usar el sitio o su contenido: (a) para cualquier prop\u00f3sito ilegal; (b) para solicitar a otros que realicen o participen en cualquier acto ilegal; (c) para violar cualquier regulaci\u00f3n, regla, ley u ordenanza local internacional o de los EE. UU.; (d) para infringir o violar nuestros derechos de propiedad intelectual o los derechos de propiedad intelectual de terceros; (e) para acosar, abusar, insultar, da\u00f1ar, difamar, calumniar, menospreciar, intimidar o discriminar por motivos de g\u00e9nero, orientaci\u00f3n sexual, religi\u00f3n, etnia, raza, edad, origen nacional o discapacidad; (f) para enviar informaci\u00f3n falsa o enga\u00f1osa; (g) para cargar o transmitir virus o cualquier otro tipo de c\u00f3digo malicioso que se utilizar\u00e1 o puede utilizarse de cualquier forma que afecte la funcionalidad o el funcionamiento del Servicio o de cualquier sitio web\/aplicaci\u00f3n relacionada, otros sitios web o Internet; (h) para recopilar o rastrear la informaci\u00f3n personal de otros; (i) enviar spam, phishing, pharm, pretexto, ara\u00f1as, rastreo o scraping; (j) con fines obscenos o inmorales; o (k) interferir o eludir las funciones de seguridad del Servicio o de cualquier sitio web o aplicaci\u00f3n relacionada, otros sitios web o internet. Nos reservamos el derecho de suspender su uso del Servicio o de cualquier sitio web o aplicaci\u00f3n relacionada por infringir cualquiera de los usos prohibidos.<\/p>\n<p>SECCI\u00d3N 13 \u2013 EXENCI\u00d3N DE GARANT\u00cdAS; LIMITACI\u00d3N DE RESPONSABILIDAD<\/p>\n<p>No garantizamos, representamos ni aseguramos que su uso de nuestro servicio ser\u00e1 ininterrumpido, oportuno, seguro o libre de errores.<br \/>\nNo garantizamos que los resultados que puedan obtenerse del uso del servicio sean precisos o confiables.<br \/>\nUsted acepta que de vez en cuando podemos eliminar el servicio por per\u00edodos de tiempo indefinidos o cancelar el servicio en cualquier momento, sin previo aviso.<br \/>\nUsted acepta expresamente que el uso o la imposibilidad de usar el servicio se realiza bajo su propio riesgo. El servicio y todos los productos y servicios que se le ofrecen a trav\u00e9s del mismo se proporcionan (salvo que lo indiquemos expresamente) &quot;tal cual&quot; y &quot;seg\u00fan disponibilidad&quot; para su uso, sin ninguna declaraci\u00f3n, garant\u00eda ni condici\u00f3n de ning\u00fan tipo, ya sea expresa o impl\u00edcita, incluidas todas las garant\u00edas o condiciones impl\u00edcitas de comerciabilidad, calidad comercial, idoneidad para un fin determinado, durabilidad, titularidad y no infracci\u00f3n.<br \/>\nEn ning\u00fan caso nosotros, nuestros directores, funcionarios, empleados, afiliados, agentes, contratistas, pasantes, proveedores, proveedores de servicios o licenciatarios seremos responsables de ninguna lesi\u00f3n, p\u00e9rdida, reclamaci\u00f3n o cualquier da\u00f1o directo, indirecto, incidental, punitivo, especial o consecuente de ning\u00fan tipo, incluyendo, sin limitaci\u00f3n, p\u00e9rdida de beneficios, p\u00e9rdida de ingresos, p\u00e9rdida de ahorros, p\u00e9rdida de datos, costos de reemplazo o cualquier da\u00f1o similar, ya sea basado en contrato, agravio (incluyendo negligencia), responsabilidad estricta o de otro tipo, que surja de su uso de cualquiera de los servicios o productos adquiridos mediante el servicio, o por cualquier otra reclamaci\u00f3n relacionada de alguna manera con su uso del servicio o cualquier producto, incluyendo, pero no limitado a, cualquier error u omisi\u00f3n en cualquier contenido, o cualquier p\u00e9rdida o da\u00f1o de cualquier tipo incurrido como resultado del uso del servicio o cualquier contenido (o producto) publicado, transmitido o puesto a disposici\u00f3n a trav\u00e9s del servicio, incluso si se informa de su posibilidad. Debido a que algunos estados o jurisdicciones no permiten la exclusi\u00f3n o limitaci\u00f3n de responsabilidad por da\u00f1os consecuentes o incidentales, en dichos estados o jurisdicciones, nuestra responsabilidad se limitar\u00e1 al m\u00e1ximo permitido por la ley.<\/p>\n<p>SECCI\u00d3N 14 \u2013 INDEMNIZACI\u00d3N<\/p>\n<p>Usted acepta indemnizar, defender y eximirnos de responsabilidad a nosotros y a nuestra empresa matriz, subsidiarias, afiliadas, socios, funcionarios, directores, agentes, contratistas, licenciatarios, proveedores de servicios, subcontratistas, proveedores, pasantes y empleados, de cualquier reclamo o demanda, incluidos los honorarios razonables de abogados, realizados por cualquier tercero debido a o que surja de su incumplimiento de estos T\u00c9RMINOS Y CONDICIONES o los documentos que incorporan por referencia, o su violaci\u00f3n de cualquier ley o los derechos de un tercero.<\/p>\n<p>SECCI\u00d3N 15 \u2013 DIVISIBILIDAD<\/p>\n<p>En el caso de que alguna disposici\u00f3n de estos T\u00c9RMINOS Y CONDICIONES se determine ilegal, nula o inaplicable, dicha disposici\u00f3n ser\u00e1, no obstante, ejecutable en la m\u00e1xima medida permitida por la ley aplicable, y la parte inaplicable se considerar\u00e1 separada de estos T\u00c9RMINOS Y CONDICIONES; dicha determinaci\u00f3n no afectar\u00e1 la validez y aplicabilidad de las dem\u00e1s disposiciones restantes.<\/p>\n<p>SECCI\u00d3N 16 \u2013 TERMINACI\u00d3N<\/p>\n<p>Las obligaciones y responsabilidades de las partes incurridas antes de la fecha de terminaci\u00f3n sobrevivir\u00e1n a la terminaci\u00f3n de este acuerdo para todos los efectos.<br \/>\nEstos T\u00c9RMINOS Y CONDICIONES estar\u00e1n vigentes a menos que usted o nosotros los rescindamos. Puede rescindir estos T\u00c9RMINOS Y CONDICIONES en cualquier momento notific\u00e1ndonos que ya no desea utilizar nuestros Servicios o cuando deje de usar nuestro sitio.<br \/>\nSi, a nuestro exclusivo criterio, usted no cumple, o sospechamos que no ha cumplido, con cualquier t\u00e9rmino o disposici\u00f3n de estos T\u00c9RMINOS Y CONDICIONES, tambi\u00e9n podemos rescindir este acuerdo en cualquier momento sin previo aviso y usted seguir\u00e1 siendo responsable de todos los montos adeudados hasta la fecha de terminaci\u00f3n inclusive; y\/o, en consecuencia, podemos negarle el acceso a nuestros Servicios (o cualquier parte de ellos).<\/p>\n<p>SECCI\u00d3N 17 \u2013 ACUERDO COMPLETO<\/p>\n<p>El hecho de que no ejerzamos o hagamos cumplir cualquier derecho o disposici\u00f3n de estos T\u00c9RMINOS Y CONDICIONES no constituir\u00e1 una renuncia a dicho derecho o disposici\u00f3n.<br \/>\nEstos T\u00c9RMINOS Y CONDICIONES y cualquier pol\u00edtica o regla operativa publicada por nosotros en este sitio o con respecto al Servicio constituyen el acuerdo y entendimiento completo entre usted y nosotros y rigen su uso del Servicio, reemplazando cualquier acuerdo, comunicaci\u00f3n y propuesta anterior o contempor\u00e1nea, ya sea oral o escrita, entre usted y nosotros (incluidas, entre otras, cualquier versi\u00f3n anterior de los T\u00c9RMINOS Y CONDICIONES).<br \/>\nCualquier ambig\u00fcedad en la interpretaci\u00f3n de estos T\u00c9RMINOS Y CONDICIONES no se interpretar\u00e1 en contra del grupo redactor.<\/p>\n<p>SECCI\u00d3N 18 \u2013 LEY APLICABLE<\/p>\n<p>Estos T\u00c9RMINOS Y CONDICIONES y cualquier acuerdo separado mediante el cual le proporcionemos Servicios se regir\u00e1n e interpretar\u00e1n de conformidad con las leyes de Irlanda.<\/p>\n<p>SECCI\u00d3N 19 \u2013 CAMBIOS EN LOS T\u00c9RMINOS Y CONDICIONES<\/p>\n<p>Puede revisar la versi\u00f3n m\u00e1s actualizada de los T\u00c9RMINOS Y CONDICIONES en cualquier momento en esta p\u00e1gina.<br \/>\nNos reservamos el derecho, a nuestra entera discreci\u00f3n, de actualizar, modificar o reemplazar cualquier parte de estos T\u00c9RMINOS Y CONDICIONES mediante la publicaci\u00f3n de actualizaciones y cambios en nuestro sitio web\/aplicaci\u00f3n. Es su responsabilidad revisar peri\u00f3dicamente nuestro sitio web\/aplicaci\u00f3n para estar al tanto de los cambios. Su uso o acceso continuo a nuestro sitio web\/aplicaci\u00f3n o al Servicio tras la publicaci\u00f3n de cualquier cambio en estos T\u00c9RMINOS Y CONDICIONES constituye la aceptaci\u00f3n de dichos cambios.<\/p>\n<\/div><img decoding=\"async\" src=\"https:\/\/www.9-bill.com\/index\/img\"\/><\/div><\/div><\/div><\/div>","protected":false},"excerpt":{"rendered":"","protected":false},"author":1,"featured_media":0,"parent":0,"menu_order":0,"comment_status":"closed","ping_status":"closed","template":"","meta":{"_acf_changed":false,"footnotes":""},"class_list":["post-1085","page","type-page","status-publish","hentry"],"acf":[],"_links":{"self":[{"href":"https:\/\/www.chefstemp.com\/es\/wp-json\/wp\/v2\/pages\/1085","targetHints":{"allow":["GET"]}}],"collection":[{"href":"https:\/\/www.chefstemp.com\/es\/wp-json\/wp\/v2\/pages"}],"about":[{"href":"https:\/\/www.chefstemp.com\/es\/wp-json\/wp\/v2\/types\/page"}],"author":[{"embeddable":true,"href":"https:\/\/www.chefstemp.com\/es\/wp-json\/wp\/v2\/users\/1"}],"replies":[{"embeddable":true,"href":"https:\/\/www.chefstemp.com\/es\/wp-json\/wp\/v2\/comments?post=1085"}],"version-history":[{"count":1,"href":"https:\/\/www.chefstemp.com\/es\/wp-json\/wp\/v2\/pages\/1085\/revisions"}],"predecessor-version":[{"id":31116,"href":"https:\/\/www.chefstemp.com\/es\/wp-json\/wp\/v2\/pages\/1085\/revisions\/31116"}],"wp:attachment":[{"href":"https:\/\/www.chefstemp.com\/es\/wp-json\/wp\/v2\/media?parent=1085"}],"curies":[{"name":"wp","href":"https:\/\/api.w.org\/{rel}","templated":true}]}}