{"id":1109,"date":"2021-02-24T08:33:42","date_gmt":"2021-02-24T08:33:42","guid":{"rendered":"https:\/\/www.chefstemp.com\/?page_id=1109"},"modified":"2026-03-05T10:31:55","modified_gmt":"2026-03-05T02:31:55","slug":"shipping-policy","status":"publish","type":"page","link":"https:\/\/www.chefstemp.com\/es\/politica-de-envio\/","title":{"rendered":"Pol\u00edtica de env\u00edos"},"content":{"rendered":"<p><div class=\"fusion-fullwidth fullwidth-box fusion-builder-row-1 fusion-flex-container nonhundred-percent-fullwidth non-hundred-percent-height-scrolling\" style=\"--awb-border-radius-top-left:0px;--awb-border-radius-top-right:0px;--awb-border-radius-bottom-right:0px;--awb-border-radius-bottom-left:0px;--awb-flex-wrap:wrap;\" ><div class=\"fusion-builder-row fusion-row fusion-flex-align-items-flex-start fusion-flex-content-wrap\" style=\"max-width:1331.2px;margin-left: calc(-4% \/ 2 );margin-right: calc(-4% \/ 2 );\"><div class=\"fusion-layout-column fusion_builder_column fusion-builder-column-0 fusion_builder_column_1_1 1_1 fusion-flex-column\" style=\"--awb-bg-size:cover;--awb-width-large:100%;--awb-margin-top-large:0px;--awb-spacing-right-large:1.92%;--awb-margin-bottom-large:20px;--awb-spacing-left-large:1.92%;--awb-width-medium:100%;--awb-order-medium:0;--awb-spacing-right-medium:1.92%;--awb-spacing-left-medium:1.92%;--awb-width-small:100%;--awb-order-small:0;--awb-spacing-right-small:1.92%;--awb-spacing-left-small:1.92%;\"><div class=\"fusion-column-wrapper fusion-column-has-shadow fusion-flex-justify-content-flex-start fusion-content-layout-column\"><div class=\"fusion-title title fusion-title-1 fusion-sep-none fusion-title-center fusion-title-text fusion-title-size-one\"><h1 class=\"fusion-title-heading title-heading-center fusion-responsive-typography-calculated\" style=\"margin:0;--fontSize:44;line-height:1.3;\">POL\u00cdTICA DE ENV\u00cdOS<\/h1><\/div><div class=\"fusion-text fusion-text-1\"><p>Nuestras opciones de env\u00edo actuales incluyen informaci\u00f3n tanto para Estados Unidos como para el extranjero. Para m\u00e9todos de env\u00edo personalizados o pedidos especiales, cont\u00e1ctenos y le responderemos lo antes posible.<\/p>\n<\/div><\/div><\/div><\/div><\/div><div class=\"fusion-fullwidth fullwidth-box fusion-builder-row-2 fusion-flex-container nonhundred-percent-fullwidth non-hundred-percent-height-scrolling\" style=\"--awb-border-radius-top-left:0px;--awb-border-radius-top-right:0px;--awb-border-radius-bottom-right:0px;--awb-border-radius-bottom-left:0px;--awb-flex-wrap:wrap;\" ><div class=\"fusion-builder-row fusion-row fusion-flex-align-items-flex-start fusion-flex-content-wrap\" style=\"max-width:1331.2px;margin-left: calc(-4% \/ 2 );margin-right: calc(-4% \/ 2 );\"><div class=\"fusion-layout-column fusion_builder_column fusion-builder-column-1 fusion_builder_column_1_1 1_1 fusion-flex-column\" style=\"--awb-bg-size:cover;--awb-width-large:100%;--awb-margin-top-large:0px;--awb-spacing-right-large:1.92%;--awb-margin-bottom-large:20px;--awb-spacing-left-large:1.92%;--awb-width-medium:100%;--awb-order-medium:0;--awb-spacing-right-medium:1.92%;--awb-spacing-left-medium:1.92%;--awb-width-small:100%;--awb-order-small:0;--awb-spacing-right-small:1.92%;--awb-spacing-left-small:1.92%;\"><div class=\"fusion-column-wrapper fusion-column-has-shadow fusion-flex-justify-content-flex-start fusion-content-layout-column\"><div class=\"fusion-text fusion-text-2\"><h2 style=\"text-align: center\"><span style=\"font-weight: normal\">INFORMACI\u00d3N DE ENV\u00cdO<br \/>\n<\/span><\/h2>\n<\/div><div class=\"fusion-text fusion-text-3\"><h4><span style=\"font-weight: normal\">Unido<\/span> <span style=\"font-weight: normal\">Estados<\/span><\/h4>\n<div>\n<p>&nbsp;<\/p>\n<\/div>\n<\/div>\n<div class=\"table-2 temperature\">\n<table width=\"100%\">\n<thead>\n<tr>\n<th align=\"left\">Transportador<\/th>\n<th align=\"left\">Precio<\/th>\n<th align=\"left\">Tiempo de env\u00edo<\/th>\n<\/tr>\n<\/thead>\n<tbody>\n<tr>\n<td align=\"left\">Servicio Postal de Estados Unidos<\/td>\n<td align=\"left\">Env\u00edo gratis<\/td>\n<td align=\"left\">3-6 d\u00edas<\/td>\n<\/tr>\n<\/tbody>\n<\/table>\n<\/div>\n<div class=\"fusion-text fusion-text-4\"><p><em>Nota: Algunos accesorios peque\u00f1os pueden requerir un cargo adicional por env\u00edo.<\/p>\n<p>Las estimaciones de entrega se basan en pedidos en EE. UU. Los pedidos realizados los s\u00e1bados y domingos se enviar\u00e1n el lunes (excepto festivos). Los env\u00edos prioritarios de USPS no incluyen festivos.<\/em><\/p>\n<\/div><div class=\"fusion-text fusion-text-5\"><h4><span style=\"font-weight: normal\">Env\u00edos internacionales<\/span><\/h4>\n<div>\n<p>&nbsp;<\/p>\n<\/div>\n<\/div>\n<div class=\"table-2 temperature\">\n<table width=\"100%\">\n<thead>\n<tr>\n<th align=\"left\">Transportador<\/th>\n<th align=\"left\">Precio<\/th>\n<th align=\"left\">Tiempo de env\u00edo<\/th>\n<\/tr>\n<\/thead>\n<tbody>\n<tr>\n<td align=\"left\">Prioridad internacional de USPS<\/td>\n<td align=\"left\">$29.99<br \/>\n(derechos e impuestos no incluidos)<\/td>\n<td align=\"left\">6-10 d\u00edas<\/td>\n<\/tr>\n<\/tbody>\n<\/table>\n<\/div>\n<\/div><\/div><\/div><\/div><div class=\"fusion-fullwidth fullwidth-box fusion-builder-row-3 fusion-flex-container nonhundred-percent-fullwidth non-hundred-percent-height-scrolling\" style=\"--awb-border-radius-top-left:0px;--awb-border-radius-top-right:0px;--awb-border-radius-bottom-right:0px;--awb-border-radius-bottom-left:0px;--awb-flex-wrap:wrap;\" ><div class=\"fusion-builder-row fusion-row fusion-flex-align-items-flex-start fusion-flex-content-wrap\" style=\"max-width:1331.2px;margin-left: calc(-4% \/ 2 );margin-right: calc(-4% \/ 2 );\"><div class=\"fusion-layout-column fusion_builder_column fusion-builder-column-2 fusion_builder_column_1_1 1_1 fusion-flex-column\" style=\"--awb-bg-size:cover;--awb-width-large:100%;--awb-margin-top-large:0px;--awb-spacing-right-large:1.92%;--awb-margin-bottom-large:20px;--awb-spacing-left-large:1.92%;--awb-width-medium:100%;--awb-order-medium:0;--awb-spacing-right-medium:1.92%;--awb-spacing-left-medium:1.92%;--awb-width-small:100%;--awb-order-small:0;--awb-spacing-right-small:1.92%;--awb-spacing-left-small:1.92%;\"><div class=\"fusion-column-wrapper fusion-column-has-shadow fusion-flex-justify-content-flex-start fusion-content-layout-column\"><div class=\"fusion-text fusion-text-6 fusion-text-no-margin\" style=\"--awb-margin-top:10px;--awb-margin-bottom:20px;\"><h2 style=\"text-align: center\"><span style=\"font-weight: normal\">INFORMACI\u00d3N SOBRE EL M\u00c9TODO DE ENV\u00cdO<br \/>\n<\/span><\/h2>\n<\/div>\n<div class=\"table-2 temperature\">\n<table width=\"100%\">\n<thead>\n<tr>\n<th align=\"left\">Servicio de env\u00edo<\/th>\n<th align=\"left\">Tiempo de tr\u00e1nsito (incluye retrasos por d\u00edas festivos)<\/th>\n<th align=\"left\">\u00c1rea de servicio de EE. UU.<\/th>\n<\/tr>\n<\/thead>\n<tbody>\n<tr>\n<td align=\"left\">Correo prioritario de USPS (pedidos de menos de 5 libras)<\/td>\n<td align=\"left\">3-6 d\u00edas (excepto festivos)<\/td>\n<td align=\"left\">Los 50 estados, excepto Haw\u00e1i, Alaska y los protectorados de EE. UU.<\/td>\n<\/tr>\n<tr>\n<td align=\"left\">FedEx Ground (pedidos superiores a 5 libras)<\/td>\n<td align=\"left\">3-7 d\u00edas h\u00e1biles seg\u00fan la distancia al destino (excluidos los d\u00edas festivos)<\/td>\n<td align=\"left\">Todos los 50 estados Entrega a direcciones f\u00edsicas \u00fanicamente<\/td>\n<\/tr>\n<tr>\n<td align=\"left\">FedEx 2do d\u00eda a\u00e9reo<\/td>\n<td align=\"left\">2-3 d\u00edas h\u00e1biles al final del d\u00eda (entrega los s\u00e1bados disponible, se aplica un cargo adicional)<\/td>\n<td align=\"left\">Los 50 estados, excepto Haw\u00e1i, Alaska y los protectorados de EE. UU.<\/td>\n<\/tr>\n<tr>\n<td align=\"left\">FedEx Next Day Air<\/td>\n<td align=\"left\">Entrega en 1 o 2 d\u00edas h\u00e1biles antes de las 15:00 h a la mayor\u00eda de las direcciones en EE. UU., antes de las 16:30 h a zonas rurales y antes de las 20:00 h a domicilios. (Entrega disponible los s\u00e1bados con cargo adicional).<\/td>\n<td align=\"left\">Los 50 estados, excepto Haw\u00e1i, Alaska y los protectorados de EE. UU.<\/td>\n<\/tr>\n<\/tbody>\n<\/table>\n<\/div>\n<div class=\"fusion-text fusion-text-7\"><p>Los clientes internacionales pueden seleccionar los servicios mundiales de FedEx o del Servicio Postal de los Estados Unidos (USPS) durante el proceso de pago.<b><\/b><\/p>\n<\/div><\/div><\/div><\/div><\/div><div class=\"fusion-fullwidth fullwidth-box fusion-builder-row-4 fusion-flex-container nonhundred-percent-fullwidth non-hundred-percent-height-scrolling\" style=\"--awb-border-radius-top-left:0px;--awb-border-radius-top-right:0px;--awb-border-radius-bottom-right:0px;--awb-border-radius-bottom-left:0px;--awb-flex-wrap:wrap;\" ><div class=\"fusion-builder-row fusion-row fusion-flex-align-items-flex-start fusion-flex-content-wrap\" style=\"max-width:1331.2px;margin-left: calc(-4% \/ 2 );margin-right: calc(-4% \/ 2 );\"><div class=\"fusion-layout-column fusion_builder_column fusion-builder-column-3 fusion_builder_column_1_1 1_1 fusion-flex-column\" style=\"--awb-bg-size:cover;--awb-width-large:100%;--awb-margin-top-large:0px;--awb-spacing-right-large:1.92%;--awb-margin-bottom-large:20px;--awb-spacing-left-large:1.92%;--awb-width-medium:100%;--awb-order-medium:0;--awb-spacing-right-medium:1.92%;--awb-spacing-left-medium:1.92%;--awb-width-small:100%;--awb-order-small:0;--awb-spacing-right-small:1.92%;--awb-spacing-left-small:1.92%;\"><div class=\"fusion-column-wrapper fusion-column-has-shadow fusion-flex-justify-content-flex-start fusion-content-layout-column\"><div class=\"fusion-text fusion-text-8\"><h2 style=\"text-align: center\"><span style=\"font-weight: normal\">INFORMACI\u00d3N ADICIONAL DE ENV\u00cdO<br \/>\n<\/span><\/h2>\n<\/div><div class=\"fusion-text fusion-text-9\"><h4><span style=\"font-weight: normal\">Transportistas:<\/span><\/h4>\n<p>Utilizamos USPS y FedEx para todos los pedidos en l\u00ednea y el pago a trav\u00e9s de nuestro carrito de compras. Las tarifas tienen descuento. Para apartados postales y direcciones APO de EE. UU., FedEx requiere una direcci\u00f3n f\u00edsica. Cambiaremos los pedidos en l\u00ednea a USPS por el mismo importe de env\u00edo para adaptarnos a estos casos especiales.<\/p>\n<\/div><div class=\"fusion-text fusion-text-10\"><h4><span style=\"font-weight: normal\">Pedidos internacionales:<\/span><\/h4>\n<p>Aceptamos pedidos internacionales con gusto. Realizamos env\u00edos de exportaci\u00f3n todos los d\u00edas de la semana. Es posible que necesitemos informaci\u00f3n adicional antes de realizar su env\u00edo. Por lo tanto, nuestro plazo de env\u00edo el mismo d\u00eda no aplica a pedidos internacionales. Si tiene prisa, por favor, an\u00f3telo en su pedido o cont\u00e1ctenos por tel\u00e9fono o correo electr\u00f3nico. <strong>Los aranceles, impuestos y comisiones de corretaje locales, si los hubiere, son responsabilidad del cliente. No podemos presupuestarlos.<\/strong> Debido a obligaciones contractuales, es posible que no podamos enviar algunos productos a determinados pa\u00edses. Cont\u00e1ctanos para m\u00e1s detalles.<\/p>\n<\/div><div class=\"fusion-text fusion-text-11\"><h4><span style=\"font-weight: normal\">Estimaciones de env\u00edo:<\/span><\/h4>\n<p>Nuestra calculadora de env\u00edos le dar\u00e1 un estimado de sus gastos de env\u00edo reales seg\u00fan el peso de los productos. Seleccione los art\u00edculos que desee haciendo clic en el bot\u00f3n &quot;A\u00f1adir al carrito&quot;. Vaya al carrito de compras. Tras introducir su c\u00f3digo postal, podr\u00e1 acceder a la calculadora de env\u00edos. Puede elegir entre diferentes opciones de servicio y comparar los gastos durante el proceso de compra antes de realizar su pedido.<\/p>\n<\/div><div class=\"fusion-text fusion-text-12\"><h4><span style=\"font-weight: normal\">Garant\u00edas de env\u00edo:<\/span><\/h4>\n<p>Todos los pedidos se enviar\u00e1n lo antes posible. Sin embargo, Chefstemp <strong><b>no garantiza fechas de llegada.<\/b><\/strong> FedEx garantiza los gastos de env\u00edo para los servicios de entrega al segundo d\u00eda y al d\u00eda siguiente. Si no llegan a tiempo, podemos reembolsarle el importe.<\/p>\n<\/div><\/div><\/div><\/div><\/div><\/p>","protected":false},"excerpt":{"rendered":"","protected":false},"author":1,"featured_media":0,"parent":0,"menu_order":0,"comment_status":"closed","ping_status":"closed","template":"","meta":{"_acf_changed":false,"footnotes":""},"class_list":["post-1109","page","type-page","status-publish","hentry"],"acf":[],"_links":{"self":[{"href":"https:\/\/www.chefstemp.com\/es\/wp-json\/wp\/v2\/pages\/1109","targetHints":{"allow":["GET"]}}],"collection":[{"href":"https:\/\/www.chefstemp.com\/es\/wp-json\/wp\/v2\/pages"}],"about":[{"href":"https:\/\/www.chefstemp.com\/es\/wp-json\/wp\/v2\/types\/page"}],"author":[{"embeddable":true,"href":"https:\/\/www.chefstemp.com\/es\/wp-json\/wp\/v2\/users\/1"}],"replies":[{"embeddable":true,"href":"https:\/\/www.chefstemp.com\/es\/wp-json\/wp\/v2\/comments?post=1109"}],"version-history":[{"count":2,"href":"https:\/\/www.chefstemp.com\/es\/wp-json\/wp\/v2\/pages\/1109\/revisions"}],"predecessor-version":[{"id":62500,"href":"https:\/\/www.chefstemp.com\/es\/wp-json\/wp\/v2\/pages\/1109\/revisions\/62500"}],"wp:attachment":[{"href":"https:\/\/www.chefstemp.com\/es\/wp-json\/wp\/v2\/media?parent=1109"}],"curies":[{"name":"wp","href":"https:\/\/api.w.org\/{rel}","templated":true}]}}