{"id":4655,"date":"2021-11-05T16:00:09","date_gmt":"2021-11-05T08:00:09","guid":{"rendered":"https:\/\/www.chefstemp.com\/?page_id=4655"},"modified":"2023-12-12T17:50:11","modified_gmt":"2023-12-12T09:50:11","slug":"bpcal","status":"publish","type":"page","link":"https:\/\/www.chefstemp.com\/es\/bpcal\/","title":{"rendered":"Calculadora del punto de ebullici\u00f3n del agua"},"content":{"rendered":"<div class=\"fusion-fullwidth fullwidth-box fusion-builder-row-1 fusion-flex-container nonhundred-percent-fullwidth non-hundred-percent-height-scrolling\" style=\"--awb-border-radius-top-left:0px;--awb-border-radius-top-right:0px;--awb-border-radius-bottom-right:0px;--awb-border-radius-bottom-left:0px;--awb-flex-wrap:wrap;\" ><div class=\"fusion-builder-row fusion-row fusion-flex-align-items-flex-start fusion-flex-content-wrap\" style=\"max-width:1331.2px;margin-left: calc(-4% \/ 2 );margin-right: calc(-4% \/ 2 );\"><div class=\"fusion-layout-column fusion_builder_column fusion-builder-column-0 fusion_builder_column_1_1 1_1 fusion-flex-column\" style=\"--awb-bg-size:cover;--awb-width-large:100%;--awb-margin-top-large:0px;--awb-spacing-right-large:1.92%;--awb-margin-bottom-large:20px;--awb-spacing-left-large:1.92%;--awb-width-medium:100%;--awb-order-medium:0;--awb-spacing-right-medium:1.92%;--awb-spacing-left-medium:1.92%;--awb-width-small:100%;--awb-order-small:0;--awb-spacing-right-small:1.92%;--awb-spacing-left-small:1.92%;\"><div class=\"fusion-column-wrapper fusion-column-has-shadow fusion-flex-justify-content-flex-start fusion-content-layout-column\"><div class=\"fusion-text fusion-text-1\" style=\"--awb-text-transform:none;\"><h1><span style=\"color: #ff9900;\">Calculadora del punto de ebullici\u00f3n del agua<\/span><\/h1>\n<\/div><\/div><\/div><div class=\"fusion-layout-column fusion_builder_column fusion-builder-column-1 fusion_builder_column_1_1 1_1 fusion-flex-column\" style=\"--awb-bg-size:cover;--awb-width-large:100%;--awb-margin-top-large:0px;--awb-spacing-right-large:1.92%;--awb-margin-bottom-large:20px;--awb-spacing-left-large:1.92%;--awb-width-medium:100%;--awb-order-medium:0;--awb-spacing-right-medium:1.92%;--awb-spacing-left-medium:1.92%;--awb-width-small:100%;--awb-order-small:0;--awb-spacing-right-small:1.92%;--awb-spacing-left-small:1.92%;\"><div class=\"fusion-column-wrapper fusion-column-has-shadow fusion-flex-justify-content-flex-start fusion-content-layout-column\"><div class=\"fusion-separator fusion-full-width-sep\" style=\"align-self: center;margin-left: auto;margin-right: auto;width:100%;\"><div class=\"fusion-separator-border sep-single sep-solid\" style=\"--awb-height:20px;--awb-amount:20px;border-color:#e2e2e2;border-top-width:1px;\"><\/div><\/div><\/div><\/div><div class=\"fusion-layout-column fusion_builder_column fusion-builder-column-2 fusion_builder_column_1_1 1_1 fusion-flex-column\" style=\"--awb-bg-size:cover;--awb-width-large:100%;--awb-margin-top-large:0px;--awb-spacing-right-large:1.92%;--awb-margin-bottom-large:20px;--awb-spacing-left-large:1.92%;--awb-width-medium:100%;--awb-order-medium:0;--awb-spacing-right-medium:1.92%;--awb-spacing-left-medium:1.92%;--awb-width-small:100%;--awb-order-small:0;--awb-spacing-right-small:1.92%;--awb-spacing-left-small:1.92%;\"><div class=\"fusion-column-wrapper fusion-column-has-shadow fusion-flex-justify-content-flex-start fusion-content-layout-column\"><div class=\"fusion-text fusion-text-2\" style=\"--awb-text-transform:none;\"><h2><span style=\"color: #ff9900;\">\u00bfCu\u00e1l es el punto de ebullici\u00f3n del agua?<\/span><\/h2>\n<\/div><\/div><\/div><div class=\"fusion-layout-column fusion_builder_column fusion-builder-column-3 fusion_builder_column_1_1 1_1 fusion-flex-column\" style=\"--awb-bg-size:cover;--awb-width-large:100%;--awb-margin-top-large:0px;--awb-spacing-right-large:1.92%;--awb-margin-bottom-large:20px;--awb-spacing-left-large:1.92%;--awb-width-medium:100%;--awb-order-medium:0;--awb-spacing-right-medium:1.92%;--awb-spacing-left-medium:1.92%;--awb-width-small:100%;--awb-order-small:0;--awb-spacing-right-small:1.92%;--awb-spacing-left-small:1.92%;\"><div class=\"fusion-column-wrapper fusion-column-has-shadow fusion-flex-justify-content-flex-start fusion-content-layout-column\"><div class=\"fusion-text fusion-text-3\" style=\"--awb-text-transform:none;\"><p>El agua hierve a 100 \u00b0C a nivel del mar, pero solo a nivel del mar. Los cambios en la presi\u00f3n atmosf\u00e9rica alteran la temperatura de ebullici\u00f3n del agua. Para usar esta calculadora, necesitar\u00e1 su presi\u00f3n y altitud actuales.<\/p>\n<\/div><\/div><\/div><div class=\"fusion-layout-column fusion_builder_column fusion-builder-column-4 fusion_builder_column_1_1 1_1 fusion-flex-column\" style=\"--awb-bg-size:cover;--awb-width-large:100%;--awb-margin-top-large:0px;--awb-spacing-right-large:1.92%;--awb-margin-bottom-large:20px;--awb-spacing-left-large:1.92%;--awb-width-medium:100%;--awb-order-medium:0;--awb-spacing-right-medium:1.92%;--awb-spacing-left-medium:1.92%;--awb-width-small:100%;--awb-order-small:0;--awb-spacing-right-small:1.92%;--awb-spacing-left-small:1.92%;\"><div class=\"fusion-column-wrapper fusion-column-has-shadow fusion-flex-justify-content-flex-start fusion-content-layout-column\"><div class=\"container\">\n\t\t<p>\u00a0<\/p>\n\n\n<script language=\"JavaScript\">\nfunction calculate() {\nvar Barometer=eval(document.Calculator.Barometer.value)\n if (Barometer <25.69 || Barometer >32.03){\n\t alert(\"\u5927\u6c14\u538b\u8f93\u5165\u503c\u5728 25.69 \u548c 32.03\u4e4b\u95f4\");\n\treturn;\n\t}\nvar Elevation=eval(document.Calculator.Elevation.value)\n if (Elevation <-1360 || Elevation >29029){\n\t alert(\"\u6d77\u62d4\u8f93\u5165\u503c\u5728 -1360 \u548c 29029\u4e4b\u95f4\");\n\treturn;\n\t}\n    var absPressure = Math.pow(1 - 6.8753e-06 * Elevation, 5.2559) * 29.921;\n    var boilTempF = 49.161 * (Math.log(absPressure) + Math.log(Barometer)) - 122.136;\n    var boilTempC = boilTempF - 32 ;\n    var boilTempF = Math.round(100 * boilTempF) \/ 100 ;\n    var boilTempC = boilTempC * .55556 ;\n    var boilTempC = Math.round(boilTempC * 100) \/ 100 ;\n\n\ndocument.Calculator.TempF.value=boilTempF\ndocument.Calculator.TempC.value=boilTempC\n}\n<\/script>\n<h2>C\u00f3mo calcular el punto de ebullici\u00f3n del agua<\/h2>\n<p><b>Paso 1: Encuentra tu presi\u00f3n y elevaci\u00f3n locales<\/b><\/p>\n<p>Encuentra tu presi\u00f3n barom\u00e9trica y altitud actuales e introduce esos valores en la calculadora a continuaci\u00f3n. El siguiente enlace se abrir\u00e1 en una nueva ventana. Encuentra tu ubicaci\u00f3n y consulta los detalles en la p\u00e1gina, como en el ejemplo de la derecha.<\/p>\n<div id=\"Pressure\">\n<p>\n<a href=\"https:\/\/www.wunderground.com\/ \" target=\"https:\/\/www.wunderground.com\/\" class=\"https:\/\/www.wunderground.com\/\" role=\"button\" style=\"margin-right:0px;background:#FDC51C; color:#777;\">Encontrar presi\u00f3n\/elevaci\u00f3n<\/a>\n<\/p>\n<\/div>\n<br>\n<p>\n<b>Paso 2: Ingrese su presi\u00f3n y elevaci\u00f3n locales, luego calcule su punto de ebullici\u00f3n local<\/b><\/p>\n\t<form name=\"Calculator\" style=\"font-size:14px;\" action=\"\">\n\t\t<div align=\"left\">\n      \n        <table border=\"0\" width=\"700\" cellspacing=\"0\" cellpadding=\"5\">\n\t\t<tbody><tr>\n\t\t\t<td width=\"100%\" align=\"left\">\n\t\t\t <p>Presi\u00f3n: \n\t\t\t <input class=\"range\" style=\"margin-left:0px; width:75px;border:1px solid #eee;\" name=\"Barometer\" type=\"text\" size=\"6\" value=\"29.92\"> Elevaci\u00f3n en inHg: <input class=\"range\" style=\"margin-left:0px; width:75px;border:1px solid #eee;\" name=\"Elevation\" type=\"text\" size=\"6\" value=\"0\"> pies\u00a0\u00a0\u00a0\u00a0\u00a0 <input class=\"btn btn-small btn-secondary\" style=\"margin-right:0px;background:#FDC51C\" type=\"button\" value=\"Calcular el punto de ebullici\u00f3n\" onclick=\"calculate()\"><\/p><\/td>\n\t\t<\/tr>\n\n\t\t<tr>\n\t\t\t<td>\n\t\t\t<p align=\"Left\" style=\"font-size:18px; font-weight:bold;\">Estimaci\u00f3n del punto de ebullici\u00f3n: <input class=\"meters\" style=\"width:75px; border:1px solid #eee;\" name=\"TempF\" type=\"text\" size=\"6\"> \u00b0F\u00a0\u00a0 <input class=\"meters\" style=\"width:75px; border:1px solid #eee;\" name=\"TempC\" type=\"text\" size=\"6\"> \u00b0C\n\t\t\t<\/p><\/td>\n\t\t<\/tr>\n        <\/tbody><\/table>\n\t<\/div>\n<input type=\"hidden\" name=\"trp-form-language\" value=\"es\"\/><\/form>\n<br>\n<br>\n\n\n\t<\/div><\/div><\/div><div class=\"fusion-layout-column fusion_builder_column fusion-builder-column-5 fusion_builder_column_1_1 1_1 fusion-flex-column\" style=\"--awb-bg-size:cover;--awb-width-large:100%;--awb-margin-top-large:0px;--awb-spacing-right-large:1.92%;--awb-margin-bottom-large:20px;--awb-spacing-left-large:1.92%;--awb-width-medium:100%;--awb-order-medium:0;--awb-spacing-right-medium:1.92%;--awb-spacing-left-medium:1.92%;--awb-width-small:100%;--awb-order-small:0;--awb-spacing-right-small:1.92%;--awb-spacing-left-small:1.92%;\"><div class=\"fusion-column-wrapper fusion-column-has-shadow fusion-flex-justify-content-flex-start fusion-content-layout-column\"><\/div><\/div><div class=\"fusion-layout-column fusion_builder_column fusion-builder-column-6 fusion_builder_column_1_1 1_1 fusion-flex-column\" style=\"--awb-bg-size:cover;--awb-width-large:100%;--awb-margin-top-large:0px;--awb-spacing-right-large:1.92%;--awb-margin-bottom-large:20px;--awb-spacing-left-large:1.92%;--awb-width-medium:100%;--awb-order-medium:0;--awb-spacing-right-medium:1.92%;--awb-spacing-left-medium:1.92%;--awb-width-small:100%;--awb-order-small:0;--awb-spacing-right-small:1.92%;--awb-spacing-left-small:1.92%;\"><div class=\"fusion-column-wrapper fusion-column-has-shadow fusion-flex-justify-content-flex-start fusion-content-layout-column\"><div class=\"fusion-text fusion-text-4\" style=\"--awb-text-transform:none;\"><h4 style=\"text-align: center;\"><span style=\"color: #000000;\">M\u00e1s informaci\u00f3n sobre el punto de ebullici\u00f3n del agua y la precisi\u00f3n del term\u00f3metro<\/span><\/h4>\n<\/div><\/div><\/div><div class=\"fusion-layout-column fusion_builder_column fusion-builder-column-7 fusion_builder_column_1_1 1_1 fusion-flex-column\" style=\"--awb-bg-size:cover;--awb-width-large:100%;--awb-margin-top-large:0px;--awb-spacing-right-large:1.92%;--awb-margin-bottom-large:20px;--awb-spacing-left-large:1.92%;--awb-width-medium:100%;--awb-order-medium:0;--awb-spacing-right-medium:1.92%;--awb-spacing-left-medium:1.92%;--awb-width-small:100%;--awb-order-small:0;--awb-spacing-right-small:1.92%;--awb-spacing-left-small:1.92%;\"><div class=\"fusion-column-wrapper fusion-column-has-shadow fusion-flex-justify-content-flex-start fusion-content-layout-column\"><div class=\"fusion-separator fusion-full-width-sep\" style=\"align-self: center;margin-left: auto;margin-right: auto;width:100%;\"><div class=\"fusion-separator-border sep-single sep-solid\" style=\"--awb-height:20px;--awb-amount:20px;border-color:#e2e2e2;border-top-width:1px;\"><\/div><\/div><\/div><\/div><div class=\"fusion-layout-column fusion_builder_column fusion-builder-column-8 fusion_builder_column_1_2 1_2 fusion-flex-column\" style=\"--awb-bg-size:cover;--awb-width-large:50%;--awb-margin-top-large:0px;--awb-spacing-right-large:3.84%;--awb-margin-bottom-large:20px;--awb-spacing-left-large:3.84%;--awb-width-medium:100%;--awb-order-medium:0;--awb-spacing-right-medium:1.92%;--awb-spacing-left-medium:1.92%;--awb-width-small:100%;--awb-order-small:0;--awb-spacing-right-small:1.92%;--awb-spacing-left-small:1.92%;\"><div class=\"fusion-column-wrapper fusion-column-has-shadow fusion-flex-justify-content-flex-start fusion-content-layout-column\"><div class=\"fusion-text fusion-text-5\" style=\"--awb-text-transform:none;\"><p><a href=\"https:\/\/www.chefstemp.com\/es\/como-calibrar-un-termometro\/\"><span style=\"color: #ff9900;\">C\u00f3mo obtener una lectura precisa de la temperatura<\/span><\/a><\/p>\n<\/div><div class=\"fusion-image-element fusion-no-medium-visibility\" style=\"--awb-caption-title-font-family:var(--h2_typography-font-family);--awb-caption-title-font-weight:var(--h2_typography-font-weight);--awb-caption-title-font-style:var(--h2_typography-font-style);--awb-caption-title-size:var(--h2_typography-font-size);--awb-caption-title-transform:var(--h2_typography-text-transform);--awb-caption-title-line-height:var(--h2_typography-line-height);--awb-caption-title-letter-spacing:var(--h2_typography-letter-spacing);\"><span class=\"fusion-imageframe imageframe-none imageframe-1 hover-type-none\"><img decoding=\"async\" width=\"714\" height=\"667\" alt=\"Lectura precisa\" title=\"Lectura precisa\" src=\"https:\/\/www.chefstemp.com\/wp-content\/uploads\/2021\/11\/Accurate-reading.jpg\" class=\"img-responsive wp-image-4702\" srcset=\"https:\/\/www.chefstemp.com\/wp-content\/uploads\/2021\/11\/Accurate-reading-200x187.jpg 200w, https:\/\/www.chefstemp.com\/wp-content\/uploads\/2021\/11\/Accurate-reading-400x374.jpg 400w, https:\/\/www.chefstemp.com\/wp-content\/uploads\/2021\/11\/Accurate-reading-600x561.jpg 600w, https:\/\/www.chefstemp.com\/wp-content\/uploads\/2021\/11\/Accurate-reading.jpg 714w\" sizes=\"(max-width: 1024px) 100vw, (max-width: 768px) 100vw, 714px\" \/><\/span><\/div><\/div><\/div><div class=\"fusion-layout-column fusion_builder_column fusion-builder-column-9 fusion_builder_column_1_2 1_2 fusion-flex-column\" style=\"--awb-bg-size:cover;--awb-width-large:50%;--awb-margin-top-large:0px;--awb-spacing-right-large:3.84%;--awb-margin-bottom-large:20px;--awb-spacing-left-large:3.84%;--awb-width-medium:100%;--awb-order-medium:0;--awb-spacing-right-medium:1.92%;--awb-spacing-left-medium:1.92%;--awb-width-small:100%;--awb-order-small:0;--awb-spacing-right-small:1.92%;--awb-spacing-left-small:1.92%;\"><div class=\"fusion-column-wrapper fusion-column-has-shadow fusion-flex-justify-content-flex-start fusion-content-layout-column\"><div class=\"fusion-text fusion-text-6\" style=\"--awb-text-transform:none;\"><p><span style=\"color: #ff9900;\">C\u00f3mo probar un term\u00f3metro con el punto de ebullici\u00f3n del agua<\/span><\/p>\n<\/div><div class=\"fusion-image-element\" style=\"text-align:center;--awb-caption-title-font-family:var(--h2_typography-font-family);--awb-caption-title-font-weight:var(--h2_typography-font-weight);--awb-caption-title-font-style:var(--h2_typography-font-style);--awb-caption-title-size:var(--h2_typography-font-size);--awb-caption-title-transform:var(--h2_typography-text-transform);--awb-caption-title-line-height:var(--h2_typography-line-height);--awb-caption-title-letter-spacing:var(--h2_typography-letter-spacing);\"><span class=\"fusion-imageframe imageframe-none imageframe-2 hover-type-none\"><img decoding=\"async\" width=\"714\" height=\"667\" alt=\"Lectura precisa de agua hirviendo 1\" title=\"Lectura precisa de agua hirviendo 1\" src=\"https:\/\/www.chefstemp.com\/wp-content\/uploads\/2021\/11\/Accurate-reading-boiling-water-1.jpg\" class=\"img-responsive wp-image-4708\" srcset=\"https:\/\/www.chefstemp.com\/wp-content\/uploads\/2021\/11\/Accurate-reading-boiling-water-1-200x187.jpg 200w, https:\/\/www.chefstemp.com\/wp-content\/uploads\/2021\/11\/Accurate-reading-boiling-water-1-400x374.jpg 400w, https:\/\/www.chefstemp.com\/wp-content\/uploads\/2021\/11\/Accurate-reading-boiling-water-1-600x561.jpg 600w, https:\/\/www.chefstemp.com\/wp-content\/uploads\/2021\/11\/Accurate-reading-boiling-water-1.jpg 714w\" sizes=\"(max-width: 1024px) 100vw, (max-width: 768px) 100vw, 714px\" \/><\/span><\/div><\/div><\/div><\/div><\/div>","protected":false},"excerpt":{"rendered":"","protected":false},"author":5,"featured_media":0,"parent":0,"menu_order":0,"comment_status":"closed","ping_status":"closed","template":"","meta":{"_acf_changed":false,"footnotes":""},"class_list":["post-4655","page","type-page","status-publish","hentry"],"acf":[],"_links":{"self":[{"href":"https:\/\/www.chefstemp.com\/es\/wp-json\/wp\/v2\/pages\/4655","targetHints":{"allow":["GET"]}}],"collection":[{"href":"https:\/\/www.chefstemp.com\/es\/wp-json\/wp\/v2\/pages"}],"about":[{"href":"https:\/\/www.chefstemp.com\/es\/wp-json\/wp\/v2\/types\/page"}],"author":[{"embeddable":true,"href":"https:\/\/www.chefstemp.com\/es\/wp-json\/wp\/v2\/users\/5"}],"replies":[{"embeddable":true,"href":"https:\/\/www.chefstemp.com\/es\/wp-json\/wp\/v2\/comments?post=4655"}],"version-history":[{"count":0,"href":"https:\/\/www.chefstemp.com\/es\/wp-json\/wp\/v2\/pages\/4655\/revisions"}],"wp:attachment":[{"href":"https:\/\/www.chefstemp.com\/es\/wp-json\/wp\/v2\/media?parent=4655"}],"curies":[{"name":"wp","href":"https:\/\/api.w.org\/{rel}","templated":true}]}}