{"id":10087,"date":"2022-06-29T11:27:15","date_gmt":"2022-06-29T03:27:15","guid":{"rendered":"https:\/\/www.chefstemp.com\/?post_type=product&#038;p=10087"},"modified":"2026-03-28T07:52:56","modified_gmt":"2026-03-27T23:52:56","slug":"probe-o-ring","status":"publish","type":"product","link":"https:\/\/www.chefstemp.com\/es\/producto\/junta-torica-de-la-sonda\/","title":{"rendered":"Junta t\u00f3rica ChefsTemp (8 piezas, 4 colores) para sonda Quad XPro ProTemp Plus"},"content":{"rendered":"<p>Juego de juntas t\u00f3ricas ChefsTemp: Actualice su sonda Quad XPro con nuestro juego de 8 juntas t\u00f3ricas de repuesto de 4 colores. Dise\u00f1adas para una compatibilidad perfecta con las sondas ChefsTemp XPro, estas juntas t\u00f3ricas de colores no solo le dan un toque moderno a su dispositivo, sino que tambi\u00e9n ayudan a diferenciar los canales de la sonda para una cocci\u00f3n organizada.<\/p>\n<p><strong>Atenci\u00f3n: Este producto requiere el pago de una determinada tarifa de env\u00edo a una direcci\u00f3n de EE. UU.<\/strong><\/p>","protected":false},"excerpt":{"rendered":"<div id=\"featurebullets_feature_div\" class=\"celwidget\" data-feature-name=\"featurebullets\" data-csa-c-id=\"7ku6to-s3knjg-wptdsn-kulz1y\" data-cel-widget=\"featurebullets_feature_div\">\n<div id=\"feature-bullets\" class=\"a-section a-spacing-medium a-spacing-top-small\">\n<ul class=\"a-unordered-list a-vertical a-spacing-mini\">\n<li><span class=\"a-list-item\">Incluye 8 juntas t\u00f3ricas de repuesto.<\/span><\/li>\n<li><span class=\"a-list-item\">Compatible con sondas ChefsTemp XPro.<\/span><\/li>\n<li><span class=\"a-list-item\">4 colores, se pueden utilizar para distinguir las sondas de diferentes canales.<\/span><\/li>\n<\/ul>\n<\/div>\n<\/div>","protected":false},"featured_media":10088,"comment_status":"open","ping_status":"closed","template":"","meta":{"_acf_changed":false},"product_brand":[],"product_cat":[15,1426],"product_tag":[],"class_list":{"0":"post-10087","1":"product","2":"type-product","3":"status-publish","4":"has-post-thumbnail","6":"product_cat-meat-thermometer","7":"product_cat-accessories","8":"product_shipping_class-refrigerator-stickers-rubber-rings","10":"first","11":"instock","12":"taxable","13":"shipping-taxable","14":"purchasable","15":"product-type-simple"},"acf":[],"_links":{"self":[{"href":"https:\/\/www.chefstemp.com\/es\/wp-json\/wp\/v2\/product\/10087","targetHints":{"allow":["GET"]}}],"collection":[{"href":"https:\/\/www.chefstemp.com\/es\/wp-json\/wp\/v2\/product"}],"about":[{"href":"https:\/\/www.chefstemp.com\/es\/wp-json\/wp\/v2\/types\/product"}],"replies":[{"embeddable":true,"href":"https:\/\/www.chefstemp.com\/es\/wp-json\/wp\/v2\/comments?post=10087"}],"wp:featuredmedia":[{"embeddable":true,"href":"https:\/\/www.chefstemp.com\/es\/wp-json\/wp\/v2\/media\/10088"}],"wp:attachment":[{"href":"https:\/\/www.chefstemp.com\/es\/wp-json\/wp\/v2\/media?parent=10087"}],"wp:term":[{"taxonomy":"product_brand","embeddable":true,"href":"https:\/\/www.chefstemp.com\/es\/wp-json\/wp\/v2\/product_brand?post=10087"},{"taxonomy":"product_cat","embeddable":true,"href":"https:\/\/www.chefstemp.com\/es\/wp-json\/wp\/v2\/product_cat?post=10087"},{"taxonomy":"product_tag","embeddable":true,"href":"https:\/\/www.chefstemp.com\/es\/wp-json\/wp\/v2\/product_tag?post=10087"}],"curies":[{"name":"wp","href":"https:\/\/api.w.org\/{rel}","templated":true}]}}