{"id":15274,"date":"2023-12-27T11:14:01","date_gmt":"2023-12-27T03:14:01","guid":{"rendered":"https:\/\/www.chefstemp.com\/?post_type=product&#038;p=15274"},"modified":"2026-05-15T11:28:41","modified_gmt":"2026-05-15T03:28:41","slug":"x10-lite","status":"publish","type":"product","link":"https:\/\/www.chefstemp.com\/es\/producto\/x10-lite\/","title":{"rendered":"Term\u00f3metro de lectura instant\u00e1nea para carne ChefsTemp X10 Lite"},"content":{"rendered":"<h4><strong>Presupuesto:<\/strong><\/h4>\n<ul class=\"a-unordered-list a-vertical\">\n<li><span class=\"a-list-item\"><span class=\"a-size-base\">Tiempo de lectura: 1 segundo<\/span><\/span><\/li>\n<li><span class=\"a-list-item\"><span class=\"a-size-base\">Precisi\u00f3n: \u00b10,7 \u00b0F (\u00b10,4 \u00b0C)<\/span><\/span><\/li>\n<li><span class=\"a-list-item\"><span class=\"a-size-base\">Rango de temperatura: -22 a 572 \u00b0F (-30 a 300 \u00b0C)<\/span><\/span><\/li>\n<li><span class=\"a-list-item\"><span class=\"a-size-base\">Unidades: \u2109\/\u2103 Configurables<\/span><\/span><\/li>\n<li><span class=\"a-list-item\"><span class=\"a-size-base\">Duraci\u00f3n de la bater\u00eda: 4000 horas<\/span><\/span><\/li>\n<li><span class=\"a-list-item\"><span class=\"a-size-base\">Bater\u00eda: pilas AAA x2<\/span><\/span><\/li>\n<li>Dimensiones: 6,25 alto x 1,57 ancho x 0,78 profundidad pulgadas (159 alto x 40 ancho x 20 profundidad mm)<\/li>\n<li>Pantalla: 1,65 alto x 0,67 ancho pulgadas (42 alto x 17 ancho mm)<\/li>\n<li>Peso: 0,43 libras (198 g)<\/li>\n<li>Resoluci\u00f3n: 0,1\u00b0<\/li>\n<\/ul>","protected":false},"excerpt":{"rendered":"<p>El term\u00f3metro de alimentos de lectura instant\u00e1nea ChefsTemp X10 Lite es la soluci\u00f3n perfecta para medir con precisi\u00f3n la temperatura de carnes, dulces o l\u00edquidos en un instante. Cuenta con una gran pantalla retroiluminada con sensor de movimiento y funci\u00f3n de encendido y apagado autom\u00e1tico, lo que garantiza visibilidad incluso en las condiciones m\u00e1s oscuras. El term\u00f3metro est\u00e1 precalibrado, lo que permite usarlo inmediatamente desde el primer momento, lo que lo convierte en la herramienta perfecta tanto para principiantes como para chefs experimentados que valoran la precisi\u00f3n y la facilidad en sus tareas culinarias.<\/p>","protected":false},"featured_media":15372,"comment_status":"open","ping_status":"closed","template":"","meta":{"_acf_changed":false},"product_brand":[],"product_cat":[15,1391,1400,1425],"product_tag":[],"class_list":{"0":"post-15274","1":"product","2":"type-product","3":"status-publish","4":"has-post-thumbnail","6":"product_cat-meat-thermometer","7":"product_cat-finaltouch-x10","8":"product_cat-instant-reat-meat-thermometer","9":"product_cat-instant-thermometers","11":"first","12":"instock","13":"sale","14":"taxable","15":"shipping-taxable","16":"purchasable","17":"product-type-variable"},"acf":[],"_links":{"self":[{"href":"https:\/\/www.chefstemp.com\/es\/wp-json\/wp\/v2\/product\/15274","targetHints":{"allow":["GET"]}}],"collection":[{"href":"https:\/\/www.chefstemp.com\/es\/wp-json\/wp\/v2\/product"}],"about":[{"href":"https:\/\/www.chefstemp.com\/es\/wp-json\/wp\/v2\/types\/product"}],"replies":[{"embeddable":true,"href":"https:\/\/www.chefstemp.com\/es\/wp-json\/wp\/v2\/comments?post=15274"}],"wp:featuredmedia":[{"embeddable":true,"href":"https:\/\/www.chefstemp.com\/es\/wp-json\/wp\/v2\/media\/15372"}],"wp:attachment":[{"href":"https:\/\/www.chefstemp.com\/es\/wp-json\/wp\/v2\/media?parent=15274"}],"wp:term":[{"taxonomy":"product_brand","embeddable":true,"href":"https:\/\/www.chefstemp.com\/es\/wp-json\/wp\/v2\/product_brand?post=15274"},{"taxonomy":"product_cat","embeddable":true,"href":"https:\/\/www.chefstemp.com\/es\/wp-json\/wp\/v2\/product_cat?post=15274"},{"taxonomy":"product_tag","embeddable":true,"href":"https:\/\/www.chefstemp.com\/es\/wp-json\/wp\/v2\/product_tag?post=15274"}],"curies":[{"name":"wp","href":"https:\/\/api.w.org\/{rel}","templated":true}]}}