{"id":15456,"date":"2024-01-22T16:24:05","date_gmt":"2024-01-22T08:24:05","guid":{"rendered":"https:\/\/www.chefstemp.com\/?post_type=product&#038;p=15456"},"modified":"2026-05-17T01:38:31","modified_gmt":"2026-05-16T17:38:31","slug":"chefstemp-wireless-probe","status":"publish","type":"product","link":"https:\/\/www.chefstemp.com\/es\/producto\/sonda-inalambrica-chefstemp\/","title":{"rendered":"Reemplazo de sonda inal\u00e1mbrica original ChefsTemp para ProTemp Plus"},"content":{"rendered":"","protected":false},"excerpt":{"rendered":"<ul>\n<li>Mide tanto la temperatura interna de la carne como la temperatura ambiente cercana a los alimentos (<strong>Nota importante:<\/strong> Cuando la sonda est\u00e9 conectada al ProTemp S1, la temperatura ambiente que se muestra en la p\u00e1gina de la sonda en la aplicaci\u00f3n reflejar\u00e1 la temperatura ambiente medida por la unidad principal del ProTemp S1. La lectura de la temperatura ambiente local de la sonda no se mostrar\u00e1.<\/li>\n<li>Fabricado con acero inoxidable y cer\u00e1mica de zirconio resistente al calor.<\/li>\n<li>Tama\u00f1o: 125 \u00d7 28 \u00d7 7 mm (4,92 \u00d7 1,10 \u00d7 0,27 pulgadas) para Regular, 95 \u00d7 28 \u00d7 7 mm (3,74 \u00d7 1,10 \u00d7 0,27 pulgadas) para Mini<\/li>\n<li>Di\u00e1metro: 6 mm para Regular, 5,5 mm para Mini<\/li>\n<li>Temperatura interna m\u00e1xima: 212 \u00b0F (100 \u00b0C)<\/li>\n<li>Temperatura ambiente m\u00e1xima: 662 \u00b0F (350 \u00b0C)<\/li>\n<li>Precisi\u00f3n: \u00b11 \u00b0F (0,5 \u00b0C)<\/li>\n<li>Mant\u00e9ngase encendido durante 30 horas despu\u00e9s de una carga completa<\/li>\n<li>La mini sonda es ideal para medir alimentos peque\u00f1os y delgados.<\/li>\n<\/ul>","protected":false},"featured_media":15501,"comment_status":"open","ping_status":"closed","template":"","meta":{"_acf_changed":false},"product_brand":[],"product_cat":[15,1424,1472],"product_tag":[],"class_list":{"0":"post-15456","1":"product","2":"type-product","3":"status-publish","4":"has-post-thumbnail","6":"product_cat-meat-thermometer","7":"product_cat-leave-in-meat-thermometer","8":"product_cat-wifi-wireless-meat-thermometer","10":"first","11":"instock","12":"taxable","13":"shipping-taxable","14":"purchasable","15":"product-type-variable"},"acf":[],"_links":{"self":[{"href":"https:\/\/www.chefstemp.com\/es\/wp-json\/wp\/v2\/product\/15456","targetHints":{"allow":["GET"]}}],"collection":[{"href":"https:\/\/www.chefstemp.com\/es\/wp-json\/wp\/v2\/product"}],"about":[{"href":"https:\/\/www.chefstemp.com\/es\/wp-json\/wp\/v2\/types\/product"}],"replies":[{"embeddable":true,"href":"https:\/\/www.chefstemp.com\/es\/wp-json\/wp\/v2\/comments?post=15456"}],"wp:featuredmedia":[{"embeddable":true,"href":"https:\/\/www.chefstemp.com\/es\/wp-json\/wp\/v2\/media\/15501"}],"wp:attachment":[{"href":"https:\/\/www.chefstemp.com\/es\/wp-json\/wp\/v2\/media?parent=15456"}],"wp:term":[{"taxonomy":"product_brand","embeddable":true,"href":"https:\/\/www.chefstemp.com\/es\/wp-json\/wp\/v2\/product_brand?post=15456"},{"taxonomy":"product_cat","embeddable":true,"href":"https:\/\/www.chefstemp.com\/es\/wp-json\/wp\/v2\/product_cat?post=15456"},{"taxonomy":"product_tag","embeddable":true,"href":"https:\/\/www.chefstemp.com\/es\/wp-json\/wp\/v2\/product_tag?post=15456"}],"curies":[{"name":"wp","href":"https:\/\/api.w.org\/{rel}","templated":true}]}}