{"id":18770,"date":"2024-11-12T12:16:51","date_gmt":"2024-11-12T04:16:51","guid":{"rendered":"https:\/\/www.chefstemp.com\/?post_type=product&#038;p=18770"},"modified":"2026-05-16T00:21:49","modified_gmt":"2026-05-15T16:21:49","slug":"4in1-charger-probe","status":"publish","type":"product","link":"https:\/\/www.chefstemp.com\/es\/producto\/sonda-de-carga-4-en-1\/","title":{"rendered":"Cargador de sonda 4 en 1 y sonda inal\u00e1mbrica original: accesorio para ProTemp S1 (requiere ProTemp S1; no se puede utilizar de forma independiente)"},"content":{"rendered":"","protected":false},"excerpt":{"rendered":"<p>Especificaciones de la sonda:<\/p>\n<ul>\n<li>Tama\u00f1o: 125 \u00d7 28 \u00d7 7 mm (4,92 \u00d7 1,10 \u00d7 0,27 pulgadas) para Regular, 95 \u00d7 28 \u00d7 7 mm (3,74 \u00d7 1,10 \u00d7 0,27 pulgadas) para Mini<\/li>\n<li>Di\u00e1metro: 6 mm para Regular, 5,5 mm para Mini<\/li>\n<li>Temperatura interna m\u00e1xima: 212 \u00b0F (100 \u00b0C)<\/li>\n<li>Temperatura ambiente m\u00e1xima: 662 \u00b0F (350 \u00b0C)<\/li>\n<li>Precisi\u00f3n: \u00b10,9 \u00b0F (0,5 \u00b0C)<\/li>\n<li>Mant\u00e9ngase encendido durante 30 horas despu\u00e9s de una carga completa<\/li>\n<li>Fabricado con acero inoxidable y cer\u00e1mica de zirconio resistente al calor.<\/li>\n<li>Carga completa en solo 10-15 minutos: recomendamos cargar completamente la sonda antes de cada uso.<\/li>\n<\/ul>\n<p><a href=\"https:\/\/drive.google.com\/file\/d\/1j2JpR2kE5FXuSx5BRgG_fsOZpqzwyrxg\/view?usp=sharing\" target=\"_blank\" rel=\"noopener\">Consulte el manual del usuario del cargador 4 en 1 aqu\u00ed<br \/>\n<\/a><\/p>","protected":false},"featured_media":29201,"comment_status":"open","ping_status":"closed","template":"","meta":{"_acf_changed":false},"product_brand":[],"product_cat":[15,1423],"product_tag":[1411],"class_list":{"0":"post-18770","1":"product","2":"type-product","3":"status-publish","4":"has-post-thumbnail","6":"product_cat-meat-thermometer","7":"product_cat-protemp-s1","8":"product_tag-auto-grill-bundle-without-adapter","9":"product_shipping_class-s1-breezo-base-charger","11":"first","12":"instock","13":"taxable","14":"shipping-taxable","15":"purchasable","16":"product-type-variable","17":"has-default-attributes"},"acf":[],"_links":{"self":[{"href":"https:\/\/www.chefstemp.com\/es\/wp-json\/wp\/v2\/product\/18770","targetHints":{"allow":["GET"]}}],"collection":[{"href":"https:\/\/www.chefstemp.com\/es\/wp-json\/wp\/v2\/product"}],"about":[{"href":"https:\/\/www.chefstemp.com\/es\/wp-json\/wp\/v2\/types\/product"}],"replies":[{"embeddable":true,"href":"https:\/\/www.chefstemp.com\/es\/wp-json\/wp\/v2\/comments?post=18770"}],"wp:featuredmedia":[{"embeddable":true,"href":"https:\/\/www.chefstemp.com\/es\/wp-json\/wp\/v2\/media\/29201"}],"wp:attachment":[{"href":"https:\/\/www.chefstemp.com\/es\/wp-json\/wp\/v2\/media?parent=18770"}],"wp:term":[{"taxonomy":"product_brand","embeddable":true,"href":"https:\/\/www.chefstemp.com\/es\/wp-json\/wp\/v2\/product_brand?post=18770"},{"taxonomy":"product_cat","embeddable":true,"href":"https:\/\/www.chefstemp.com\/es\/wp-json\/wp\/v2\/product_cat?post=18770"},{"taxonomy":"product_tag","embeddable":true,"href":"https:\/\/www.chefstemp.com\/es\/wp-json\/wp\/v2\/product_tag?post=18770"}],"curies":[{"name":"wp","href":"https:\/\/api.w.org\/{rel}","templated":true}]}}