{"id":33977,"date":"2025-05-28T13:57:43","date_gmt":"2025-05-28T05:57:43","guid":{"rendered":"https:\/\/www.chefstemp.com\/?post_type=product&#038;p=33977"},"modified":"2026-04-02T11:16:55","modified_gmt":"2026-04-02T03:16:55","slug":"chefstemp-o-ring-8-pieces-4-colors-and-probe-number-clips-for-protemp-plus-probe","status":"publish","type":"product","link":"https:\/\/www.chefstemp.com\/es\/producto\/junta-torica-chefstemp-8-piezas-4-colores-y-clips-para-numero-de-sonda-para-sonda-protemp-plus\/","title":{"rendered":"Juego de 8 juntas t\u00f3ricas ChefsTemp de 4 colores y clips para sonda ProTemp Plus original"},"content":{"rendered":"<p>Juego de juntas t\u00f3ricas ChefsTemp: Actualice su sonda ProTemp Plus con nuestro juego de 8 juntas t\u00f3ricas de repuesto de 4 colores. Dise\u00f1adas para una compatibilidad perfecta con las sondas ProTemp Plus, estas juntas t\u00f3ricas de colores no solo le dan un toque moderno a su dispositivo, sino que tambi\u00e9n ayudan a diferenciar los canales de la sonda para una cocci\u00f3n organizada.<\/p>\n<p>Clips Numerados para Sonda: Puedes instalar estas piezas met\u00e1licas con n\u00fameros en la sonda para distinguir f\u00e1cilmente el canal donde se encuentra la sonda, n\u00fameros del 1 al 3.<\/p>\n<p>Nota: Este producto incluye un juego de juntas t\u00f3ricas (8 piezas) y un juego de clips de n\u00famero de sonda (3 piezas)<\/p>\n<p><strong>El di\u00e1metro de los clips del n\u00famero de sonda es de 6,2 mm y no se puede utilizar con sondas ProTemp 2 Plus.<\/strong><\/p>\n<p><strong>Atenci\u00f3n: Este producto requiere el pago de una determinada tarifa de env\u00edo a una direcci\u00f3n de EE. UU.<\/strong><\/p>","protected":false},"excerpt":{"rendered":"<div id=\"featurebullets_feature_div\" class=\"celwidget\" data-feature-name=\"featurebullets\" data-csa-c-id=\"7ku6to-s3knjg-wptdsn-kulz1y\" data-cel-widget=\"featurebullets_feature_div\">\n<div id=\"feature-bullets\" class=\"a-section a-spacing-medium a-spacing-top-small\">\n<ul class=\"a-unordered-list a-vertical a-spacing-mini\">\n<li><span class=\"a-list-item\">Incluye 8 juntas t\u00f3ricas de repuesto y 3 clips de n\u00famero de sonda.<\/span><\/li>\n<li><span class=\"a-list-item\">Compatible con sondas ChefsTemp ProTemp Plus.<\/span><\/li>\n<li><span class=\"a-list-item\">Se pueden utilizar 4 juntas t\u00f3ricas de colores y 3 clips numerados 1, 2, 3, para distinguir las sondas de diferentes canales.<\/span><\/li>\n<\/ul>\n<\/div>\n<\/div>","protected":false},"featured_media":33978,"comment_status":"open","ping_status":"closed","template":"","meta":{"_acf_changed":false},"product_brand":[],"product_cat":[15,1426],"product_tag":[],"class_list":{"0":"post-33977","1":"product","2":"type-product","3":"status-publish","4":"has-post-thumbnail","6":"product_cat-meat-thermometer","7":"product_cat-accessories","8":"product_shipping_class-refrigerator-stickers-rubber-rings","10":"first","11":"instock","12":"taxable","13":"shipping-taxable","14":"purchasable","15":"product-type-simple"},"acf":[],"_links":{"self":[{"href":"https:\/\/www.chefstemp.com\/es\/wp-json\/wp\/v2\/product\/33977","targetHints":{"allow":["GET"]}}],"collection":[{"href":"https:\/\/www.chefstemp.com\/es\/wp-json\/wp\/v2\/product"}],"about":[{"href":"https:\/\/www.chefstemp.com\/es\/wp-json\/wp\/v2\/types\/product"}],"replies":[{"embeddable":true,"href":"https:\/\/www.chefstemp.com\/es\/wp-json\/wp\/v2\/comments?post=33977"}],"wp:featuredmedia":[{"embeddable":true,"href":"https:\/\/www.chefstemp.com\/es\/wp-json\/wp\/v2\/media\/33978"}],"wp:attachment":[{"href":"https:\/\/www.chefstemp.com\/es\/wp-json\/wp\/v2\/media?parent=33977"}],"wp:term":[{"taxonomy":"product_brand","embeddable":true,"href":"https:\/\/www.chefstemp.com\/es\/wp-json\/wp\/v2\/product_brand?post=33977"},{"taxonomy":"product_cat","embeddable":true,"href":"https:\/\/www.chefstemp.com\/es\/wp-json\/wp\/v2\/product_cat?post=33977"},{"taxonomy":"product_tag","embeddable":true,"href":"https:\/\/www.chefstemp.com\/es\/wp-json\/wp\/v2\/product_tag?post=33977"}],"curies":[{"name":"wp","href":"https:\/\/api.w.org\/{rel}","templated":true}]}}