{"id":42173,"date":"2025-09-10T16:53:07","date_gmt":"2025-09-10T08:53:07","guid":{"rendered":"https:\/\/www.chefstemp.com\/?post_type=product&#038;p=42173"},"modified":"2026-04-05T03:13:55","modified_gmt":"2026-04-04T19:13:55","slug":"chefstemp-o-ring-8-pieces-4-colors-and-probe-number-clips-set-for-protemp-2-plus-needle-probe","status":"publish","type":"product","link":"https:\/\/www.chefstemp.com\/es\/producto\/juego-de-8-juntas-toricas-chefstemp-de-4-colores-y-clips-para-sonda-protemp-2-plus-sonda-de-aguja\/","title":{"rendered":"Juego de 8 juntas t\u00f3ricas ChefsTemp de 4 colores y clips para sonda de aguja ProTemp 2 Plus"},"content":{"rendered":"<p dir=\"auto\"><strong>Juego de clips para junta t\u00f3rica y n\u00famero de sonda ChefsTemp<\/strong> \u00a1Refresca y organiza tu ProTemp 2 Plus como nunca antes!<\/p>\n<p dir=\"auto\">Este kit de actualizaci\u00f3n completo incluye:<\/p>\n<ul dir=\"auto\">\n<li><strong>Juego de juntas t\u00f3ricas premium de 8 piezas<\/strong> (4 colores vibrantes \u00d7 2 piezas de cada uno): refresque instant\u00e1neamente los sellos de su sonda mientras agrega un toque de color \u2192 La codificaci\u00f3n por colores lo ayuda a identificar r\u00e1pidamente diferentes canales de sonda durante cocciones complejas.<\/li>\n<li><strong>Clips de sonda met\u00e1licos numerados de 4 piezas<\/strong> (n\u00fameros 1 a 4): se sujetan f\u00e1cilmente a las sondas para marcar claramente a qu\u00e9 canal pertenece cada sonda \u2192 Perfecto para asar a la parrilla, ahumar o asar al horno en varias zonas.<\/li>\n<\/ul>\n<p dir=\"auto\"><strong>Nota importante de compatibilidad:<\/strong> Los clips de n\u00famero de sonda tienen un di\u00e1metro interior de 4 mm y est\u00e1n dise\u00f1ados exclusivamente para <strong>ProTemp 2 Plus<\/strong> agujas. Son <strong>no compatible<\/strong> con las sondas ProTemp Plus originales.<\/p>\n<p dir=\"auto\">Actualice su configuraci\u00f3n hoy: \u00a1mejor organizaci\u00f3n, identificaci\u00f3n m\u00e1s clara y una apariencia renovada en un pr\u00e1ctico kit!<\/p>\n<p dir=\"auto\"><strong>Atenci\u00f3n: Este producto requiere el pago de una determinada tarifa de env\u00edo a una direcci\u00f3n de EE. UU.<\/strong><\/p>","protected":false},"excerpt":{"rendered":"<div id=\"featurebullets_feature_div\" class=\"celwidget\" data-feature-name=\"featurebullets\" data-csa-c-id=\"7ku6to-s3knjg-wptdsn-kulz1y\" data-cel-widget=\"featurebullets_feature_div\">\n<div id=\"feature-bullets\" class=\"a-section a-spacing-medium a-spacing-top-small\">\n<ul class=\"a-unordered-list a-vertical a-spacing-mini\">\n<li><span class=\"a-list-item\">Incluye 8 juntas t\u00f3ricas de repuesto y 4 clips de n\u00famero de sonda.<\/span><\/li>\n<li><span class=\"a-list-item\">Compatible con sondas de aguja ChefsTemp ProTemp 2 Plus.<\/span><\/li>\n<li><span class=\"a-list-item\">Se pueden utilizar 4 juntas t\u00f3ricas de 4 colores y 4 clips numerados 1, 2, 3, 4, para distinguir las sondas de diferentes canales.<\/span><\/li>\n<li><strong>El di\u00e1metro de las pinzas de n\u00famero de sonda es de 4 mm. No se pueden usar con sondas ProTemp Plus originales.<\/strong><\/li>\n<\/ul>\n<\/div>\n<\/div>","protected":false},"featured_media":48650,"comment_status":"open","ping_status":"closed","template":"","meta":{"_acf_changed":false},"product_brand":[],"product_cat":[15,1426],"product_tag":[],"class_list":{"0":"post-42173","1":"product","2":"type-product","3":"status-publish","4":"has-post-thumbnail","6":"product_cat-meat-thermometer","7":"product_cat-accessories","8":"product_shipping_class-refrigerator-stickers-rubber-rings","10":"first","11":"instock","12":"taxable","13":"shipping-taxable","14":"purchasable","15":"product-type-simple"},"acf":[],"_links":{"self":[{"href":"https:\/\/www.chefstemp.com\/es\/wp-json\/wp\/v2\/product\/42173","targetHints":{"allow":["GET"]}}],"collection":[{"href":"https:\/\/www.chefstemp.com\/es\/wp-json\/wp\/v2\/product"}],"about":[{"href":"https:\/\/www.chefstemp.com\/es\/wp-json\/wp\/v2\/types\/product"}],"replies":[{"embeddable":true,"href":"https:\/\/www.chefstemp.com\/es\/wp-json\/wp\/v2\/comments?post=42173"}],"wp:featuredmedia":[{"embeddable":true,"href":"https:\/\/www.chefstemp.com\/es\/wp-json\/wp\/v2\/media\/48650"}],"wp:attachment":[{"href":"https:\/\/www.chefstemp.com\/es\/wp-json\/wp\/v2\/media?parent=42173"}],"wp:term":[{"taxonomy":"product_brand","embeddable":true,"href":"https:\/\/www.chefstemp.com\/es\/wp-json\/wp\/v2\/product_brand?post=42173"},{"taxonomy":"product_cat","embeddable":true,"href":"https:\/\/www.chefstemp.com\/es\/wp-json\/wp\/v2\/product_cat?post=42173"},{"taxonomy":"product_tag","embeddable":true,"href":"https:\/\/www.chefstemp.com\/es\/wp-json\/wp\/v2\/product_tag?post=42173"}],"curies":[{"name":"wp","href":"https:\/\/api.w.org\/{rel}","templated":true}]}}