{"id":4263,"date":"2021-10-27T10:55:12","date_gmt":"2021-10-27T02:55:12","guid":{"rendered":"https:\/\/www.chefstemp.com\/?post_type=product&#038;p=4263"},"modified":"2025-12-09T14:27:03","modified_gmt":"2025-12-09T06:27:03","slug":"chefstemp-safe-cook-temp-magnet","status":"publish","type":"product","link":"https:\/\/www.chefstemp.com\/es\/producto\/iman-de-temperatura-de-coccion-segura-chefstemp\/","title":{"rendered":"Im\u00e1n de temperatura de cocci\u00f3n segura ChefsTemp"},"content":{"rendered":"<ul>\n<li>Im\u00e1n de temperatura de cocci\u00f3n segura. Informaci\u00f3n e im\u00e1genes f\u00e1ciles de entender que le permitir\u00e1n cocinar la carne de forma perfecta y segura en todo momento. Podr\u00e1 obtener carne perfectamente cocinada gracias al control preciso de la temperatura.<\/li>\n<li>El im\u00e1n gu\u00eda de temperatura est\u00e1 hecho de vinilo de alta calidad que no se descascara ni se astilla. Es resistente y cuenta con un soporte resistente que no se desprender\u00e1 del refrigerador. Resistente al agua y f\u00e1cil de limpiar, permanecer\u00e1 en su refrigerador durante a\u00f1os. Alta calidad de producci\u00f3n, dise\u00f1o, forma y funci\u00f3n.<\/li>\n<li>Temperaturas internas seguras m\u00ednimas recomendadas por el USDA para la carne. Gu\u00eda de cocci\u00f3n y parrilla para pollo, pavo, filetes de res, cerdo y m\u00e1s. Supervise de forma segura la cocci\u00f3n y parrillada de las carnes y evite que se cocinen demasiado. Un regalo maravilloso para quienes se inician en el mundo de las ollas a presi\u00f3n.<\/li>\n<li>Tama\u00f1o de 8,9 x 6 cm, lo suficientemente peque\u00f1o como para colocarlo c\u00f3modamente en una parrilla o refrigerador. Tiene la parte frontal a todo color y la trasera sin color. Ideal tanto para principiantes como para profesionales: un excelente regalo de cocina y una gu\u00eda de referencia esencial para la cocina o la barbacoa.<\/li>\n<li>Este im\u00e1n para refrigerador sirve para decorar el refrigerador de tu cocina. Estos bonitos imanes decorativos cuadrados te permiten fijar tu mensaje y foto o im\u00e1genes favoritas en superficies met\u00e1licas. Los imanes adhesivos para guardar la fecha son perfectos para colocar notas, fotos, postales, men\u00fas, recetas y documentos en la puerta del refrigerador.<\/li>\n<\/ul>","protected":false},"excerpt":{"rendered":"<h3 class=\"fusion-responsive-typography-calculated\" data-fontsize=\"36\" data-lineheight=\"46.8px\"><strong>BIFE<\/strong><\/h3>\n<p>Los filetes, chuletas y asados deben cocinarse a 145 grados Fahrenheit, a un punto medio cl\u00e1sico.<\/p>\n<p><strong>Temperatura\u00a0<\/strong><\/p>\n<ul>\n<li>Medio crudo \u2013 130 \u2013 135 (rosa)<\/li>\n<li>Mediano 135 \u2013 145 (Algo de rosa)<\/li>\n<li>Medium Plus \u2013 150 (Un poco rosa)<\/li>\n<li>Pozo 145 \u2013 155 (Plata o Rosa Claro)<\/li>\n<li>Bien hecho 155 \u2013 165 (Mayormente marr\u00f3n)<\/li>\n<\/ul>\n<h3 class=\"fusion-responsive-typography-calculated\" data-fontsize=\"36\" data-lineheight=\"46.8px\"><strong>AVES DE CORRAL<\/strong><\/h3>\n<p>El pollo y el pavo deben cocinarse a 165 grados Fahrenheit.<\/p>\n<h3 class=\"fusion-responsive-typography-calculated\" data-fontsize=\"36\" data-lineheight=\"46.8px\"><strong>MARISCOS<\/strong><\/h3>\n<p>El pescado y los mariscos deben cocinarse a 145 grados Fahrenheit.<\/p>\n<h3 class=\"fusion-responsive-typography-calculated\" data-fontsize=\"36\" data-lineheight=\"46.8px\"><strong>CERDO<\/strong><\/h3>\n<p>La temperatura segura seg\u00fan el USDA es 145 \u2109.<br \/>\nCostillas de cerdo a la barbacoa: 190-205 \u00b0F<br \/>\nPaleta de cerdo a la barbacoa: 190-205 \u00b0F<\/p>","protected":false},"featured_media":4264,"comment_status":"open","ping_status":"closed","template":"","meta":{"_acf_changed":false},"product_brand":[],"product_cat":[15],"product_tag":[],"class_list":{"0":"post-4263","1":"product","2":"type-product","3":"status-publish","4":"has-post-thumbnail","6":"product_cat-meat-thermometer","7":"product_shipping_class-refrigerator-stickers-rubber-rings","9":"first","10":"outofstock","11":"taxable","12":"shipping-taxable","13":"purchasable","14":"product-type-simple"},"acf":[],"_links":{"self":[{"href":"https:\/\/www.chefstemp.com\/es\/wp-json\/wp\/v2\/product\/4263","targetHints":{"allow":["GET"]}}],"collection":[{"href":"https:\/\/www.chefstemp.com\/es\/wp-json\/wp\/v2\/product"}],"about":[{"href":"https:\/\/www.chefstemp.com\/es\/wp-json\/wp\/v2\/types\/product"}],"replies":[{"embeddable":true,"href":"https:\/\/www.chefstemp.com\/es\/wp-json\/wp\/v2\/comments?post=4263"}],"wp:featuredmedia":[{"embeddable":true,"href":"https:\/\/www.chefstemp.com\/es\/wp-json\/wp\/v2\/media\/4264"}],"wp:attachment":[{"href":"https:\/\/www.chefstemp.com\/es\/wp-json\/wp\/v2\/media?parent=4263"}],"wp:term":[{"taxonomy":"product_brand","embeddable":true,"href":"https:\/\/www.chefstemp.com\/es\/wp-json\/wp\/v2\/product_brand?post=4263"},{"taxonomy":"product_cat","embeddable":true,"href":"https:\/\/www.chefstemp.com\/es\/wp-json\/wp\/v2\/product_cat?post=4263"},{"taxonomy":"product_tag","embeddable":true,"href":"https:\/\/www.chefstemp.com\/es\/wp-json\/wp\/v2\/product_tag?post=4263"}],"curies":[{"name":"wp","href":"https:\/\/api.w.org\/{rel}","templated":true}]}}