{"id":9929,"date":"2022-06-24T15:50:16","date_gmt":"2022-06-24T07:50:16","guid":{"rendered":"https:\/\/www.chefstemp.com\/?post_type=product&#038;p=9929"},"modified":"2026-04-22T07:29:18","modified_gmt":"2026-04-21T23:29:18","slug":"chefstemp-probe-replacement-for-quad-xpro-long-range-remote-thermometer","status":"publish","type":"product","link":"https:\/\/www.chefstemp.com\/es\/producto\/sonda-de-repuesto-chefstemp-para-termometro-remoto-de-largo-alcance-quad-xpro\/","title":{"rendered":"Sonda de repuesto ChefsTemp para term\u00f3metro remoto de largo alcance Quad XPro"},"content":{"rendered":"<p>Actualice su term\u00f3metro para carne ChefsTemp Quad XPro con nuestra confiable sonda de repuesto. Dise\u00f1ado para soportar temperaturas de hasta 300 \u00b0C (572 \u00b0F) y con un amplio rango de cocci\u00f3n de -50 a 300 \u00b0C (-58 a 572 \u00b0F), puede confiar en su alta precisi\u00f3n para obtener resultados perfectos en todo momento.<\/p>","protected":false},"excerpt":{"rendered":"<ul class=\"a-unordered-list a-vertical a-spacing-mini\">\n<li><span class=\"a-list-item\">\u00daselo como sonda de repuesto para el term\u00f3metro para carne ChefsTemp Quad XPro.<\/span><\/li>\n<li><span class=\"a-list-item\">La sonda soporta hasta 300 \u00b0C (572 \u00b0F). Permite cocinar en un amplio rango de temperaturas, de -50 a 300 \u00b0C (-58 a 572 \u00b0F) con gran precisi\u00f3n.<\/span><\/li>\n<li><span class=\"a-list-item\">Nuestras sondas y cables est\u00e1n fabricados seg\u00fan los est\u00e1ndares IPX7, lo que significa que pueden sumergirse en agua.<\/span><\/li>\n<li><span class=\"a-list-item\">El term\u00f3metro para parrilla cuenta con una sonda de acero inoxidable de grado alimenticio, resistente al agua IPX7 para medir la temperatura de l\u00edquidos, como sopa, leche y m\u00e1s.<\/span><\/li>\n<li><span class=\"a-list-item\">Nota: El cable met\u00e1lico no debe colocarse en el agua durante m\u00e1s de media hora, limpie y seque completamente la sonda despu\u00e9s de cada uso con un pa\u00f1o h\u00famedo despu\u00e9s de cada uso.<\/span><\/li>\n<\/ul>","protected":false},"featured_media":9969,"comment_status":"open","ping_status":"closed","template":"","meta":{"_acf_changed":false},"product_brand":[],"product_cat":[15],"product_tag":[],"class_list":{"0":"post-9929","1":"product","2":"type-product","3":"status-publish","4":"has-post-thumbnail","6":"product_cat-meat-thermometer","8":"first","9":"instock","10":"taxable","11":"shipping-taxable","12":"purchasable","13":"product-type-simple"},"acf":[],"_links":{"self":[{"href":"https:\/\/www.chefstemp.com\/es\/wp-json\/wp\/v2\/product\/9929","targetHints":{"allow":["GET"]}}],"collection":[{"href":"https:\/\/www.chefstemp.com\/es\/wp-json\/wp\/v2\/product"}],"about":[{"href":"https:\/\/www.chefstemp.com\/es\/wp-json\/wp\/v2\/types\/product"}],"replies":[{"embeddable":true,"href":"https:\/\/www.chefstemp.com\/es\/wp-json\/wp\/v2\/comments?post=9929"}],"wp:featuredmedia":[{"embeddable":true,"href":"https:\/\/www.chefstemp.com\/es\/wp-json\/wp\/v2\/media\/9969"}],"wp:attachment":[{"href":"https:\/\/www.chefstemp.com\/es\/wp-json\/wp\/v2\/media?parent=9929"}],"wp:term":[{"taxonomy":"product_brand","embeddable":true,"href":"https:\/\/www.chefstemp.com\/es\/wp-json\/wp\/v2\/product_brand?post=9929"},{"taxonomy":"product_cat","embeddable":true,"href":"https:\/\/www.chefstemp.com\/es\/wp-json\/wp\/v2\/product_cat?post=9929"},{"taxonomy":"product_tag","embeddable":true,"href":"https:\/\/www.chefstemp.com\/es\/wp-json\/wp\/v2\/product_tag?post=9929"}],"curies":[{"name":"wp","href":"https:\/\/api.w.org\/{rel}","templated":true}]}}