{"id":9973,"date":"2022-06-24T16:18:48","date_gmt":"2022-06-24T08:18:48","guid":{"rendered":"https:\/\/www.chefstemp.com\/?post_type=product&#038;p=9973"},"modified":"2025-12-14T07:24:56","modified_gmt":"2025-12-13T23:24:56","slug":"chefstemp-air-probe-replacement-for-quad-xpro-long-range-remote-thermometer","status":"publish","type":"product","link":"https:\/\/www.chefstemp.com\/es\/producto\/sonda-de-aire-chefstemp-de-repuesto-para-termometro-remoto-de-largo-alcance-quad-xpro\/","title":{"rendered":"Sonda de aire ChefsTemp de repuesto para term\u00f3metro remoto de largo alcance Quad XPro"},"content":{"rendered":"<p>Mejore su term\u00f3metro para carne ChefsTemp Quad XPro con nuestra sonda de aire de repuesto premium. Dise\u00f1ada para soportar temperaturas de hasta 300 \u00b0C (572 \u00b0F) y con un amplio rango de cocci\u00f3n de -50 a 300 \u00b0C (-58 a 572 \u00b0F), puede confiar en su excepcional precisi\u00f3n para un control preciso de la temperatura.<\/p>","protected":false},"excerpt":{"rendered":"<ul class=\"a-unordered-list a-vertical a-spacing-mini\">\n<li><span class=\"a-list-item\">\u00daselo como sonda de aire de repuesto para el term\u00f3metro para carne ChefsTemp Quad XPro.<\/span><\/li>\n<li><span class=\"a-list-item\">La sonda soporta hasta 300 \u00b0C (572 \u00b0F). Permite cocinar en un amplio rango de temperaturas, de -50 a 300 \u00b0C (-58 a 572 \u00b0F) con gran precisi\u00f3n.<\/span><\/li>\n<li><span class=\"a-list-item\">Nuestras sondas y cables est\u00e1n fabricados seg\u00fan los est\u00e1ndares IPX7, lo que significa que pueden sumergirse en agua.<\/span><\/li>\n<li><span class=\"a-list-item\">El term\u00f3metro para parrilla cuenta con una sonda de aire de acero inoxidable de grado alimenticio, resistente al agua IPX7 para medir la temperatura de la parrilla\/horno\/ahumador.<\/span><\/li>\n<li><span class=\"a-list-item\">Nota: El cable met\u00e1lico no debe colocarse en el agua durante m\u00e1s de media hora, limpie y seque completamente la sonda despu\u00e9s de cada uso con un pa\u00f1o h\u00famedo despu\u00e9s de cada uso.<\/span><\/li>\n<\/ul>","protected":false},"featured_media":10086,"comment_status":"open","ping_status":"closed","template":"","meta":{"_acf_changed":false},"product_brand":[],"product_cat":[15],"product_tag":[],"class_list":{"0":"post-9973","1":"product","2":"type-product","3":"status-publish","4":"has-post-thumbnail","6":"product_cat-meat-thermometer","8":"first","9":"outofstock","10":"taxable","11":"shipping-taxable","12":"purchasable","13":"product-type-simple"},"acf":[],"_links":{"self":[{"href":"https:\/\/www.chefstemp.com\/es\/wp-json\/wp\/v2\/product\/9973","targetHints":{"allow":["GET"]}}],"collection":[{"href":"https:\/\/www.chefstemp.com\/es\/wp-json\/wp\/v2\/product"}],"about":[{"href":"https:\/\/www.chefstemp.com\/es\/wp-json\/wp\/v2\/types\/product"}],"replies":[{"embeddable":true,"href":"https:\/\/www.chefstemp.com\/es\/wp-json\/wp\/v2\/comments?post=9973"}],"wp:featuredmedia":[{"embeddable":true,"href":"https:\/\/www.chefstemp.com\/es\/wp-json\/wp\/v2\/media\/10086"}],"wp:attachment":[{"href":"https:\/\/www.chefstemp.com\/es\/wp-json\/wp\/v2\/media?parent=9973"}],"wp:term":[{"taxonomy":"product_brand","embeddable":true,"href":"https:\/\/www.chefstemp.com\/es\/wp-json\/wp\/v2\/product_brand?post=9973"},{"taxonomy":"product_cat","embeddable":true,"href":"https:\/\/www.chefstemp.com\/es\/wp-json\/wp\/v2\/product_cat?post=9973"},{"taxonomy":"product_tag","embeddable":true,"href":"https:\/\/www.chefstemp.com\/es\/wp-json\/wp\/v2\/product_tag?post=9973"}],"curies":[{"name":"wp","href":"https:\/\/api.w.org\/{rel}","templated":true}]}}