{"id":19491,"date":"2024-11-21T11:44:27","date_gmt":"2024-11-21T03:44:27","guid":{"rendered":"https:\/\/www.chefstemp.com\/ts-shipment-tracking\/"},"modified":"2025-09-22T14:58:06","modified_gmt":"2025-09-22T06:58:06","slug":"ts-shipment-tracking","status":"publish","type":"page","link":"https:\/\/www.chefstemp.com\/fr\/suivi-des-envois-ts\/","title":{"rendered":"Suivi de commande"},"content":{"rendered":"<div class=\"fusion-fullwidth fullwidth-box fusion-builder-row-1 fusion-flex-container nonhundred-percent-fullwidth non-hundred-percent-height-scrolling\" style=\"--awb-border-radius-top-left:0px;--awb-border-radius-top-right:0px;--awb-border-radius-bottom-right:0px;--awb-border-radius-bottom-left:0px;--awb-flex-wrap:wrap;\" ><div class=\"fusion-builder-row fusion-row fusion-flex-align-items-flex-start fusion-flex-content-wrap\" style=\"max-width:1331.2px;margin-left: calc(-4% \/ 2 );margin-right: calc(-4% \/ 2 );\"><div class=\"fusion-layout-column fusion_builder_column fusion-builder-column-0 fusion_builder_column_1_1 1_1 fusion-flex-column\" style=\"--awb-bg-blend:overlay;--awb-bg-size:cover;--awb-width-large:100%;--awb-margin-top-large:0px;--awb-spacing-right-large:1.92%;--awb-margin-bottom-large:0px;--awb-spacing-left-large:1.92%;--awb-width-medium:100%;--awb-spacing-right-medium:1.92%;--awb-spacing-left-medium:1.92%;--awb-width-small:100%;--awb-spacing-right-small:1.92%;--awb-spacing-left-small:1.92%;\"><div class=\"fusion-column-wrapper fusion-flex-justify-content-flex-start fusion-content-layout-column\"><div class=\"fusion-content-boxes content-boxes columns row fusion-columns-1 fusion-columns-total-1 fusion-content-boxes-1 content-boxes-icon-with-title content-left\" style=\"--awb-hover-accent-color:#65bc7b;--awb-circle-hover-accent-color:#65bc7b;--awb-item-margin-bottom:40px;\" data-animationoffset=\"top-into-view\"><div style=\"--awb-backgroundcolor:rgba(255,255,255,0);\" class=\"fusion-column content-box-column content-box-column content-box-column-1 col-lg-12 col-md-12 col-sm-12 fusion-content-box-hover content-box-column-last content-box-column-last-in-row\"><div class=\"col content-box-wrapper content-wrapper link-area-link-icon content-icon-wrapper-yes icon-hover-animation-fade\" data-animationoffset=\"top-into-view\"><div class=\"heading icon-left\"><h2 class=\"content-box-heading fusion-responsive-typography-calculated\" style=\"--h2_typography-font-size:24px;--fontSize:24;line-height:1.3;\"><br \/>\n<\/h2><\/div><div class=\"fusion-clearfix\"><\/div><div class=\"content-container\">\n<h2><strong>Suivi de commande<\/strong><\/h2>\n<p><strong>Pour v\u00e9rifier si votre commande a bien \u00e9t\u00e9 enregistr\u00e9e ou pour consulter son statut actuel, veuillez saisir votre num\u00e9ro de commande ou votre adresse e-mail de commande ci-dessous.<\/strong><br \/>\n<strong>Pour toute assistance, veuillez contacter notre \u00e9quipe de support \u00e0 l&#039;adresse info@chefstemp.com.<\/strong><\/p>\n<p><strong>Pour les produits sur mesure<\/strong><\/p>\n<p><strong>Si vous commandez des articles personnalis\u00e9s comme le Long Stem 5.5-inch Edition S1 ou 1.5-inch Edition, veuillez envoyer un courriel \u00e0 info@chefstemp.com pour conna\u00eetre les d\u00e9lais de livraison pr\u00e9cis.<\/strong><\/p>\n<\/div><\/div><\/div><div class=\"fusion-clearfix\"><\/div><\/div><div class=\"fusion-text fusion-text-1\"><style>\n\tform.order_track_form {\n\t\tborder-radius: 5px;\n\t}\n\t.order_track_form div.search_order_form button {\n\t\tbackground: #3c4858;\n\t}\n\t.order_track_form div.search_order_form button {\n\t\tcolor: #fff;\n\t}\n.order_track_form input.ts_from_input:checked + label {\n\tcolor:  !important;\n\tborder-bottom: 3px solid ;\n\tmargin-bottom: -2px;\n}\n.order_track_form {\n\tmax-width: 800px;\n\tmargin: 0 auto 20px;\n\tborder: 1px solid #e0e0e0;\n\tmin-height: 330px;\n}\n.track_fail_msg {\n\tcolor: red;\n\tpadding: 0 20px 15px;\n}\n<\/style>\n<div class=\"track-order-section\">\n\t<form method=\"post\" class=\"order_track_form\" action=\"\">\n\t\t<div class=\"search_order_form\">\n\t\t\t\t\t\t\t<style>\n\t\t\t\t\t.search_order_form .tracking_form_tabs, .search_order_form .order_id_email {display:none;}\n\t\t\t\t\t.search_order_form .by_tracking_number.tracking_form { display:block; }\n\t\t\t\t\tform.order_track_form {min-height:auto;}\n\t\t\t\t\t<\/style>\n\t\t\t\t\t\t<div class=\"tracking_form_tabs\">\n\t\t\t\t<input id=\"for_order_number\" type=\"radio\" name=\"ts_tracking_form\" class=\"ts_from_input\" data-name=\"order_id_email\" checked>\n\t\t\t\t<label for=\"for_order_number\" class=\"ts_from_label for_order_number\">d\u00e9tails de la commande<\/label>\n\t\t\t\t<input id=\"for_tracking_number\" type=\"radio\" name=\"ts_tracking_form\" class=\"ts_from_input\" data-name=\"by_tracking_number\">\n\t\t\t\t<label for=\"for_tracking_number\" class=\"ts_from_label for_tracking_number\">Num\u00e9ro de suivi<\/label>\n\t\t\t<\/div>\n\t\t\t<div class=\"order_id_email tracking_form\">\n\t\t\t\t<p>Pour suivre votre commande, saisissez votre num\u00e9ro de commande et votre adresse e-mail :<\/p>\n\t\t\t\t<p class=\"form-row\"><label for=\"order_id\">num\u00e9ro de commande<\/label> <input class=\"input-text\" type=\"text\" name=\"order_id\" id=\"order_id\" value=\"\" placeholder=\"Num\u00e9ro de commande\"><\/p>\n\t\t\t\t<p class=\"form-row\"><label for=\"order_email\">Courriel de commande<\/label> <input class=\"input-text\" type=\"text\" name=\"order_email\" id=\"order_email\" value=\"\" placeholder=\"Adresse e-mail\"><\/p>\n\t\t\t\t<p class=\"form-row\" style=\"margin-bottom:0;\"><button type=\"submit\" class=\"button btn btn-secondary\" name=\"track\" value=\"Track\">Suivez votre commande<\/button><\/p>\n\t\t\t<\/div>\n\t\t\t<div class=\"by_tracking_number tracking_form\">\n\t\t\t\t<p>Pour suivre votre commande, veuillez entrer le num\u00e9ro de suivi que vous avez re\u00e7u dans l&#039;e-mail de confirmation d&#039;exp\u00e9dition<\/p>\n\t\t\t\t<p class=\"form-row\"><label for=\"order_tracking_number\">Num\u00e9ro de suivi<\/label><input class=\"input-text\" type=\"text\" name=\"order_tracking_number\" id=\"order_tracking_number\" value=\"\" placeholder=\"Num\u00e9ro de suivi de la commande.\"><\/p>\n\t\t\t\t<p class=\"form-row\" style=\"margin-bottom:0;\"><button type=\"submit\" class=\"button btn btn-secondary\" name=\"track\" value=\"Track\">Suivez votre commande<\/button><\/p>\n\t\t\t<\/div>\n\t\t\t<div class=\"track_fail_msg\" style=\"display:none;\"><\/div>\n\t\t<\/div>\n\t\t<div class=\"clear\"><\/div>\n\t\t<input type=\"hidden\" name=\"action\" value=\"get_tracking_info\">\n\t\t<input type=\"hidden\" name=\"fronted\" value=\"yes\">\n\t\t<input type=\"hidden\" id=\"_wpnonce\" name=\"_wpnonce\" value=\"150b093861\" \/><input type=\"hidden\" name=\"_wp_http_referer\" value=\"\/fr\/wp-json\/wp\/v2\/pages\/19491\" \/>\t<input type=\"hidden\" name=\"trp-form-language\" value=\"fr\"\/><\/form>\n\t<div class=\"trackship_branding\">\n\t\t<p><span>Aliment\u00e9 par<\/span><img decoding=\"async\" src=\"https:\/\/www.chefstemp.com\/wp-content\/plugins\/trackship-for-woocommerce\/assets\/images\/trackship-logo.png\"><\/p>\n\t<\/div>\n\t<\/div>\n\n<\/div><\/div><\/div><\/div><\/div>","protected":false},"excerpt":{"rendered":"","protected":false},"author":1,"featured_media":0,"parent":0,"menu_order":0,"comment_status":"closed","ping_status":"closed","template":"","meta":{"_acf_changed":false,"footnotes":""},"class_list":["post-19491","page","type-page","status-publish","hentry"],"acf":[],"_links":{"self":[{"href":"https:\/\/www.chefstemp.com\/fr\/wp-json\/wp\/v2\/pages\/19491","targetHints":{"allow":["GET"]}}],"collection":[{"href":"https:\/\/www.chefstemp.com\/fr\/wp-json\/wp\/v2\/pages"}],"about":[{"href":"https:\/\/www.chefstemp.com\/fr\/wp-json\/wp\/v2\/types\/page"}],"author":[{"embeddable":true,"href":"https:\/\/www.chefstemp.com\/fr\/wp-json\/wp\/v2\/users\/1"}],"replies":[{"embeddable":true,"href":"https:\/\/www.chefstemp.com\/fr\/wp-json\/wp\/v2\/comments?post=19491"}],"version-history":[{"count":5,"href":"https:\/\/www.chefstemp.com\/fr\/wp-json\/wp\/v2\/pages\/19491\/revisions"}],"predecessor-version":[{"id":42906,"href":"https:\/\/www.chefstemp.com\/fr\/wp-json\/wp\/v2\/pages\/19491\/revisions\/42906"}],"wp:attachment":[{"href":"https:\/\/www.chefstemp.com\/fr\/wp-json\/wp\/v2\/media?parent=19491"}],"curies":[{"name":"wp","href":"https:\/\/api.w.org\/{rel}","templated":true}]}}