{"id":8312,"date":"2022-03-17T14:45:17","date_gmt":"2022-03-17T06:45:17","guid":{"rendered":"https:\/\/www.chefstemp.com\/?page_id=8312"},"modified":"2023-12-05T20:20:40","modified_gmt":"2023-12-05T12:20:40","slug":"careers","status":"publish","type":"page","link":"https:\/\/www.chefstemp.com\/fr\/carrieres\/","title":{"rendered":"VENEZ TRAVAILLER AVEC NOUS !"},"content":{"rendered":"<div class=\"fusion-fullwidth fullwidth-box fusion-builder-row-1 fusion-flex-container nonhundred-percent-fullwidth non-hundred-percent-height-scrolling\" style=\"--awb-border-radius-top-left:0px;--awb-border-radius-top-right:0px;--awb-border-radius-bottom-right:0px;--awb-border-radius-bottom-left:0px;--awb-flex-wrap:wrap;\" ><div class=\"fusion-builder-row fusion-row fusion-flex-align-items-flex-start fusion-flex-content-wrap\" style=\"max-width:1331.2px;margin-left: calc(-4% \/ 2 );margin-right: calc(-4% \/ 2 );\"><div class=\"fusion-layout-column fusion_builder_column fusion-builder-column-0 fusion_builder_column_1_1 1_1 fusion-flex-column\" style=\"--awb-bg-size:cover;--awb-width-large:100%;--awb-margin-top-large:0px;--awb-spacing-right-large:1.92%;--awb-margin-bottom-large:20px;--awb-spacing-left-large:1.92%;--awb-width-medium:100%;--awb-order-medium:0;--awb-spacing-right-medium:1.92%;--awb-spacing-left-medium:1.92%;--awb-width-small:100%;--awb-order-small:0;--awb-spacing-right-small:1.92%;--awb-spacing-left-small:1.92%;\"><div class=\"fusion-column-wrapper fusion-column-has-shadow fusion-flex-justify-content-flex-start fusion-content-layout-column\"><div class=\"fusion-image-element\" style=\"text-align:center;--awb-caption-title-font-family:var(--h2_typography-font-family);--awb-caption-title-font-weight:var(--h2_typography-font-weight);--awb-caption-title-font-style:var(--h2_typography-font-style);--awb-caption-title-size:var(--h2_typography-font-size);--awb-caption-title-transform:var(--h2_typography-text-transform);--awb-caption-title-line-height:var(--h2_typography-line-height);--awb-caption-title-letter-spacing:var(--h2_typography-letter-spacing);\"><span class=\"fusion-imageframe imageframe-none imageframe-1 hover-type-none\"><img decoding=\"async\" width=\"1600\" height=\"400\" alt=\"rejoignez chefstemp\" title=\"rejoignez chefstemp\" src=\"https:\/\/www.chefstemp.com\/wp-content\/uploads\/2022\/03\/join-chefstemp.jpg\" class=\"img-responsive wp-image-8313\" srcset=\"https:\/\/www.chefstemp.com\/wp-content\/uploads\/2022\/03\/join-chefstemp-200x50.jpg 200w, https:\/\/www.chefstemp.com\/wp-content\/uploads\/2022\/03\/join-chefstemp-400x100.jpg 400w, https:\/\/www.chefstemp.com\/wp-content\/uploads\/2022\/03\/join-chefstemp-600x150.jpg 600w, https:\/\/www.chefstemp.com\/wp-content\/uploads\/2022\/03\/join-chefstemp-800x200.jpg 800w, https:\/\/www.chefstemp.com\/wp-content\/uploads\/2022\/03\/join-chefstemp-1200x300.jpg 1200w, https:\/\/www.chefstemp.com\/wp-content\/uploads\/2022\/03\/join-chefstemp.jpg 1600w\" sizes=\"(max-width: 1024px) 100vw, (max-width: 768px) 100vw, 1600px\" \/><\/span><\/div><\/div><\/div><div class=\"fusion-layout-column fusion_builder_column fusion-builder-column-1 fusion_builder_column_1_1 1_1 fusion-flex-column\" style=\"--awb-bg-size:cover;--awb-width-large:100%;--awb-margin-top-large:0px;--awb-spacing-right-large:1.92%;--awb-margin-bottom-large:20px;--awb-spacing-left-large:1.92%;--awb-width-medium:100%;--awb-order-medium:0;--awb-spacing-right-medium:1.92%;--awb-spacing-left-medium:1.92%;--awb-width-small:100%;--awb-order-small:0;--awb-spacing-right-small:1.92%;--awb-spacing-left-small:1.92%;\"><div class=\"fusion-column-wrapper fusion-column-has-shadow fusion-flex-justify-content-flex-start fusion-content-layout-column\"><div class=\"fusion-text fusion-text-1\" style=\"--awb-text-transform:none;\"><p style=\"text-align: center;\"><em>Chefstemp est une marque de Leadtek Inc., une entreprise californienne sp\u00e9cialis\u00e9e dans la conception de produits \u00e9lectroniques intelligents pour la maison et la cuisine. Marque haut de gamme de Leadtek Inc., Chefstemp est experte dans la conception et la production d&#039;instruments de mesure et de capteurs.<\/em><\/p>\n<\/div><\/div><\/div><div class=\"fusion-layout-column fusion_builder_column fusion-builder-column-2 fusion_builder_column_1_1 1_1 fusion-flex-column\" style=\"--awb-bg-size:cover;--awb-width-large:100%;--awb-margin-top-large:0px;--awb-spacing-right-large:1.92%;--awb-margin-bottom-large:20px;--awb-spacing-left-large:1.92%;--awb-width-medium:100%;--awb-order-medium:0;--awb-spacing-right-medium:1.92%;--awb-spacing-left-medium:1.92%;--awb-width-small:100%;--awb-order-small:0;--awb-spacing-right-small:1.92%;--awb-spacing-left-small:1.92%;\"><div class=\"fusion-column-wrapper fusion-column-has-shadow fusion-flex-justify-content-flex-start fusion-content-layout-column\"><div class=\"fusion-text fusion-text-2\" style=\"--awb-text-transform:none;\"><h2 style=\"text-align: center;\"><span style=\"color: #999999;\">POSTES \u00c0 POURVOIR<\/span><\/h2>\n<h3 style=\"text-align: center;\"><span style=\"color: #999999;\">Pr\u00eats ? C&#039;est parti !.<\/span><\/h3>\n<\/div><\/div><\/div><div class=\"fusion-layout-column fusion_builder_column fusion-builder-column-3 fusion_builder_column_1_1 1_1 fusion-flex-column\" style=\"--awb-bg-size:cover;--awb-width-large:100%;--awb-margin-top-large:0px;--awb-spacing-right-large:1.92%;--awb-margin-bottom-large:20px;--awb-spacing-left-large:1.92%;--awb-width-medium:100%;--awb-order-medium:0;--awb-spacing-right-medium:1.92%;--awb-spacing-left-medium:1.92%;--awb-width-small:100%;--awb-order-small:0;--awb-spacing-right-small:1.92%;--awb-spacing-left-small:1.92%;\"><div class=\"fusion-column-wrapper fusion-column-has-shadow fusion-flex-justify-content-flex-start fusion-content-layout-column\"><\/div><\/div><div class=\"fusion-layout-column fusion_builder_column fusion-builder-column-4 fusion_builder_column_1_1 1_1 fusion-flex-column\" style=\"--awb-bg-size:cover;--awb-width-large:100%;--awb-margin-top-large:0px;--awb-spacing-right-large:1.92%;--awb-margin-bottom-large:20px;--awb-spacing-left-large:1.92%;--awb-width-medium:100%;--awb-order-medium:0;--awb-spacing-right-medium:1.92%;--awb-spacing-left-medium:1.92%;--awb-width-small:100%;--awb-order-small:0;--awb-spacing-right-small:1.92%;--awb-spacing-left-small:1.92%;\"><div class=\"fusion-column-wrapper fusion-column-has-shadow fusion-flex-justify-content-flex-start fusion-content-layout-column\"><\/div><\/div><div class=\"fusion-layout-column fusion_builder_column fusion-builder-column-5 fusion_builder_column_1_3 1_3 fusion-flex-column\" style=\"--awb-bg-color:#e2e2e2;--awb-bg-color-hover:#e2e2e2;--awb-bg-size:cover;--awb-width-large:33.333333333333%;--awb-margin-top-large:0px;--awb-spacing-right-large:5.76%;--awb-margin-bottom-large:20px;--awb-spacing-left-large:5.76%;--awb-width-medium:100%;--awb-order-medium:0;--awb-spacing-right-medium:1.92%;--awb-spacing-left-medium:1.92%;--awb-width-small:100%;--awb-order-small:0;--awb-spacing-right-small:1.92%;--awb-spacing-left-small:1.92%;\"><div class=\"fusion-column-wrapper fusion-column-has-shadow fusion-flex-justify-content-flex-start fusion-content-layout-column\"><div class=\"fusion-text fusion-text-3\" style=\"--awb-text-transform:none;\"><h5 style=\"text-align: center;\">Vid\u00e9aste\/Photographe<\/h5>\n<\/div><div class=\"fusion-text fusion-text-4\" style=\"--awb-text-transform:none;\"><p><span style=\"color: #e2e2e2;\">\u2026<\/span><\/p>\n<\/div><div class=\"fusion-text fusion-text-5\" style=\"--awb-text-transform:none;\"><p style=\"text-align: justified;\">ChefsTemp recherche un vid\u00e9aste\/photographe passionn\u00e9, dot\u00e9 d&#039;un talent inn\u00e9 pour cr\u00e9er un lien avec les clients gr\u00e2ce \u00e0 des photos et des vid\u00e9os attrayantes et captivantes.<br \/>\nLe vid\u00e9aste\/photographe travaillera en \u00e9troite collaboration avec notre chef cuisinier et d\u00e9couvrira une vari\u00e9t\u00e9 de plats cuisin\u00e9s \u00e0 la perfection gr\u00e2ce \u00e0 nos thermom\u00e8tres prim\u00e9s.<\/p>\n<\/div><div style=\"text-align:center;\"><a class=\"fusion-button button-flat button-large button-custom fusion-button-default button-1 fusion-button-default-span fusion-button-default-type\" style=\"--button_accent_color:#ffffff;--button_accent_hover_color:#f89421;--button_border_hover_color:#f89421;--button_gradient_top_color:#f89421;--button_gradient_bottom_color:#f89421;--button_gradient_top_color_hover:rgba(248,148,33,0);--button_gradient_bottom_color_hover:rgba(248,148,33,0);\" target=\"_self\" href=\"https:\/\/www.chefstemp.com\/fr\/videographer-photographer\/\"><span class=\"fusion-button-text awb-button__text awb-button__text--default\">APPLIQUER<\/span><\/a><\/div><\/div><\/div><div class=\"fusion-layout-column fusion_builder_column fusion-builder-column-6 fusion_builder_column_1_3 1_3 fusion-flex-column\" style=\"--awb-bg-color:#e2e2e2;--awb-bg-color-hover:#e2e2e2;--awb-bg-size:cover;--awb-width-large:33.333333333333%;--awb-margin-top-large:0px;--awb-spacing-right-large:5.76%;--awb-margin-bottom-large:20px;--awb-spacing-left-large:5.76%;--awb-width-medium:100%;--awb-order-medium:0;--awb-spacing-right-medium:1.92%;--awb-spacing-left-medium:1.92%;--awb-width-small:100%;--awb-order-small:0;--awb-spacing-right-small:1.92%;--awb-spacing-left-small:1.92%;\"><div class=\"fusion-column-wrapper fusion-column-has-shadow fusion-flex-justify-content-flex-start fusion-content-layout-column\"><div class=\"fusion-text fusion-text-6\" style=\"--awb-text-transform:none;\"><h5 style=\"text-align: center;\">Sp\u00e9cialiste des m\u00e9dias sociaux<\/h5>\n<\/div><div class=\"fusion-text fusion-text-7\" style=\"--awb-text-transform:none;\"><p><span style=\"color: #e2e2e2;\">\u2026<\/span><\/p>\n<\/div><div class=\"fusion-text fusion-text-8\" style=\"--awb-text-transform:none;\"><p style=\"text-align: justified;\">ChefsTemp recherche un sp\u00e9cialiste des m\u00e9dias sociaux capable d&#039;accro\u00eetre l&#039;engagement du public gr\u00e2ce \u00e0 des contenus, des id\u00e9es et des promotions, par le biais de publications soign\u00e9es et r\u00e9guli\u00e8res qui maintiennent un juste \u00e9quilibre entre la pertinence de la plateforme et le professionnalisme de la marque.<\/p>\n<\/div><div class=\"fusion-text fusion-text-9\" style=\"--awb-text-transform:none;\"><p><span style=\"color: #e2e2e2;\">\u2026<\/span><\/p>\n<\/div><div style=\"text-align:center;\"><a class=\"fusion-button button-flat button-large button-custom fusion-button-default button-2 fusion-button-default-span fusion-button-default-type\" style=\"--button_accent_color:#ffffff;--button_accent_hover_color:#f89421;--button_border_hover_color:#f89421;--button_gradient_top_color:#f89421;--button_gradient_bottom_color:#f89421;--button_gradient_top_color_hover:rgba(248,148,33,0);--button_gradient_bottom_color_hover:rgba(248,148,33,0);\" target=\"_self\" href=\"https:\/\/www.chefstemp.com\/fr\/social-media-specialist\/\"><span class=\"fusion-button-text awb-button__text awb-button__text--default\">APPLIQUER<\/span><\/a><\/div><\/div><\/div><div class=\"fusion-layout-column fusion_builder_column fusion-builder-column-7 fusion_builder_column_1_3 1_3 fusion-flex-column\" style=\"--awb-bg-color:#e2e2e2;--awb-bg-color-hover:#e2e2e2;--awb-bg-size:cover;--awb-width-large:33.333333333333%;--awb-margin-top-large:0px;--awb-spacing-right-large:5.76%;--awb-margin-bottom-large:20px;--awb-spacing-left-large:5.76%;--awb-width-medium:100%;--awb-order-medium:0;--awb-spacing-right-medium:1.92%;--awb-spacing-left-medium:1.92%;--awb-width-small:100%;--awb-order-small:0;--awb-spacing-right-small:1.92%;--awb-spacing-left-small:1.92%;\"><div class=\"fusion-column-wrapper fusion-column-has-shadow fusion-flex-justify-content-flex-start fusion-content-layout-column\"><div class=\"fusion-text fusion-text-10\" style=\"--awb-text-transform:none;\"><h5 style=\"text-align: center;\">Sp\u00e9cialiste du marketing par courriel<\/h5>\n<\/div><div class=\"fusion-text fusion-text-11\" style=\"--awb-text-transform:none;\"><p><span style=\"color: #e2e2e2;\">\u2026<\/span><\/p>\n<\/div><div class=\"fusion-text fusion-text-12\" style=\"--awb-text-transform:none;\"><p style=\"text-align: justified;\">ChefsTemp recherche un(e) sp\u00e9cialiste en marketing par courriel pour rejoindre son \u00e9quipe marketing talentueuse. Sous la responsabilit\u00e9 du directeur marketing, le\/la sp\u00e9cialiste travaillera en collaboration avec les membres d&#039;autres services, tels que les ventes et le service client.<br \/>\n<span style=\"color: #ffffff;\">.<\/span><\/p>\n<\/div><div class=\"fusion-text fusion-text-13\" style=\"--awb-text-transform:none;\"><p><span style=\"color: #e2e2e2;\">\u2026<\/span><\/p>\n<\/div><div style=\"text-align:center;\"><a class=\"fusion-button button-flat button-large button-custom fusion-button-default button-3 fusion-button-default-span fusion-button-default-type\" style=\"--button_accent_color:#ffffff;--button_accent_hover_color:#f89421;--button_border_hover_color:#f89421;--button_gradient_top_color:#f89421;--button_gradient_bottom_color:#f89421;--button_gradient_top_color_hover:rgba(248,148,33,0);--button_gradient_bottom_color_hover:rgba(248,148,33,0);\" target=\"_self\" href=\"https:\/\/www.chefstemp.com\/fr\/email-marketing-specialist\/\"><span class=\"fusion-button-text awb-button__text awb-button__text--default\">APPLIQUER<\/span><\/a><\/div><\/div><\/div><div class=\"fusion-layout-column fusion_builder_column fusion-builder-column-8 fusion_builder_column_1_1 1_1 fusion-flex-column\" style=\"--awb-bg-color:#7f7f7f;--awb-bg-color-hover:#7f7f7f;--awb-bg-size:cover;--awb-width-large:100%;--awb-margin-top-large:0px;--awb-spacing-right-large:1.92%;--awb-margin-bottom-large:20px;--awb-spacing-left-large:1.92%;--awb-width-medium:100%;--awb-order-medium:0;--awb-spacing-right-medium:1.92%;--awb-spacing-left-medium:1.92%;--awb-width-small:100%;--awb-order-small:0;--awb-spacing-right-small:1.92%;--awb-spacing-left-small:1.92%;\"><div class=\"fusion-column-wrapper fusion-column-has-shadow fusion-flex-justify-content-flex-start fusion-content-layout-column\"><div class=\"fusion-text fusion-text-14\" style=\"--awb-text-transform:none;\"><h3 style=\"text-align: center;\"><span style=\"color: #ff9900;\"><strong>TRAVAILLEZ POUR LES MEILLEURS<\/strong><\/span><\/h3>\n<\/div><\/div><\/div><div class=\"fusion-layout-column fusion_builder_column fusion-builder-column-9 fusion_builder_column_1_1 1_1 fusion-flex-column\" style=\"--awb-bg-size:cover;--awb-width-large:100%;--awb-margin-top-large:0px;--awb-spacing-right-large:1.92%;--awb-margin-bottom-large:20px;--awb-spacing-left-large:1.92%;--awb-width-medium:100%;--awb-order-medium:0;--awb-spacing-right-medium:1.92%;--awb-spacing-left-medium:1.92%;--awb-width-small:100%;--awb-order-small:0;--awb-spacing-right-small:1.92%;--awb-spacing-left-small:1.92%;\"><div class=\"fusion-column-wrapper fusion-column-has-shadow fusion-flex-justify-content-flex-start fusion-content-layout-column\"><div class=\"fusion-text fusion-text-15\" style=\"--awb-text-transform:none;\"><p style=\"text-align: center;\"><strong>BBQ Pit Boys \u2022 LA BIBLE DU BARBECUE \u2022 TECH TIMES<\/strong><br \/>\n<strong>Darren McGrady \u2022 Barbecue dans le jardin de la galerie \u2022 Chef John Politte<\/strong><\/p>\n<\/div><\/div><\/div><div class=\"fusion-layout-column fusion_builder_column fusion-builder-column-10 fusion_builder_column_1_1 1_1 fusion-flex-column\" style=\"--awb-bg-size:cover;--awb-width-large:100%;--awb-margin-top-large:0px;--awb-spacing-right-large:1.92%;--awb-margin-bottom-large:20px;--awb-spacing-left-large:1.92%;--awb-width-medium:100%;--awb-order-medium:0;--awb-spacing-right-medium:1.92%;--awb-spacing-left-medium:1.92%;--awb-width-small:100%;--awb-order-small:0;--awb-spacing-right-small:1.92%;--awb-spacing-left-small:1.92%;\"><div class=\"fusion-column-wrapper fusion-column-has-shadow fusion-flex-justify-content-flex-start fusion-content-layout-column\"><div class=\"fusion-separator fusion-full-width-sep\" style=\"align-self: center;margin-left: auto;margin-right: auto;width:100%;\"><div class=\"fusion-separator-border sep-single sep-solid\" style=\"--awb-height:20px;--awb-amount:20px;border-color:#e2e2e2;border-top-width:1px;\"><\/div><\/div><\/div><\/div><\/div><\/div>","protected":false},"excerpt":{"rendered":"","protected":false},"author":5,"featured_media":0,"parent":0,"menu_order":0,"comment_status":"closed","ping_status":"closed","template":"","meta":{"_acf_changed":false,"footnotes":""},"class_list":["post-8312","page","type-page","status-publish","hentry"],"acf":[],"_links":{"self":[{"href":"https:\/\/www.chefstemp.com\/fr\/wp-json\/wp\/v2\/pages\/8312","targetHints":{"allow":["GET"]}}],"collection":[{"href":"https:\/\/www.chefstemp.com\/fr\/wp-json\/wp\/v2\/pages"}],"about":[{"href":"https:\/\/www.chefstemp.com\/fr\/wp-json\/wp\/v2\/types\/page"}],"author":[{"embeddable":true,"href":"https:\/\/www.chefstemp.com\/fr\/wp-json\/wp\/v2\/users\/5"}],"replies":[{"embeddable":true,"href":"https:\/\/www.chefstemp.com\/fr\/wp-json\/wp\/v2\/comments?post=8312"}],"version-history":[{"count":0,"href":"https:\/\/www.chefstemp.com\/fr\/wp-json\/wp\/v2\/pages\/8312\/revisions"}],"wp:attachment":[{"href":"https:\/\/www.chefstemp.com\/fr\/wp-json\/wp\/v2\/media?parent=8312"}],"curies":[{"name":"wp","href":"https:\/\/api.w.org\/{rel}","templated":true}]}}