{"id":8804,"date":"2022-04-06T11:36:25","date_gmt":"2022-04-06T03:36:25","guid":{"rendered":"https:\/\/www.chefstemp.com\/?page_id=8804"},"modified":"2026-03-16T10:17:18","modified_gmt":"2026-03-16T02:17:18","slug":"steak-chicken-meat-temperature-chart","status":"publish","type":"page","link":"https:\/\/www.chefstemp.com\/fr\/tableau-des-temperatures-de-la-viande-de-steak-et-de-poulet\/","title":{"rendered":"Tableau des temp\u00e9ratures des aliments"},"content":{"rendered":"<p><div class=\"fusion-fullwidth fullwidth-box fusion-builder-row-1 fusion-flex-container nonhundred-percent-fullwidth non-hundred-percent-height-scrolling\" style=\"--awb-border-radius-top-left:0px;--awb-border-radius-top-right:0px;--awb-border-radius-bottom-right:0px;--awb-border-radius-bottom-left:0px;--awb-flex-wrap:wrap;\" ><div class=\"fusion-builder-row fusion-row fusion-flex-align-items-flex-start fusion-flex-content-wrap\" style=\"max-width:1331.2px;margin-left: calc(-4% \/ 2 );margin-right: calc(-4% \/ 2 );\"><div class=\"fusion-layout-column fusion_builder_column fusion-builder-column-0 fusion_builder_column_1_1 1_1 fusion-flex-column\" style=\"--awb-bg-size:cover;--awb-width-large:100%;--awb-margin-top-large:0px;--awb-spacing-right-large:1.92%;--awb-margin-bottom-large:20px;--awb-spacing-left-large:1.92%;--awb-width-medium:100%;--awb-order-medium:0;--awb-spacing-right-medium:1.92%;--awb-spacing-left-medium:1.92%;--awb-width-small:100%;--awb-order-small:0;--awb-spacing-right-small:1.92%;--awb-spacing-left-small:1.92%;\"><div class=\"fusion-column-wrapper fusion-column-has-shadow fusion-flex-justify-content-flex-start fusion-content-layout-column\"><div class=\"fusion-text fusion-text-1\"><h1 style=\"text-align: center;\"><span style=\"color: #ff9900;\">Tableau des temp\u00e9ratures internes des aliments<\/span><\/h1>\n<\/div><div class=\"fusion-text fusion-text-2\"><p><span style=\"color: #ffffff;\">\u2026<\/span><\/p>\n<\/div><div class=\"fusion-text fusion-text-3\"><p>Lorsqu&#039;on manipule des aliments comme la volaille, la viande, le poisson et les \u0153ufs, il est essentiel de les cuire \u00e0 la bonne temp\u00e9rature pour pr\u00e9venir les maladies. Des bact\u00e9ries nocives comme la salmonelle et E. coli prolif\u00e8rent dans de nombreux aliments et peuvent provoquer des intoxications alimentaires.<\/p>\n<p>En apprenant les temp\u00e9ratures sp\u00e9cifiques \u00e0 respecter et en utilisant un <a href=\"https:\/\/www.chefstemp.com\/fr\/les-meilleurs-thermometres-a-viande-de-2022\/\">thermom\u00e8tre alimentaire<\/a> En cuisinant \u00e0 la maison, vous pouvez savourer en toute s\u00e9curit\u00e9 tous vos plats pr\u00e9f\u00e9r\u00e9s sans avoir \u00e0 craindre de tomber malade.<\/p>\n<\/div><\/div><\/div><div class=\"fusion-layout-column fusion_builder_column fusion-builder-column-1 fusion_builder_column_1_6 1_6 fusion-flex-column\" style=\"--awb-bg-size:cover;--awb-width-large:16.666666666667%;--awb-margin-top-large:0px;--awb-spacing-right-large:11.52%;--awb-margin-bottom-large:20px;--awb-spacing-left-large:11.52%;--awb-width-medium:100%;--awb-order-medium:0;--awb-spacing-right-medium:1.92%;--awb-spacing-left-medium:1.92%;--awb-width-small:100%;--awb-order-small:0;--awb-spacing-right-small:1.92%;--awb-spacing-left-small:1.92%;\"><div class=\"fusion-column-wrapper fusion-column-has-shadow fusion-flex-justify-content-flex-start fusion-content-layout-column\"><div class=\"fusion-image-element\" style=\"--awb-caption-title-font-family:var(--h2_typography-font-family);--awb-caption-title-font-weight:var(--h2_typography-font-weight);--awb-caption-title-font-style:var(--h2_typography-font-style);--awb-caption-title-size:var(--h2_typography-font-size);--awb-caption-title-transform:var(--h2_typography-text-transform);--awb-caption-title-line-height:var(--h2_typography-line-height);--awb-caption-title-letter-spacing:var(--h2_typography-letter-spacing);\"><span class=\"fusion-imageframe imageframe-none imageframe-1 hover-type-none\"><a class=\"fusion-no-lightbox\" href=\"https:\/\/www.chefstemp.com\/fr\/produit\/thermometre-a-viande-finaltouchx10\/\" target=\"_self\" aria-label=\"ChefsTemp \u2013 Finaltouch X10\"><img decoding=\"async\" width=\"1024\" height=\"1024\" alt=\"ChefsTemp - Finaltouch X10\" src=\"https:\/\/www.chefstemp.com\/wp-content\/uploads\/2020\/04\/DFFD3F674775A8041A323D718FED42A4-1024x1024.jpg\" class=\"img-responsive wp-image-1576\" srcset=\"https:\/\/www.chefstemp.com\/wp-content\/uploads\/2020\/04\/DFFD3F674775A8041A323D718FED42A4-200x200.jpg 200w, https:\/\/www.chefstemp.com\/wp-content\/uploads\/2020\/04\/DFFD3F674775A8041A323D718FED42A4-400x400.jpg 400w, https:\/\/www.chefstemp.com\/wp-content\/uploads\/2020\/04\/DFFD3F674775A8041A323D718FED42A4-600x600.jpg 600w, https:\/\/www.chefstemp.com\/wp-content\/uploads\/2020\/04\/DFFD3F674775A8041A323D718FED42A4-800x800.jpg 800w, https:\/\/www.chefstemp.com\/wp-content\/uploads\/2020\/04\/DFFD3F674775A8041A323D718FED42A4.jpg 1200w\" sizes=\"(max-width: 1024px) 100vw, (max-width: 768px) 100vw, 200px\" \/><\/a><\/span><\/div><\/div><\/div><div class=\"fusion-layout-column fusion_builder_column fusion-builder-column-2 fusion_builder_column_5_6 5_6 fusion-flex-column\" style=\"--awb-bg-size:cover;--awb-width-large:83.333333333333%;--awb-margin-top-large:0px;--awb-spacing-right-large:2.304%;--awb-margin-bottom-large:20px;--awb-spacing-left-large:2.304%;--awb-width-medium:100%;--awb-order-medium:0;--awb-spacing-right-medium:1.92%;--awb-spacing-left-medium:1.92%;--awb-width-small:100%;--awb-order-small:0;--awb-spacing-right-small:1.92%;--awb-spacing-left-small:1.92%;\"><div class=\"fusion-column-wrapper fusion-column-has-shadow fusion-flex-justify-content-flex-start fusion-content-layout-column\"><div class=\"fusion-text fusion-text-4\"><p>Selon le minist\u00e8re am\u00e9ricain de l&#039;Agriculture (USDA), la v\u00e9rification de la temp\u00e9rature interne est le seul moyen de d\u00e9terminer si un aliment est suffisamment cuit. Des recherches men\u00e9es par l&#039;USDA ont d\u00e9montr\u00e9 qu&#039;on ne peut se fier uniquement \u00e0 l&#039;apparence d&#039;un aliment\u00a0; il est indispensable de toujours v\u00e9rifier sa temp\u00e9rature.<\/p>\n<\/div><\/div><\/div><div class=\"fusion-layout-column fusion_builder_column fusion-builder-column-3 fusion_builder_column_1_1 1_1 fusion-flex-column\" style=\"--awb-bg-size:cover;--awb-width-large:100%;--awb-margin-top-large:0px;--awb-spacing-right-large:1.92%;--awb-margin-bottom-large:20px;--awb-spacing-left-large:1.92%;--awb-width-medium:100%;--awb-order-medium:0;--awb-spacing-right-medium:1.92%;--awb-spacing-left-medium:1.92%;--awb-width-small:100%;--awb-order-small:0;--awb-spacing-right-small:1.92%;--awb-spacing-left-small:1.92%;\"><div class=\"fusion-column-wrapper fusion-column-has-shadow fusion-flex-justify-content-flex-start fusion-content-layout-column\"><div class=\"fusion-text fusion-text-5\"><h3><span style=\"color: #ff9900;\"><strong><b>La s\u00e9curit\u00e9 alimentaire pour tous<\/b><\/strong><\/span><\/h3>\n<\/div><\/div><\/div><div class=\"fusion-layout-column fusion_builder_column fusion-builder-column-4 fusion_builder_column_1_1 1_1 fusion-flex-column\" style=\"--awb-bg-size:cover;--awb-width-large:100%;--awb-margin-top-large:0px;--awb-spacing-right-large:1.92%;--awb-margin-bottom-large:20px;--awb-spacing-left-large:1.92%;--awb-width-medium:100%;--awb-order-medium:0;--awb-spacing-right-medium:1.92%;--awb-spacing-left-medium:1.92%;--awb-width-small:100%;--awb-order-small:0;--awb-spacing-right-small:1.92%;--awb-spacing-left-small:1.92%;\"><div class=\"fusion-column-wrapper fusion-column-has-shadow fusion-flex-justify-content-flex-start fusion-content-layout-column\"><div class=\"fusion-text fusion-text-6\" style=\"--awb-text-transform:none;\"><p>Chez ChefsTemp, nous nous effor\u00e7ons de rendre la s\u00e9curit\u00e9 alimentaire plus simple et plus accessible aux cuisiniers amateurs comme aux chefs professionnels. Nos thermom\u00e8tres alimentaires de haute qualit\u00e9 et faciles \u00e0 utiliser, tels que le <a href=\"https:\/\/www.chefstemp.com\/fr\/produit\/thermometre-a-viande-finaltouchx10\/\">Finaltouch X10<\/a> Le thermom\u00e8tre num\u00e9rique \u00e0 lecture instantan\u00e9e permet \u00e0 tous (quel que soit leur niveau d&#039;exp\u00e9rience en cuisine !) de respecter les r\u00e8gles d&#039;hygi\u00e8ne alimentaire.<\/p>\n<p>Pour faciliter l&#039;acc\u00e8s \u00e0 la s\u00e9curit\u00e9 alimentaire, l&#039;\u00e9quipe ChefsTemp met \u00e0 votre disposition tous les tableaux de temp\u00e9ratures de cuisson \u00e0 c\u0153ur dont vous avez besoin. Que vous h\u00e9sitiez sur la temp\u00e9rature id\u00e9ale pour un steak ou que vous recherchiez la temp\u00e9rature parfaite pour des l\u00e9gumes r\u00f4tis, nous avons la solution. Imprimez ces tableaux et ajoutez cette page \u00e0 vos favoris pour pouvoir la consulter \u00e0 tout moment\u00a0!<\/p>\n<\/div><\/div><\/div><div class=\"fusion-layout-column fusion_builder_column fusion-builder-column-5 fusion_builder_column_1_3 1_3 fusion-flex-column\" style=\"--awb-bg-size:cover;--awb-width-large:33.333333333333%;--awb-margin-top-large:0px;--awb-spacing-right-large:5.76%;--awb-margin-bottom-large:20px;--awb-spacing-left-large:5.76%;--awb-width-medium:100%;--awb-order-medium:0;--awb-spacing-right-medium:1.92%;--awb-spacing-left-medium:1.92%;--awb-width-small:100%;--awb-order-small:0;--awb-spacing-right-small:1.92%;--awb-spacing-left-small:1.92%;\"><div class=\"fusion-column-wrapper fusion-column-has-shadow fusion-flex-justify-content-flex-start fusion-content-layout-column\"><div class=\"fusion-image-element\" style=\"--awb-caption-title-font-family:var(--h2_typography-font-family);--awb-caption-title-font-weight:var(--h2_typography-font-weight);--awb-caption-title-font-style:var(--h2_typography-font-style);--awb-caption-title-size:var(--h2_typography-font-size);--awb-caption-title-transform:var(--h2_typography-text-transform);--awb-caption-title-line-height:var(--h2_typography-line-height);--awb-caption-title-letter-spacing:var(--h2_typography-letter-spacing);\"><span class=\"fusion-imageframe imageframe-none imageframe-2 hover-type-none\"><a class=\"fusion-no-lightbox\" href=\"https:\/\/www.chefstemp.com\/fr\/produit\/guide-des-temperatures-de-la-viande\/\" target=\"_self\" aria-label=\"Feuille magn\u00e9tique pour aliments et viandes\"><img decoding=\"async\" width=\"981\" height=\"1024\" alt=\"Feuille magn\u00e9tique pour aliments et viandes\" src=\"https:\/\/www.chefstemp.com\/wp-content\/uploads\/2022\/06\/Meat-Temperature-Food-Magnet-Sheet-981x1024.jpg\" class=\"img-responsive wp-image-10131\"\/><\/a><\/span><\/div><\/div><\/div><div class=\"fusion-layout-column fusion_builder_column fusion-builder-column-6 fusion_builder_column_1_2 1_2 fusion-flex-column\" style=\"--awb-bg-size:cover;--awb-width-large:50%;--awb-margin-top-large:0px;--awb-spacing-right-large:3.84%;--awb-margin-bottom-large:20px;--awb-spacing-left-large:3.84%;--awb-width-medium:100%;--awb-order-medium:0;--awb-spacing-right-medium:1.92%;--awb-spacing-left-medium:1.92%;--awb-width-small:100%;--awb-order-small:0;--awb-spacing-right-small:1.92%;--awb-spacing-left-small:1.92%;\"><div class=\"fusion-column-wrapper fusion-column-has-shadow fusion-flex-justify-content-flex-start fusion-content-layout-column\"><div class=\"fusion-text fusion-text-7\"><ul>\n<li style=\"text-align: left;\"><a href=\"https:\/\/www.chefstemp.com\/fr\/tableau-des-temperatures-de-la-viande-de-steak-et-de-poulet\/temperature-interne-du-boeuf-du-veau-et-de-lagneau\/\">Tableau des temp\u00e9ratures pour le steak, l&#039;agneau, le b\u0153uf ou le veau<\/a><\/li>\n<li style=\"text-align: left;\"><a href=\"https:\/\/www.chefstemp.com\/fr\/tableau-des-temperatures-de-la-viande-de-steak-et-de-poulet\/temperature-interne-de-la-volaille\/\">Tableau des temp\u00e9ratures pour poulets, dindes et volailles<\/a><\/li>\n<li style=\"text-align: left;\"><a href=\"https:\/\/www.chefstemp.com\/fr\/tableau-des-temperatures-de-la-viande-de-steak-et-de-poulet\/temperature-interne-du-porc\/\">Tableau des temp\u00e9ratures du porc<\/a><\/li>\n<li style=\"text-align: left;\"><a href=\"https:\/\/www.chefstemp.com\/fr\/tableau-des-temperatures-de-la-viande-de-steak-et-de-poulet\/temperature-interne-du-poisson-et-des-fruits-de-mer\/\">Tableau des temp\u00e9ratures des poissons et fruits de mer<\/a><\/li>\n<li style=\"text-align: left;\"><a href=\"https:\/\/www.chefstemp.com\/fr\/tableau-des-temperatures-de-la-viande-de-steak-et-de-poulet\/temperature-interne-des-produits-de-boulangerie\/\">Tableau des temp\u00e9ratures des produits de boulangerie<\/a><\/li>\n<li style=\"text-align: left;\"><a href=\"https:\/\/www.chefstemp.com\/fr\/tableau-des-temperatures-de-la-viande-de-steak-et-de-poulet\/temperature-des-bonbons-ou-du-sirop-de-sucre\/\">Tableau des temp\u00e9ratures des bonbons ou du sirop de sucre<\/a><\/li>\n<li style=\"text-align: left;\"><a href=\"https:\/\/www.chefstemp.com\/fr\/tableau-des-temperatures-de-la-viande-de-steak-et-de-poulet\/temperature-interne-des-legumes\/\">Tableau des temp\u00e9ratures internes des l\u00e9gumes<\/a><\/li>\n<li style=\"text-align: left;\"><a href=\"https:\/\/www.chefstemp.com\/fr\/steak-chicken-meat-temperature-chart\/water-temperature-at-sea-level\/\">Tableau des temp\u00e9ratures de l&#039;eau chaude<\/a><\/li>\n<li><a href=\"https:\/\/www.chefstemp.com\/fr\/tableau-des-temperatures-de-la-viande-de-steak-et-de-poulet\/hot-water-temperature\/\">Tableau des temp\u00e9ratures de l&#039;eau chaude<\/a><\/li>\n<li style=\"text-align: left;\"><a href=\"https:\/\/www.chefstemp.com\/fr\/tableau-des-temperatures-de-la-viande-de-steak-et-de-poulet\/temperature-interne-diverse\/\">Autres temp\u00e9ratures de r\u00e9f\u00e9rence<\/a><\/li>\n<\/ul>\n<\/div><\/div><\/div><div class=\"fusion-layout-column fusion_builder_column fusion-builder-column-7 fusion_builder_column_1_6 1_6 fusion-flex-column\" style=\"--awb-bg-size:cover;--awb-width-large:16.666666666667%;--awb-margin-top-large:0px;--awb-spacing-right-large:11.52%;--awb-margin-bottom-large:20px;--awb-spacing-left-large:11.52%;--awb-width-medium:100%;--awb-order-medium:0;--awb-spacing-right-medium:1.92%;--awb-spacing-left-medium:1.92%;--awb-width-small:100%;--awb-order-small:0;--awb-spacing-right-small:1.92%;--awb-spacing-left-small:1.92%;\"><div class=\"fusion-column-wrapper fusion-column-has-shadow fusion-flex-justify-content-flex-start fusion-content-layout-column\"><\/div><\/div><\/div><\/div><div class=\"fusion-fullwidth fullwidth-box fusion-builder-row-2 fusion-flex-container nonhundred-percent-fullwidth non-hundred-percent-height-scrolling\" style=\"--awb-border-radius-top-left:0px;--awb-border-radius-top-right:0px;--awb-border-radius-bottom-right:0px;--awb-border-radius-bottom-left:0px;--awb-flex-wrap:wrap;\" ><div class=\"fusion-builder-row fusion-row fusion-flex-align-items-flex-start fusion-flex-content-wrap\" style=\"max-width:1331.2px;margin-left: calc(-4% \/ 2 );margin-right: calc(-4% \/ 2 );\"><div class=\"fusion-layout-column fusion_builder_column fusion-builder-column-8 fusion_builder_column_1_1 1_1 fusion-flex-column\" style=\"--awb-bg-size:cover;--awb-width-large:100%;--awb-margin-top-large:0px;--awb-spacing-right-large:1.92%;--awb-margin-bottom-large:20px;--awb-spacing-left-large:1.92%;--awb-width-medium:100%;--awb-order-medium:0;--awb-spacing-right-medium:1.92%;--awb-spacing-left-medium:1.92%;--awb-width-small:100%;--awb-order-small:0;--awb-spacing-right-small:1.92%;--awb-spacing-left-small:1.92%;\"><div class=\"fusion-column-wrapper fusion-column-has-shadow fusion-flex-justify-content-flex-start fusion-content-layout-column\"><div class=\"fusion-title title fusion-title-1 fusion-sep-none fusion-title-text fusion-title-size-three\" style=\"--awb-text-color:#ff9900;\"><h3 class=\"fusion-title-heading title-heading-left fusion-responsive-typography-calculated\" style=\"margin:0;--fontSize:36;line-height:1.3;\">Cuisine \u00e0 emporter<\/h3><\/div><div class=\"fusion-text fusion-text-8\"><p>Lorsqu&#039;on cuisine de la viande, il est essentiel qu&#039;elle arrive \u00e0 table cuite exactement comme on le souhaite. Pour cela, il faut atteindre le degr\u00e9 de cuisson d\u00e9sir\u00e9. <a href=\"https:\/\/www.chefstemp.com\/fr\/product\/meat-smoking-temperature-chart\/\">temp\u00e9rature cible<\/a> Exactement. Un \u00e9cart de 5 ou 10 degr\u00e9s sur la cuisson de la viande peut avoir un impact consid\u00e9rable sur son go\u00fbt et sa texture. Cependant, juger de la cuisson de la viande est d\u00e9licat, car il ne s&#039;agit pas de d\u00e9terminer si elle est pr\u00eate \u00e0 \u00eatre consomm\u00e9e imm\u00e9diatement, mais plut\u00f4t si elle le sera apr\u00e8s un temps de repos. La viande continue de cuire m\u00eame apr\u00e8s avoir \u00e9t\u00e9 retir\u00e9e du feu\u00a0; c&#039;est ce qu&#039;on appelle la \u201c\u00a0cuisson r\u00e9siduelle\u00a0\u201d.<\/p>\n<p><b>Cela se produit pour deux raisons<\/b>:<br \/>\nPremi\u00e8rement, l&#039;ext\u00e9rieur d&#039;une viande chauffe beaucoup plus vite que son c\u0153ur. Deuxi\u00e8mement, la chaleur se propageant toujours d&#039;une zone chaude vers une zone froide, tant qu&#039;il existe une diff\u00e9rence de temp\u00e9rature entre les deux, la chaleur continuera de se d\u00e9placer de la surface vers le centre, m\u00eame apr\u00e8s avoir retir\u00e9 la viande de la source de chaleur. Ce transfert ralentira, puis s&#039;arr\u00eatera, lorsque les temp\u00e9ratures interne et externe se rapprocheront et s&#039;\u00e9galiseront.<\/p>\n<p>Cependant, ce proc\u00e9d\u00e9 peut entra\u00eener une augmentation significative de la temp\u00e9rature \u00e0 c\u0153ur d&#039;une grosse pi\u00e8ce de viande, la faisant passer d&#039;un rose parfait \u00e0 un gris d\u00e9cevant. Investir dans un thermom\u00e8tre \u00e0 viande vous permettra non seulement de conna\u00eetre la temp\u00e9rature de la viande pendant la cuisson, mais aussi de d\u00e9terminer le moment id\u00e9al pour la servir.<\/p>\n<\/div><\/div><\/div><\/div><\/div><\/p>","protected":false},"excerpt":{"rendered":"","protected":false},"author":5,"featured_media":0,"parent":0,"menu_order":0,"comment_status":"closed","ping_status":"closed","template":"","meta":{"_acf_changed":false,"footnotes":""},"class_list":["post-8804","page","type-page","status-publish","hentry"],"acf":[],"_links":{"self":[{"href":"https:\/\/www.chefstemp.com\/fr\/wp-json\/wp\/v2\/pages\/8804","targetHints":{"allow":["GET"]}}],"collection":[{"href":"https:\/\/www.chefstemp.com\/fr\/wp-json\/wp\/v2\/pages"}],"about":[{"href":"https:\/\/www.chefstemp.com\/fr\/wp-json\/wp\/v2\/types\/page"}],"author":[{"embeddable":true,"href":"https:\/\/www.chefstemp.com\/fr\/wp-json\/wp\/v2\/users\/5"}],"replies":[{"embeddable":true,"href":"https:\/\/www.chefstemp.com\/fr\/wp-json\/wp\/v2\/comments?post=8804"}],"version-history":[{"count":1,"href":"https:\/\/www.chefstemp.com\/fr\/wp-json\/wp\/v2\/pages\/8804\/revisions"}],"predecessor-version":[{"id":63302,"href":"https:\/\/www.chefstemp.com\/fr\/wp-json\/wp\/v2\/pages\/8804\/revisions\/63302"}],"wp:attachment":[{"href":"https:\/\/www.chefstemp.com\/fr\/wp-json\/wp\/v2\/media?parent=8804"}],"curies":[{"name":"wp","href":"https:\/\/api.w.org\/{rel}","templated":true}]}}