{"id":18766,"date":"2024-11-12T10:50:07","date_gmt":"2024-11-12T02:50:07","guid":{"rendered":"https:\/\/www.chefstemp.com\/?post_type=product&#038;p=18766"},"modified":"2026-05-17T09:19:19","modified_gmt":"2026-05-17T01:19:19","slug":"protemp-s1-base","status":"publish","type":"product","link":"https:\/\/www.chefstemp.com\/fr\/produit\/base-protemp-s1\/","title":{"rendered":"Unit\u00e9 de base ProTemp S1 suppl\u00e9mentaire"},"content":{"rendered":"<p><strong>Unit\u00e9 de base ProTemp S1 suppl\u00e9mentaire<\/strong><\/p>\n<p>L&#039;unit\u00e9 de base suppl\u00e9mentaire ProTemp S1 \u00e9tend votre syst\u00e8me ProTemp S1, vous permettant de surveiller plusieurs fumoirs ou barbecues avec une seule unit\u00e9 principale. Il suffit d&#039;aligner et de faire pivoter l&#039;unit\u00e9 principale sur la base pour une connexion s\u00e9curis\u00e9e, permettant ainsi le suivi de la temp\u00e9rature depuis diff\u00e9rents endroits.<\/p>\n<p>Dot\u00e9e d&#039;une sonde de temp\u00e9rature Platinum haut de gamme, cette unit\u00e9 de base r\u00e9siste \u00e0 des temp\u00e9ratures allant jusqu&#039;\u00e0 530 \u00b0C (1000 \u00b0F) \u00e0 l&#039;int\u00e9rieur de votre barbecue. R\u00e9sistante aux intemp\u00e9ries et \u00e0 la pluie, elle est id\u00e9ale pour une utilisation en ext\u00e9rieur. Toutefois, nous recommandons de ranger l&#039;unit\u00e9 principale \u00e0 l&#039;int\u00e9rieur lorsqu&#039;elle n&#039;est pas utilis\u00e9e. Compatible avec les sondes sans fil Chefstemp et le ventilateur Breezo pour un contr\u00f4le optimal.<\/p>\n<p>&nbsp;<\/p>\n<p><strong>Emballage inclus:<\/strong><\/p>\n<p>1 unit\u00e9 de base<\/p>\n<p>&nbsp;<\/p>\n<p>&nbsp;<\/p>","protected":false},"excerpt":{"rendered":"<p><strong>Unit\u00e9 de base ProTemp S1 suppl\u00e9mentaire<\/strong><\/p>\n<p>L&#039;unit\u00e9 de base suppl\u00e9mentaire ProTemp S1 \u00e9tend votre syst\u00e8me ProTemp S1, vous permettant de surveiller plusieurs fumoirs ou barbecues avec une seule unit\u00e9 principale. Il suffit d&#039;aligner et de faire pivoter l&#039;unit\u00e9 principale sur la base pour une connexion s\u00e9curis\u00e9e, permettant ainsi le suivi de la temp\u00e9rature depuis diff\u00e9rents emplacements.<\/p>","protected":false},"featured_media":19245,"comment_status":"open","ping_status":"closed","template":"","meta":{"_acf_changed":false},"product_brand":[],"product_cat":[15,1423],"product_tag":[1411],"class_list":{"0":"post-18766","1":"product","2":"type-product","3":"status-publish","4":"has-post-thumbnail","6":"product_cat-meat-thermometer","7":"product_cat-protemp-s1","8":"product_tag-auto-grill-bundle-without-adapter","9":"product_shipping_class-s1-breezo-base-charger","11":"first","12":"instock","13":"taxable","14":"shipping-taxable","15":"purchasable","16":"product-type-variable"},"acf":[],"_links":{"self":[{"href":"https:\/\/www.chefstemp.com\/fr\/wp-json\/wp\/v2\/product\/18766","targetHints":{"allow":["GET"]}}],"collection":[{"href":"https:\/\/www.chefstemp.com\/fr\/wp-json\/wp\/v2\/product"}],"about":[{"href":"https:\/\/www.chefstemp.com\/fr\/wp-json\/wp\/v2\/types\/product"}],"replies":[{"embeddable":true,"href":"https:\/\/www.chefstemp.com\/fr\/wp-json\/wp\/v2\/comments?post=18766"}],"wp:featuredmedia":[{"embeddable":true,"href":"https:\/\/www.chefstemp.com\/fr\/wp-json\/wp\/v2\/media\/19245"}],"wp:attachment":[{"href":"https:\/\/www.chefstemp.com\/fr\/wp-json\/wp\/v2\/media?parent=18766"}],"wp:term":[{"taxonomy":"product_brand","embeddable":true,"href":"https:\/\/www.chefstemp.com\/fr\/wp-json\/wp\/v2\/product_brand?post=18766"},{"taxonomy":"product_cat","embeddable":true,"href":"https:\/\/www.chefstemp.com\/fr\/wp-json\/wp\/v2\/product_cat?post=18766"},{"taxonomy":"product_tag","embeddable":true,"href":"https:\/\/www.chefstemp.com\/fr\/wp-json\/wp\/v2\/product_tag?post=18766"}],"curies":[{"name":"wp","href":"https:\/\/api.w.org\/{rel}","templated":true}]}}