{"id":33977,"date":"2025-05-28T13:57:43","date_gmt":"2025-05-28T05:57:43","guid":{"rendered":"https:\/\/www.chefstemp.com\/?post_type=product&#038;p=33977"},"modified":"2026-05-10T12:43:59","modified_gmt":"2026-05-10T04:43:59","slug":"chefstemp-o-ring-8-pieces-4-colors-and-probe-number-clips-for-protemp-plus-probe","status":"publish","type":"product","link":"https:\/\/www.chefstemp.com\/fr\/produit\/joint-torique-chefstemp-8-pieces-4-couleurs-et-clips-numerotes-pour-sonde-protemp-plus\/","title":{"rendered":"Joint torique ChefsTemp (8 pi\u00e8ces, 4 couleurs) et clip de num\u00e9rotation pour sonde ProTemp Plus originale"},"content":{"rendered":"<p>Kit de joints toriques ChefsTemp\u00a0: Am\u00e9liorez votre sonde ProTemp Plus gr\u00e2ce \u00e0 notre kit de 8 joints toriques de rechange en 4 couleurs. Con\u00e7us pour une compatibilit\u00e9 parfaite avec les sondes ProTemp Plus, ces joints toriques color\u00e9s redonnent un aspect neuf \u00e0 votre appareil et facilitent la distinction entre les diff\u00e9rents canaux de la sonde pour une cuisson organis\u00e9e.<\/p>\n<p>Clips de num\u00e9rotation de sonde\u00a0: Vous pouvez installer ces pi\u00e8ces m\u00e9talliques num\u00e9rot\u00e9es sur la sonde pour distinguer facilement le canal dans lequel se trouve la sonde, les num\u00e9ros allant de 1 \u00e0 3.<\/p>\n<p>Remarque : Ce produit comprend un jeu de joints toriques (8 pi\u00e8ces) et un jeu de clips de num\u00e9rotation de sonde (3 pi\u00e8ces).<\/p>\n<p><strong>Le diam\u00e8tre des clips de num\u00e9rotation des sondes est de 6,2 mm ; ils ne peuvent pas \u00eatre utilis\u00e9s pour les sondes ProTemp 2 Plus.<\/strong><\/p>\n<p><strong>Attention : des frais de livraison s&#039;appliquent pour tout produit exp\u00e9di\u00e9 aux \u00c9tats-Unis.<\/strong><\/p>","protected":false},"excerpt":{"rendered":"<div id=\"featurebullets_feature_div\" class=\"celwidget\" data-feature-name=\"featurebullets\" data-csa-c-id=\"7ku6to-s3knjg-wptdsn-kulz1y\" data-cel-widget=\"featurebullets_feature_div\">\n<div id=\"feature-bullets\" class=\"a-section a-spacing-medium a-spacing-top-small\">\n<ul class=\"a-unordered-list a-vertical a-spacing-mini\">\n<li><span class=\"a-list-item\">Comprend 8 joints toriques de rechange et 3 clips de num\u00e9rotation des sondes.<\/span><\/li>\n<li><span class=\"a-list-item\">Compatible avec les sondes ChefsTemp ProTemp Plus.<\/span><\/li>\n<li><span class=\"a-list-item\">Des joints toriques de 4 couleurs et 3 clips num\u00e9rot\u00e9s 1, 2, 3 peuvent \u00eatre utilis\u00e9s pour distinguer les sondes de diff\u00e9rents canaux.<\/span><\/li>\n<\/ul>\n<\/div>\n<\/div>","protected":false},"featured_media":33978,"comment_status":"open","ping_status":"closed","template":"","meta":{"_acf_changed":false},"product_brand":[],"product_cat":[15,1426],"product_tag":[],"class_list":{"0":"post-33977","1":"product","2":"type-product","3":"status-publish","4":"has-post-thumbnail","6":"product_cat-meat-thermometer","7":"product_cat-accessories","8":"product_shipping_class-refrigerator-stickers-rubber-rings","10":"first","11":"instock","12":"taxable","13":"shipping-taxable","14":"purchasable","15":"product-type-simple"},"acf":[],"_links":{"self":[{"href":"https:\/\/www.chefstemp.com\/fr\/wp-json\/wp\/v2\/product\/33977","targetHints":{"allow":["GET"]}}],"collection":[{"href":"https:\/\/www.chefstemp.com\/fr\/wp-json\/wp\/v2\/product"}],"about":[{"href":"https:\/\/www.chefstemp.com\/fr\/wp-json\/wp\/v2\/types\/product"}],"replies":[{"embeddable":true,"href":"https:\/\/www.chefstemp.com\/fr\/wp-json\/wp\/v2\/comments?post=33977"}],"wp:featuredmedia":[{"embeddable":true,"href":"https:\/\/www.chefstemp.com\/fr\/wp-json\/wp\/v2\/media\/33978"}],"wp:attachment":[{"href":"https:\/\/www.chefstemp.com\/fr\/wp-json\/wp\/v2\/media?parent=33977"}],"wp:term":[{"taxonomy":"product_brand","embeddable":true,"href":"https:\/\/www.chefstemp.com\/fr\/wp-json\/wp\/v2\/product_brand?post=33977"},{"taxonomy":"product_cat","embeddable":true,"href":"https:\/\/www.chefstemp.com\/fr\/wp-json\/wp\/v2\/product_cat?post=33977"},{"taxonomy":"product_tag","embeddable":true,"href":"https:\/\/www.chefstemp.com\/fr\/wp-json\/wp\/v2\/product_tag?post=33977"}],"curies":[{"name":"wp","href":"https:\/\/api.w.org\/{rel}","templated":true}]}}