{"id":4263,"date":"2021-10-27T10:55:12","date_gmt":"2021-10-27T02:55:12","guid":{"rendered":"https:\/\/www.chefstemp.com\/?post_type=product&#038;p=4263"},"modified":"2025-12-09T14:27:03","modified_gmt":"2025-12-09T06:27:03","slug":"chefstemp-safe-cook-temp-magnet","status":"publish","type":"product","link":"https:\/\/www.chefstemp.com\/fr\/produit\/aimant-de-temperature-de-cuisson-sur-chefstemp\/","title":{"rendered":"Aimant de temp\u00e9rature de cuisson s\u00e9curitaire ChefsTemp"},"content":{"rendered":"<ul>\n<li>Aimant de temp\u00e9rature Safe Cook. Des informations et des images faciles \u00e0 comprendre vous permettront de cuire la viande \u00e0 la perfection et en toute s\u00e9curit\u00e9 \u00e0 chaque fois. Vous obtiendrez une viande parfaitement cuite gr\u00e2ce \u00e0 une surveillance attentive de la temp\u00e9rature.<\/li>\n<li>L&#039;aimant indicateur de temp\u00e9rature est fabriqu\u00e9 en vinyle de haute qualit\u00e9, r\u00e9sistant \u00e0 l&#039;\u00e9caillement et aux rayures. Robuste et dot\u00e9 d&#039;un support puissant, il adh\u00e8re parfaitement \u00e0 votre r\u00e9frig\u00e9rateur. R\u00e9sistant \u00e0 l&#039;eau et facile \u00e0 nettoyer, il y restera pendant de nombreuses ann\u00e9es. Fabrication, conception, forme et fonctionnalit\u00e9 de haute qualit\u00e9.<\/li>\n<li>Temp\u00e9ratures minimales de cuisson interne recommand\u00e9es par l&#039;USDA. Guide de cuisson et de grillade pour le poulet, la dinde, le steak de b\u0153uf, le porc et plus encore. Surveillez la cuisson et le grillage de vos viandes en toute s\u00e9curit\u00e9 et \u00e9vitez de trop les cuire. Un cadeau id\u00e9al pour les d\u00e9butants en autocuiseur.<\/li>\n<li>Mesurant 8,9 x 6,1 cm, ce guide est suffisamment petit pour \u00eatre pos\u00e9 facilement sur un barbecue ou un r\u00e9frig\u00e9rateur. Il est imprim\u00e9 en couleur sur le recto et en noir et blanc au verso. Id\u00e9al pour les d\u00e9butants comme pour les cuisiniers confirm\u00e9s, c&#039;est un cadeau parfait et un guide de r\u00e9f\u00e9rence indispensable pour la cuisine et le barbecue.<\/li>\n<li>Cet aimant pour r\u00e9frig\u00e9rateur vous permet de d\u00e9corer votre r\u00e9frig\u00e9rateur. Ces jolis aimants carr\u00e9s vous permettent de fixer vos messages, photos et images pr\u00e9f\u00e9r\u00e9es sur une surface m\u00e9tallique. Parfaits pour afficher des notes, des photos, des cartes postales, des menus, des recettes ou des documents sur la porte du r\u00e9frig\u00e9rateur.<\/li>\n<\/ul>","protected":false},"excerpt":{"rendered":"<h3 class=\"fusion-responsive-typography-calculated\" data-fontsize=\"36\" data-lineheight=\"46.8px\"><strong>STEAK<\/strong><\/h3>\n<p>Les steaks, les c\u00f4telettes et les r\u00f4tis doivent \u00eatre cuits \u00e0 une temp\u00e9rature interne de 145 degr\u00e9s Fahrenheit \u2013 soit une cuisson \u00e0 point classique.<\/p>\n<p><strong>Temp\u00e9rature\u00a0<\/strong><\/p>\n<ul>\n<li>\u00c0 point \u2013 130 \u2013 135 (Rose)<\/li>\n<li>Moyen 135 \u2013 145 (Quelques nuances de rose)<\/li>\n<li>Moyen Plus \u2013 150 (Un peu de rose)<\/li>\n<li>Puits 145 \u2013 155 (Argent ou rose clair)<\/li>\n<li>Bien cuit 155 \u2013 165 (Principalement brun)<\/li>\n<\/ul>\n<h3 class=\"fusion-responsive-typography-calculated\" data-fontsize=\"36\" data-lineheight=\"46.8px\"><strong>VOLAILLE<\/strong><\/h3>\n<p>Le poulet et la dinde doivent \u00eatre cuits \u00e0 une temp\u00e9rature interne de 165 degr\u00e9s Fahrenheit.<\/p>\n<h3 class=\"fusion-responsive-typography-calculated\" data-fontsize=\"36\" data-lineheight=\"46.8px\"><strong>FRUIT DE MER<\/strong><\/h3>\n<p>Le poisson et les fruits de mer doivent \u00eatre cuits \u00e0 une temp\u00e9rature interne de 145 degr\u00e9s Fahrenheit.<\/p>\n<h3 class=\"fusion-responsive-typography-calculated\" data-fontsize=\"36\" data-lineheight=\"46.8px\"><strong>PORC<\/strong><\/h3>\n<p>La temp\u00e9rature de s\u00e9curit\u00e9 selon l&#039;USDA est de 145\u2109.<br \/>\nC\u00f4tes de porc - BBQ : 190-205\u2109<br \/>\n\u00c9paule de porc - BBQ : 190-205\u2109<\/p>","protected":false},"featured_media":4264,"comment_status":"open","ping_status":"closed","template":"","meta":{"_acf_changed":false},"product_brand":[],"product_cat":[15],"product_tag":[],"class_list":{"0":"post-4263","1":"product","2":"type-product","3":"status-publish","4":"has-post-thumbnail","6":"product_cat-meat-thermometer","7":"product_shipping_class-refrigerator-stickers-rubber-rings","9":"first","10":"outofstock","11":"taxable","12":"shipping-taxable","13":"purchasable","14":"product-type-simple"},"acf":[],"_links":{"self":[{"href":"https:\/\/www.chefstemp.com\/fr\/wp-json\/wp\/v2\/product\/4263","targetHints":{"allow":["GET"]}}],"collection":[{"href":"https:\/\/www.chefstemp.com\/fr\/wp-json\/wp\/v2\/product"}],"about":[{"href":"https:\/\/www.chefstemp.com\/fr\/wp-json\/wp\/v2\/types\/product"}],"replies":[{"embeddable":true,"href":"https:\/\/www.chefstemp.com\/fr\/wp-json\/wp\/v2\/comments?post=4263"}],"wp:featuredmedia":[{"embeddable":true,"href":"https:\/\/www.chefstemp.com\/fr\/wp-json\/wp\/v2\/media\/4264"}],"wp:attachment":[{"href":"https:\/\/www.chefstemp.com\/fr\/wp-json\/wp\/v2\/media?parent=4263"}],"wp:term":[{"taxonomy":"product_brand","embeddable":true,"href":"https:\/\/www.chefstemp.com\/fr\/wp-json\/wp\/v2\/product_brand?post=4263"},{"taxonomy":"product_cat","embeddable":true,"href":"https:\/\/www.chefstemp.com\/fr\/wp-json\/wp\/v2\/product_cat?post=4263"},{"taxonomy":"product_tag","embeddable":true,"href":"https:\/\/www.chefstemp.com\/fr\/wp-json\/wp\/v2\/product_tag?post=4263"}],"curies":[{"name":"wp","href":"https:\/\/api.w.org\/{rel}","templated":true}]}}