{"id":44598,"date":"2025-10-09T15:31:33","date_gmt":"2025-10-09T07:31:33","guid":{"rendered":"https:\/\/www.chefstemp.com\/?post_type=product&#038;p=44598"},"modified":"2026-05-03T22:28:46","modified_gmt":"2026-05-03T14:28:46","slug":"4-in-1-probe-charger","status":"publish","type":"product","link":"https:\/\/www.chefstemp.com\/fr\/produit\/chargeur-de-sonde-4-en-1\/","title":{"rendered":"Chargeur 4 en 1 pour sondes sans fil (original et neuf) \u2014 Accessoire de remplacement pour ProTemp S1 (ne peut pas \u00eatre utilis\u00e9 seul !)"},"content":{"rendered":"","protected":false},"excerpt":{"rendered":"<ul>\n<li>Ce produit comprend uniquement un chargeur de sonde ChefsTemp 4 en 1 et ne contient aucune sonde !<\/li>\n<li>Peut \u00eatre utilis\u00e9 pour recharger nos sondes sans fil d&#039;origine et de nouvelle g\u00e9n\u00e9ration.<\/li>\n<li>Connexion par c\u00e2ble de charge de type C (c\u00e2ble de charge non inclus dans l&#039;emballage)<\/li>\n<\/ul>\n<p><a href=\"https:\/\/drive.google.com\/file\/d\/1j2JpR2kE5FXuSx5BRgG_fsOZpqzwyrxg\/view?usp=sharing\" target=\"_blank\" rel=\"noopener\">Consultez ici le manuel d&#039;utilisation du chargeur 4 en 1<br \/>\n<\/a><\/p>","protected":false},"featured_media":44649,"comment_status":"open","ping_status":"closed","template":"","meta":{"_acf_changed":false},"product_brand":[],"product_cat":[15,1426],"product_tag":[],"class_list":{"0":"post-44598","1":"product","2":"type-product","3":"status-publish","4":"has-post-thumbnail","6":"product_cat-meat-thermometer","7":"product_cat-accessories","8":"product_shipping_class-s1-breezo-base-charger","10":"first","11":"instock","12":"taxable","13":"shipping-taxable","14":"purchasable","15":"product-type-simple"},"acf":[],"_links":{"self":[{"href":"https:\/\/www.chefstemp.com\/fr\/wp-json\/wp\/v2\/product\/44598","targetHints":{"allow":["GET"]}}],"collection":[{"href":"https:\/\/www.chefstemp.com\/fr\/wp-json\/wp\/v2\/product"}],"about":[{"href":"https:\/\/www.chefstemp.com\/fr\/wp-json\/wp\/v2\/types\/product"}],"replies":[{"embeddable":true,"href":"https:\/\/www.chefstemp.com\/fr\/wp-json\/wp\/v2\/comments?post=44598"}],"wp:featuredmedia":[{"embeddable":true,"href":"https:\/\/www.chefstemp.com\/fr\/wp-json\/wp\/v2\/media\/44649"}],"wp:attachment":[{"href":"https:\/\/www.chefstemp.com\/fr\/wp-json\/wp\/v2\/media?parent=44598"}],"wp:term":[{"taxonomy":"product_brand","embeddable":true,"href":"https:\/\/www.chefstemp.com\/fr\/wp-json\/wp\/v2\/product_brand?post=44598"},{"taxonomy":"product_cat","embeddable":true,"href":"https:\/\/www.chefstemp.com\/fr\/wp-json\/wp\/v2\/product_cat?post=44598"},{"taxonomy":"product_tag","embeddable":true,"href":"https:\/\/www.chefstemp.com\/fr\/wp-json\/wp\/v2\/product_tag?post=44598"}],"curies":[{"name":"wp","href":"https:\/\/api.w.org\/{rel}","templated":true}]}}