{"id":46239,"date":"2025-10-24T16:31:12","date_gmt":"2025-10-24T08:31:12","guid":{"rendered":"https:\/\/www.chefstemp.com\/?post_type=product&#038;p=46239"},"modified":"2026-05-15T22:20:50","modified_gmt":"2026-05-15T14:20:50","slug":"2nd-gen-probe-s1","status":"publish","type":"product","link":"https:\/\/www.chefstemp.com\/fr\/produit\/sonde-de-2e-generation-s1\/","title":{"rendered":"Sonde de 2e g\u00e9n\u00e9ration et chargeur 4 en 1 combin\u00e9s \u2013 Accessoire de remplacement pour ProTemp S1 ou ProTemp 2 Plus (N\u00e9cessite un ProTemp S1\/2 Plus \u2013 Ne peut pas \u00eatre utilis\u00e9 seul !)"},"content":{"rendered":"","protected":false},"excerpt":{"rendered":"<div class=\"panel-heading\">\n<p>Sp\u00e9cifications de la sonde\u00a0:<\/p>\n<\/div>\n<ul>\n<li>Dimensions de la sonde\u00a0: 4,92 \u00d7 1,10 \u00d7 0,17 pouce (125 \u00d7 28 \u00d7 4,55 mm)<\/li>\n<li>Diam\u00e8tre : 0,17 pouce (4,55 mm)<\/li>\n<li>Pr\u00e9cision : \u00b10,9 \u00b0F (\u00b10,5 \u00b0C)<\/li>\n<li>Plage de temp\u00e9rature de la sonde\u00a0: 0\u00a0\u00b0C \u00e0 105\u00a0\u00b0C (32\u00a0\u00b0F \u00e0 220\u00a0\u00b0F)\u00a0; r\u00e9siste \u00e0 des temp\u00e9ratures allant jusqu\u2019\u00e0 105\u00a0\u00b0C (221\u00a0\u00b0F).<\/li>\n<li>Plage de temp\u00e9rature ambiante\u00a0: 122\u00a0\u00b0F \u2013 1000\u00a0\u00b0F (50\u00a0\u00b0C \u2013 530\u00a0\u00b0C) R\u00e9siste \u00e0 des temp\u00e9ratures jusqu\u2019\u00e0 1000\u00a0\u00b0F (530\u00a0\u00b0C)<\/li>\n<li>Niveau d&#039;\u00e9tanch\u00e9it\u00e9 de la sonde : IP68<\/li>\n<li>Mat\u00e9riau : acier inoxydable 316<\/li>\n<li>Autonomie de la batterie de la sonde\u00a0: jusqu\u2019\u00e0 30\u00a0heures<\/li>\n<li>Peut \u00eatre connect\u00e9 aux ProTemp S1 et ProTemp 2 Plus, et peut \u00e9galement \u00eatre charg\u00e9 via le chargeur 4-en-1 ChefsTemp.<\/li>\n<li>Charge compl\u00e8te en seulement 10 \u00e0 15 minutes\u00a0: nous recommandons de charger compl\u00e8tement la sonde avant chaque utilisation.<\/li>\n<li><strong>Important:<\/strong> <strong>Ce produit est un accessoire. Veuillez v\u00e9rifier que vous poss\u00e9dez d\u00e9j\u00e0 un ProTemp S1 ou un ProTemp 2 Plus avant de proc\u00e9der \u00e0 l&#039;achat.<\/strong> Il n&#039;est pas recommand\u00e9 de l&#039;utiliser pour le ProTemp Plus original, car il pourrait ne pas \u00eatre compatible.<\/li>\n<\/ul>\n<p><a href=\"https:\/\/drive.google.com\/file\/d\/1j2JpR2kE5FXuSx5BRgG_fsOZpqzwyrxg\/view?usp=sharing\" target=\"_blank\" rel=\"noopener\">Consultez ici le manuel d&#039;utilisation du chargeur 4 en 1<br \/>\n<\/a><\/p>","protected":false},"featured_media":45903,"comment_status":"open","ping_status":"closed","template":"","meta":{"_acf_changed":false},"product_brand":[],"product_cat":[15,1473,1424,1423,1472],"product_tag":[1411],"class_list":{"0":"post-46239","1":"product","2":"type-product","3":"status-publish","4":"has-post-thumbnail","6":"product_cat-meat-thermometer","7":"product_cat-grill-temperature-controller","8":"product_cat-leave-in-meat-thermometer","9":"product_cat-protemp-s1","10":"product_cat-wifi-wireless-meat-thermometer","11":"product_tag-auto-grill-bundle-without-adapter","12":"product_shipping_class-s1-breezo-base-charger","14":"first","15":"instock","16":"featured","17":"taxable","18":"shipping-taxable","19":"purchasable","20":"product-type-variable","21":"has-default-attributes"},"acf":[],"_links":{"self":[{"href":"https:\/\/www.chefstemp.com\/fr\/wp-json\/wp\/v2\/product\/46239","targetHints":{"allow":["GET"]}}],"collection":[{"href":"https:\/\/www.chefstemp.com\/fr\/wp-json\/wp\/v2\/product"}],"about":[{"href":"https:\/\/www.chefstemp.com\/fr\/wp-json\/wp\/v2\/types\/product"}],"replies":[{"embeddable":true,"href":"https:\/\/www.chefstemp.com\/fr\/wp-json\/wp\/v2\/comments?post=46239"}],"wp:featuredmedia":[{"embeddable":true,"href":"https:\/\/www.chefstemp.com\/fr\/wp-json\/wp\/v2\/media\/45903"}],"wp:attachment":[{"href":"https:\/\/www.chefstemp.com\/fr\/wp-json\/wp\/v2\/media?parent=46239"}],"wp:term":[{"taxonomy":"product_brand","embeddable":true,"href":"https:\/\/www.chefstemp.com\/fr\/wp-json\/wp\/v2\/product_brand?post=46239"},{"taxonomy":"product_cat","embeddable":true,"href":"https:\/\/www.chefstemp.com\/fr\/wp-json\/wp\/v2\/product_cat?post=46239"},{"taxonomy":"product_tag","embeddable":true,"href":"https:\/\/www.chefstemp.com\/fr\/wp-json\/wp\/v2\/product_tag?post=46239"}],"curies":[{"name":"wp","href":"https:\/\/api.w.org\/{rel}","templated":true}]}}