{"id":47921,"date":"2025-11-06T09:18:49","date_gmt":"2025-11-06T01:18:49","guid":{"rendered":"https:\/\/www.chefstemp.com\/?post_type=product&#038;p=47921"},"modified":"2026-05-16T07:51:47","modified_gmt":"2026-05-15T23:51:47","slug":"waterproof-cover-s1","status":"publish","type":"product","link":"https:\/\/www.chefstemp.com\/fr\/produit\/housse-etanche-s1\/","title":{"rendered":"Ensemble coque de protection \u00e9tanche en silicone et \u00e9tui d\u00e9coratif pour ProTemp S1"},"content":{"rendered":"<div class=\"fusion-fullwidth fullwidth-box fusion-builder-row-1 fusion-flex-container has-pattern-background has-mask-background nonhundred-percent-fullwidth non-hundred-percent-height-scrolling\" style=\"--awb-border-radius-top-left:0px;--awb-border-radius-top-right:0px;--awb-border-radius-bottom-right:0px;--awb-border-radius-bottom-left:0px;--awb-flex-wrap:wrap;\" ><div class=\"fusion-builder-row fusion-row fusion-flex-align-items-flex-start fusion-flex-content-wrap\" style=\"max-width:1331.2px;margin-left: calc(-4% \/ 2 );margin-right: calc(-4% \/ 2 );\"><div class=\"fusion-layout-column fusion_builder_column fusion-builder-column-0 fusion_builder_column_1_1 1_1 fusion-flex-column\" style=\"--awb-bg-size:cover;--awb-width-large:100%;--awb-margin-top-large:0px;--awb-spacing-right-large:1.92%;--awb-margin-bottom-large:20px;--awb-spacing-left-large:1.92%;--awb-width-medium:100%;--awb-order-medium:0;--awb-spacing-right-medium:1.92%;--awb-spacing-left-medium:1.92%;--awb-width-small:100%;--awb-order-small:0;--awb-spacing-right-small:1.92%;--awb-spacing-left-small:1.92%;\"><div class=\"fusion-column-wrapper fusion-column-has-shadow fusion-flex-justify-content-flex-start fusion-content-layout-column\"><div class=\"fusion-title title fusion-title-1 fusion-sep-none fusion-title-text fusion-title-size-one\"><h1 class=\"fusion-title-heading title-heading-left fusion-responsive-typography-calculated\" style=\"margin:0;--fontSize:44;line-height:1.3;\">Sp\u00e9cifications du produit<\/h1><\/div>\n<div class=\"table-1\">\n<h3>Sp\u00e9cifications du produit<\/h3>\n<table>\n<thead>\n<tr>\n<th>Fonctionnalit\u00e9<\/th>\n<th>D\u00e9tails<\/th>\n<\/tr>\n<\/thead>\n<tbody>\n<tr>\n<td><strong>Compatibilit\u00e9<\/strong><\/td>\n<td>Unit\u00e9 principale et base ProTemp S1<\/td>\n<\/tr>\n<tr>\n<td><strong>Mat\u00e9riel<\/strong><\/td>\n<td>Silicone souple (couverture) ; plastique ABS (bo\u00eetier)<\/td>\n<\/tr>\n<tr>\n<td><strong>Protection<\/strong><\/td>\n<td>\u00c9tanche (indice IPX6) ; r\u00e9sistant \u00e0 la pluie et \u00e0 la neige l\u00e9g\u00e8re<\/td>\n<\/tr>\n<tr>\n<td><strong>Caract\u00e9ristiques principales<\/strong><\/td>\n<td>Port de chargement \u00e9tanche\u00a0; installation facile\u00a0; base d\u00e9corative am\u00e9lior\u00e9e<\/td>\n<\/tr>\n<tr>\n<td><strong>Dimensions<\/strong><\/td>\n<td>Couverture\u00a0: environ 9\u00a0\u00d7\u00a09\u00a0\u00d7\u00a02\u00a0cm\u00a0; \u00c9tui\u00a0: environ 10\u00a0\u00d7\u00a010\u00a0\u00d7\u00a03\u00a0cm<\/td>\n<\/tr>\n<tr>\n<td><strong>Poids<\/strong><\/td>\n<td>Total : 4,3 oz (122 g)<\/td>\n<\/tr>\n<tr>\n<td><strong>Couleur<\/strong><\/td>\n<td>Orange (standard)<\/td>\n<\/tr>\n<tr>\n<td><strong>Soins<\/strong><\/td>\n<td>Nettoyer avec de l&#039;eau et du savon doux ; \u00e9viter l&#039;immersion.<\/td>\n<\/tr>\n<tr>\n<td><strong>Garantie<\/strong><\/td>\n<td>Garantie limit\u00e9e d&#039;un an<\/td>\n<\/tr>\n<\/tbody>\n<\/table>\n<p class=\"note\"><em>Remarque : Pour prolonger sa dur\u00e9e de vie, rangez le ProTemp S1 \u00e0 l&#039;int\u00e9rieur lorsqu&#039;il n&#039;est pas utilis\u00e9.<\/em><\/p>\n<\/div>\n<\/div><\/div><\/div><\/div>","protected":false},"excerpt":{"rendered":"<p>Snug-fitting silicone case for ProTemp S1, protects ProTemp S1 from water damage and enables safe use in the rain.<br \/>\nLa coque de protection en plastique de la base S1 prot\u00e8ge cette derni\u00e8re du vieillissement caus\u00e9 par une exposition prolong\u00e9e au soleil.<br \/>\nNous vous sugg\u00e9rons de retirer l&#039;unit\u00e9 principale ProTemp S1 et de prot\u00e9ger la base avec la coque en plastique lorsque vous n&#039;utilisez pas le S1.<\/p>","protected":false},"featured_media":47944,"comment_status":"open","ping_status":"closed","template":"","meta":{"_acf_changed":false},"product_brand":[],"product_cat":[15,1426,1423],"product_tag":[1411],"class_list":{"0":"post-47921","1":"product","2":"type-product","3":"status-publish","4":"has-post-thumbnail","6":"product_cat-meat-thermometer","7":"product_cat-accessories","8":"product_cat-protemp-s1","9":"product_tag-auto-grill-bundle-without-adapter","10":"product_shipping_class-case","12":"first","13":"instock","14":"taxable","15":"shipping-taxable","16":"purchasable","17":"product-type-simple"},"acf":[],"_links":{"self":[{"href":"https:\/\/www.chefstemp.com\/fr\/wp-json\/wp\/v2\/product\/47921","targetHints":{"allow":["GET"]}}],"collection":[{"href":"https:\/\/www.chefstemp.com\/fr\/wp-json\/wp\/v2\/product"}],"about":[{"href":"https:\/\/www.chefstemp.com\/fr\/wp-json\/wp\/v2\/types\/product"}],"replies":[{"embeddable":true,"href":"https:\/\/www.chefstemp.com\/fr\/wp-json\/wp\/v2\/comments?post=47921"}],"wp:featuredmedia":[{"embeddable":true,"href":"https:\/\/www.chefstemp.com\/fr\/wp-json\/wp\/v2\/media\/47944"}],"wp:attachment":[{"href":"https:\/\/www.chefstemp.com\/fr\/wp-json\/wp\/v2\/media?parent=47921"}],"wp:term":[{"taxonomy":"product_brand","embeddable":true,"href":"https:\/\/www.chefstemp.com\/fr\/wp-json\/wp\/v2\/product_brand?post=47921"},{"taxonomy":"product_cat","embeddable":true,"href":"https:\/\/www.chefstemp.com\/fr\/wp-json\/wp\/v2\/product_cat?post=47921"},{"taxonomy":"product_tag","embeddable":true,"href":"https:\/\/www.chefstemp.com\/fr\/wp-json\/wp\/v2\/product_tag?post=47921"}],"curies":[{"name":"wp","href":"https:\/\/api.w.org\/{rel}","templated":true}]}}