{"id":51776,"date":"2025-11-28T15:48:59","date_gmt":"2025-11-28T07:48:59","guid":{"rendered":"https:\/\/www.chefstemp.com\/?post_type=product&#038;p=51776"},"modified":"2026-05-15T02:17:01","modified_gmt":"2026-05-14T18:17:01","slug":"decorative-case-2pcs-for-protemp-s1","status":"publish","type":"product","link":"https:\/\/www.chefstemp.com\/fr\/produit\/etui-decoratif-2-pieces-pour-protemp-s1\/","title":{"rendered":"\u00c9tui d\u00e9coratif (2 pi\u00e8ces) pour base ProTemp S1"},"content":{"rendered":"<div class=\"fusion-fullwidth fullwidth-box fusion-builder-row-1 fusion-flex-container has-pattern-background has-mask-background nonhundred-percent-fullwidth non-hundred-percent-height-scrolling\" style=\"--awb-border-radius-top-left:0px;--awb-border-radius-top-right:0px;--awb-border-radius-bottom-right:0px;--awb-border-radius-bottom-left:0px;--awb-flex-wrap:wrap;\" ><div class=\"fusion-builder-row fusion-row fusion-flex-align-items-flex-start fusion-flex-content-wrap\" style=\"max-width:1331.2px;margin-left: calc(-4% \/ 2 );margin-right: calc(-4% \/ 2 );\"><div class=\"fusion-layout-column fusion_builder_column fusion-builder-column-0 fusion_builder_column_1_1 1_1 fusion-flex-column\" style=\"--awb-bg-size:cover;--awb-width-large:100%;--awb-margin-top-large:0px;--awb-spacing-right-large:1.92%;--awb-margin-bottom-large:20px;--awb-spacing-left-large:1.92%;--awb-width-medium:100%;--awb-order-medium:0;--awb-spacing-right-medium:1.92%;--awb-spacing-left-medium:1.92%;--awb-width-small:100%;--awb-order-small:0;--awb-spacing-right-small:1.92%;--awb-spacing-left-small:1.92%;\"><div class=\"fusion-column-wrapper fusion-column-has-shadow fusion-flex-justify-content-flex-start fusion-content-layout-column\"><div class=\"fusion-title title fusion-title-1 fusion-sep-none fusion-title-text fusion-title-size-one\"><h1 class=\"fusion-title-heading title-heading-left fusion-responsive-typography-calculated\" style=\"margin:0;--fontSize:44;line-height:1.3;\">Sp\u00e9cifications du produit<\/h1><\/div>\n<div class=\"table-1\">\n<h3>Sp\u00e9cifications du produit<\/h3>\n<table>\n<thead>\n<tr>\n<th>Fonctionnalit\u00e9<\/th>\n<th>D\u00e9tails<\/th>\n<\/tr>\n<\/thead>\n<tbody>\n<tr>\n<td><strong>Compatibilit\u00e9<\/strong><\/td>\n<td>Base ProTemp S1<\/td>\n<\/tr>\n<tr>\n<td><strong>Mat\u00e9riel<\/strong><\/td>\n<td>plastique ABS (bo\u00eetier)<\/td>\n<\/tr>\n<tr>\n<td><strong>Protection<\/strong><\/td>\n<td>\u00c9tanche (indice IPX6) ; r\u00e9sistant \u00e0 la pluie et \u00e0 la neige l\u00e9g\u00e8re<\/td>\n<\/tr>\n<tr>\n<td><strong>Caract\u00e9ristiques principales<\/strong><\/td>\n<td>Installation facile ; base d\u00e9corative am\u00e9lior\u00e9e<\/td>\n<\/tr>\n<tr>\n<td><strong>Dimensions<\/strong><\/td>\n<td>Bo\u00eetier : ~3,94\u2033 x 3,94\u2033 x 1,18\u2033 (10 x 10 x 3 cm)<\/td>\n<\/tr>\n<tr>\n<td><strong>Poids<\/strong><\/td>\n<td>Total : 4,3 oz (122 g)<\/td>\n<\/tr>\n<tr>\n<td><strong>Couleur<\/strong><\/td>\n<td>Orange (standard)<\/td>\n<\/tr>\n<tr>\n<td><strong>Soins<\/strong><\/td>\n<td>Nettoyer avec de l&#039;eau et du savon doux ; \u00e9viter l&#039;immersion.<\/td>\n<\/tr>\n<tr>\n<td><strong>Garantie<\/strong><\/td>\n<td>Garantie limit\u00e9e d&#039;un an<\/td>\n<\/tr>\n<\/tbody>\n<\/table>\n<p class=\"note\"><em>Remarque : Pour prolonger sa dur\u00e9e de vie, rangez le ProTemp S1 \u00e0 l&#039;int\u00e9rieur lorsqu&#039;il n&#039;est pas utilis\u00e9.<\/em><\/p>\n<\/div>\n<\/div><\/div><\/div><\/div>","protected":false},"excerpt":{"rendered":"<ul>\n<li style=\"list-style-type: none;\">\n<ul>\n<li>La coque de protection en plastique de la base S1 prot\u00e8ge cette derni\u00e8re du vieillissement caus\u00e9 par une exposition prolong\u00e9e au soleil.<\/li>\n<li>Nous vous sugg\u00e9rons de retirer l&#039;unit\u00e9 principale ProTemp S1 et de prot\u00e9ger la base avec la coque en plastique lorsque vous n&#039;utilisez pas le S1.<\/li>\n<li><strong>Attention : ce produit ne comprend pas de housse \u00e9tanche en silicone !<\/strong><\/li>\n<\/ul>\n<\/li>\n<\/ul>","protected":false},"featured_media":51777,"comment_status":"open","ping_status":"closed","template":"","meta":{"_acf_changed":false},"product_brand":[],"product_cat":[15,1426],"product_tag":[1411],"class_list":{"0":"post-51776","1":"product","2":"type-product","3":"status-publish","4":"has-post-thumbnail","6":"product_cat-meat-thermometer","7":"product_cat-accessories","8":"product_tag-auto-grill-bundle-without-adapter","9":"product_shipping_class-case","11":"first","12":"instock","13":"taxable","14":"shipping-taxable","15":"purchasable","16":"product-type-simple"},"acf":[],"_links":{"self":[{"href":"https:\/\/www.chefstemp.com\/fr\/wp-json\/wp\/v2\/product\/51776","targetHints":{"allow":["GET"]}}],"collection":[{"href":"https:\/\/www.chefstemp.com\/fr\/wp-json\/wp\/v2\/product"}],"about":[{"href":"https:\/\/www.chefstemp.com\/fr\/wp-json\/wp\/v2\/types\/product"}],"replies":[{"embeddable":true,"href":"https:\/\/www.chefstemp.com\/fr\/wp-json\/wp\/v2\/comments?post=51776"}],"wp:featuredmedia":[{"embeddable":true,"href":"https:\/\/www.chefstemp.com\/fr\/wp-json\/wp\/v2\/media\/51777"}],"wp:attachment":[{"href":"https:\/\/www.chefstemp.com\/fr\/wp-json\/wp\/v2\/media?parent=51776"}],"wp:term":[{"taxonomy":"product_brand","embeddable":true,"href":"https:\/\/www.chefstemp.com\/fr\/wp-json\/wp\/v2\/product_brand?post=51776"},{"taxonomy":"product_cat","embeddable":true,"href":"https:\/\/www.chefstemp.com\/fr\/wp-json\/wp\/v2\/product_cat?post=51776"},{"taxonomy":"product_tag","embeddable":true,"href":"https:\/\/www.chefstemp.com\/fr\/wp-json\/wp\/v2\/product_tag?post=51776"}],"curies":[{"name":"wp","href":"https:\/\/api.w.org\/{rel}","templated":true}]}}