{"id":9929,"date":"2022-06-24T15:50:16","date_gmt":"2022-06-24T07:50:16","guid":{"rendered":"https:\/\/www.chefstemp.com\/?post_type=product&#038;p=9929"},"modified":"2026-02-17T08:45:40","modified_gmt":"2026-02-17T00:45:40","slug":"chefstemp-probe-replacement-for-quad-xpro-long-range-remote-thermometer","status":"publish","type":"product","link":"https:\/\/www.chefstemp.com\/fr\/produit\/sonde-de-remplacement-pour-thermometre-a-distance-longue-portee-quad-xpro-de-chefstemp\/","title":{"rendered":"Sonde de remplacement ChefsTemp pour thermom\u00e8tre \u00e0 distance longue port\u00e9e Quad XPro"},"content":{"rendered":"<p>Am\u00e9liorez votre thermom\u00e8tre \u00e0 viande ChefsTemp Quad XPro gr\u00e2ce \u00e0 notre sonde de rechange fiable. Con\u00e7ue pour r\u00e9sister \u00e0 des temp\u00e9ratures allant jusqu&#039;\u00e0 300 \u00b0C (572 \u00b0F) et offrant une large plage de cuisson de -50 \u00b0C \u00e0 300 \u00b0C (-58 \u00b0F \u00e0 572 \u00b0F), elle vous garantit une pr\u00e9cision optimale pour des r\u00e9sultats parfaits \u00e0 chaque utilisation.<\/p>","protected":false},"excerpt":{"rendered":"<ul class=\"a-unordered-list a-vertical a-spacing-mini\">\n<li><span class=\"a-list-item\">\u00c0 utiliser comme sonde de remplacement pour le thermom\u00e8tre \u00e0 viande ChefsTemp Quad XPro.<\/span><\/li>\n<li><span class=\"a-list-item\">La sonde r\u00e9siste \u00e0 des temp\u00e9ratures allant jusqu&#039;\u00e0 300 \u00b0C (572 \u00b0F). Vous pouvez ainsi cuisiner avec une grande pr\u00e9cision dans une large plage de temp\u00e9ratures, de -50 \u00b0C (-58 \u00b0F) \u00e0 300 \u00b0C (572 \u00b0F).<\/span><\/li>\n<li><span class=\"a-list-item\">Nos sondes et nos c\u00e2bles sont fabriqu\u00e9s selon les normes IPX7, ce qui signifie qu&#039;ils peuvent \u00eatre immerg\u00e9s dans l&#039;eau.<\/span><\/li>\n<li><span class=\"a-list-item\">Le thermom\u00e8tre de cuisson est dot\u00e9 d&#039;une sonde \u00e9tanche IPX7 en acier inoxydable de qualit\u00e9 alimentaire pour mesurer la temp\u00e9rature des liquides, tels que la soupe, le lait et bien plus encore.<\/span><\/li>\n<li><span class=\"a-list-item\">Remarque : Le fil m\u00e9tallique ne doit pas rester dans l&#039;eau pendant plus d&#039;une demi-heure. Nettoyez et s\u00e9chez soigneusement la sonde apr\u00e8s chaque utilisation avec un chiffon humide.<\/span><\/li>\n<\/ul>","protected":false},"featured_media":9969,"comment_status":"open","ping_status":"closed","template":"","meta":{"_acf_changed":false},"product_brand":[],"product_cat":[15],"product_tag":[],"class_list":{"0":"post-9929","1":"product","2":"type-product","3":"status-publish","4":"has-post-thumbnail","6":"product_cat-meat-thermometer","8":"first","9":"instock","10":"taxable","11":"shipping-taxable","12":"purchasable","13":"product-type-simple"},"acf":[],"_links":{"self":[{"href":"https:\/\/www.chefstemp.com\/fr\/wp-json\/wp\/v2\/product\/9929","targetHints":{"allow":["GET"]}}],"collection":[{"href":"https:\/\/www.chefstemp.com\/fr\/wp-json\/wp\/v2\/product"}],"about":[{"href":"https:\/\/www.chefstemp.com\/fr\/wp-json\/wp\/v2\/types\/product"}],"replies":[{"embeddable":true,"href":"https:\/\/www.chefstemp.com\/fr\/wp-json\/wp\/v2\/comments?post=9929"}],"wp:featuredmedia":[{"embeddable":true,"href":"https:\/\/www.chefstemp.com\/fr\/wp-json\/wp\/v2\/media\/9969"}],"wp:attachment":[{"href":"https:\/\/www.chefstemp.com\/fr\/wp-json\/wp\/v2\/media?parent=9929"}],"wp:term":[{"taxonomy":"product_brand","embeddable":true,"href":"https:\/\/www.chefstemp.com\/fr\/wp-json\/wp\/v2\/product_brand?post=9929"},{"taxonomy":"product_cat","embeddable":true,"href":"https:\/\/www.chefstemp.com\/fr\/wp-json\/wp\/v2\/product_cat?post=9929"},{"taxonomy":"product_tag","embeddable":true,"href":"https:\/\/www.chefstemp.com\/fr\/wp-json\/wp\/v2\/product_tag?post=9929"}],"curies":[{"name":"wp","href":"https:\/\/api.w.org\/{rel}","templated":true}]}}