{"id":9979,"date":"2022-06-24T17:35:34","date_gmt":"2022-06-24T09:35:34","guid":{"rendered":"https:\/\/www.chefstemp.com\/?post_type=product&#038;p=9979"},"modified":"2026-05-16T03:57:23","modified_gmt":"2026-05-15T19:57:23","slug":"meat-temperature-guide","status":"publish","type":"product","link":"https:\/\/www.chefstemp.com\/fr\/produit\/guide-des-temperatures-de-la-viande\/","title":{"rendered":"Aimant de tableau de temp\u00e9rature de viande ChefsTemp"},"content":{"rendered":"<p>Ma\u00eetrisez la cuisson avec le guide de temp\u00e9rature magn\u00e9tique ChefsTemp\u00a0! Fixez-le sur toute surface magn\u00e9tique pour un acc\u00e8s facile. Obtenez des recommandations pr\u00e9cises pour le b\u0153uf, le porc, le poisson, le poulet et la dinde. Cuisinez en toute confiance gr\u00e2ce aux degr\u00e9s Fahrenheit ou Celsius. Dites adieu aux aliments trop cuits ou pas assez cuits\u00a0!<\/p>","protected":false},"excerpt":{"rendered":"<ul class=\"a-unordered-list a-vertical a-spacing-mini\">\n<li><span class=\"a-list-item\">Guide des temp\u00e9ratures<\/span>Facile \u00e0 comprendre, ce syst\u00e8me vous permet de cuire la viande \u00e0 la perfection et en toute s\u00e9curit\u00e9, \u00e0 chaque fois. Gr\u00e2ce \u00e0 une surveillance attentive de la temp\u00e9rature, vous obtiendrez une viande parfaitement cuite.<\/li>\n<li><span class=\"a-list-item\">Aimant de haute qualit\u00e9\u00a0: cet aimant de 17,5\u00a0cm x 18,3\u00a0cm peut \u00eatre coll\u00e9 sur n\u2019importe quelle surface magn\u00e9tique, qu\u2019il s\u2019agisse du gril lui-m\u00eame ou du r\u00e9frig\u00e9rateur.<\/span><\/li>\n<li><span class=\"a-list-item\">Temp\u00e9ratures recommand\u00e9es\u00a0: Consultez la temp\u00e9rature de service, la temp\u00e9rature \u00e0 c\u0153ur vis\u00e9e, la temp\u00e9rature minimale recommand\u00e9e par l\u2019USDA et les suggestions de cuisson pour les viandes les plus courantes\u00a0! Id\u00e9al pour le b\u0153uf, le porc, le poisson, le poulet et la dinde.<\/span><\/li>\n<li><span class=\"a-list-item\">Facile \u00e0 lire : Conversions en degr\u00e9s Fahrenheit ou Celsius pour les viandes les plus courantes.<\/span><\/li>\n<\/ul>","protected":false},"featured_media":10131,"comment_status":"open","ping_status":"closed","template":"","meta":{"_acf_changed":false},"product_brand":[],"product_cat":[15,1426],"product_tag":[],"class_list":{"0":"post-9979","1":"product","2":"type-product","3":"status-publish","4":"has-post-thumbnail","6":"product_cat-meat-thermometer","7":"product_cat-accessories","8":"product_shipping_class-refrigerator-stickers-rubber-rings","10":"first","11":"instock","12":"taxable","13":"shipping-taxable","14":"purchasable","15":"product-type-simple"},"acf":[],"_links":{"self":[{"href":"https:\/\/www.chefstemp.com\/fr\/wp-json\/wp\/v2\/product\/9979","targetHints":{"allow":["GET"]}}],"collection":[{"href":"https:\/\/www.chefstemp.com\/fr\/wp-json\/wp\/v2\/product"}],"about":[{"href":"https:\/\/www.chefstemp.com\/fr\/wp-json\/wp\/v2\/types\/product"}],"replies":[{"embeddable":true,"href":"https:\/\/www.chefstemp.com\/fr\/wp-json\/wp\/v2\/comments?post=9979"}],"wp:featuredmedia":[{"embeddable":true,"href":"https:\/\/www.chefstemp.com\/fr\/wp-json\/wp\/v2\/media\/10131"}],"wp:attachment":[{"href":"https:\/\/www.chefstemp.com\/fr\/wp-json\/wp\/v2\/media?parent=9979"}],"wp:term":[{"taxonomy":"product_brand","embeddable":true,"href":"https:\/\/www.chefstemp.com\/fr\/wp-json\/wp\/v2\/product_brand?post=9979"},{"taxonomy":"product_cat","embeddable":true,"href":"https:\/\/www.chefstemp.com\/fr\/wp-json\/wp\/v2\/product_cat?post=9979"},{"taxonomy":"product_tag","embeddable":true,"href":"https:\/\/www.chefstemp.com\/fr\/wp-json\/wp\/v2\/product_tag?post=9979"}],"curies":[{"name":"wp","href":"https:\/\/api.w.org\/{rel}","templated":true}]}}