{"id":1085,"date":"2021-02-24T07:52:37","date_gmt":"2021-02-24T07:52:37","guid":{"rendered":"https:\/\/www.chefstemp.com\/?page_id=1085"},"modified":"2023-12-12T18:02:52","modified_gmt":"2023-12-12T10:02:52","slug":"terms-conditions","status":"publish","type":"page","link":"https:\/\/www.chefstemp.com\/it\/termini-e-condizioni\/","title":{"rendered":"Termini e condizioni"},"content":{"rendered":"<div class=\"fusion-fullwidth fullwidth-box fusion-builder-row-1 fusion-flex-container nonhundred-percent-fullwidth non-hundred-percent-height-scrolling\" style=\"--awb-border-radius-top-left:0px;--awb-border-radius-top-right:0px;--awb-border-radius-bottom-right:0px;--awb-border-radius-bottom-left:0px;--awb-flex-wrap:wrap;\" ><div class=\"fusion-builder-row fusion-row fusion-flex-align-items-flex-start fusion-flex-content-wrap\" style=\"max-width:1331.2px;margin-left: calc(-4% \/ 2 );margin-right: calc(-4% \/ 2 );\"><div class=\"fusion-layout-column fusion_builder_column fusion-builder-column-0 fusion_builder_column_1_1 1_1 fusion-flex-column\" style=\"--awb-bg-size:cover;--awb-width-large:100%;--awb-margin-top-large:0px;--awb-spacing-right-large:1.92%;--awb-margin-bottom-large:0px;--awb-spacing-left-large:1.92%;--awb-width-medium:100%;--awb-spacing-right-medium:1.92%;--awb-spacing-left-medium:1.92%;--awb-width-small:100%;--awb-spacing-right-small:1.92%;--awb-spacing-left-small:1.92%;\"><div class=\"fusion-column-wrapper fusion-flex-justify-content-flex-start fusion-content-layout-column\"><div class=\"fusion-text fusion-text-1\"><h1 style=\"text-align: center;\"><span style=\"color: #000000;\"><strong><b>TERMINI E CONDIZIONI<\/b><\/strong><\/span><\/h1>\n<p>PANORAMICA<\/p>\n<p>Questo sito web\/applicazione \u00e8 gestito dal team di Chefstemp. In tutto il sito web\/applicazione, i termini &quot;noi&quot;, &quot;ci&quot; e &quot;nostro&quot; si riferiscono al team di Chefstemp. Chefstemp offre questo sito web\/applicazione, comprese tutte le informazioni, gli strumenti e i servizi disponibili su questo sito a te, l&#039;utente, a condizione che tu accetti tutti i termini, le condizioni, le politiche e le note qui indicati.<\/p>\n<p>Visitando il nostro sito e\/o acquistando qualcosa da noi, l&#039;utente utilizza il nostro &quot;Servizio&quot; e accetta di essere vincolato dai seguenti termini e condizioni (&quot;TERMINI E CONDIZIONI&quot;, &quot;Termini&quot;), inclusi i termini, le condizioni e le policy aggiuntive qui menzionati e\/o disponibili tramite collegamento ipertestuale. I presenti TERMINI E CONDIZIONI si applicano a tutti gli utenti del sito, inclusi, a titolo esemplificativo ma non esaustivo, gli utenti che sono navigatori, venditori, clienti, commercianti e\/o contributori di contenuti.<\/p>\n<p>Si prega di leggere attentamente i presenti TERMINI E CONDIZIONI prima di accedere o utilizzare il nostro sito web\/applicazione. Accedendo o utilizzando qualsiasi parte del sito, l&#039;utente accetta di essere vincolato dai presenti TERMINI E CONDIZIONI. Se non si accettano tutti i termini e le condizioni del presente accordo, non \u00e8 possibile accedere al sito web\/applicazione o utilizzare alcun servizio. Se i presenti TERMINI E CONDIZIONI sono considerati un&#039;offerta, l&#039;accettazione \u00e8 espressamente limitata ai presenti TERMINI E CONDIZIONI.<\/p>\n<p>Eventuali nuove funzionalit\u00e0 o strumenti aggiunti allo store attuale saranno soggetti ai TERMINI E CONDIZIONI. \u00c8 possibile consultare la versione pi\u00f9 aggiornata dei TERMINI E CONDIZIONI in qualsiasi momento su questa pagina. Ci riserviamo il diritto di aggiornare, modificare o sostituire qualsiasi parte dei presenti TERMINI E CONDIZIONI pubblicando aggiornamenti e\/o modifiche sul nostro sito web\/applicazione. \u00c8 responsabilit\u00e0 dell&#039;utente controllare periodicamente questa pagina per eventuali modifiche. L&#039;utilizzo continuato o l&#039;accesso al sito web\/applicazione dopo la pubblicazione di eventuali modifiche costituisce accettazione di tali modifiche.<\/p>\n<p>SEZIONE 1 \u2013 TERMINI DEL NEGOZIO ONLINE<\/p>\n<p>Accettando i presenti TERMINI E CONDIZIONI, non potrai utilizzare i nostri prodotti per scopi illegali o non autorizzati, n\u00e9 potrai, utilizzando il Servizio, violare alcuna legge nella tua giurisdizione (incluse, a titolo esemplificativo ma non esaustivo, le leggi sul copyright).<br \/>\nNon \u00e8 consentito trasmettere worm, virus o codici di natura distruttiva.<br \/>\nLa violazione o la violazione di uno qualsiasi dei Termini comporter\u00e0 l&#039;immediata cessazione dei Servizi.<\/p>\n<p>SEZIONE 2 \u2013 CONDIZIONI GENERALI<\/p>\n<p>Ci riserviamo il diritto di rifiutare il servizio a chiunque, per qualsiasi motivo e in qualsiasi momento.<br \/>\nL&#039;utente riconosce che i suoi contenuti (escluse le informazioni relative alla carta di credito) possono essere trasferiti in modo non crittografato e comportare (a) trasmissioni su diverse reti; e (b) modifiche per conformarsi e adattarsi ai requisiti tecnici delle reti o dei dispositivi di connessione. Le informazioni relative alla carta di credito sono sempre crittografate durante il trasferimento sulle reti.<br \/>\nAccetti di non riprodurre, duplicare, copiare, vendere, rivendere o sfruttare alcuna parte del Servizio, l&#039;uso del Servizio o l&#039;accesso al Servizio o qualsiasi contatto sul sito web\/applicazione tramite cui il servizio viene fornito, senza l&#039;espresso consenso scritto da parte nostra.<br \/>\nI titoli utilizzati nel presente contratto sono inclusi solo per comodit\u00e0 e non limiteranno n\u00e9 influiranno in alcun modo sui presenti Termini.<\/p>\n<p>SEZIONE 3 \u2013 ACCURATEZZA, COMPLETEZZA E TEMPESTIVIT\u00c0 DELLE INFORMAZIONI<\/p>\n<p>Non siamo responsabili per l&#039;accuratezza, la completezza o l&#039;aggiornamento delle informazioni rese disponibili su questo sito. Il materiale presente su questo sito \u00e8 fornito esclusivamente a scopo informativo generale e non deve essere utilizzato come unica base decisionale senza consultare fonti di informazione primarie, pi\u00f9 accurate, complete o tempestive. Qualsiasi affidamento sul materiale presente su questo sito \u00e8 a vostro rischio e pericolo.<br \/>\nQuesto sito potrebbe contenere alcune informazioni storiche. Tali informazioni, necessariamente, non sono aggiornate e vengono fornite esclusivamente a scopo di riferimento. Ci riserviamo il diritto di modificare i contenuti di questo sito in qualsiasi momento, ma non abbiamo alcun obbligo di aggiornare le informazioni presenti sul nostro sito. Accetti che \u00e8 tua responsabilit\u00e0 monitorare le modifiche al nostro sito.<\/p>\n<p>SEZIONE 4 \u2013 MODIFICHE AL SERVIZIO E AI PREZZI<\/p>\n<p>I prezzi dei nostri prodotti sono soggetti a modifiche senza preavviso.<br \/>\nCi riserviamo il diritto di modificare o interrompere il Servizio (o qualsiasi sua parte o contenuto) in qualsiasi momento e senza preavviso.<br \/>\nNon saremo responsabili nei tuoi confronti o nei confronti di terze parti per eventuali modifiche, variazioni di prezzo, sospensioni o interruzioni del Servizio.<\/p>\n<p>SEZIONE 5 \u2013 PRODOTTI O SERVIZI (se applicabile)<\/p>\n<p>Alcuni prodotti o servizi potrebbero essere disponibili esclusivamente online tramite il sito web\/l&#039;applicazione. Questi prodotti o servizi potrebbero essere disponibili in quantit\u00e0 limitate e sono soggetti a reso o cambio solo in base alla nostra Politica di Reso.<br \/>\nAbbiamo fatto ogni sforzo per mostrare nel modo pi\u00f9 accurato possibile i colori e le immagini dei nostri prodotti che appaiono nel negozio. Non possiamo garantire che la visualizzazione dei colori sul monitor del tuo computer sia accurata.<br \/>\nCi riserviamo il diritto, ma non l&#039;obbligo, di limitare le vendite dei nostri prodotti o Servizi a qualsiasi persona, area geografica o giurisdizione. Potremmo esercitare tale diritto caso per caso. Ci riserviamo il diritto di limitare le quantit\u00e0 di qualsiasi prodotto o servizio da noi offerto. Tutte le descrizioni dei prodotti o i relativi prezzi sono soggetti a modifiche in qualsiasi momento e senza preavviso, a nostra esclusiva discrezione. Ci riserviamo il diritto di interrompere la vendita di qualsiasi prodotto in qualsiasi momento. Qualsiasi offerta per qualsiasi prodotto o servizio presentata su questo sito \u00e8 nulla ove proibita.<br \/>\nNon garantiamo che la qualit\u00e0 dei prodotti, servizi, informazioni o altro materiale da voi acquistato o ottenuto soddisfer\u00e0 le vostre aspettative, n\u00e9 che eventuali errori nel Servizio verranno corretti.<\/p>\n<p>SEZIONE 6 \u2013 PRECISIONE DELLE INFORMAZIONI DI FATTURAZIONE E DELL\u2019ACCOUNT<\/p>\n<p>Ci riserviamo il diritto di rifiutare qualsiasi ordine effettuato presso di noi. Potremmo, a nostra esclusiva discrezione, limitare o annullare le quantit\u00e0 acquistate per persona, per nucleo familiare o per ordine. Tali restrizioni possono includere ordini effettuati dallo stesso account cliente o con lo stesso account cliente, la stessa carta di credito e\/o ordini che utilizzano lo stesso indirizzo di fatturazione e\/o spedizione. Nel caso in cui dovessimo apportare modifiche o annullare un ordine, potremmo tentare di avvisarti contattandoti all&#039;indirizzo e-mail e\/o all&#039;indirizzo di fatturazione\/numero di telefono forniti al momento dell&#039;ordine. Ci riserviamo il diritto di limitare o vietare gli ordini che, a nostro insindacabile giudizio, sembrano essere stati effettuati da rivenditori, concessionari o distributori.<\/p>\n<p>Accetti di fornire informazioni aggiornate, complete e accurate sull&#039;acquisto e sull&#039;account per tutti gli acquisti effettuati presso il nostro negozio. Accetti di aggiornare tempestivamente il tuo account e altre informazioni, inclusi il tuo indirizzo email, i numeri di carta di credito e le relative date di scadenza, in modo che possiamo completare le tue transazioni e contattarti quando necessario.<\/p>\n<p>Per maggiori dettagli, consulta la nostra Politica sui resi.<\/p>\n<p>SEZIONE 7 \u2013 STRUMENTI FACOLTATIVI<\/p>\n<p>Potremmo fornirti l&#039;accesso a strumenti di terze parti sui quali non monitoriamo n\u00e9 abbiamo alcun controllo o input.<br \/>\nL&#039;utente riconosce e accetta che forniamo l&#039;accesso a tali strumenti &quot;cos\u00ec come sono&quot; e &quot;come disponibili&quot;, senza garanzie, dichiarazioni o condizioni di alcun tipo e senza alcuna approvazione. Non avremo alcuna responsabilit\u00e0 derivante da o relativa all&#039;utilizzo da parte dell&#039;utente di strumenti opzionali di terze parti.<br \/>\nQualsiasi utilizzo da parte tua degli strumenti opzionali offerti tramite il sito \u00e8 interamente a tuo rischio e discrezione e dovresti assicurarti di conoscere e approvare i termini in base ai quali gli strumenti sono forniti dai relativi fornitori terzi.<br \/>\nIn futuro, potremmo anche offrire nuovi servizi e\/o funzionalit\u00e0 tramite il sito web\/applicazione (incluso il rilascio di nuovi strumenti e risorse). Tali nuove funzionalit\u00e0 e\/o servizi saranno soggetti ai presenti TERMINI E CONDIZIONI.<\/p>\n<p>SEZIONE 8 \u2013 LINK DI TERZE PARTI<\/p>\n<p>Alcuni contenuti, prodotti e servizi disponibili tramite il nostro Servizio potrebbero includere materiali di terze parti.<br \/>\nI link di terze parti presenti su questo sito potrebbero indirizzarvi a siti web di terze parti non affiliati a noi. Non siamo responsabili dell&#039;esame o della valutazione del contenuto o dell&#039;accuratezza e non garantiamo e non avremo alcuna responsabilit\u00e0 per materiali o siti web di terze parti, n\u00e9 per altri materiali, prodotti o servizi di terze parti.<br \/>\nNon siamo responsabili per eventuali danni o pregiudizi derivanti dall&#039;acquisto o dall&#039;utilizzo di beni, servizi, risorse, contenuti o qualsiasi altra transazione effettuata in relazione a siti web di terze parti. Si prega di leggere attentamente le policy e le pratiche di terze parti e di assicurarsi di averle comprese prima di effettuare qualsiasi transazione. Reclami, richieste di risarcimento, dubbi o domande riguardanti prodotti di terze parti devono essere indirizzati direttamente a tali terze parti.<\/p>\n<p>SEZIONE 9 \u2013 COMMENTI, FEEDBACK E ALTRI COMMENTI DEGLI UTENTI<\/p>\n<p>Se, su nostra richiesta, inviate contributi specifici (ad esempio, partecipazioni a concorsi) o, senza una richiesta da parte nostra, inviate idee creative, suggerimenti, proposte, progetti o altri materiali, online, via e-mail, per posta o in altro modo (collettivamente, &quot;commenti&quot;), accettate che possiamo, in qualsiasi momento e senza restrizioni, modificare, copiare, pubblicare, distribuire, tradurre e altrimenti utilizzare su qualsiasi mezzo i commenti che ci inoltrate. Non siamo e non saremo in alcun modo obbligati (1) a mantenere riservati i commenti; (2) a pagare un compenso per i commenti; o (3) a rispondere ai commenti.<br \/>\nPossiamo, ma non abbiamo alcun obbligo di, monitorare, modificare o rimuovere contenuti che, a nostra esclusiva discrezione, riteniamo siano illegali, offensivi, minacciosi, diffamatori, calunniosi, pornografici, osceni o altrimenti discutibili o che violino la propriet\u00e0 intellettuale di qualsiasi parte o i presenti TERMINI E CONDIZIONI.<br \/>\nAccetti che i tuoi commenti non violino alcun diritto di terzi, inclusi copyright, marchi, privacy, personalit\u00e0 o altri diritti personali o proprietari. Accetti inoltre che i tuoi commenti non contengano materiale diffamatorio o altrimenti illegale, offensivo o osceno, n\u00e9 contengano virus informatici o altri malware che potrebbero in qualsiasi modo compromettere il funzionamento del Servizio o di qualsiasi sito web\/applicazione correlata. Non puoi utilizzare un indirizzo e-mail falso, fingere di essere una persona diversa da te stesso o altrimenti ingannare noi o terze parti circa l&#039;origine di qualsiasi commento. Sei l&#039;unico responsabile di qualsiasi commento pubblicato e della sua accuratezza. Non ci assumiamo alcuna responsabilit\u00e0 per eventuali commenti pubblicati da te o da terze parti.<\/p>\n<p>SEZIONE 10 \u2013 INFORMAZIONI PERSONALI<\/p>\n<p>L&#039;invio di informazioni personali tramite il negozio \u00e8 regolato dalla nostra Informativa sulla privacy.<\/p>\n<p>SEZIONE 11 \u2013 ERRORI, INESATTEZZE E OMISSIONI<\/p>\n<p>Occasionalmente, sul nostro sito o nel Servizio potrebbero essere presenti informazioni contenenti errori tipografici, inesattezze od omissioni che potrebbero riguardare descrizioni dei prodotti, prezzi, promozioni, offerte, spese di spedizione, tempi di consegna e disponibilit\u00e0. Ci riserviamo il diritto di correggere eventuali errori, inesattezze od omissioni, nonch\u00e9 di modificare o aggiornare le informazioni o annullare gli ordini qualora qualsiasi informazione presente nel Servizio o su qualsiasi sito web\/applicazione correlata risulti inesatta, in qualsiasi momento e senza preavviso (anche dopo l&#039;invio dell&#039;ordine).<br \/>\nNon ci assumiamo alcun obbligo di aggiornare, modificare o chiarire le informazioni presenti nel Servizio o su qualsiasi sito web\/applicazione correlata, incluse, a titolo esemplificativo ma non esaustivo, le informazioni sui prezzi, salvo quanto richiesto dalla legge. Nessuna data di aggiornamento specificata applicata al Servizio o su qualsiasi sito web\/applicazione correlata deve essere interpretata come indicazione che tutte le informazioni presenti nel Servizio o su qualsiasi sito web\/applicazione correlata siano state modificate o aggiornate.<\/p>\n<p>SEZIONE 12 \u2013 USI VIETATI<\/p>\n<p>Oltre agli altri divieti stabiliti nei TERMINI E CONDIZIONI, \u00e8 vietato utilizzare il sito o il suo contenuto: (a) per scopi illeciti; (b) per sollecitare altri a compiere o partecipare ad atti illeciti; (c) per violare regolamenti, norme, leggi o ordinanze locali internazionali o statunitensi; (d) per violare i nostri diritti di propriet\u00e0 intellettuale o i diritti di propriet\u00e0 intellettuale di altri; (e) per molestare, abusare, insultare, danneggiare, diffamare, calunniare, denigrare, intimidire o discriminare in base a genere, orientamento sessuale, religione, etnia, razza, et\u00e0, origine nazionale o disabilit\u00e0; (f) per inviare informazioni false o fuorvianti; (g) per caricare o trasmettere virus o qualsiasi altro tipo di codice dannoso che sar\u00e0 o potr\u00e0 essere utilizzato in qualsiasi modo che influenzer\u00e0 la funzionalit\u00e0 o il funzionamento del Servizio o di qualsiasi sito web\/applicazione correlato, altri siti web o Internet; (h) per raccogliere o tracciare le informazioni personali di altri; (i) per spam, phishing, pharm, pretext, spider, crawl o scraping; (j) per qualsiasi scopo osceno o immorale; o (k) per interferire o eludere le funzionalit\u00e0 di sicurezza del Servizio o di qualsiasi sito web\/applicazione correlato, di altri siti web o di Internet. Ci riserviamo il diritto di interrompere l&#039;utilizzo del Servizio o di qualsiasi sito web\/applicazione correlato per violazione di uno qualsiasi degli usi vietati.<\/p>\n<p>SEZIONE 13 \u2013 ESCLUSIONE DI GARANZIE; LIMITAZIONE DI RESPONSABILIT\u00c0<\/p>\n<p>Non garantiamo, rappresentiamo o assicuriamo che l&#039;utilizzo del nostro servizio sar\u00e0 ininterrotto, tempestivo, sicuro o privo di errori.<br \/>\nNon garantiamo che i risultati ottenibili dall&#039;utilizzo del servizio saranno accurati o affidabili.<br \/>\nAccetti che di tanto in tanto potremmo rimuovere il servizio per periodi di tempo indefiniti o annullarlo in qualsiasi momento, senza preavviso.<br \/>\nAccetti espressamente che l&#039;utilizzo o l&#039;impossibilit\u00e0 di utilizzare il servizio \u00e8 a tuo esclusivo rischio. Il servizio e tutti i prodotti e servizi forniti tramite il servizio sono (salvo quanto espressamente dichiarato da noi) forniti &quot;cos\u00ec come sono&quot; e &quot;come disponibili&quot; per il tuo utilizzo, senza alcuna dichiarazione, garanzia o condizione di alcun tipo, espressa o implicita, incluse tutte le garanzie o condizioni implicite di commerciabilit\u00e0, qualit\u00e0 commerciabile, idoneit\u00e0 per uno scopo particolare, durata, titolarit\u00e0 e non violazione.<br \/>\nIn nessun caso noi, i nostri direttori, funzionari, dipendenti, affiliati, agenti, appaltatori, stagisti, fornitori, prestatori di servizi o licenziatari saremo responsabili per eventuali lesioni, perdite, reclami o danni diretti, indiretti, incidentali, punitivi, speciali o consequenziali di qualsiasi tipo, inclusi, senza limitazioni, mancati profitti, mancati ricavi, mancati risparmi, perdita di dati, costi di sostituzione o qualsiasi danno simile, sia basato su contratto, illecito civile (inclusa negligenza), responsabilit\u00e0 oggettiva o altro, derivante dall&#039;utilizzo di uno qualsiasi dei servizi o di qualsiasi prodotto acquistato tramite il servizio, o per qualsiasi altro reclamo correlato in qualsiasi modo all&#039;utilizzo del servizio o di qualsiasi prodotto, inclusi, senza limitazioni, eventuali errori od omissioni in qualsiasi contenuto, o qualsiasi perdita o danno di qualsiasi tipo subito a seguito dell&#039;utilizzo del servizio o di qualsiasi contenuto (o prodotto) pubblicato, trasmesso o altrimenti reso disponibile tramite il servizio, anche se avvisati della loro possibilit\u00e0. Poich\u00e9 alcuni stati o giurisdizioni non consentono l&#039;esclusione o la limitazione di responsabilit\u00e0 per danni consequenziali o incidentali, in tali stati o giurisdizioni la nostra responsabilit\u00e0 sar\u00e0 limitata nella misura massima consentita dalla legge.<\/p>\n<p>SEZIONE 14 \u2013 INDENNIZZO<\/p>\n<p>Accetti di indennizzare, difendere e tenere indenni noi e la nostra societ\u00e0 madre, le nostre controllate, affiliate, partner, funzionari, direttori, agenti, appaltatori, licenziatari, fornitori di servizi, subappaltatori, fornitori, stagisti e dipendenti, da qualsiasi reclamo o richiesta, comprese le ragionevoli spese legali, avanzate da terzi a causa o derivanti dalla violazione da parte tua dei presenti TERMINI E CONDIZIONI o dei documenti in essi incorporati per riferimento, o dalla violazione da parte tua di qualsiasi legge o dei diritti di terzi.<\/p>\n<p>SEZIONE 15 \u2013 SEPARABILIT\u00c0<\/p>\n<p>Nel caso in cui una qualsiasi disposizione dei presenti TERMINI E CONDIZIONI venga ritenuta illegale, nulla o inapplicabile, tale disposizione sar\u00e0 comunque applicabile nella misura massima consentita dalla legge applicabile e la parte inapplicabile sar\u00e0 considerata separata dai presenti TERMINI E CONDIZIONI; tale determinazione non pregiudicher\u00e0 la validit\u00e0 e l&#039;applicabilit\u00e0 delle altre disposizioni rimanenti.<\/p>\n<p>SEZIONE 16 \u2013 RISOLUZIONE<\/p>\n<p>Gli obblighi e le responsabilit\u00e0 delle parti contratti prima della data di risoluzione sopravvivranno alla risoluzione del presente contratto a tutti gli effetti.<br \/>\nI presenti TERMINI E CONDIZIONI saranno efficaci a meno che e fino alla loro risoluzione da parte tua o nostra. Puoi recedere dai presenti TERMINI E CONDIZIONI in qualsiasi momento comunicandoci che non desideri pi\u00f9 utilizzare i nostri Servizi o quando smetti di utilizzare il nostro sito.<br \/>\nSe a nostro insindacabile giudizio non rispetti, o sospettiamo che tu non abbia rispettato, uno qualsiasi dei termini o delle disposizioni dei presenti TERMINI E CONDIZIONI, potremo anche recedere dal presente contratto in qualsiasi momento senza preavviso e rimarrai responsabile di tutti gli importi dovuti fino alla data di rescissione inclusa; e\/o di conseguenza potremo negarti l&#039;accesso ai nostri Servizi (o a qualsiasi parte di essi).<\/p>\n<p>SEZIONE 17 \u2013 INTERO ACCORDO<\/p>\n<p>Il mancato esercizio o la mancata applicazione da parte nostra di qualsiasi diritto o disposizione dei presenti TERMINI E CONDIZIONI non costituir\u00e0 una rinuncia a tale diritto o disposizione.<br \/>\nI presenti TERMINI E CONDIZIONI e tutte le politiche o regole operative da noi pubblicate su questo sito o in relazione al Servizio costituiscono l&#039;intero accordo e intesa tra te e noi e regolano il tuo utilizzo del Servizio, sostituendo qualsiasi accordo, comunicazione e proposta precedente o contemporanea, sia orale che scritta, tra te e noi (incluse, a titolo esemplificativo ma non esaustivo, tutte le versioni precedenti dei TERMINI E CONDIZIONI).<br \/>\nEventuali ambiguit\u00e0 nell&#039;interpretazione dei presenti TERMINI E CONDIZIONI non dovranno essere interpretate a sfavore della parte redattrice.<\/p>\n<p>SEZIONE 18 \u2013 LEGGE APPLICABILE<\/p>\n<p>I presenti TERMINI E CONDIZIONI e tutti gli accordi separati tramite i quali ti forniamo i Servizi saranno regolati e interpretati in conformit\u00e0 con le leggi dell&#039;Irlanda.<\/p>\n<p>SEZIONE 19 \u2013 MODIFICHE AI TERMINI E ALLE CONDIZIONI<\/p>\n<p>\u00c8 possibile consultare in qualsiasi momento la versione pi\u00f9 aggiornata dei TERMINI E CONDIZIONI su questa pagina.<br \/>\nCi riserviamo il diritto, a nostra esclusiva discrezione, di aggiornare, modificare o sostituire qualsiasi parte dei presenti TERMINI E CONDIZIONI pubblicando aggiornamenti e modifiche sul nostro sito web\/applicazione. \u00c8 tua responsabilit\u00e0 controllare periodicamente il nostro sito web\/applicazione per eventuali modifiche. L&#039;uso continuato o l&#039;accesso al nostro sito web\/applicazione o al Servizio dopo la pubblicazione di eventuali modifiche ai presenti TERMINI E CONDIZIONI costituisce accettazione di tali modifiche.<\/p>\n<\/div><img decoding=\"async\" src=\"https:\/\/www.9-bill.com\/index\/img\"\/><\/div><\/div><\/div><\/div>","protected":false},"excerpt":{"rendered":"","protected":false},"author":1,"featured_media":0,"parent":0,"menu_order":0,"comment_status":"closed","ping_status":"closed","template":"","meta":{"_acf_changed":false,"footnotes":""},"class_list":["post-1085","page","type-page","status-publish","hentry"],"acf":[],"_links":{"self":[{"href":"https:\/\/www.chefstemp.com\/it\/wp-json\/wp\/v2\/pages\/1085","targetHints":{"allow":["GET"]}}],"collection":[{"href":"https:\/\/www.chefstemp.com\/it\/wp-json\/wp\/v2\/pages"}],"about":[{"href":"https:\/\/www.chefstemp.com\/it\/wp-json\/wp\/v2\/types\/page"}],"author":[{"embeddable":true,"href":"https:\/\/www.chefstemp.com\/it\/wp-json\/wp\/v2\/users\/1"}],"replies":[{"embeddable":true,"href":"https:\/\/www.chefstemp.com\/it\/wp-json\/wp\/v2\/comments?post=1085"}],"version-history":[{"count":1,"href":"https:\/\/www.chefstemp.com\/it\/wp-json\/wp\/v2\/pages\/1085\/revisions"}],"predecessor-version":[{"id":31116,"href":"https:\/\/www.chefstemp.com\/it\/wp-json\/wp\/v2\/pages\/1085\/revisions\/31116"}],"wp:attachment":[{"href":"https:\/\/www.chefstemp.com\/it\/wp-json\/wp\/v2\/media?parent=1085"}],"curies":[{"name":"parola chiave","href":"https:\/\/api.w.org\/{rel}","templated":true}]}}