{"id":4052,"date":"2021-10-21T14:51:03","date_gmt":"2021-10-21T06:51:03","guid":{"rendered":"https:\/\/www.chefstemp.com\/?page_id=4052"},"modified":"2023-12-05T22:16:58","modified_gmt":"2023-12-05T14:16:58","slug":"faq-about-cooking-temperature","status":"publish","type":"page","link":"https:\/\/www.chefstemp.com\/it\/faq-sulla-temperatura-di-cottura\/","title":{"rendered":"FAQ sulla temperatura di cottura"},"content":{"rendered":"<div class=\"fusion-fullwidth fullwidth-box fusion-builder-row-1 fusion-flex-container nonhundred-percent-fullwidth non-hundred-percent-height-scrolling\" style=\"--awb-border-radius-top-left:0px;--awb-border-radius-top-right:0px;--awb-border-radius-bottom-right:0px;--awb-border-radius-bottom-left:0px;--awb-flex-wrap:wrap;\" ><div class=\"fusion-builder-row fusion-row fusion-flex-align-items-flex-start fusion-flex-content-wrap\" style=\"max-width:1331.2px;margin-left: calc(-4% \/ 2 );margin-right: calc(-4% \/ 2 );\"><div class=\"fusion-layout-column fusion_builder_column fusion-builder-column-0 fusion_builder_column_1_1 1_1 fusion-flex-column\" style=\"--awb-bg-size:cover;--awb-width-large:100%;--awb-margin-top-large:0px;--awb-spacing-right-large:1.92%;--awb-margin-bottom-large:20px;--awb-spacing-left-large:1.92%;--awb-width-medium:100%;--awb-order-medium:0;--awb-spacing-right-medium:1.92%;--awb-spacing-left-medium:1.92%;--awb-width-small:100%;--awb-order-small:0;--awb-spacing-right-small:1.92%;--awb-spacing-left-small:1.92%;\"><div class=\"fusion-column-wrapper fusion-column-has-shadow fusion-flex-justify-content-flex-start fusion-content-layout-column\"><div class=\"fusion-text fusion-text-1\" style=\"--awb-text-transform:none;\"><h3><span style=\"color: #ff9900;\">1. Qual \u00e8 la temperatura considerata pericolosa per gli alimenti?<\/span><\/h3>\n<\/div><\/div><\/div><div class=\"fusion-layout-column fusion_builder_column fusion-builder-column-1 fusion_builder_column_1_1 1_1 fusion-flex-column\" style=\"--awb-bg-size:cover;--awb-width-large:100%;--awb-margin-top-large:0px;--awb-spacing-right-large:1.92%;--awb-margin-bottom-large:20px;--awb-spacing-left-large:1.92%;--awb-width-medium:100%;--awb-order-medium:0;--awb-spacing-right-medium:1.92%;--awb-spacing-left-medium:1.92%;--awb-width-small:100%;--awb-order-small:0;--awb-spacing-right-small:1.92%;--awb-spacing-left-small:1.92%;\"><div class=\"fusion-column-wrapper fusion-column-has-shadow fusion-flex-justify-content-flex-start fusion-content-layout-column\"><div class=\"fusion-text fusion-text-2\" style=\"--awb-text-transform:none;\"><p>La zona di temperatura pericolosa \u00e8 un intervallo di temperatura in cui batteri e virus crescono a un ritmo accelerato in condizioni ideali. La TDZ (zona di temperatura pericolosa) \u00e8 compresa tra 5 \u00b0C e 61 \u00b0C, con un intervallo di temperatura compreso tra 21 \u00b0C e 59 \u00b0C che \u00e8 il pi\u00f9 favorevole alla crescita batterica. \u00c8 importante che gli alimenti superino questo intervallo di temperatura entro due ore e che raggiungano la temperatura di cottura raccomandata per ciascun alimento, come indicato nella guida alla sicurezza alimentare, per uccidere i batteri che potrebbero essersi sviluppati sugli alimenti.<\/p>\n<\/div><\/div><\/div><div class=\"fusion-layout-column fusion_builder_column fusion-builder-column-2 fusion_builder_column_1_1 1_1 fusion-flex-column\" style=\"--awb-bg-size:cover;--awb-width-large:100%;--awb-margin-top-large:0px;--awb-spacing-right-large:1.92%;--awb-margin-bottom-large:20px;--awb-spacing-left-large:1.92%;--awb-width-medium:100%;--awb-order-medium:0;--awb-spacing-right-medium:1.92%;--awb-spacing-left-medium:1.92%;--awb-width-small:100%;--awb-order-small:0;--awb-spacing-right-small:1.92%;--awb-spacing-left-small:1.92%;\"><div class=\"fusion-column-wrapper fusion-column-has-shadow fusion-flex-justify-content-flex-start fusion-content-layout-column\"><div class=\"fusion-text fusion-text-3\" style=\"--awb-text-transform:none;\"><h3><span style=\"color: #ff9900;\">2. Qual \u00e8 la temperatura sicura per la cottura al sangue della carne?<\/span><\/h3>\n<\/div><\/div><\/div><div class=\"fusion-layout-column fusion_builder_column fusion-builder-column-3 fusion_builder_column_1_1 1_1 fusion-flex-column\" style=\"--awb-bg-size:cover;--awb-width-large:100%;--awb-margin-top-large:0px;--awb-spacing-right-large:1.92%;--awb-margin-bottom-large:20px;--awb-spacing-left-large:1.92%;--awb-width-medium:100%;--awb-order-medium:0;--awb-spacing-right-medium:1.92%;--awb-spacing-left-medium:1.92%;--awb-width-small:100%;--awb-order-small:0;--awb-spacing-right-small:1.92%;--awb-spacing-left-small:1.92%;\"><div class=\"fusion-column-wrapper fusion-column-has-shadow fusion-flex-justify-content-flex-start fusion-content-layout-column\"><div class=\"fusion-text fusion-text-4\" style=\"--awb-text-transform:none;\"><p>Manzo al sangue: la temperatura minima di sicurezza consigliata per servire il manzo \u00e8 di 59 \u00b0C, che, detto questo, \u00e8 la temperatura per il manzo al sangue, e se preferite il manzo al sangue, allora questa \u00e8 esagerata. Il manzo \u00e8 uno degli alimenti ambigui che non rientrano nelle normali fasce di temperatura, lo stesso vale per vitello e agnello. Il manzo al sangue dovrebbe essere cotto a una temperatura minima di sicurezza di 59 \u00b0C. Questa \u00e8 la temperatura pi\u00f9 bassa alla quale la crescita batterica rallenta. Tenete sempre presente che la TDZ \u00e8 progettata per mantenere il cibo sicuro ed eliminare i patogeni di origine alimentare che causano malattie di origine alimentare.<\/p>\n<\/div><\/div><\/div><div class=\"fusion-layout-column fusion_builder_column fusion-builder-column-4 fusion_builder_column_1_1 1_1 fusion-flex-column\" style=\"--awb-bg-size:cover;--awb-width-large:100%;--awb-margin-top-large:0px;--awb-spacing-right-large:1.92%;--awb-margin-bottom-large:20px;--awb-spacing-left-large:1.92%;--awb-width-medium:100%;--awb-order-medium:0;--awb-spacing-right-medium:1.92%;--awb-spacing-left-medium:1.92%;--awb-width-small:100%;--awb-order-small:0;--awb-spacing-right-small:1.92%;--awb-spacing-left-small:1.92%;\"><div class=\"fusion-column-wrapper fusion-column-has-shadow fusion-flex-justify-content-flex-start fusion-content-layout-column\"><div class=\"fusion-text fusion-text-5\" style=\"--awb-text-transform:none;\"><h3><span style=\"color: #ff9900;\">3. Qual \u00e8 la temperatura minima di cottura interna dei frutti di mare?<\/span><\/h3>\n<\/div><\/div><\/div><div class=\"fusion-layout-column fusion_builder_column fusion-builder-column-5 fusion_builder_column_1_1 1_1 fusion-flex-column\" style=\"--awb-bg-size:cover;--awb-width-large:100%;--awb-margin-top-large:0px;--awb-spacing-right-large:1.92%;--awb-margin-bottom-large:20px;--awb-spacing-left-large:1.92%;--awb-width-medium:100%;--awb-order-medium:0;--awb-spacing-right-medium:1.92%;--awb-spacing-left-medium:1.92%;--awb-width-small:100%;--awb-order-small:0;--awb-spacing-right-small:1.92%;--awb-spacing-left-small:1.92%;\"><div class=\"fusion-column-wrapper fusion-column-has-shadow fusion-flex-justify-content-flex-start fusion-content-layout-column\"><div class=\"fusion-text fusion-text-6\" style=\"--awb-text-transform:none;\"><p>I frutti di mare hanno una temperatura interna minima di cottura inferiore rispetto ad altri alimenti. La maggior parte dei frutti di mare, inclusi pesci, molluschi e crostacei, deve essere cotta a una temperatura interna minima di 63 \u00b0C per uccidere eventuali batteri o parassiti presenti. La temperatura \u00e8 inferiore per i frutti di mare a causa della struttura delle proteine. Questa temperatura non si applica al tonno di qualit\u00e0 per sushi. Viene congelato rapidamente ed \u00e8 sicuro da consumare cos\u00ec com&#039;\u00e8. Il problema principale con il pesce \u00e8 l&#039;anisakiasi, un verme parassita che cresce nei pesci. Il processo di congelamento uccide i vermi e la cottura dei frutti di mare a 63 \u00b0C uccide anche il parassita o qualsiasi altro problema batterico.<\/p>\n<\/div><\/div><\/div><div class=\"fusion-layout-column fusion_builder_column fusion-builder-column-6 fusion_builder_column_1_1 1_1 fusion-flex-column\" style=\"--awb-bg-size:cover;--awb-width-large:100%;--awb-margin-top-large:0px;--awb-spacing-right-large:1.92%;--awb-margin-bottom-large:20px;--awb-spacing-left-large:1.92%;--awb-width-medium:100%;--awb-order-medium:0;--awb-spacing-right-medium:1.92%;--awb-spacing-left-medium:1.92%;--awb-width-small:100%;--awb-order-small:0;--awb-spacing-right-small:1.92%;--awb-spacing-left-small:1.92%;\"><div class=\"fusion-column-wrapper fusion-column-has-shadow fusion-flex-justify-content-flex-start fusion-content-layout-column\"><div class=\"fusion-text fusion-text-7\" style=\"--awb-text-transform:none;\"><h3><span style=\"color: #ff9900;\">4. A quale temperatura deve essere cotto il pollo?<\/span><\/h3>\n<\/div><\/div><\/div><div class=\"fusion-layout-column fusion_builder_column fusion-builder-column-7 fusion_builder_column_1_1 1_1 fusion-flex-column\" style=\"--awb-bg-size:cover;--awb-width-large:100%;--awb-margin-top-large:0px;--awb-spacing-right-large:1.92%;--awb-margin-bottom-large:20px;--awb-spacing-left-large:1.92%;--awb-width-medium:100%;--awb-order-medium:0;--awb-spacing-right-medium:1.92%;--awb-spacing-left-medium:1.92%;--awb-width-small:100%;--awb-order-small:0;--awb-spacing-right-small:1.92%;--awb-spacing-left-small:1.92%;\"><div class=\"fusion-column-wrapper fusion-column-has-shadow fusion-flex-justify-content-flex-start fusion-content-layout-column\"><div class=\"fusion-text fusion-text-8\" style=\"--awb-text-transform:none;\"><p>Il pollo dovrebbe essere cotto a una temperatura interna di 71 \u00b0C per 15 secondi e poi lasciato riposare per almeno 5 minuti, in modo che la cottura di riporto aumenti la temperatura a 74 \u00b0C e uccida tutti i batteri. Uno studio ha dimostrato che cuocere il pollame a 63 \u00b0C per 8 minuti uccide anche i batteri, la salmonella \u00e8 un problema per il pollame e impedisce che il pollame si secchi. Se arrostite, grigliate o friggete il pollo e monitorate la temperatura con un termometro digitale, vedrete che una volta che il cibo raggiunge i 63 \u00b0C, la temperatura interna salir\u00e0 rapidamente a 74 \u00b0C.<\/p>\n<\/div><\/div><\/div><div class=\"fusion-layout-column fusion_builder_column fusion-builder-column-8 fusion_builder_column_1_1 1_1 fusion-flex-column\" style=\"--awb-bg-size:cover;--awb-width-large:100%;--awb-margin-top-large:0px;--awb-spacing-right-large:1.92%;--awb-margin-bottom-large:20px;--awb-spacing-left-large:1.92%;--awb-width-medium:100%;--awb-order-medium:0;--awb-spacing-right-medium:1.92%;--awb-spacing-left-medium:1.92%;--awb-width-small:100%;--awb-order-small:0;--awb-spacing-right-small:1.92%;--awb-spacing-left-small:1.92%;\"><div class=\"fusion-column-wrapper fusion-column-has-shadow fusion-flex-justify-content-flex-start fusion-content-layout-column\"><div class=\"fusion-text fusion-text-9\" style=\"--awb-text-transform:none;\"><h3><span style=\"color: #ff9900;\">5. Come fai a sapere se il cibo \u00e8 sicuro da mangiare e cosa dovresti usare per controllarne la temperatura?<\/span><\/h3>\n<\/div><\/div><\/div><div class=\"fusion-layout-column fusion_builder_column fusion-builder-column-9 fusion_builder_column_1_1 1_1 fusion-flex-column\" style=\"--awb-bg-size:cover;--awb-width-large:100%;--awb-margin-top-large:0px;--awb-spacing-right-large:1.92%;--awb-margin-bottom-large:20px;--awb-spacing-left-large:1.92%;--awb-width-medium:100%;--awb-order-medium:0;--awb-spacing-right-medium:1.92%;--awb-spacing-left-medium:1.92%;--awb-width-small:100%;--awb-order-small:0;--awb-spacing-right-small:1.92%;--awb-spacing-left-small:1.92%;\"><div class=\"fusion-column-wrapper fusion-column-has-shadow fusion-flex-justify-content-flex-start fusion-content-layout-column\"><div class=\"fusion-text fusion-text-10\" style=\"--awb-text-transform:none;\"><p>L&#039;unico modo sicuro per sapere se un alimento \u00e8 sicuro da mangiare \u00e8 misurare la temperatura di cottura interna nella parte pi\u00f9 spessa. I termometri a lettura istantanea sono il mezzo pi\u00f9 efficace per misurare questa temperatura. I tipi di termometri a lettura istantanea variano notevolmente. Esistono termometri meccanici che si possono inserire nel cibo e misurare la temperatura, termometri per arrosti che si possono lasciare nel cibo, un termometro digitale a sonda come lo Smartro ST 54, che ha due sonde con cavi che si possono lasciare inseriti nel cibo e ottenere una lettura costante della temperatura durante la cottura, e anche il termometro digitale da cucina a lettura istantanea ChefsTemp Final Touch X10.<\/p>\n<\/div><\/div><\/div><div class=\"fusion-layout-column fusion_builder_column fusion-builder-column-10 fusion_builder_column_1_1 1_1 fusion-flex-column\" style=\"--awb-bg-size:cover;--awb-width-large:100%;--awb-margin-top-large:0px;--awb-spacing-right-large:1.92%;--awb-margin-bottom-large:20px;--awb-spacing-left-large:1.92%;--awb-width-medium:100%;--awb-order-medium:0;--awb-spacing-right-medium:1.92%;--awb-spacing-left-medium:1.92%;--awb-width-small:100%;--awb-order-small:0;--awb-spacing-right-small:1.92%;--awb-spacing-left-small:1.92%;\"><div class=\"fusion-column-wrapper fusion-column-has-shadow fusion-flex-justify-content-flex-start fusion-content-layout-column\"><div class=\"fusion-text fusion-text-11\" style=\"--awb-text-transform:none;\"><h3><span style=\"color: #ff9900;\">6. Per quanto tempo si pu\u00f2 lasciare la carne di maiale al barbecue a temperatura ambiente dopo la cottura?<\/span><\/h3>\n<\/div><\/div><\/div><div class=\"fusion-layout-column fusion_builder_column fusion-builder-column-11 fusion_builder_column_1_1 1_1 fusion-flex-column\" style=\"--awb-bg-size:cover;--awb-width-large:100%;--awb-margin-top-large:0px;--awb-spacing-right-large:1.92%;--awb-margin-bottom-large:20px;--awb-spacing-left-large:1.92%;--awb-width-medium:100%;--awb-order-medium:0;--awb-spacing-right-medium:1.92%;--awb-spacing-left-medium:1.92%;--awb-width-small:100%;--awb-order-small:0;--awb-spacing-right-small:1.92%;--awb-spacing-left-small:1.92%;\"><div class=\"fusion-column-wrapper fusion-column-has-shadow fusion-flex-justify-content-flex-start fusion-content-layout-column\"><div class=\"fusion-text fusion-text-12\" style=\"--awb-text-transform:none;\"><p>Qualsiasi cibo cotto a una temperatura interna sicura di 74 \u00b0C pu\u00f2 essere messo fuori a temperatura ambiente e servito. Se non si utilizzano scaldavivande con coperchio per mantenere la temperatura di 63 \u00b0C e tenere il cibo fuori dalla zona di pericolo, si ha un tempo limitato per lasciare il cibo fuori. Il maiale al barbecue pu\u00f2 essere lasciato fuori a temperatura ambiente, coperto, per non pi\u00f9 di 4 ore. Dopo 4 ore, il cibo dovr\u00e0 essere refrigerato o riscaldato. Se si sceglie di riscaldare il cibo, \u00e8 necessario riscaldarlo a 74 \u00b0C e a questo punto \u00e8 possibile lasciarlo a temperatura ambiente per altre 2 ore, dopodich\u00e9 il cibo deve essere scartato. La regola \u00e8 che \u00e8 possibile riscaldare il cibo una sola volta e poi eventuali avanzi devono essere scartati.<\/p>\n<\/div><\/div><\/div><div class=\"fusion-layout-column fusion_builder_column fusion-builder-column-12 fusion_builder_column_1_1 1_1 fusion-flex-column\" style=\"--awb-bg-size:cover;--awb-width-large:100%;--awb-margin-top-large:0px;--awb-spacing-right-large:1.92%;--awb-margin-bottom-large:20px;--awb-spacing-left-large:1.92%;--awb-width-medium:100%;--awb-order-medium:0;--awb-spacing-right-medium:1.92%;--awb-spacing-left-medium:1.92%;--awb-width-small:100%;--awb-order-small:0;--awb-spacing-right-small:1.92%;--awb-spacing-left-small:1.92%;\"><div class=\"fusion-column-wrapper fusion-column-has-shadow fusion-flex-justify-content-flex-start fusion-content-layout-column\"><div class=\"fusion-text fusion-text-13\" style=\"--awb-text-transform:none;\"><h3><span style=\"color: #ff9900;\">7. Dove dovrei posizionare la punta della sonda per valutare il grado di cottura?<\/span><\/h3>\n<\/div><\/div><\/div><div class=\"fusion-layout-column fusion_builder_column fusion-builder-column-13 fusion_builder_column_1_1 1_1 fusion-flex-column\" style=\"--awb-bg-size:cover;--awb-width-large:100%;--awb-margin-top-large:0px;--awb-spacing-right-large:1.92%;--awb-margin-bottom-large:20px;--awb-spacing-left-large:1.92%;--awb-width-medium:100%;--awb-order-medium:0;--awb-spacing-right-medium:1.92%;--awb-spacing-left-medium:1.92%;--awb-width-small:100%;--awb-order-small:0;--awb-spacing-right-small:1.92%;--awb-spacing-left-small:1.92%;\"><div class=\"fusion-column-wrapper fusion-column-has-shadow fusion-flex-justify-content-flex-start fusion-content-layout-column\"><div class=\"fusion-text fusion-text-14\" style=\"--awb-text-transform:none;\"><p>Quando si verifica la cottura della maggior parte degli alimenti cotti, la parte pi\u00f9 fredda sar\u00e0 il centro della porzione pi\u00f9 spessa. Con alimenti pi\u00f9 grandi, \u00e8 possibile effettuare rapide letture con il termometro in diversi punti per verificare che l&#039;intera porzione sia cotta. Se si sta raffreddando il cibo, il centro della parte pi\u00f9 spessa sar\u00e0 l&#039;ultimo a raffreddarsi. La maggior parte dei termometri digitali ha piccoli sensori sulla punta della sonda. Penetrare l&#039;alimento che si sta controllando con la sonda e posizionare la punta della sonda nel punto in cui si desidera misurare.<\/p>\n<\/div><\/div><\/div><div class=\"fusion-layout-column fusion_builder_column fusion-builder-column-14 fusion_builder_column_1_1 1_1 fusion-flex-column\" style=\"--awb-bg-size:cover;--awb-width-large:100%;--awb-margin-top-large:0px;--awb-spacing-right-large:1.92%;--awb-margin-bottom-large:20px;--awb-spacing-left-large:1.92%;--awb-width-medium:100%;--awb-order-medium:0;--awb-spacing-right-medium:1.92%;--awb-spacing-left-medium:1.92%;--awb-width-small:100%;--awb-order-small:0;--awb-spacing-right-small:1.92%;--awb-spacing-left-small:1.92%;\"><div class=\"fusion-column-wrapper fusion-column-has-shadow fusion-flex-justify-content-flex-start fusion-content-layout-column\"><div class=\"fusion-text fusion-text-15\" style=\"--awb-text-transform:none;\"><h3><span style=\"color: #ff9900;\">8. Qual \u00e8 il modo migliore per ottenere una lettura accurata?<\/span><\/h3>\n<\/div><\/div><\/div><div class=\"fusion-layout-column fusion_builder_column fusion-builder-column-15 fusion_builder_column_1_1 1_1 fusion-flex-column\" style=\"--awb-bg-size:cover;--awb-width-large:100%;--awb-margin-top-large:0px;--awb-spacing-right-large:1.92%;--awb-margin-bottom-large:20px;--awb-spacing-left-large:1.92%;--awb-width-medium:100%;--awb-order-medium:0;--awb-spacing-right-medium:1.92%;--awb-spacing-left-medium:1.92%;--awb-width-small:100%;--awb-order-small:0;--awb-spacing-right-small:1.92%;--awb-spacing-left-small:1.92%;\"><div class=\"fusion-column-wrapper fusion-column-has-shadow fusion-flex-justify-content-flex-start fusion-content-layout-column\"><div class=\"fusion-text fusion-text-16\" style=\"--awb-text-transform:none;\"><p>Per ottenere la temperatura pi\u00f9 precisa, infila il termometro al centro della parte pi\u00f9 spessa della carne o della casseruola. Assicurati inoltre che non tocchi ossa o cartilagini. Per polli e tacchini interi, la parte pi\u00f9 spessa \u00e8 quella in cui la coscia si unisce al resto del corpo. Per pezzi di carne sottili come gli hamburger, infila la sonda lateralmente nella carne.<\/p>\n<\/div><\/div><\/div><\/div><\/div>","protected":false},"excerpt":{"rendered":"","protected":false},"author":5,"featured_media":0,"parent":0,"menu_order":0,"comment_status":"closed","ping_status":"closed","template":"","meta":{"_acf_changed":false,"footnotes":""},"class_list":["post-4052","page","type-page","status-publish","hentry"],"acf":[],"_links":{"self":[{"href":"https:\/\/www.chefstemp.com\/it\/wp-json\/wp\/v2\/pages\/4052","targetHints":{"allow":["GET"]}}],"collection":[{"href":"https:\/\/www.chefstemp.com\/it\/wp-json\/wp\/v2\/pages"}],"about":[{"href":"https:\/\/www.chefstemp.com\/it\/wp-json\/wp\/v2\/types\/page"}],"author":[{"embeddable":true,"href":"https:\/\/www.chefstemp.com\/it\/wp-json\/wp\/v2\/users\/5"}],"replies":[{"embeddable":true,"href":"https:\/\/www.chefstemp.com\/it\/wp-json\/wp\/v2\/comments?post=4052"}],"version-history":[{"count":0,"href":"https:\/\/www.chefstemp.com\/it\/wp-json\/wp\/v2\/pages\/4052\/revisions"}],"wp:attachment":[{"href":"https:\/\/www.chefstemp.com\/it\/wp-json\/wp\/v2\/media?parent=4052"}],"curies":[{"name":"parola chiave","href":"https:\/\/api.w.org\/{rel}","templated":true}]}}