{"id":8804,"date":"2022-04-06T11:36:25","date_gmt":"2022-04-06T03:36:25","guid":{"rendered":"https:\/\/www.chefstemp.com\/?page_id=8804"},"modified":"2026-03-16T10:17:18","modified_gmt":"2026-03-16T02:17:18","slug":"steak-chicken-meat-temperature-chart","status":"publish","type":"page","link":"https:\/\/www.chefstemp.com\/it\/tabella-delle-temperature-della-carne-di-pollo-alla-griglia\/","title":{"rendered":"Tabella della temperatura degli alimenti"},"content":{"rendered":"<p><div class=\"fusion-fullwidth fullwidth-box fusion-builder-row-1 fusion-flex-container nonhundred-percent-fullwidth non-hundred-percent-height-scrolling\" style=\"--awb-border-radius-top-left:0px;--awb-border-radius-top-right:0px;--awb-border-radius-bottom-right:0px;--awb-border-radius-bottom-left:0px;--awb-flex-wrap:wrap;\" ><div class=\"fusion-builder-row fusion-row fusion-flex-align-items-flex-start fusion-flex-content-wrap\" style=\"max-width:1331.2px;margin-left: calc(-4% \/ 2 );margin-right: calc(-4% \/ 2 );\"><div class=\"fusion-layout-column fusion_builder_column fusion-builder-column-0 fusion_builder_column_1_1 1_1 fusion-flex-column\" style=\"--awb-bg-size:cover;--awb-width-large:100%;--awb-margin-top-large:0px;--awb-spacing-right-large:1.92%;--awb-margin-bottom-large:20px;--awb-spacing-left-large:1.92%;--awb-width-medium:100%;--awb-order-medium:0;--awb-spacing-right-medium:1.92%;--awb-spacing-left-medium:1.92%;--awb-width-small:100%;--awb-order-small:0;--awb-spacing-right-small:1.92%;--awb-spacing-left-small:1.92%;\"><div class=\"fusion-column-wrapper fusion-column-has-shadow fusion-flex-justify-content-flex-start fusion-content-layout-column\"><div class=\"fusion-text fusion-text-1\"><h1 style=\"text-align: center;\"><span style=\"color: #ff9900;\">Tabella della temperatura interna degli alimenti<\/span><\/h1>\n<\/div><div class=\"fusion-text fusion-text-2\"><p><span style=\"color: #ffffff;\">\u2026<\/span><\/p>\n<\/div><div class=\"fusion-text fusion-text-3\"><p>Quando si lavora con alimenti come pollame, carne, pesce e uova, cuocerli alla giusta temperatura \u00e8 essenziale per prevenire le malattie. Batteri nocivi come Salmonella ed Escherichia coli proliferano in molti alimenti e possono causare malattie di origine alimentare.<\/p>\n<p>Imparando le temperature specifiche da seguire e utilizzando un <a href=\"https:\/\/www.chefstemp.com\/it\/i-migliori-termometri-per-carne-del-2022\/\">termometro per alimenti<\/a> quando cucini a casa puoi gustare in tutta sicurezza tutti i tuoi piatti preferiti senza preoccuparti di ammalarti.<\/p>\n<\/div><\/div><\/div><div class=\"fusion-layout-column fusion_builder_column fusion-builder-column-1 fusion_builder_column_1_6 1_6 fusion-flex-column\" style=\"--awb-bg-size:cover;--awb-width-large:16.666666666667%;--awb-margin-top-large:0px;--awb-spacing-right-large:11.52%;--awb-margin-bottom-large:20px;--awb-spacing-left-large:11.52%;--awb-width-medium:100%;--awb-order-medium:0;--awb-spacing-right-medium:1.92%;--awb-spacing-left-medium:1.92%;--awb-width-small:100%;--awb-order-small:0;--awb-spacing-right-small:1.92%;--awb-spacing-left-small:1.92%;\"><div class=\"fusion-column-wrapper fusion-column-has-shadow fusion-flex-justify-content-flex-start fusion-content-layout-column\"><div class=\"fusion-image-element\" style=\"--awb-caption-title-font-family:var(--h2_typography-font-family);--awb-caption-title-font-weight:var(--h2_typography-font-weight);--awb-caption-title-font-style:var(--h2_typography-font-style);--awb-caption-title-size:var(--h2_typography-font-size);--awb-caption-title-transform:var(--h2_typography-text-transform);--awb-caption-title-line-height:var(--h2_typography-line-height);--awb-caption-title-letter-spacing:var(--h2_typography-letter-spacing);\"><span class=\"fusion-imageframe imageframe-none imageframe-1 hover-type-none\"><a class=\"fusion-no-lightbox\" href=\"https:\/\/www.chefstemp.com\/it\/prodotto\/termometro-per-carne-finaltouchx10\/\" target=\"_self\" aria-label=\"ChefsTemp \u2013 Finaltouch X10\"><img decoding=\"async\" width=\"1024\" height=\"1024\" alt=\"ChefsTemp - Finaltouch X10\" src=\"https:\/\/www.chefstemp.com\/wp-content\/uploads\/2020\/04\/DFFD3F674775A8041A323D718FED42A4-1024x1024.jpg\" class=\"img-responsive wp-image-1576\" srcset=\"https:\/\/www.chefstemp.com\/wp-content\/uploads\/2020\/04\/DFFD3F674775A8041A323D718FED42A4-200x200.jpg 200w, https:\/\/www.chefstemp.com\/wp-content\/uploads\/2020\/04\/DFFD3F674775A8041A323D718FED42A4-400x400.jpg 400w, https:\/\/www.chefstemp.com\/wp-content\/uploads\/2020\/04\/DFFD3F674775A8041A323D718FED42A4-600x600.jpg 600w, https:\/\/www.chefstemp.com\/wp-content\/uploads\/2020\/04\/DFFD3F674775A8041A323D718FED42A4-800x800.jpg 800w, https:\/\/www.chefstemp.com\/wp-content\/uploads\/2020\/04\/DFFD3F674775A8041A323D718FED42A4.jpg 1200w\" sizes=\"(max-width: 1024px) 100vw, (max-width: 768px) 100vw, 200px\" \/><\/a><\/span><\/div><\/div><\/div><div class=\"fusion-layout-column fusion_builder_column fusion-builder-column-2 fusion_builder_column_5_6 5_6 fusion-flex-column\" style=\"--awb-bg-size:cover;--awb-width-large:83.333333333333%;--awb-margin-top-large:0px;--awb-spacing-right-large:2.304%;--awb-margin-bottom-large:20px;--awb-spacing-left-large:2.304%;--awb-width-medium:100%;--awb-order-medium:0;--awb-spacing-right-medium:1.92%;--awb-spacing-left-medium:1.92%;--awb-width-small:100%;--awb-order-small:0;--awb-spacing-right-small:1.92%;--awb-spacing-left-small:1.92%;\"><div class=\"fusion-column-wrapper fusion-column-has-shadow fusion-flex-justify-content-flex-start fusion-content-layout-column\"><div class=\"fusion-text fusion-text-4\"><p>Secondo il Dipartimento dell&#039;Agricoltura degli Stati Uniti (USDA), verificare la temperatura interna \u00e8 l&#039;unico modo per valutare se il cibo \u00e8 cotto a sufficienza. Una ricerca condotta dall&#039;USDA ha dimostrato che non \u00e8 possibile basare la propria opinione solo sull&#039;aspetto del cibo; la temperatura deve sempre essere controllata per conferma.<\/p>\n<\/div><\/div><\/div><div class=\"fusion-layout-column fusion_builder_column fusion-builder-column-3 fusion_builder_column_1_1 1_1 fusion-flex-column\" style=\"--awb-bg-size:cover;--awb-width-large:100%;--awb-margin-top-large:0px;--awb-spacing-right-large:1.92%;--awb-margin-bottom-large:20px;--awb-spacing-left-large:1.92%;--awb-width-medium:100%;--awb-order-medium:0;--awb-spacing-right-medium:1.92%;--awb-spacing-left-medium:1.92%;--awb-width-small:100%;--awb-order-small:0;--awb-spacing-right-small:1.92%;--awb-spacing-left-small:1.92%;\"><div class=\"fusion-column-wrapper fusion-column-has-shadow fusion-flex-justify-content-flex-start fusion-content-layout-column\"><div class=\"fusion-text fusion-text-5\"><h3><span style=\"color: #ff9900;\"><strong><b>Sicurezza alimentare per tutti<\/b><\/strong><\/span><\/h3>\n<\/div><\/div><\/div><div class=\"fusion-layout-column fusion_builder_column fusion-builder-column-4 fusion_builder_column_1_1 1_1 fusion-flex-column\" style=\"--awb-bg-size:cover;--awb-width-large:100%;--awb-margin-top-large:0px;--awb-spacing-right-large:1.92%;--awb-margin-bottom-large:20px;--awb-spacing-left-large:1.92%;--awb-width-medium:100%;--awb-order-medium:0;--awb-spacing-right-medium:1.92%;--awb-spacing-left-medium:1.92%;--awb-width-small:100%;--awb-order-small:0;--awb-spacing-right-small:1.92%;--awb-spacing-left-small:1.92%;\"><div class=\"fusion-column-wrapper fusion-column-has-shadow fusion-flex-justify-content-flex-start fusion-content-layout-column\"><div class=\"fusion-text fusion-text-6\" style=\"--awb-text-transform:none;\"><p>Noi di ChefsTemp ci impegniamo a rendere la sicurezza alimentare pi\u00f9 semplice e accessibile sia per i cuochi amatoriali che per gli chef professionisti. I nostri termometri alimentari di alta qualit\u00e0 e facili da usare, come il <a href=\"https:\/\/www.chefstemp.com\/it\/prodotto\/termometro-per-carne-finaltouchx10\/\">Finaltouch X10<\/a> Il termometro digitale a lettura istantanea consente a chiunque (indipendentemente dall&#039;esperienza in cucina!) di praticare la sicurezza alimentare.<\/p>\n<p>Per rendere la sicurezza alimentare ancora pi\u00f9 accessibile, il nostro team ChefsTemp condivide tutte le tabelle di cottura con le temperature interne di cottura che devi conoscere. Che tu non sia sicuro della temperatura giusta per una bistecca o che tu stia cercando la temperatura perfetta per le verdure arrosto, abbiamo la soluzione per te. Stampa queste tabelle e aggiungi questa pagina ai preferiti per poterla consultare ogni volta che ne hai bisogno!<\/p>\n<\/div><\/div><\/div><div class=\"fusion-layout-column fusion_builder_column fusion-builder-column-5 fusion_builder_column_1_3 1_3 fusion-flex-column\" style=\"--awb-bg-size:cover;--awb-width-large:33.333333333333%;--awb-margin-top-large:0px;--awb-spacing-right-large:5.76%;--awb-margin-bottom-large:20px;--awb-spacing-left-large:5.76%;--awb-width-medium:100%;--awb-order-medium:0;--awb-spacing-right-medium:1.92%;--awb-spacing-left-medium:1.92%;--awb-width-small:100%;--awb-order-small:0;--awb-spacing-right-small:1.92%;--awb-spacing-left-small:1.92%;\"><div class=\"fusion-column-wrapper fusion-column-has-shadow fusion-flex-justify-content-flex-start fusion-content-layout-column\"><div class=\"fusion-image-element\" style=\"--awb-caption-title-font-family:var(--h2_typography-font-family);--awb-caption-title-font-weight:var(--h2_typography-font-weight);--awb-caption-title-font-style:var(--h2_typography-font-style);--awb-caption-title-size:var(--h2_typography-font-size);--awb-caption-title-transform:var(--h2_typography-text-transform);--awb-caption-title-line-height:var(--h2_typography-line-height);--awb-caption-title-letter-spacing:var(--h2_typography-letter-spacing);\"><span class=\"fusion-imageframe imageframe-none imageframe-2 hover-type-none\"><a class=\"fusion-no-lightbox\" href=\"https:\/\/www.chefstemp.com\/it\/prodotto\/guida-alla-temperatura-della-carne\/\" target=\"_self\" aria-label=\"Foglio magnetico per alimenti con temperatura della carne\"><img decoding=\"async\" width=\"981\" height=\"1024\" alt=\"Foglio magnetico per alimenti con temperatura della carne\" src=\"https:\/\/www.chefstemp.com\/wp-content\/uploads\/2022\/06\/Meat-Temperature-Food-Magnet-Sheet-981x1024.jpg\" class=\"img-responsive wp-image-10131\"\/><\/a><\/span><\/div><\/div><\/div><div class=\"fusion-layout-column fusion_builder_column fusion-builder-column-6 fusion_builder_column_1_2 1_2 fusion-flex-column\" style=\"--awb-bg-size:cover;--awb-width-large:50%;--awb-margin-top-large:0px;--awb-spacing-right-large:3.84%;--awb-margin-bottom-large:20px;--awb-spacing-left-large:3.84%;--awb-width-medium:100%;--awb-order-medium:0;--awb-spacing-right-medium:1.92%;--awb-spacing-left-medium:1.92%;--awb-width-small:100%;--awb-order-small:0;--awb-spacing-right-small:1.92%;--awb-spacing-left-small:1.92%;\"><div class=\"fusion-column-wrapper fusion-column-has-shadow fusion-flex-justify-content-flex-start fusion-content-layout-column\"><div class=\"fusion-text fusion-text-7\"><ul>\n<li style=\"text-align: left;\"><a href=\"https:\/\/www.chefstemp.com\/it\/tabella-delle-temperature-della-carne-di-pollo-alla-griglia\/temperatura-interna-di-manzo-vitello-e-agnello\/\">Tabella delle temperature per bistecche, agnello, manzo o vitello<\/a><\/li>\n<li style=\"text-align: left;\"><a href=\"https:\/\/www.chefstemp.com\/it\/tabella-delle-temperature-della-carne-di-pollo-alla-griglia\/temperatura-interna-del-pollame\/\">Tabella delle temperature di pollo, tacchino e pollame<\/a><\/li>\n<li style=\"text-align: left;\"><a href=\"https:\/\/www.chefstemp.com\/it\/tabella-delle-temperature-della-carne-di-pollo-alla-griglia\/temperatura-interna-del-maiale\/\">Tabella della temperatura del maiale<\/a><\/li>\n<li style=\"text-align: left;\"><a href=\"https:\/\/www.chefstemp.com\/it\/tabella-delle-temperature-della-carne-di-pollo-alla-griglia\/temperatura-interna-del-pesce-e-dei-frutti-di-mare\/\">Tabella delle temperature di pesce e frutti di mare<\/a><\/li>\n<li style=\"text-align: left;\"><a href=\"https:\/\/www.chefstemp.com\/it\/tabella-delle-temperature-della-carne-di-pollo-alla-griglia\/temperatura-interna-dei-prodotti-da-forno\/\">Tabella delle temperature dei prodotti da forno<\/a><\/li>\n<li style=\"text-align: left;\"><a href=\"https:\/\/www.chefstemp.com\/it\/tabella-delle-temperature-della-carne-di-pollo-alla-griglia\/temperatura-dello-sciroppo-di-zucchero-o-di-caramelle\/\">Tabella delle temperature per caramelle o sciroppo di zucchero<\/a><\/li>\n<li style=\"text-align: left;\"><a href=\"https:\/\/www.chefstemp.com\/it\/tabella-delle-temperature-della-carne-di-pollo-alla-griglia\/temperatura-interna-delle-verdure\/\">Tabella della temperatura interna delle verdure<\/a><\/li>\n<li style=\"text-align: left;\"><a href=\"https:\/\/www.chefstemp.com\/it\/steak-chicken-meat-temperature-chart\/water-temperature-at-sea-level\/\">Tabella delle temperature dell&#039;acqua calda<\/a><\/li>\n<li><a href=\"https:\/\/www.chefstemp.com\/it\/tabella-delle-temperature-della-carne-di-pollo-alla-griglia\/temperatura-dellacqua-calda\/\">Tabella delle temperature dell&#039;acqua calda<\/a><\/li>\n<li style=\"text-align: left;\"><a href=\"https:\/\/www.chefstemp.com\/it\/tabella-delle-temperature-della-carne-di-pollo-alla-griglia\/temperatura-interna-varia\/\">Altre temperature di riferimento<\/a><\/li>\n<\/ul>\n<\/div><\/div><\/div><div class=\"fusion-layout-column fusion_builder_column fusion-builder-column-7 fusion_builder_column_1_6 1_6 fusion-flex-column\" style=\"--awb-bg-size:cover;--awb-width-large:16.666666666667%;--awb-margin-top-large:0px;--awb-spacing-right-large:11.52%;--awb-margin-bottom-large:20px;--awb-spacing-left-large:11.52%;--awb-width-medium:100%;--awb-order-medium:0;--awb-spacing-right-medium:1.92%;--awb-spacing-left-medium:1.92%;--awb-width-small:100%;--awb-order-small:0;--awb-spacing-right-small:1.92%;--awb-spacing-left-small:1.92%;\"><div class=\"fusion-column-wrapper fusion-column-has-shadow fusion-flex-justify-content-flex-start fusion-content-layout-column\"><\/div><\/div><\/div><\/div><div class=\"fusion-fullwidth fullwidth-box fusion-builder-row-2 fusion-flex-container nonhundred-percent-fullwidth non-hundred-percent-height-scrolling\" style=\"--awb-border-radius-top-left:0px;--awb-border-radius-top-right:0px;--awb-border-radius-bottom-right:0px;--awb-border-radius-bottom-left:0px;--awb-flex-wrap:wrap;\" ><div class=\"fusion-builder-row fusion-row fusion-flex-align-items-flex-start fusion-flex-content-wrap\" style=\"max-width:1331.2px;margin-left: calc(-4% \/ 2 );margin-right: calc(-4% \/ 2 );\"><div class=\"fusion-layout-column fusion_builder_column fusion-builder-column-8 fusion_builder_column_1_1 1_1 fusion-flex-column\" style=\"--awb-bg-size:cover;--awb-width-large:100%;--awb-margin-top-large:0px;--awb-spacing-right-large:1.92%;--awb-margin-bottom-large:20px;--awb-spacing-left-large:1.92%;--awb-width-medium:100%;--awb-order-medium:0;--awb-spacing-right-medium:1.92%;--awb-spacing-left-medium:1.92%;--awb-width-small:100%;--awb-order-small:0;--awb-spacing-right-small:1.92%;--awb-spacing-left-small:1.92%;\"><div class=\"fusion-column-wrapper fusion-column-has-shadow fusion-flex-justify-content-flex-start fusion-content-layout-column\"><div class=\"fusion-title title fusion-title-1 fusion-sep-none fusion-title-text fusion-title-size-three\" style=\"--awb-text-color:#ff9900;\"><h3 class=\"fusion-title-heading title-heading-left fusion-responsive-typography-calculated\" style=\"margin:0;--fontSize:36;line-height:1.3;\">Cottura di riporto<\/h3><\/div><div class=\"fusion-text fusion-text-8\"><p>Quando cucini la carne, \u00e8 fondamentale che arrivi in tavola cotta esattamente come la desideri. Per farlo, devi colpire la carne <a href=\"https:\/\/www.chefstemp.com\/it\/product\/meat-smoking-temperature-chart\/\">temperatura target<\/a> Esatto. Avere la carne a 5 o 10 gradi di temperatura in meno pu\u00f2 fare un&#039;enorme differenza in termini di sapore e consistenza. Tuttavia, valutare la cottura della carne \u00e8 complicato, perch\u00e9 ci\u00f2 che si sta effettivamente valutando non \u00e8 se il cibo \u00e8 pronto per essere mangiato in quel momento, ma se lo sar\u00e0 una volta riposato. La carne continua a cuocere anche dopo essere stata tolta dalla fonte di calore, questo \u00e8 noto come &quot;cottura a riporto&quot;.<\/p>\n<p><b>Ci\u00f2 accade per due motivi<\/b>:<br \/>\nIn primo luogo, l&#039;esterno della carne si riscalda molto pi\u00f9 rapidamente dell&#039;interno. In secondo luogo, poich\u00e9 il calore si sposta sempre da una zona pi\u00f9 calda a una pi\u00f9 fredda, finch\u00e9 c&#039;\u00e8 una differenza di temperatura tra le due zone, il calore continuer\u00e0 a spostarsi dalla superficie al centro anche dopo aver rimosso la carne dalla fonte di calore. Questo trasferimento rallenter\u00e0, fino a interrompersi, man mano che le temperature interna ed esterna si avvicinano e si uniformano.<\/p>\n<p>Tuttavia, il processo pu\u00f2 comportare un aumento significativo della temperatura al centro di un grosso pezzo di carne, trasformandolo da un rosa perfetto a un grigio deludente. Investire in un termometro per carne non solo ti aiuter\u00e0 a conoscere la temperatura della carne durante la cottura, ma ti aiuter\u00e0 anche a valutare il momento perfetto per servirla in tavola.<\/p>\n<\/div><\/div><\/div><\/div><\/div><\/p>","protected":false},"excerpt":{"rendered":"","protected":false},"author":5,"featured_media":0,"parent":0,"menu_order":0,"comment_status":"closed","ping_status":"closed","template":"","meta":{"_acf_changed":false,"footnotes":""},"class_list":["post-8804","page","type-page","status-publish","hentry"],"acf":[],"_links":{"self":[{"href":"https:\/\/www.chefstemp.com\/it\/wp-json\/wp\/v2\/pages\/8804","targetHints":{"allow":["GET"]}}],"collection":[{"href":"https:\/\/www.chefstemp.com\/it\/wp-json\/wp\/v2\/pages"}],"about":[{"href":"https:\/\/www.chefstemp.com\/it\/wp-json\/wp\/v2\/types\/page"}],"author":[{"embeddable":true,"href":"https:\/\/www.chefstemp.com\/it\/wp-json\/wp\/v2\/users\/5"}],"replies":[{"embeddable":true,"href":"https:\/\/www.chefstemp.com\/it\/wp-json\/wp\/v2\/comments?post=8804"}],"version-history":[{"count":1,"href":"https:\/\/www.chefstemp.com\/it\/wp-json\/wp\/v2\/pages\/8804\/revisions"}],"predecessor-version":[{"id":63302,"href":"https:\/\/www.chefstemp.com\/it\/wp-json\/wp\/v2\/pages\/8804\/revisions\/63302"}],"wp:attachment":[{"href":"https:\/\/www.chefstemp.com\/it\/wp-json\/wp\/v2\/media?parent=8804"}],"curies":[{"name":"parola chiave","href":"https:\/\/api.w.org\/{rel}","templated":true}]}}