{"id":15456,"date":"2024-01-22T16:24:05","date_gmt":"2024-01-22T08:24:05","guid":{"rendered":"https:\/\/www.chefstemp.com\/?post_type=product&#038;p=15456"},"modified":"2026-05-17T01:38:31","modified_gmt":"2026-05-16T17:38:31","slug":"chefstemp-wireless-probe","status":"publish","type":"product","link":"https:\/\/www.chefstemp.com\/it\/prodotto\/sonda-wireless-chefstemp\/","title":{"rendered":"Sonda wireless originale ChefsTemp di ricambio per ProTemp Plus"},"content":{"rendered":"","protected":false},"excerpt":{"rendered":"<ul>\n<li>Misura sia la temperatura interna della carne che la temperatura ambiente in prossimit\u00e0 del cibo (<strong>Nota importante:<\/strong> Quando la sonda \u00e8 collegata al ProTemp S1, la temperatura ambiente visualizzata nella pagina della sonda nell&#039;app rifletter\u00e0 la temperatura ambiente misurata dall&#039;unit\u00e0 principale del ProTemp S1. La lettura della temperatura ambiente locale della sonda non verr\u00e0 visualizzata.)<\/li>\n<li>Realizzato in acciaio inossidabile e ceramica di zirconia resistente al calore<\/li>\n<li>Dimensioni: 125\u00d728\u00d77 mm (4,92\u00d71,10\u00d70,27 pollici) per la versione normale, 95\u00d728\u00d77 mm (3,74\u00d71,10\u00d70,27 pollici) per la versione mini<\/li>\n<li>Diametro: 6 mm per Regular, 5,5 mm per Mini<\/li>\n<li>Temperatura interna massima: 212\u00b0F (100\u00b0C)<\/li>\n<li>Temperatura ambiente massima: 662\u00b0F (350\u00b0C)<\/li>\n<li>Precisione: \u00b11\u00b0F (0,5\u00b0C)<\/li>\n<li>Rimane alimentato per 30 ore dopo una carica completa<\/li>\n<li>La Mini Probe \u00e8 ideale per misurare alimenti piccoli e sottili.<\/li>\n<\/ul>","protected":false},"featured_media":15501,"comment_status":"open","ping_status":"closed","template":"","meta":{"_acf_changed":false},"product_brand":[],"product_cat":[15,1424,1472],"product_tag":[],"class_list":{"0":"post-15456","1":"product","2":"type-product","3":"status-publish","4":"has-post-thumbnail","6":"product_cat-meat-thermometer","7":"product_cat-leave-in-meat-thermometer","8":"product_cat-wifi-wireless-meat-thermometer","10":"first","11":"instock","12":"taxable","13":"shipping-taxable","14":"purchasable","15":"product-type-variable"},"acf":[],"_links":{"self":[{"href":"https:\/\/www.chefstemp.com\/it\/wp-json\/wp\/v2\/product\/15456","targetHints":{"allow":["GET"]}}],"collection":[{"href":"https:\/\/www.chefstemp.com\/it\/wp-json\/wp\/v2\/product"}],"about":[{"href":"https:\/\/www.chefstemp.com\/it\/wp-json\/wp\/v2\/types\/product"}],"replies":[{"embeddable":true,"href":"https:\/\/www.chefstemp.com\/it\/wp-json\/wp\/v2\/comments?post=15456"}],"wp:featuredmedia":[{"embeddable":true,"href":"https:\/\/www.chefstemp.com\/it\/wp-json\/wp\/v2\/media\/15501"}],"wp:attachment":[{"href":"https:\/\/www.chefstemp.com\/it\/wp-json\/wp\/v2\/media?parent=15456"}],"wp:term":[{"taxonomy":"product_brand","embeddable":true,"href":"https:\/\/www.chefstemp.com\/it\/wp-json\/wp\/v2\/product_brand?post=15456"},{"taxonomy":"product_cat","embeddable":true,"href":"https:\/\/www.chefstemp.com\/it\/wp-json\/wp\/v2\/product_cat?post=15456"},{"taxonomy":"product_tag","embeddable":true,"href":"https:\/\/www.chefstemp.com\/it\/wp-json\/wp\/v2\/product_tag?post=15456"}],"curies":[{"name":"parola chiave","href":"https:\/\/api.w.org\/{rel}","templated":true}]}}