{"id":18770,"date":"2024-11-12T12:16:51","date_gmt":"2024-11-12T04:16:51","guid":{"rendered":"https:\/\/www.chefstemp.com\/?post_type=product&#038;p=18770"},"modified":"2026-05-14T23:20:19","modified_gmt":"2026-05-14T15:20:19","slug":"4in1-charger-probe","status":"publish","type":"product","link":"https:\/\/www.chefstemp.com\/it\/prodotto\/sonda-caricabatteria-4-in-1\/","title":{"rendered":"Combo caricabatterie per sonda 4 in 1 e sonda wireless originale \u2013 Accessorio per ProTemp S1 (richiede ProTemp S1 \u2013 non pu\u00f2 essere utilizzato da solo!)"},"content":{"rendered":"","protected":false},"excerpt":{"rendered":"<p>Specifiche della sonda:<\/p>\n<ul>\n<li>Dimensioni: 125\u00d728\u00d77 mm (4,92\u00d71,10\u00d70,27 pollici) per la versione normale, 95\u00d728\u00d77 mm (3,74\u00d71,10\u00d70,27 pollici) per la versione mini<\/li>\n<li>Diametro: 6 mm per Regular, 5,5 mm per Mini<\/li>\n<li>Temperatura interna massima: 212\u00b0F (100\u00b0C)<\/li>\n<li>Temperatura ambiente massima: 662\u00b0F (350\u00b0C)<\/li>\n<li>Precisione: \u00b10,9\u00b0F (0,5\u00b0C)<\/li>\n<li>Rimane alimentato per 30 ore dopo una carica completa<\/li>\n<li>Realizzato in acciaio inossidabile e ceramica di zirconia resistente al calore<\/li>\n<li>Ricarica completa in soli 10-15 minuti: consigliamo di caricare completamente la sonda prima di ogni utilizzo.<\/li>\n<\/ul>\n<p><a href=\"https:\/\/drive.google.com\/file\/d\/1j2JpR2kE5FXuSx5BRgG_fsOZpqzwyrxg\/view?usp=sharing\" target=\"_blank\" rel=\"noopener\">Consulta qui il manuale utente del caricabatterie 4 in 1<br \/>\n<\/a><\/p>","protected":false},"featured_media":29201,"comment_status":"open","ping_status":"closed","template":"","meta":{"_acf_changed":false},"product_brand":[],"product_cat":[15,1423],"product_tag":[1411],"class_list":{"0":"post-18770","1":"product","2":"type-product","3":"status-publish","4":"has-post-thumbnail","6":"product_cat-meat-thermometer","7":"product_cat-protemp-s1","8":"product_tag-auto-grill-bundle-without-adapter","9":"product_shipping_class-s1-breezo-base-charger","11":"first","12":"instock","13":"taxable","14":"shipping-taxable","15":"purchasable","16":"product-type-variable","17":"has-default-attributes"},"acf":[],"_links":{"self":[{"href":"https:\/\/www.chefstemp.com\/it\/wp-json\/wp\/v2\/product\/18770","targetHints":{"allow":["GET"]}}],"collection":[{"href":"https:\/\/www.chefstemp.com\/it\/wp-json\/wp\/v2\/product"}],"about":[{"href":"https:\/\/www.chefstemp.com\/it\/wp-json\/wp\/v2\/types\/product"}],"replies":[{"embeddable":true,"href":"https:\/\/www.chefstemp.com\/it\/wp-json\/wp\/v2\/comments?post=18770"}],"wp:featuredmedia":[{"embeddable":true,"href":"https:\/\/www.chefstemp.com\/it\/wp-json\/wp\/v2\/media\/29201"}],"wp:attachment":[{"href":"https:\/\/www.chefstemp.com\/it\/wp-json\/wp\/v2\/media?parent=18770"}],"wp:term":[{"taxonomy":"product_brand","embeddable":true,"href":"https:\/\/www.chefstemp.com\/it\/wp-json\/wp\/v2\/product_brand?post=18770"},{"taxonomy":"product_cat","embeddable":true,"href":"https:\/\/www.chefstemp.com\/it\/wp-json\/wp\/v2\/product_cat?post=18770"},{"taxonomy":"product_tag","embeddable":true,"href":"https:\/\/www.chefstemp.com\/it\/wp-json\/wp\/v2\/product_tag?post=18770"}],"curies":[{"name":"parola chiave","href":"https:\/\/api.w.org\/{rel}","templated":true}]}}