{"id":4263,"date":"2021-10-27T10:55:12","date_gmt":"2021-10-27T02:55:12","guid":{"rendered":"https:\/\/www.chefstemp.com\/?post_type=product&#038;p=4263"},"modified":"2025-12-09T14:27:03","modified_gmt":"2025-12-09T06:27:03","slug":"chefstemp-safe-cook-temp-magnet","status":"publish","type":"product","link":"https:\/\/www.chefstemp.com\/it\/prodotto\/magnete-chefstemp-sicuro-per-la-temperatura-del-cuoco\/","title":{"rendered":"Magnete ChefsTemp Safe Cook Temp"},"content":{"rendered":"<ul>\n<li>Magnete per la temperatura di cottura sicura. Informazioni e immagini facili da capire ti permetteranno di cucinare la carne in modo perfetto e sicuro ogni volta. Potrai ottenere una carne cotta alla perfezione monitorando attentamente la temperatura.<\/li>\n<li>Il magnete guida alla temperatura \u00e8 realizzato in vinile di alta qualit\u00e0 che non si sfalda n\u00e9 si scheggia. \u00c8 resistente, con un supporto resistente che non si stacca dal frigorifero. Resistente all&#039;acqua e facile da pulire, durer\u00e0 per anni. Produzione, design, forma e funzionalit\u00e0 di alta qualit\u00e0.<\/li>\n<li>Temperature minime di sicurezza interne per la carne raccomandate dall&#039;USDA. Guida alla cottura e alla griglia di pollo, tacchino, bistecche di manzo, maiale e altro ancora. Monitora in sicurezza la cottura e la grigliatura delle carni ed evita di cuocerle troppo. Un regalo meraviglioso per chiunque si avvicini per la prima volta alla pentola a pressione.<\/li>\n<li>Dimensioni: 8,9x6,1 cm, abbastanza piccolo da poter essere comodamente posizionato su una griglia o sul frigorifero. \u00c8 a colori sul fronte e non colorato sul retro. Ottimo sia per principianti che per professionisti: \u00e8 un regalo perfetto per cucinare ed \u00e8 una guida di riferimento essenziale per la cucina o il barbecue.<\/li>\n<li>Questo magnete per frigorifero pu\u00f2 essere utilizzato per decorare il frigorifero della tua cucina. Graziosi magneti decorativi quadrati possono fissare il tuo messaggio e la tua foto o immagini preferite su una superficie metallica. I magneti adesivi &quot;Save the date&quot; sono perfetti per appuntare biglietti, immagini, cartoline, men\u00f9, ricette e documenti sulla porta del frigorifero.<\/li>\n<\/ul>","protected":false},"excerpt":{"rendered":"<h3 class=\"fusion-responsive-typography-calculated\" data-fontsize=\"36\" data-lineheight=\"46.8px\"><strong>BISTECCA<\/strong><\/h3>\n<p>Bistecche, costolette e arrosti devono essere cotti a 145 gradi Fahrenheit (cottura media classica).<\/p>\n<p><strong>Temperatura\u00a0<\/strong><\/p>\n<ul>\n<li>Media cottura \u2013 130 \u2013 135 (Rosa)<\/li>\n<li>Medio 135 \u2013 145 (Un po&#039; rosa)<\/li>\n<li>Medium Plus \u2013 150 (Un po&#039; rosa)<\/li>\n<li>Pozzo 145 \u2013 155 (Argento o Rosa Chiaro)<\/li>\n<li>Ben fatto 155 \u2013 165 (per lo pi\u00f9 marrone)<\/li>\n<\/ul>\n<h3 class=\"fusion-responsive-typography-calculated\" data-fontsize=\"36\" data-lineheight=\"46.8px\"><strong>POLLAME<\/strong><\/h3>\n<p>Pollo e tacchino devono essere cotti a 74 \u00b0C.<\/p>\n<h3 class=\"fusion-responsive-typography-calculated\" data-fontsize=\"36\" data-lineheight=\"46.8px\"><strong>FRUTTI DI MARE<\/strong><\/h3>\n<p>Il pesce e i crostacei devono essere cotti a 145 gradi Fahrenheit.<\/p>\n<h3 class=\"fusion-responsive-typography-calculated\" data-fontsize=\"36\" data-lineheight=\"46.8px\"><strong>MAIALE<\/strong><\/h3>\n<p>La temperatura sicura secondo l&#039;USDA \u00e8 145 \u2109.<br \/>\nCostine di maiale - BBQ: 190-205 \u2109<br \/>\nSpalla di maiale - BBQ: 190-205 \u2109<\/p>","protected":false},"featured_media":4264,"comment_status":"open","ping_status":"closed","template":"","meta":{"_acf_changed":false},"product_brand":[],"product_cat":[15],"product_tag":[],"class_list":{"0":"post-4263","1":"product","2":"type-product","3":"status-publish","4":"has-post-thumbnail","6":"product_cat-meat-thermometer","7":"product_shipping_class-refrigerator-stickers-rubber-rings","9":"first","10":"outofstock","11":"taxable","12":"shipping-taxable","13":"purchasable","14":"product-type-simple"},"acf":[],"_links":{"self":[{"href":"https:\/\/www.chefstemp.com\/it\/wp-json\/wp\/v2\/product\/4263","targetHints":{"allow":["GET"]}}],"collection":[{"href":"https:\/\/www.chefstemp.com\/it\/wp-json\/wp\/v2\/product"}],"about":[{"href":"https:\/\/www.chefstemp.com\/it\/wp-json\/wp\/v2\/types\/product"}],"replies":[{"embeddable":true,"href":"https:\/\/www.chefstemp.com\/it\/wp-json\/wp\/v2\/comments?post=4263"}],"wp:featuredmedia":[{"embeddable":true,"href":"https:\/\/www.chefstemp.com\/it\/wp-json\/wp\/v2\/media\/4264"}],"wp:attachment":[{"href":"https:\/\/www.chefstemp.com\/it\/wp-json\/wp\/v2\/media?parent=4263"}],"wp:term":[{"taxonomy":"product_brand","embeddable":true,"href":"https:\/\/www.chefstemp.com\/it\/wp-json\/wp\/v2\/product_brand?post=4263"},{"taxonomy":"product_cat","embeddable":true,"href":"https:\/\/www.chefstemp.com\/it\/wp-json\/wp\/v2\/product_cat?post=4263"},{"taxonomy":"product_tag","embeddable":true,"href":"https:\/\/www.chefstemp.com\/it\/wp-json\/wp\/v2\/product_tag?post=4263"}],"curies":[{"name":"parola chiave","href":"https:\/\/api.w.org\/{rel}","templated":true}]}}