{"id":1109,"date":"2021-02-24T08:33:42","date_gmt":"2021-02-24T08:33:42","guid":{"rendered":"https:\/\/www.chefstemp.com\/?page_id=1109"},"modified":"2026-03-05T10:31:55","modified_gmt":"2026-03-05T02:31:55","slug":"shipping-policy","status":"publish","type":"page","link":"https:\/\/www.chefstemp.com\/nl\/verzendbeleid\/","title":{"rendered":"Verzendbeleid"},"content":{"rendered":"<p><div class=\"fusion-fullwidth fullwidth-box fusion-builder-row-1 fusion-flex-container nonhundred-percent-fullwidth non-hundred-percent-height-scrolling\" style=\"--awb-border-radius-top-left:0px;--awb-border-radius-top-right:0px;--awb-border-radius-bottom-right:0px;--awb-border-radius-bottom-left:0px;--awb-flex-wrap:wrap;\" ><div class=\"fusion-builder-row fusion-row fusion-flex-align-items-flex-start fusion-flex-content-wrap\" style=\"max-width:1331.2px;margin-left: calc(-4% \/ 2 );margin-right: calc(-4% \/ 2 );\"><div class=\"fusion-layout-column fusion_builder_column fusion-builder-column-0 fusion_builder_column_1_1 1_1 fusion-flex-column\" style=\"--awb-bg-size:cover;--awb-width-large:100%;--awb-margin-top-large:0px;--awb-spacing-right-large:1.92%;--awb-margin-bottom-large:20px;--awb-spacing-left-large:1.92%;--awb-width-medium:100%;--awb-order-medium:0;--awb-spacing-right-medium:1.92%;--awb-spacing-left-medium:1.92%;--awb-width-small:100%;--awb-order-small:0;--awb-spacing-right-small:1.92%;--awb-spacing-left-small:1.92%;\"><div class=\"fusion-column-wrapper fusion-column-has-shadow fusion-flex-justify-content-flex-start fusion-content-layout-column\"><div class=\"fusion-title title fusion-title-1 fusion-sep-none fusion-title-center fusion-title-text fusion-title-size-one\"><h1 class=\"fusion-title-heading title-heading-center fusion-responsive-typography-calculated\" style=\"margin:0;--fontSize:44;line-height:1.3;\">VERZENDINGSBELEID<\/h1><\/div><div class=\"fusion-text fusion-text-1\"><p>Onze huidige verzendopties omvatten informatie over verzending binnen de VS en naar het buitenland. Voor aangepaste verzendmethoden of speciale bestellingen kunt u contact met ons opnemen; we zullen zo spoedig mogelijk contact met u opnemen.<\/p>\n<\/div><\/div><\/div><\/div><\/div><div class=\"fusion-fullwidth fullwidth-box fusion-builder-row-2 fusion-flex-container nonhundred-percent-fullwidth non-hundred-percent-height-scrolling\" style=\"--awb-border-radius-top-left:0px;--awb-border-radius-top-right:0px;--awb-border-radius-bottom-right:0px;--awb-border-radius-bottom-left:0px;--awb-flex-wrap:wrap;\" ><div class=\"fusion-builder-row fusion-row fusion-flex-align-items-flex-start fusion-flex-content-wrap\" style=\"max-width:1331.2px;margin-left: calc(-4% \/ 2 );margin-right: calc(-4% \/ 2 );\"><div class=\"fusion-layout-column fusion_builder_column fusion-builder-column-1 fusion_builder_column_1_1 1_1 fusion-flex-column\" style=\"--awb-bg-size:cover;--awb-width-large:100%;--awb-margin-top-large:0px;--awb-spacing-right-large:1.92%;--awb-margin-bottom-large:20px;--awb-spacing-left-large:1.92%;--awb-width-medium:100%;--awb-order-medium:0;--awb-spacing-right-medium:1.92%;--awb-spacing-left-medium:1.92%;--awb-width-small:100%;--awb-order-small:0;--awb-spacing-right-small:1.92%;--awb-spacing-left-small:1.92%;\"><div class=\"fusion-column-wrapper fusion-column-has-shadow fusion-flex-justify-content-flex-start fusion-content-layout-column\"><div class=\"fusion-text fusion-text-2\"><h2 style=\"text-align: center\"><span style=\"font-weight: normal\">VERZENDINFORMATIE<br \/>\n<\/span><\/h2>\n<\/div><div class=\"fusion-text fusion-text-3\"><h4><span style=\"font-weight: normal\">Verenigd<\/span> <span style=\"font-weight: normal\">Staten<\/span><\/h4>\n<div>\n<p>&nbsp;<\/p>\n<\/div>\n<\/div>\n<div class=\"table-2 temperature\">\n<table width=\"100%\">\n<thead>\n<tr>\n<th align=\"left\">Vervoerder<\/th>\n<th align=\"left\">Prijs<\/th>\n<th align=\"left\">Verzendtijd<\/th>\n<\/tr>\n<\/thead>\n<tbody>\n<tr>\n<td align=\"left\">USPS<\/td>\n<td align=\"left\">Gratis verzending<\/td>\n<td align=\"left\">3-6 dagen<\/td>\n<\/tr>\n<\/tbody>\n<\/table>\n<\/div>\n<div class=\"fusion-text fusion-text-4\"><p><em>Let op: voor sommige kleine accessoires kunnen verzendkosten in rekening worden gebracht.<\/p>\n<p>De geschatte levertijden zijn gebaseerd op bestellingen binnen de VS. Bestellingen die op zaterdag en zondag worden geplaatst, worden op maandag verzonden (met uitzondering van feestdagen). Verzendingen via USPS Priority zijn exclusief feestdagen.<\/em><\/p>\n<\/div><div class=\"fusion-text fusion-text-5\"><h4><span style=\"font-weight: normal\">Internationale verzending<\/span><\/h4>\n<div>\n<p>&nbsp;<\/p>\n<\/div>\n<\/div>\n<div class=\"table-2 temperature\">\n<table width=\"100%\">\n<thead>\n<tr>\n<th align=\"left\">Vervoerder<\/th>\n<th align=\"left\">Prijs<\/th>\n<th align=\"left\">Verzendtijd<\/th>\n<\/tr>\n<\/thead>\n<tbody>\n<tr>\n<td align=\"left\">USPS Internationale Prioriteit<\/td>\n<td align=\"left\">$29.99<br \/>\n(invoerrechten en belastingen niet inbegrepen)<\/td>\n<td align=\"left\">6-10 dagen<\/td>\n<\/tr>\n<\/tbody>\n<\/table>\n<\/div>\n<\/div><\/div><\/div><\/div><div class=\"fusion-fullwidth fullwidth-box fusion-builder-row-3 fusion-flex-container nonhundred-percent-fullwidth non-hundred-percent-height-scrolling\" style=\"--awb-border-radius-top-left:0px;--awb-border-radius-top-right:0px;--awb-border-radius-bottom-right:0px;--awb-border-radius-bottom-left:0px;--awb-flex-wrap:wrap;\" ><div class=\"fusion-builder-row fusion-row fusion-flex-align-items-flex-start fusion-flex-content-wrap\" style=\"max-width:1331.2px;margin-left: calc(-4% \/ 2 );margin-right: calc(-4% \/ 2 );\"><div class=\"fusion-layout-column fusion_builder_column fusion-builder-column-2 fusion_builder_column_1_1 1_1 fusion-flex-column\" style=\"--awb-bg-size:cover;--awb-width-large:100%;--awb-margin-top-large:0px;--awb-spacing-right-large:1.92%;--awb-margin-bottom-large:20px;--awb-spacing-left-large:1.92%;--awb-width-medium:100%;--awb-order-medium:0;--awb-spacing-right-medium:1.92%;--awb-spacing-left-medium:1.92%;--awb-width-small:100%;--awb-order-small:0;--awb-spacing-right-small:1.92%;--awb-spacing-left-small:1.92%;\"><div class=\"fusion-column-wrapper fusion-column-has-shadow fusion-flex-justify-content-flex-start fusion-content-layout-column\"><div class=\"fusion-text fusion-text-6 fusion-text-no-margin\" style=\"--awb-margin-top:10px;--awb-margin-bottom:20px;\"><h2 style=\"text-align: center\"><span style=\"font-weight: normal\">INFORMATIE OVER VERZENDMETHODEN<br \/>\n<\/span><\/h2>\n<\/div>\n<div class=\"table-2 temperature\">\n<table width=\"100%\">\n<thead>\n<tr>\n<th align=\"left\">Verzendservice<\/th>\n<th align=\"left\">Transittijd (inclusief vertragingen door feestdagen)<\/th>\n<th align=\"left\">Amerikaans servicegebied<\/th>\n<\/tr>\n<\/thead>\n<tbody>\n<tr>\n<td align=\"left\">USPS Priority Mail (bestellingen onder 2,3 kg)<\/td>\n<td align=\"left\">3-6 dagen (exclusief feestdagen)<\/td>\n<td align=\"left\">Alle 50 staten, met uitzondering van Hawa\u00ef, Alaska en de Amerikaanse protectoraten.<\/td>\n<\/tr>\n<tr>\n<td align=\"left\">FedEx Ground (bestellingen van meer dan 2,2 kg)<\/td>\n<td align=\"left\">3-7 werkdagen, afhankelijk van de afstand tot de bestemming (exclusief feestdagen).<\/td>\n<td align=\"left\">Levering in alle 50 staten, uitsluitend naar fysieke adressen.<\/td>\n<\/tr>\n<tr>\n<td align=\"left\">FedEx 2nd Day Air<\/td>\n<td align=\"left\">Levering binnen 2-3 werkdagen (levering op zaterdag mogelijk, extra kosten van toepassing).<\/td>\n<td align=\"left\">Alle 50 staten, met uitzondering van Hawa\u00ef, Alaska en de Amerikaanse protectoraten.<\/td>\n<\/tr>\n<tr>\n<td align=\"left\">FedEx Next Day Air<\/td>\n<td align=\"left\">Levering binnen 1-2 werkdagen v\u00f3\u00f3r 15:00 uur op de meeste adressen in de VS, v\u00f3\u00f3r 16:30 uur in landelijke gebieden en v\u00f3\u00f3r 20:00 uur aan woonadressen. (Levering op zaterdag mogelijk, extra kosten van toepassing.)<\/td>\n<td align=\"left\">Alle 50 staten, met uitzondering van Hawa\u00ef, Alaska en de Amerikaanse protectoraten.<\/td>\n<\/tr>\n<\/tbody>\n<\/table>\n<\/div>\n<div class=\"fusion-text fusion-text-7\"><p>Internationale klanten kunnen tijdens het afrekenen kiezen voor de wereldwijde verzendservice van FedEx of de United States Postal Service (USPS).<b><\/b><\/p>\n<\/div><\/div><\/div><\/div><\/div><div class=\"fusion-fullwidth fullwidth-box fusion-builder-row-4 fusion-flex-container nonhundred-percent-fullwidth non-hundred-percent-height-scrolling\" style=\"--awb-border-radius-top-left:0px;--awb-border-radius-top-right:0px;--awb-border-radius-bottom-right:0px;--awb-border-radius-bottom-left:0px;--awb-flex-wrap:wrap;\" ><div class=\"fusion-builder-row fusion-row fusion-flex-align-items-flex-start fusion-flex-content-wrap\" style=\"max-width:1331.2px;margin-left: calc(-4% \/ 2 );margin-right: calc(-4% \/ 2 );\"><div class=\"fusion-layout-column fusion_builder_column fusion-builder-column-3 fusion_builder_column_1_1 1_1 fusion-flex-column\" style=\"--awb-bg-size:cover;--awb-width-large:100%;--awb-margin-top-large:0px;--awb-spacing-right-large:1.92%;--awb-margin-bottom-large:20px;--awb-spacing-left-large:1.92%;--awb-width-medium:100%;--awb-order-medium:0;--awb-spacing-right-medium:1.92%;--awb-spacing-left-medium:1.92%;--awb-width-small:100%;--awb-order-small:0;--awb-spacing-right-small:1.92%;--awb-spacing-left-small:1.92%;\"><div class=\"fusion-column-wrapper fusion-column-has-shadow fusion-flex-justify-content-flex-start fusion-content-layout-column\"><div class=\"fusion-text fusion-text-8\"><h2 style=\"text-align: center\"><span style=\"font-weight: normal\">AANVULLENDE VERZENDINFORMATIE<br \/>\n<\/span><\/h2>\n<\/div><div class=\"fusion-text fusion-text-9\"><h4><span style=\"font-weight: normal\">Verzendbedrijven:<\/span><\/h4>\n<p>Wij gebruiken USPS en FedEx voor alle online bestellingen en afrekeningen via onze winkelwagen. De tarieven zijn gereduceerd. Voor postbus- en APO-adressen in de VS vereist FedEx een fysiek adres. In dergelijke gevallen zullen we online bestellingen omzetten naar USPS voor dezelfde verzendkosten.<\/p>\n<\/div><div class=\"fusion-text fusion-text-10\"><h4><span style=\"font-weight: normal\">Internationale bestellingen:<\/span><\/h4>\n<p>Wij nemen graag internationale bestellingen aan. We verzenden dagelijks exportzendingen. Mogelijk hebben we aanvullende informatie van u nodig voordat we uw bestelling verzenden. Daarom is onze levertijd van dezelfde dag niet van toepassing op internationale bestellingen. Als u haast heeft, kunt u dit aangeven bij uw bestelling of contact met ons opnemen via telefoon of e-mail. <strong>Lokale invoerrechten, belastingen en eventuele makelaarskosten zijn de verantwoordelijkheid van de klant. Wij kunnen deze niet opgeven.<\/strong> Vanwege contractuele verplichtingen kunnen we sommige producten mogelijk niet naar specifieke landen verzenden. Neem contact met ons op voor meer informatie.<\/p>\n<\/div><div class=\"fusion-text fusion-text-11\"><h4><span style=\"font-weight: normal\">Verzendkostenramingen:<\/span><\/h4>\n<p>Onze verzendkostenberekening geeft u een schatting van uw werkelijke verzendkosten op basis van het gewicht van de producten. Selecteer de gewenste artikelen door op de knop &#039;Toevoegen aan winkelwagen&#039; te klikken. Ga naar uw winkelwagen. Nadat u uw postcode hebt ingevoerd, krijgt u toegang tot de verzendkostenberekening. U kunt kiezen uit verschillende verzendopties en de kosten vergelijken tijdens het afrekenproces voordat u uw bestelling plaatst.<\/p>\n<\/div><div class=\"fusion-text fusion-text-12\"><h4><span style=\"font-weight: normal\">Verzendgaranties:<\/span><\/h4>\n<p>Elke bestelling wordt zo snel mogelijk verzonden. Chefstemp <strong><b>Er worden geen aankomstdata gegarandeerd.<\/b><\/strong> FedEx garandeert de verzendkosten voor leveringen binnen twee dagen en de volgende dag. Als de levering niet op tijd plaatsvindt, kunnen we de verzendkosten aan u terugbetalen.<\/p>\n<\/div><\/div><\/div><\/div><\/div><\/p>","protected":false},"excerpt":{"rendered":"","protected":false},"author":1,"featured_media":0,"parent":0,"menu_order":0,"comment_status":"closed","ping_status":"closed","template":"","meta":{"_acf_changed":false,"footnotes":""},"class_list":["post-1109","page","type-page","status-publish","hentry"],"acf":[],"_links":{"self":[{"href":"https:\/\/www.chefstemp.com\/nl\/wp-json\/wp\/v2\/pages\/1109","targetHints":{"allow":["GET"]}}],"collection":[{"href":"https:\/\/www.chefstemp.com\/nl\/wp-json\/wp\/v2\/pages"}],"about":[{"href":"https:\/\/www.chefstemp.com\/nl\/wp-json\/wp\/v2\/types\/page"}],"author":[{"embeddable":true,"href":"https:\/\/www.chefstemp.com\/nl\/wp-json\/wp\/v2\/users\/1"}],"replies":[{"embeddable":true,"href":"https:\/\/www.chefstemp.com\/nl\/wp-json\/wp\/v2\/comments?post=1109"}],"version-history":[{"count":2,"href":"https:\/\/www.chefstemp.com\/nl\/wp-json\/wp\/v2\/pages\/1109\/revisions"}],"predecessor-version":[{"id":62500,"href":"https:\/\/www.chefstemp.com\/nl\/wp-json\/wp\/v2\/pages\/1109\/revisions\/62500"}],"wp:attachment":[{"href":"https:\/\/www.chefstemp.com\/nl\/wp-json\/wp\/v2\/media?parent=1109"}],"curies":[{"name":"wp","href":"https:\/\/api.w.org\/{rel}","templated":true}]}}